{"id":10288,"date":"2025-05-05T09:34:35","date_gmt":"2025-05-05T09:34:35","guid":{"rendered":"https:\/\/printcubator.net\/upcycling\/"},"modified":"2025-09-22T06:49:15","modified_gmt":"2025-09-22T06:49:15","slug":"upcycling","status":"publish","type":"page","link":"https:\/\/printcubator.net\/de\/upcycling\/","title":{"rendered":"Upcycling"},"content":{"rendered":"\t\t<div data-elementor-type=\"wp-page\" data-elementor-id=\"10288\" class=\"elementor elementor-10288 elementor-10090\" data-elementor-post-type=\"page\">\n\t\t\t\t\t\t<section class=\"elementor-section elementor-top-section elementor-element elementor-element-2dfc42c elementor-section-height-min-height elementor-section-boxed elementor-section-height-default elementor-section-items-middle\" data-id=\"2dfc42c\" data-element_type=\"section\" data-settings=\"{&quot;background_background&quot;:&quot;classic&quot;}\">\n\t\t\t\t\t\t<div class=\"elementor-container elementor-column-gap-default\">\n\t\t\t\t\t<div class=\"elementor-column elementor-col-100 elementor-top-column elementor-element elementor-element-5ae1a55\" data-id=\"5ae1a55\" data-element_type=\"column\">\n\t\t\t<div class=\"elementor-widget-wrap elementor-element-populated\">\n\t\t\t\t\t\t<div class=\"elementor-element elementor-element-9826f3d elementor-widget elementor-widget-heading\" data-id=\"9826f3d\" data-element_type=\"widget\" data-widget_type=\"heading.default\">\n\t\t\t\t<div class=\"elementor-widget-container\">\n\t\t\t\t\t<h2 class=\"elementor-heading-title elementor-size-default\">Upcycling<\/h2>\t\t\t\t<\/div>\n\t\t\t\t<\/div>\n\t\t\t\t\t<\/div>\n\t\t<\/div>\n\t\t\t\t\t<\/div>\n\t\t<\/section>\n\t\t\t\t<section class=\"elementor-section elementor-top-section elementor-element elementor-element-abe96c3 elementor-section-boxed elementor-section-height-default elementor-section-height-default\" data-id=\"abe96c3\" data-element_type=\"section\">\n\t\t\t\t\t\t<div class=\"elementor-container elementor-column-gap-default\">\n\t\t\t\t\t<div class=\"elementor-column elementor-col-50 elementor-top-column elementor-element elementor-element-d9cc665\" data-id=\"d9cc665\" data-element_type=\"column\">\n\t\t\t<div class=\"elementor-widget-wrap elementor-element-populated\">\n\t\t\t\t\t\t<div class=\"elementor-element elementor-element-4da8095 elementor-widget elementor-widget-image\" data-id=\"4da8095\" data-element_type=\"widget\" data-widget_type=\"image.default\">\n\t\t\t\t<div class=\"elementor-widget-container\">\n\t\t\t\t\t\t\t\t\t\t\t\t\t\t\t<img fetchpriority=\"high\" decoding=\"async\" width=\"1654\" height=\"1654\" src=\"https:\/\/printcubator.net\/wp-content\/uploads\/2025\/05\/Copy-of-Demi-Panama-Hannover-1080-x-1350-px-Invitation-Square.png\" class=\"attachment-full size-full wp-image-10121\" alt=\"\" srcset=\"https:\/\/printcubator.net\/wp-content\/uploads\/2025\/05\/Copy-of-Demi-Panama-Hannover-1080-x-1350-px-Invitation-Square.png 1654w, https:\/\/printcubator.net\/wp-content\/uploads\/2025\/05\/Copy-of-Demi-Panama-Hannover-1080-x-1350-px-Invitation-Square-300x300.png 300w, https:\/\/printcubator.net\/wp-content\/uploads\/2025\/05\/Copy-of-Demi-Panama-Hannover-1080-x-1350-px-Invitation-Square-1024x1024.png 1024w, https:\/\/printcubator.net\/wp-content\/uploads\/2025\/05\/Copy-of-Demi-Panama-Hannover-1080-x-1350-px-Invitation-Square-150x150.png 150w, https:\/\/printcubator.net\/wp-content\/uploads\/2025\/05\/Copy-of-Demi-Panama-Hannover-1080-x-1350-px-Invitation-Square-768x768.png 768w, https:\/\/printcubator.net\/wp-content\/uploads\/2025\/05\/Copy-of-Demi-Panama-Hannover-1080-x-1350-px-Invitation-Square-1536x1536.png 1536w, https:\/\/printcubator.net\/wp-content\/uploads\/2025\/05\/Copy-of-Demi-Panama-Hannover-1080-x-1350-px-Invitation-Square-700x700.png 700w, https:\/\/printcubator.net\/wp-content\/uploads\/2025\/05\/Copy-of-Demi-Panama-Hannover-1080-x-1350-px-Invitation-Square-600x600.png 600w, https:\/\/printcubator.net\/wp-content\/uploads\/2025\/05\/Copy-of-Demi-Panama-Hannover-1080-x-1350-px-Invitation-Square-100x100.png 100w\" sizes=\"(max-width: 1654px) 100vw, 1654px\" \/>\t\t\t\t\t\t\t\t\t\t\t\t\t\t\t<\/div>\n\t\t\t\t<\/div>\n\t\t\t\t\t<\/div>\n\t\t<\/div>\n\t\t\t\t<div class=\"elementor-column elementor-col-50 elementor-top-column elementor-element elementor-element-d251ffe\" data-id=\"d251ffe\" data-element_type=\"column\">\n\t\t\t<div class=\"elementor-widget-wrap elementor-element-populated\">\n\t\t\t\t\t\t<div class=\"elementor-element elementor-element-e78a1e1 elementor-widget elementor-widget-heading\" data-id=\"e78a1e1\" data-element_type=\"widget\" data-widget_type=\"heading.default\">\n\t\t\t\t<div class=\"elementor-widget-container\">\n\t\t\t\t\t<h2 class=\"elementor-heading-title elementor-size-default\">Upcycle Ihre eigenen Stoffe<\/h2>\t\t\t\t<\/div>\n\t\t\t\t<\/div>\n\t\t\t\t<div class=\"elementor-element elementor-element-037c9ea elementor-widget elementor-widget-text-editor\" data-id=\"037c9ea\" data-element_type=\"widget\" data-widget_type=\"text-editor.default\">\n\t\t\t\t<div class=\"elementor-widget-container\">\n\t\t\t\t\t\t\t\t\t<p>\u00dcbrig gebliebene Rollen, vergessene Stoffe oder ungenutzte Lagerbest\u00e4nde? Schenk deinen ruhenden Textilien ein neues Leben! <\/p>\n<p>Wir bieten einen individuellen Pigmentdruckservice auf Ihren eigenen Materialien an \u2013 ab 100 Metern und geeignet f\u00fcr alle Arten von hellen oder wei\u00dfen Stoffen.<\/p>\n<p><strong>Warum Pigmentdruck?<\/strong><\/p>\n<p>Diese Technologie sorgt f\u00fcr brillante, hochwertige Ergebnisse und reduziert gleichzeitig den Wasser- und Energieverbrauch erheblich \u2013 eine intelligentere und nachhaltigere Wahl f\u00fcr Ihre n\u00e4chste Kollektion.<\/p>\n<p><strong>Details:<\/strong><br>&#8211; Drucktest: 29\u20ac <span style=\"font-size: medium;\">&#8211; zur Beurteilung der Machbarkeit und zur Erstellung eines Referenzmusters vor der Produktion (ohne Versandkosten).<\/span><br>&#8211; Mindestbestellmenge: 100 Meter (bis zu 160 cm Breite)<br>&#8211; Preis: 6\u20ac\/Meter<\/p>\n<p><strong>Haben Sie Interesse?<\/strong><br>F\u00fcllen Sie das Formular mit Ihren Kontaktdaten aus \u2013 unser Team wird sich in K\u00fcrze bei Ihnen melden.<\/p>\t\t\t\t\t\t\t\t<\/div>\n\t\t\t\t<\/div>\n\t\t\t\t\t<\/div>\n\t\t<\/div>\n\t\t\t\t\t<\/div>\n\t\t<\/section>\n\t\t\t\t<section class=\"elementor-section elementor-top-section elementor-element elementor-element-e117c2a elementor-section-boxed elementor-section-height-default elementor-section-height-default\" data-id=\"e117c2a\" data-element_type=\"section\" data-settings=\"{&quot;background_background&quot;:&quot;classic&quot;}\">\n\t\t\t\t\t\t<div class=\"elementor-container elementor-column-gap-default\">\n\t\t\t\t\t<div class=\"elementor-column elementor-col-100 elementor-top-column elementor-element elementor-element-e0735df\" data-id=\"e0735df\" data-element_type=\"column\">\n\t\t\t<div class=\"elementor-widget-wrap elementor-element-populated\">\n\t\t\t\t\t\t<div class=\"elementor-element elementor-element-6a31dfa elementor-widget elementor-widget-heading\" data-id=\"6a31dfa\" data-element_type=\"widget\" data-widget_type=\"heading.default\">\n\t\t\t\t<div class=\"elementor-widget-container\">\n\t\t\t\t\t<h2 class=\"elementor-heading-title elementor-size-default\">Kontaktieren Sie uns<\/h2>\t\t\t\t<\/div>\n\t\t\t\t<\/div>\n\t\t\t\t<div class=\"elementor-element elementor-element-07ab0ef elementor-button-align-center elementor-widget elementor-widget-form\" data-id=\"07ab0ef\" data-element_type=\"widget\" data-settings=\"{&quot;step_next_label&quot;:&quot;N\\u00e4chste&quot;,&quot;step_previous_label&quot;:&quot;Vorherige&quot;,&quot;button_width&quot;:&quot;100&quot;,&quot;step_type&quot;:&quot;number_text&quot;,&quot;step_icon_shape&quot;:&quot;circle&quot;}\" data-widget_type=\"form.default\">\n\t\t\t\t<div class=\"elementor-widget-container\">\n\t\t\t\t\t\t\t<form class=\"elementor-form\" method=\"post\" name=\"Neues Formular\">\n\t\t\t<input type=\"hidden\" name=\"post_id\" value=\"10288\"\/>\n\t\t\t<input type=\"hidden\" name=\"form_id\" value=\"07ab0ef\"\/>\n\t\t\t<input type=\"hidden\" name=\"referer_title\" value=\"Printcubator\" \/>\n\n\t\t\t\n\t\t\t<div class=\"elementor-form-fields-wrapper elementor-labels-above\">\n\t\t\t\t\t\t\t\t<div class=\"elementor-field-type-text elementor-field-group elementor-column elementor-field-group-name elementor-col-100\">\n\t\t\t\t\t\t\t\t\t\t\t\t<label for=\"form-field-name\" class=\"elementor-field-label\">\n\t\t\t\t\t\t\t\tName\t\t\t\t\t\t\t<\/label>\n\t\t\t\t\t\t\t\t\t\t\t\t\t\t<input size=\"1\" type=\"text\" name=\"form_fields[name]\" id=\"form-field-name\" class=\"elementor-field elementor-size-sm  elementor-field-textual\" placeholder=\"Name\">\n\t\t\t\t\t\t\t\t\t\t\t<\/div>\n\t\t\t\t\t\t\t\t<div class=\"elementor-field-type-email elementor-field-group elementor-column elementor-field-group-email elementor-col-100 elementor-field-required\">\n\t\t\t\t\t\t\t\t\t\t\t\t<label for=\"form-field-email\" class=\"elementor-field-label\">\n\t\t\t\t\t\t\t\tEmail\t\t\t\t\t\t\t<\/label>\n\t\t\t\t\t\t\t\t\t\t\t\t\t\t<input size=\"1\" type=\"email\" name=\"form_fields[email]\" id=\"form-field-email\" class=\"elementor-field elementor-size-sm  elementor-field-textual\" placeholder=\"Email\" required=\"required\">\n\t\t\t\t\t\t\t\t\t\t\t<\/div>\n\t\t\t\t\t\t\t\t<div class=\"elementor-field-type-textarea elementor-field-group elementor-column elementor-field-group-message elementor-col-100\">\n\t\t\t\t\t\t\t\t\t\t\t\t<label for=\"form-field-message\" class=\"elementor-field-label\">\n\t\t\t\t\t\t\t\tNachricht\t\t\t\t\t\t\t<\/label>\n\t\t\t\t\t\t<textarea class=\"elementor-field-textual elementor-field  elementor-size-sm\" name=\"form_fields[message]\" id=\"form-field-message\" rows=\"4\" placeholder=\"Nachricht\"><\/textarea>\t\t\t\t<\/div>\n\t\t\t\t\t\t\t\t<div class=\"elementor-field-group elementor-column elementor-field-type-submit elementor-col-100 e-form__buttons\">\n\t\t\t\t\t<button class=\"elementor-button elementor-size-sm\" type=\"submit\">\n\t\t\t\t\t\t<span class=\"elementor-button-content-wrapper\">\n\t\t\t\t\t\t\t\t\t\t\t\t\t\t\t\t\t\t\t\t\t\t<span class=\"elementor-button-text\">Senden<\/span>\n\t\t\t\t\t\t\t\t\t\t\t\t\t<\/span>\n\t\t\t\t\t<\/button>\n\t\t\t\t<\/div>\n\t\t\t<\/div>\n\t\t<\/form>\n\t\t\t\t\t\t<\/div>\n\t\t\t\t<\/div>\n\t\t\t\t\t<\/div>\n\t\t<\/div>\n\t\t\t\t\t<\/div>\n\t\t<\/section>\n\t\t\t\t<\/div>\n\t\t","protected":false},"excerpt":{"rendered":"<p>Upcycling Upcycle Ihre eigenen Stoffe \u00dcbrig gebliebene Rollen, vergessene Stoffe oder ungenutzte Lagerbest\u00e4nde? Schenk deinen ruhenden Textilien ein neues Leben! Wir bieten einen individuellen Pigmentdruckservice auf Ihren eigenen Materialien an \u2013 ab 100 Metern und geeignet f\u00fcr alle Arten von hellen oder wei\u00dfen Stoffen. Warum Pigmentdruck? Diese Technologie sorgt f\u00fcr brillante, hochwertige Ergebnisse und reduziert [&hellip;]<\/p>\n","protected":false},"author":1,"featured_media":0,"parent":0,"menu_order":0,"comment_status":"closed","ping_status":"closed","template":"","meta":{"_acf_changed":false,"_monsterinsights_skip_tracking":false,"_monsterinsights_sitenote_active":false,"_monsterinsights_sitenote_note":"","_monsterinsights_sitenote_category":0,"footnotes":""},"class_list":["post-10288","page","type-page","status-publish","hentry"],"acf":[],"yoast_head":"<!-- This site is optimized with the Yoast SEO plugin v24.8.1 - https:\/\/yoast.com\/wordpress\/plugins\/seo\/ -->\n<title>Upcycling - Printcubator<\/title>\n<meta name=\"robots\" content=\"index, follow, max-snippet:-1, max-image-preview:large, max-video-preview:-1\" \/>\n<link rel=\"canonical\" href=\"https:\/\/printcubator.net\/de\/upcycling\/\" \/>\n<meta property=\"og:locale\" content=\"de_DE\" \/>\n<meta property=\"og:type\" content=\"article\" \/>\n<meta property=\"og:title\" content=\"Upcycling - Printcubator\" \/>\n<meta property=\"og:description\" content=\"Upcycling Upcycle Ihre eigenen Stoffe \u00dcbrig gebliebene Rollen, vergessene Stoffe oder ungenutzte Lagerbest\u00e4nde? Schenk deinen ruhenden Textilien ein neues Leben! Wir bieten einen individuellen Pigmentdruckservice auf Ihren eigenen Materialien an \u2013 ab 100 Metern und geeignet f\u00fcr alle Arten von hellen oder wei\u00dfen Stoffen. Warum Pigmentdruck? Diese Technologie sorgt f\u00fcr brillante, hochwertige Ergebnisse und reduziert [&hellip;]\" \/>\n<meta property=\"og:url\" content=\"https:\/\/printcubator.net\/de\/upcycling\/\" \/>\n<meta property=\"og:site_name\" content=\"Printcubator\" \/>\n<meta property=\"article:modified_time\" content=\"2025-09-22T06:49:15+00:00\" \/>\n<meta property=\"og:image\" content=\"https:\/\/printcubator.net\/wp-content\/uploads\/2025\/05\/Copy-of-Demi-Panama-Hannover-1080-x-1350-px-Invitation-Square-1024x1024.png\" \/>\n\t<meta property=\"og:image:width\" content=\"1024\" \/>\n\t<meta property=\"og:image:height\" content=\"1024\" \/>\n\t<meta property=\"og:image:type\" content=\"image\/png\" \/>\n<meta name=\"twitter:card\" content=\"summary_large_image\" \/>\n<meta name=\"twitter:label1\" content=\"Gesch\u00e4tzte Lesezeit\" \/>\n\t<meta name=\"twitter:data1\" content=\"1\u00a0Minute\" \/>\n<script type=\"application\/ld+json\" class=\"yoast-schema-graph\">{\"@context\":\"https:\/\/schema.org\",\"@graph\":[{\"@type\":\"WebPage\",\"@id\":\"https:\/\/printcubator.net\/de\/upcycling\/\",\"url\":\"https:\/\/printcubator.net\/de\/upcycling\/\",\"name\":\"Upcycling - Printcubator\",\"isPartOf\":{\"@id\":\"https:\/\/printcubator.net\/de\/#website\"},\"primaryImageOfPage\":{\"@id\":\"https:\/\/printcubator.net\/de\/upcycling\/#primaryimage\"},\"image\":{\"@id\":\"https:\/\/printcubator.net\/de\/upcycling\/#primaryimage\"},\"thumbnailUrl\":\"https:\/\/printcubator.net\/wp-content\/uploads\/2025\/05\/Copy-of-Demi-Panama-Hannover-1080-x-1350-px-Invitation-Square.png\",\"datePublished\":\"2025-05-05T09:34:35+00:00\",\"dateModified\":\"2025-09-22T06:49:15+00:00\",\"breadcrumb\":{\"@id\":\"https:\/\/printcubator.net\/de\/upcycling\/#breadcrumb\"},\"inLanguage\":\"de\",\"potentialAction\":[{\"@type\":\"ReadAction\",\"target\":[\"https:\/\/printcubator.net\/de\/upcycling\/\"]}]},{\"@type\":\"ImageObject\",\"inLanguage\":\"de\",\"@id\":\"https:\/\/printcubator.net\/de\/upcycling\/#primaryimage\",\"url\":\"https:\/\/printcubator.net\/wp-content\/uploads\/2025\/05\/Copy-of-Demi-Panama-Hannover-1080-x-1350-px-Invitation-Square.png\",\"contentUrl\":\"https:\/\/printcubator.net\/wp-content\/uploads\/2025\/05\/Copy-of-Demi-Panama-Hannover-1080-x-1350-px-Invitation-Square.png\"},{\"@type\":\"BreadcrumbList\",\"@id\":\"https:\/\/printcubator.net\/de\/upcycling\/#breadcrumb\",\"itemListElement\":[{\"@type\":\"ListItem\",\"position\":1,\"name\":\"Home\",\"item\":\"https:\/\/printcubator.net\/de\/startseite\/\"},{\"@type\":\"ListItem\",\"position\":2,\"name\":\"Upcycling\"}]},{\"@type\":\"WebSite\",\"@id\":\"https:\/\/printcubator.net\/de\/#website\",\"url\":\"https:\/\/printcubator.net\/de\/\",\"name\":\"Printcubator\",\"description\":\"\",\"publisher\":{\"@id\":\"https:\/\/printcubator.net\/de\/#organization\"},\"potentialAction\":[{\"@type\":\"SearchAction\",\"target\":{\"@type\":\"EntryPoint\",\"urlTemplate\":\"https:\/\/printcubator.net\/de\/?s={search_term_string}\"},\"query-input\":{\"@type\":\"PropertyValueSpecification\",\"valueRequired\":true,\"valueName\":\"search_term_string\"}}],\"inLanguage\":\"de\"},{\"@type\":\"Organization\",\"@id\":\"https:\/\/printcubator.net\/de\/#organization\",\"name\":\"Printcubator\",\"url\":\"https:\/\/printcubator.net\/de\/\",\"logo\":{\"@type\":\"ImageObject\",\"inLanguage\":\"de\",\"@id\":\"https:\/\/printcubator.net\/de\/#\/schema\/logo\/image\/\",\"url\":\"https:\/\/printcubator.net\/wp-content\/uploads\/2024\/07\/logo.png\",\"contentUrl\":\"https:\/\/printcubator.net\/wp-content\/uploads\/2024\/07\/logo.png\",\"width\":345,\"height\":304,\"caption\":\"Printcubator\"},\"image\":{\"@id\":\"https:\/\/printcubator.net\/de\/#\/schema\/logo\/image\/\"}}]}<\/script>\n<!-- \/ Yoast SEO plugin. -->","yoast_head_json":{"title":"Upcycling - Printcubator","robots":{"index":"index","follow":"follow","max-snippet":"max-snippet:-1","max-image-preview":"max-image-preview:large","max-video-preview":"max-video-preview:-1"},"canonical":"https:\/\/printcubator.net\/de\/upcycling\/","og_locale":"de_DE","og_type":"article","og_title":"Upcycling - Printcubator","og_description":"Upcycling Upcycle Ihre eigenen Stoffe \u00dcbrig gebliebene Rollen, vergessene Stoffe oder ungenutzte Lagerbest\u00e4nde? Schenk deinen ruhenden Textilien ein neues Leben! Wir bieten einen individuellen Pigmentdruckservice auf Ihren eigenen Materialien an \u2013 ab 100 Metern und geeignet f\u00fcr alle Arten von hellen oder wei\u00dfen Stoffen. Warum Pigmentdruck? Diese Technologie sorgt f\u00fcr brillante, hochwertige Ergebnisse und reduziert [&hellip;]","og_url":"https:\/\/printcubator.net\/de\/upcycling\/","og_site_name":"Printcubator","article_modified_time":"2025-09-22T06:49:15+00:00","og_image":[{"width":1024,"height":1024,"url":"https:\/\/printcubator.net\/wp-content\/uploads\/2025\/05\/Copy-of-Demi-Panama-Hannover-1080-x-1350-px-Invitation-Square-1024x1024.png","type":"image\/png"}],"twitter_card":"summary_large_image","twitter_misc":{"Gesch\u00e4tzte Lesezeit":"1\u00a0Minute"},"schema":{"@context":"https:\/\/schema.org","@graph":[{"@type":"WebPage","@id":"https:\/\/printcubator.net\/de\/upcycling\/","url":"https:\/\/printcubator.net\/de\/upcycling\/","name":"Upcycling - Printcubator","isPartOf":{"@id":"https:\/\/printcubator.net\/de\/#website"},"primaryImageOfPage":{"@id":"https:\/\/printcubator.net\/de\/upcycling\/#primaryimage"},"image":{"@id":"https:\/\/printcubator.net\/de\/upcycling\/#primaryimage"},"thumbnailUrl":"https:\/\/printcubator.net\/wp-content\/uploads\/2025\/05\/Copy-of-Demi-Panama-Hannover-1080-x-1350-px-Invitation-Square.png","datePublished":"2025-05-05T09:34:35+00:00","dateModified":"2025-09-22T06:49:15+00:00","breadcrumb":{"@id":"https:\/\/printcubator.net\/de\/upcycling\/#breadcrumb"},"inLanguage":"de","potentialAction":[{"@type":"ReadAction","target":["https:\/\/printcubator.net\/de\/upcycling\/"]}]},{"@type":"ImageObject","inLanguage":"de","@id":"https:\/\/printcubator.net\/de\/upcycling\/#primaryimage","url":"https:\/\/printcubator.net\/wp-content\/uploads\/2025\/05\/Copy-of-Demi-Panama-Hannover-1080-x-1350-px-Invitation-Square.png","contentUrl":"https:\/\/printcubator.net\/wp-content\/uploads\/2025\/05\/Copy-of-Demi-Panama-Hannover-1080-x-1350-px-Invitation-Square.png"},{"@type":"BreadcrumbList","@id":"https:\/\/printcubator.net\/de\/upcycling\/#breadcrumb","itemListElement":[{"@type":"ListItem","position":1,"name":"Home","item":"https:\/\/printcubator.net\/de\/startseite\/"},{"@type":"ListItem","position":2,"name":"Upcycling"}]},{"@type":"WebSite","@id":"https:\/\/printcubator.net\/de\/#website","url":"https:\/\/printcubator.net\/de\/","name":"Printcubator","description":"","publisher":{"@id":"https:\/\/printcubator.net\/de\/#organization"},"potentialAction":[{"@type":"SearchAction","target":{"@type":"EntryPoint","urlTemplate":"https:\/\/printcubator.net\/de\/?s={search_term_string}"},"query-input":{"@type":"PropertyValueSpecification","valueRequired":true,"valueName":"search_term_string"}}],"inLanguage":"de"},{"@type":"Organization","@id":"https:\/\/printcubator.net\/de\/#organization","name":"Printcubator","url":"https:\/\/printcubator.net\/de\/","logo":{"@type":"ImageObject","inLanguage":"de","@id":"https:\/\/printcubator.net\/de\/#\/schema\/logo\/image\/","url":"https:\/\/printcubator.net\/wp-content\/uploads\/2024\/07\/logo.png","contentUrl":"https:\/\/printcubator.net\/wp-content\/uploads\/2024\/07\/logo.png","width":345,"height":304,"caption":"Printcubator"},"image":{"@id":"https:\/\/printcubator.net\/de\/#\/schema\/logo\/image\/"}}]}},"_links":{"self":[{"href":"https:\/\/printcubator.net\/de\/wp-json\/wp\/v2\/pages\/10288","targetHints":{"allow":["GET"]}}],"collection":[{"href":"https:\/\/printcubator.net\/de\/wp-json\/wp\/v2\/pages"}],"about":[{"href":"https:\/\/printcubator.net\/de\/wp-json\/wp\/v2\/types\/page"}],"author":[{"embeddable":true,"href":"https:\/\/printcubator.net\/de\/wp-json\/wp\/v2\/users\/1"}],"replies":[{"embeddable":true,"href":"https:\/\/printcubator.net\/de\/wp-json\/wp\/v2\/comments?post=10288"}],"version-history":[{"count":10,"href":"https:\/\/printcubator.net\/de\/wp-json\/wp\/v2\/pages\/10288\/revisions"}],"predecessor-version":[{"id":13593,"href":"https:\/\/printcubator.net\/de\/wp-json\/wp\/v2\/pages\/10288\/revisions\/13593"}],"wp:attachment":[{"href":"https:\/\/printcubator.net\/de\/wp-json\/wp\/v2\/media?parent=10288"}],"curies":[{"name":"wp","href":"https:\/\/api.w.org\/{rel}","templated":true}]}}