{"id":2012,"date":"2024-09-20T09:41:52","date_gmt":"2024-09-20T09:41:52","guid":{"rendered":"https:\/\/printcubator.net\/impressum\/"},"modified":"2025-06-04T09:55:46","modified_gmt":"2025-06-04T09:55:46","slug":"impressum","status":"publish","type":"page","link":"https:\/\/printcubator.net\/de\/impressum\/","title":{"rendered":"Impressum"},"content":{"rendered":"\t\t<div data-elementor-type=\"wp-page\" data-elementor-id=\"2012\" class=\"elementor elementor-2012 elementor-1852\" data-elementor-post-type=\"page\">\n\t\t\t\t\t\t<section class=\"elementor-section elementor-top-section elementor-element elementor-element-a89fdaf elementor-section-boxed elementor-section-height-default elementor-section-height-default\" data-id=\"a89fdaf\" data-element_type=\"section\">\n\t\t\t\t\t\t<div class=\"elementor-container elementor-column-gap-default\">\n\t\t\t\t\t<div class=\"elementor-column elementor-col-100 elementor-top-column elementor-element elementor-element-04cb56b\" data-id=\"04cb56b\" data-element_type=\"column\">\n\t\t\t<div class=\"elementor-widget-wrap elementor-element-populated\">\n\t\t\t\t\t\t<div class=\"elementor-element elementor-element-88046a0 elementor-widget elementor-widget-heading\" data-id=\"88046a0\" data-element_type=\"widget\" data-widget_type=\"heading.default\">\n\t\t\t\t<div class=\"elementor-widget-container\">\n\t\t\t\t\t<h1 class=\"elementor-heading-title elementor-size-default\">Impressum<br><\/h1>\t\t\t\t<\/div>\n\t\t\t\t<\/div>\n\t\t\t\t<section class=\"elementor-section elementor-inner-section elementor-element elementor-element-d929202 elementor-section-boxed elementor-section-height-default elementor-section-height-default\" data-id=\"d929202\" data-element_type=\"section\">\n\t\t\t\t\t\t<div class=\"elementor-container elementor-column-gap-default\">\n\t\t\t\t\t<div class=\"elementor-column elementor-col-100 elementor-inner-column elementor-element elementor-element-b19f1c3\" data-id=\"b19f1c3\" data-element_type=\"column\">\n\t\t\t<div class=\"elementor-widget-wrap elementor-element-populated\">\n\t\t\t\t\t\t<div class=\"elementor-element elementor-element-015ce57 elementor-widget elementor-widget-text-editor\" data-id=\"015ce57\" data-element_type=\"widget\" data-widget_type=\"text-editor.default\">\n\t\t\t\t<div class=\"elementor-widget-container\">\n\t\t\t\t\t\t\t\t\t<p>V-2022-01<\/p><p>In diesem Dokument sind personenbezogene Bezeichnungen geschlechtsneutral zu verstehen.<\/p>\t\t\t\t\t\t\t\t<\/div>\n\t\t\t\t<\/div>\n\t\t\t\t<div class=\"elementor-element elementor-element-257e35a elementor-widget elementor-widget-heading\" data-id=\"257e35a\" data-element_type=\"widget\" data-widget_type=\"heading.default\">\n\t\t\t\t<div class=\"elementor-widget-container\">\n\t\t\t\t\t<p class=\"elementor-heading-title elementor-size-default\">1 Allgemeine Gesch\u00e4ftsbedingungen (AGB)<\/p>\t\t\t\t<\/div>\n\t\t\t\t<\/div>\n\t\t\t\t<div class=\"elementor-element elementor-element-987ed3d elementor-widget elementor-widget-text-editor\" data-id=\"987ed3d\" data-element_type=\"widget\" data-widget_type=\"text-editor.default\">\n\t\t\t\t<div class=\"elementor-widget-container\">\n\t\t\t\t\t\t\t\t\t<p>Die Nutzung der Website www.printcubator.net setzt die vorbehaltlose Akzeptanz dieser Nutzungsbedingungen voraus.<\/p><p>In den folgenden Nutzungsbedingungen beziehen sich die Begriffe &#8220;die Website&#8221; oder &#8220;die Websites&#8221; auf die Website www.printcubator.net, betrieben von Mitwill Textiles Europe SARL.<\/p>\t\t\t\t\t\t\t\t<\/div>\n\t\t\t\t<\/div>\n\t\t\t\t<div class=\"elementor-element elementor-element-22f34e7 elementor-widget elementor-widget-heading\" data-id=\"22f34e7\" data-element_type=\"widget\" data-widget_type=\"heading.default\">\n\t\t\t\t<div class=\"elementor-widget-container\">\n\t\t\t\t\t<p class=\"elementor-heading-title elementor-size-default\">1-1 Die Verwaltung der Website:<\/p>\t\t\t\t<\/div>\n\t\t\t\t<\/div>\n\t\t\t\t<div class=\"elementor-element elementor-element-3b36bfd elementor-widget elementor-widget-text-editor\" data-id=\"3b36bfd\" data-element_type=\"widget\" data-widget_type=\"text-editor.default\">\n\t\t\t\t<div class=\"elementor-widget-container\">\n\t\t\t\t\t\t\t\t\t<p>Printcubator.net by Mitwill Textiles Europe SARL<\/p><p>Gesellschaftssitz: 104 Rue des Bains F-68390 Sausheim, FRANKREICH<\/p><p>Tel: +33 3 89 57 82 73; +33 6 58 32 09 63<\/p><p>Mail: printcubator.net@mitwill.com<\/p><p>Gesellschaft mit beschr\u00e4nkter Haftung nach franz\u00f6sischem Recht (SARL) mit einem Kapital von 60.000,00 \u20ac<\/p><p>Registernummern<\/p><p>Siren: 790 059 182<\/p><p>RCS Mulhouse TI 790 059 182<\/p><p>USt-ID: FR18790059182<\/p>\t\t\t\t\t\t\t\t<\/div>\n\t\t\t\t<\/div>\n\t\t\t\t<div class=\"elementor-element elementor-element-5d64512 elementor-widget elementor-widget-heading\" data-id=\"5d64512\" data-element_type=\"widget\" data-widget_type=\"heading.default\">\n\t\t\t\t<div class=\"elementor-widget-container\">\n\t\t\t\t\t<p class=\"elementor-heading-title elementor-size-default\">1-2 Grafikdesign, Programmierung und Hosting<\/p>\t\t\t\t<\/div>\n\t\t\t\t<\/div>\n\t\t\t\t<div class=\"elementor-element elementor-element-2528bce elementor-widget elementor-widget-heading\" data-id=\"2528bce\" data-element_type=\"widget\" data-widget_type=\"heading.default\">\n\t\t\t\t<div class=\"elementor-widget-container\">\n\t\t\t\t\t<p class=\"elementor-heading-title elementor-size-default\">1-3 Technische Vorsichtsma\u00dfnahmen<\/p>\t\t\t\t<\/div>\n\t\t\t\t<\/div>\n\t\t\t\t<div class=\"elementor-element elementor-element-757da2b elementor-widget elementor-widget-text-editor\" data-id=\"757da2b\" data-element_type=\"widget\" data-widget_type=\"text-editor.default\">\n\t\t\t\t<div class=\"elementor-widget-container\">\n\t\t\t\t\t\t\t\t\t<p class=\"p1\">Design und Programmierung: KP Infotech www.kpinfo.tech<\/p><p class=\"p1\">Hosting: Hostinger, Rechenzentrum, Frankreich.<\/p>\t\t\t\t\t\t\t\t<\/div>\n\t\t\t\t<\/div>\n\t\t\t\t<div class=\"elementor-element elementor-element-5ca0afd elementor-widget elementor-widget-text-editor\" data-id=\"5ca0afd\" data-element_type=\"widget\" data-widget_type=\"text-editor.default\">\n\t\t\t\t<div class=\"elementor-widget-container\">\n\t\t\t\t\t\t\t\t\t<p>Es wird daran erinnert, dass der Schutz der Privatsph\u00e4re im Internet nicht garantiert ist. Jeder Internetnutzer ist selbst daf\u00fcr verantwortlich, alle geeigneten Ma\u00dfnahmen zu ergreifen, um seine eigenen Daten und\/oder Software vor Viren zu sch\u00fctzen, die im Internet zirkulieren. <\/p>\t\t\t\t\t\t\t\t<\/div>\n\t\t\t\t<\/div>\n\t\t\t\t<div class=\"elementor-element elementor-element-a3ac134 elementor-widget elementor-widget-heading\" data-id=\"a3ac134\" data-element_type=\"widget\" data-widget_type=\"heading.default\">\n\t\t\t\t<div class=\"elementor-widget-container\">\n\t\t\t\t\t<p class=\"elementor-heading-title elementor-size-default\">1-4 Urheberrecht<\/p>\t\t\t\t<\/div>\n\t\t\t\t<\/div>\n\t\t\t\t<div class=\"elementor-element elementor-element-0c7603e elementor-widget elementor-widget-text-editor\" data-id=\"0c7603e\" data-element_type=\"widget\" data-widget_type=\"text-editor.default\">\n\t\t\t\t<div class=\"elementor-widget-container\">\n\t\t\t\t\t\t\t\t\t<p>Die Vervielf\u00e4ltigung oder Darstellung, ganz oder teilweise, der Seiten, Daten und jeglicher anderer Elemente der Website durch irgendein Verfahren oder Medium ist ohne die Erlaubnis des Herausgebers verboten und stellt eine Urheberrechtsverletzung dar.<\/p>\t\t\t\t\t\t\t\t<\/div>\n\t\t\t\t<\/div>\n\t\t\t\t<div class=\"elementor-element elementor-element-c7dc852 elementor-widget elementor-widget-heading\" data-id=\"c7dc852\" data-element_type=\"widget\" data-widget_type=\"heading.default\">\n\t\t\t\t<div class=\"elementor-widget-container\">\n\t\t\t\t\t<p class=\"elementor-heading-title elementor-size-default\">2 Nutzungsbedingungen der Website<\/p>\t\t\t\t<\/div>\n\t\t\t\t<\/div>\n\t\t\t\t<div class=\"elementor-element elementor-element-ac5a15a elementor-widget elementor-widget-heading\" data-id=\"ac5a15a\" data-element_type=\"widget\" data-widget_type=\"heading.default\">\n\t\t\t\t<div class=\"elementor-widget-container\">\n\t\t\t\t\t<p class=\"elementor-heading-title elementor-size-default\">2-1 Geistiges Eigentum<\/p>\t\t\t\t<\/div>\n\t\t\t\t<\/div>\n\t\t\t\t<div class=\"elementor-element elementor-element-a842183 elementor-widget elementor-widget-text-editor\" data-id=\"a842183\" data-element_type=\"widget\" data-widget_type=\"text-editor.default\">\n\t\t\t\t<div class=\"elementor-widget-container\">\n\t\t\t\t\t\t\t\t\t<p>Alle Elemente dieser Website (Texte, Fotos, Illustrationen, Logos, zum Download verf\u00fcgbare Dateien, Datenbanken der Website, Video- oder Tonclips, grafische Charta, allgemeine Struktur der Website usw.) sind das ausschlie\u00dfliche Eigentum von Mitwill Textiles Europe SARL.<\/p><p>Diese Elemente sind durch franz\u00f6sische und internationale Gesetze zum geistigen Eigentum und Urheberrecht gesch\u00fctzt.<\/p><p>Die Vervielf\u00e4ltigung und\/oder Darstellung dieser Elemente ist nur zu Informationszwecken f\u00fcr streng pers\u00f6nlichen und privaten Gebrauch gestattet. Die kommerzielle Nutzung dieser Elemente ist ohne vorherige Genehmigung von Mitwill Textiles Europe SARL verboten. <\/p><p>Die Praxis, eines der Elemente der Website www.printcubator.net, wie oben definiert, in einer Webseite aufzurufen, die nicht zur Website geh\u00f6rt, ist strengstens verboten.<\/p>\t\t\t\t\t\t\t\t<\/div>\n\t\t\t\t<\/div>\n\t\t\t\t<div class=\"elementor-element elementor-element-9086f3d elementor-widget elementor-widget-heading\" data-id=\"9086f3d\" data-element_type=\"widget\" data-widget_type=\"heading.default\">\n\t\t\t\t<div class=\"elementor-widget-container\">\n\t\t\t\t\t<p class=\"elementor-heading-title elementor-size-default\">2-2 Datenbank:<\/p>\t\t\t\t<\/div>\n\t\t\t\t<\/div>\n\t\t\t\t<div class=\"elementor-element elementor-element-99445d6 elementor-widget elementor-widget-text-editor\" data-id=\"99445d6\" data-element_type=\"widget\" data-widget_type=\"text-editor.default\">\n\t\t\t\t<div class=\"elementor-widget-container\">\n\t\t\t\t\t\t\t\t\t<p>Die Datenbanken sind durch die auf Datensammlungen anwendbaren Gesetze gesch\u00fctzt. Jede ganz oder teilweise erfolgende Extraktion oder versuchte Extraktion kann die zivil- und strafrechtliche Haftung des T\u00e4ters nach sich ziehen. <\/p>\t\t\t\t\t\t\t\t<\/div>\n\t\t\t\t<\/div>\n\t\t\t\t<div class=\"elementor-element elementor-element-60599cd elementor-widget elementor-widget-heading\" data-id=\"60599cd\" data-element_type=\"widget\" data-widget_type=\"heading.default\">\n\t\t\t\t<div class=\"elementor-widget-container\">\n\t\t\t\t\t<p class=\"elementor-heading-title elementor-size-default\">2-3 Zugang zu pers\u00f6nlichen Daten<\/p>\t\t\t\t<\/div>\n\t\t\t\t<\/div>\n\t\t\t\t<div class=\"elementor-element elementor-element-c5ea573 elementor-widget elementor-widget-text-editor\" data-id=\"c5ea573\" data-element_type=\"widget\" data-widget_type=\"text-editor.default\">\n\t\t\t\t<div class=\"elementor-widget-container\">\n\t\t\t\t\t\t\t\t\t<p>Gem\u00e4\u00df Artikel 27 des franz\u00f6sischen Gesetzes vom 6. Januar 1978, bekannt als &#8220;Informatique et libert\u00e9s&#8221;, haben Sie das Recht auf Zugang, Berichtigung und L\u00f6schung der Sie betreffenden Daten. Die Bedingungen f\u00fcr den Zugang sind in Artikel 34 des genannten Gesetzes festgelegt. Bitte kontaktieren Sie uns unter Beif\u00fcgung einer Kopie Ihres Personalausweises oder Reisepasses unter der folgenden Adresse.  <\/p><p>Printcubator.net by Mitwill Textiles Europe SARL,<\/p><p>104 Rue des Bains 68390 Sausheim, FRANKREICH<\/p>\t\t\t\t\t\t\t\t<\/div>\n\t\t\t\t<\/div>\n\t\t\t\t<div class=\"elementor-element elementor-element-14d7cd5 elementor-widget elementor-widget-heading\" data-id=\"14d7cd5\" data-element_type=\"widget\" data-widget_type=\"heading.default\">\n\t\t\t\t<div class=\"elementor-widget-container\">\n\t\t\t\t\t<p class=\"elementor-heading-title elementor-size-default\">2-4 Erhebung von Navigationsdaten der Besucher<\/p>\t\t\t\t<\/div>\n\t\t\t\t<\/div>\n\t\t\t\t<div class=\"elementor-element elementor-element-e60d23f elementor-widget elementor-widget-text-editor\" data-id=\"e60d23f\" data-element_type=\"widget\" data-widget_type=\"text-editor.default\">\n\t\t\t\t<div class=\"elementor-widget-container\">\n\t\t\t\t\t\t\t\t\t<p>Wir zeichnen automatisch bestimmte Daten \u00fcber Ihre Surfgewohnheiten auf unserer Website auf. Um Ihnen einen besseren Service zu bieten, verwenden wir diese Daten intern, um Statistiken \u00fcber unsere Nutzer, ihre Interessen und ihr Verhalten zu erstellen. Diese Daten werden aggregiert erfasst und analysiert und k\u00f6nnen die URL umfassen, die Sie gerade besucht haben, die URL, zu der Sie gehen (unabh\u00e4ngig davon, ob diese URLs auf unserer Website sind), den von Ihnen verwendeten Browser und Ihre IP-Adresse.  <\/p>\t\t\t\t\t\t\t\t<\/div>\n\t\t\t\t<\/div>\n\t\t\t\t<div class=\"elementor-element elementor-element-f494cb3 elementor-widget elementor-widget-heading\" data-id=\"f494cb3\" data-element_type=\"widget\" data-widget_type=\"heading.default\">\n\t\t\t\t<div class=\"elementor-widget-container\">\n\t\t\t\t\t<p class=\"elementor-heading-title elementor-size-default\">2-5 Archivierung<\/p>\t\t\t\t<\/div>\n\t\t\t\t<\/div>\n\t\t\t\t<div class=\"elementor-element elementor-element-d12c56e elementor-widget elementor-widget-text-editor\" data-id=\"d12c56e\" data-element_type=\"widget\" data-widget_type=\"text-editor.default\">\n\t\t\t\t<div class=\"elementor-widget-container\">\n\t\t\t\t\t\t\t\t\t<p>Printcubator.net wird die Rechnungen auf einem zuverl\u00e4ssigen und dauerhaften Medium archivieren, das eine getreue Kopie gem\u00e4\u00df den Bestimmungen von Artikel 1348 des franz\u00f6sischen Zivilgesetzbuchs darstellt. Die computergest\u00fctzten Aufzeichnungen von PrintCubator.net werden von den Parteien als Nachweis f\u00fcr Mitteilungen, Bestellungen, Zahlungen und Transaktionen zwischen den Parteien angesehen. <\/p>\t\t\t\t\t\t\t\t<\/div>\n\t\t\t\t<\/div>\n\t\t\t\t<div class=\"elementor-element elementor-element-bccb3a9 elementor-widget elementor-widget-heading\" data-id=\"bccb3a9\" data-element_type=\"widget\" data-widget_type=\"heading.default\">\n\t\t\t\t<div class=\"elementor-widget-container\">\n\t\t\t\t\t<p class=\"elementor-heading-title elementor-size-default\">2-6 Aktualisierung der rechtlichen Hinweise<\/p>\t\t\t\t<\/div>\n\t\t\t\t<\/div>\n\t\t\t\t<div class=\"elementor-element elementor-element-f09b302 elementor-widget elementor-widget-text-editor\" data-id=\"f09b302\" data-element_type=\"widget\" data-widget_type=\"text-editor.default\">\n\t\t\t\t<div class=\"elementor-widget-container\">\n\t\t\t\t\t\t\t\t\t<p>Printcubator.net beh\u00e4lt sich das Recht vor, diese rechtlichen Hinweise jederzeit zu aktualisieren, um \u00c4nderungen am Inhalt der Website und zus\u00e4tzliche erforderliche Schutzma\u00dfnahmen widerzuspiegeln. PrintCubator.net l\u00e4dt daher alle Benutzer ein, diese Seite bei jedem Besuch der Website zu besuchen. <\/p>\t\t\t\t\t\t\t\t<\/div>\n\t\t\t\t<\/div>\n\t\t\t\t\t<\/div>\n\t\t<\/div>\n\t\t\t\t\t<\/div>\n\t\t<\/section>\n\t\t\t\t\t<\/div>\n\t\t<\/div>\n\t\t\t\t\t<\/div>\n\t\t<\/section>\n\t\t\t\t<\/div>\n\t\t","protected":false},"excerpt":{"rendered":"<p>Impressum V-2022-01 In diesem Dokument sind personenbezogene Bezeichnungen geschlechtsneutral zu verstehen. 1 Allgemeine Gesch\u00e4ftsbedingungen (AGB) Die Nutzung der Website www.printcubator.net setzt die vorbehaltlose Akzeptanz dieser Nutzungsbedingungen voraus. In den folgenden Nutzungsbedingungen beziehen sich die Begriffe &#8220;die Website&#8221; oder &#8220;die Websites&#8221; auf die Website www.printcubator.net, betrieben von Mitwill Textiles Europe SARL. 1-1 Die Verwaltung der Website: [&hellip;]<\/p>\n","protected":false},"author":1,"featured_media":0,"parent":0,"menu_order":0,"comment_status":"closed","ping_status":"open","template":"elementor_header_footer","meta":{"_acf_changed":false,"_monsterinsights_skip_tracking":false,"_monsterinsights_sitenote_active":false,"_monsterinsights_sitenote_note":"","_monsterinsights_sitenote_category":0,"footnotes":""},"class_list":["post-2012","page","type-page","status-publish","hentry"],"acf":[],"yoast_head":"<!-- This site is optimized with the Yoast SEO plugin v24.8.1 - https:\/\/yoast.com\/wordpress\/plugins\/seo\/ -->\n<title>Impressum - Printcubator<\/title>\n<meta name=\"robots\" content=\"index, follow, max-snippet:-1, max-image-preview:large, max-video-preview:-1\" \/>\n<link rel=\"canonical\" href=\"https:\/\/printcubator.net\/de\/impressum\/\" \/>\n<meta property=\"og:locale\" content=\"de_DE\" \/>\n<meta property=\"og:type\" content=\"article\" \/>\n<meta property=\"og:title\" content=\"Impressum - Printcubator\" \/>\n<meta property=\"og:description\" content=\"Impressum V-2022-01 In diesem Dokument sind personenbezogene Bezeichnungen geschlechtsneutral zu verstehen. 1 Allgemeine Gesch\u00e4ftsbedingungen (AGB) Die Nutzung der Website www.printcubator.net setzt die vorbehaltlose Akzeptanz dieser Nutzungsbedingungen voraus. In den folgenden Nutzungsbedingungen beziehen sich die Begriffe &#8220;die Website&#8221; oder &#8220;die Websites&#8221; auf die Website www.printcubator.net, betrieben von Mitwill Textiles Europe SARL. 1-1 Die Verwaltung der Website: [&hellip;]\" \/>\n<meta property=\"og:url\" content=\"https:\/\/printcubator.net\/de\/impressum\/\" \/>\n<meta property=\"og:site_name\" content=\"Printcubator\" \/>\n<meta property=\"article:modified_time\" content=\"2025-06-04T09:55:46+00:00\" \/>\n<meta name=\"twitter:card\" content=\"summary_large_image\" \/>\n<meta name=\"twitter:label1\" content=\"Gesch\u00e4tzte Lesezeit\" \/>\n\t<meta name=\"twitter:data1\" content=\"3\u00a0Minute\" \/>\n<script type=\"application\/ld+json\" class=\"yoast-schema-graph\">{\"@context\":\"https:\/\/schema.org\",\"@graph\":[{\"@type\":\"WebPage\",\"@id\":\"https:\/\/printcubator.net\/de\/impressum\/\",\"url\":\"https:\/\/printcubator.net\/de\/impressum\/\",\"name\":\"Impressum - Printcubator\",\"isPartOf\":{\"@id\":\"https:\/\/printcubator.net\/de\/#website\"},\"datePublished\":\"2024-09-20T09:41:52+00:00\",\"dateModified\":\"2025-06-04T09:55:46+00:00\",\"breadcrumb\":{\"@id\":\"https:\/\/printcubator.net\/de\/impressum\/#breadcrumb\"},\"inLanguage\":\"de\",\"potentialAction\":[{\"@type\":\"ReadAction\",\"target\":[\"https:\/\/printcubator.net\/de\/impressum\/\"]}]},{\"@type\":\"BreadcrumbList\",\"@id\":\"https:\/\/printcubator.net\/de\/impressum\/#breadcrumb\",\"itemListElement\":[{\"@type\":\"ListItem\",\"position\":1,\"name\":\"Home\",\"item\":\"https:\/\/printcubator.net\/de\/startseite\/\"},{\"@type\":\"ListItem\",\"position\":2,\"name\":\"Impressum\"}]},{\"@type\":\"WebSite\",\"@id\":\"https:\/\/printcubator.net\/de\/#website\",\"url\":\"https:\/\/printcubator.net\/de\/\",\"name\":\"Printcubator\",\"description\":\"\",\"publisher\":{\"@id\":\"https:\/\/printcubator.net\/de\/#organization\"},\"potentialAction\":[{\"@type\":\"SearchAction\",\"target\":{\"@type\":\"EntryPoint\",\"urlTemplate\":\"https:\/\/printcubator.net\/de\/?s={search_term_string}\"},\"query-input\":{\"@type\":\"PropertyValueSpecification\",\"valueRequired\":true,\"valueName\":\"search_term_string\"}}],\"inLanguage\":\"de\"},{\"@type\":\"Organization\",\"@id\":\"https:\/\/printcubator.net\/de\/#organization\",\"name\":\"Printcubator\",\"url\":\"https:\/\/printcubator.net\/de\/\",\"logo\":{\"@type\":\"ImageObject\",\"inLanguage\":\"de\",\"@id\":\"https:\/\/printcubator.net\/de\/#\/schema\/logo\/image\/\",\"url\":\"https:\/\/printcubator.net\/wp-content\/uploads\/2024\/07\/logo.png\",\"contentUrl\":\"https:\/\/printcubator.net\/wp-content\/uploads\/2024\/07\/logo.png\",\"width\":345,\"height\":304,\"caption\":\"Printcubator\"},\"image\":{\"@id\":\"https:\/\/printcubator.net\/de\/#\/schema\/logo\/image\/\"}}]}<\/script>\n<!-- \/ Yoast SEO plugin. -->","yoast_head_json":{"title":"Impressum - Printcubator","robots":{"index":"index","follow":"follow","max-snippet":"max-snippet:-1","max-image-preview":"max-image-preview:large","max-video-preview":"max-video-preview:-1"},"canonical":"https:\/\/printcubator.net\/de\/impressum\/","og_locale":"de_DE","og_type":"article","og_title":"Impressum - Printcubator","og_description":"Impressum V-2022-01 In diesem Dokument sind personenbezogene Bezeichnungen geschlechtsneutral zu verstehen. 1 Allgemeine Gesch\u00e4ftsbedingungen (AGB) Die Nutzung der Website www.printcubator.net setzt die vorbehaltlose Akzeptanz dieser Nutzungsbedingungen voraus. In den folgenden Nutzungsbedingungen beziehen sich die Begriffe &#8220;die Website&#8221; oder &#8220;die Websites&#8221; auf die Website www.printcubator.net, betrieben von Mitwill Textiles Europe SARL. 1-1 Die Verwaltung der Website: [&hellip;]","og_url":"https:\/\/printcubator.net\/de\/impressum\/","og_site_name":"Printcubator","article_modified_time":"2025-06-04T09:55:46+00:00","twitter_card":"summary_large_image","twitter_misc":{"Gesch\u00e4tzte Lesezeit":"3\u00a0Minute"},"schema":{"@context":"https:\/\/schema.org","@graph":[{"@type":"WebPage","@id":"https:\/\/printcubator.net\/de\/impressum\/","url":"https:\/\/printcubator.net\/de\/impressum\/","name":"Impressum - Printcubator","isPartOf":{"@id":"https:\/\/printcubator.net\/de\/#website"},"datePublished":"2024-09-20T09:41:52+00:00","dateModified":"2025-06-04T09:55:46+00:00","breadcrumb":{"@id":"https:\/\/printcubator.net\/de\/impressum\/#breadcrumb"},"inLanguage":"de","potentialAction":[{"@type":"ReadAction","target":["https:\/\/printcubator.net\/de\/impressum\/"]}]},{"@type":"BreadcrumbList","@id":"https:\/\/printcubator.net\/de\/impressum\/#breadcrumb","itemListElement":[{"@type":"ListItem","position":1,"name":"Home","item":"https:\/\/printcubator.net\/de\/startseite\/"},{"@type":"ListItem","position":2,"name":"Impressum"}]},{"@type":"WebSite","@id":"https:\/\/printcubator.net\/de\/#website","url":"https:\/\/printcubator.net\/de\/","name":"Printcubator","description":"","publisher":{"@id":"https:\/\/printcubator.net\/de\/#organization"},"potentialAction":[{"@type":"SearchAction","target":{"@type":"EntryPoint","urlTemplate":"https:\/\/printcubator.net\/de\/?s={search_term_string}"},"query-input":{"@type":"PropertyValueSpecification","valueRequired":true,"valueName":"search_term_string"}}],"inLanguage":"de"},{"@type":"Organization","@id":"https:\/\/printcubator.net\/de\/#organization","name":"Printcubator","url":"https:\/\/printcubator.net\/de\/","logo":{"@type":"ImageObject","inLanguage":"de","@id":"https:\/\/printcubator.net\/de\/#\/schema\/logo\/image\/","url":"https:\/\/printcubator.net\/wp-content\/uploads\/2024\/07\/logo.png","contentUrl":"https:\/\/printcubator.net\/wp-content\/uploads\/2024\/07\/logo.png","width":345,"height":304,"caption":"Printcubator"},"image":{"@id":"https:\/\/printcubator.net\/de\/#\/schema\/logo\/image\/"}}]}},"_links":{"self":[{"href":"https:\/\/printcubator.net\/de\/wp-json\/wp\/v2\/pages\/2012","targetHints":{"allow":["GET"]}}],"collection":[{"href":"https:\/\/printcubator.net\/de\/wp-json\/wp\/v2\/pages"}],"about":[{"href":"https:\/\/printcubator.net\/de\/wp-json\/wp\/v2\/types\/page"}],"author":[{"embeddable":true,"href":"https:\/\/printcubator.net\/de\/wp-json\/wp\/v2\/users\/1"}],"replies":[{"embeddable":true,"href":"https:\/\/printcubator.net\/de\/wp-json\/wp\/v2\/comments?post=2012"}],"version-history":[{"count":2,"href":"https:\/\/printcubator.net\/de\/wp-json\/wp\/v2\/pages\/2012\/revisions"}],"predecessor-version":[{"id":11585,"href":"https:\/\/printcubator.net\/de\/wp-json\/wp\/v2\/pages\/2012\/revisions\/11585"}],"wp:attachment":[{"href":"https:\/\/printcubator.net\/de\/wp-json\/wp\/v2\/media?parent=2012"}],"curies":[{"name":"wp","href":"https:\/\/api.w.org\/{rel}","templated":true}]}}