{"id":2041,"date":"2024-07-26T09:10:53","date_gmt":"2024-07-26T09:10:53","guid":{"rendered":"https:\/\/printcubator.net\/datenschutzerklaerung\/"},"modified":"2025-06-06T07:21:34","modified_gmt":"2025-06-06T07:21:34","slug":"datenschutzerklaerung","status":"publish","type":"page","link":"https:\/\/printcubator.net\/de\/datenschutzerklaerung\/","title":{"rendered":"Datenschutzerkl\u00e4rung<br>"},"content":{"rendered":"\t\t<div data-elementor-type=\"wp-page\" data-elementor-id=\"2041\" class=\"elementor elementor-2041 elementor-3\" data-elementor-post-type=\"page\">\n\t\t\t\t\t\t<section class=\"elementor-section elementor-top-section elementor-element elementor-element-a89fdaf elementor-section-boxed elementor-section-height-default elementor-section-height-default\" data-id=\"a89fdaf\" data-element_type=\"section\">\n\t\t\t\t\t\t<div class=\"elementor-container elementor-column-gap-default\">\n\t\t\t\t\t<div class=\"elementor-column elementor-col-100 elementor-top-column elementor-element elementor-element-04cb56b\" data-id=\"04cb56b\" data-element_type=\"column\">\n\t\t\t<div class=\"elementor-widget-wrap elementor-element-populated\">\n\t\t\t\t\t\t<div class=\"elementor-element elementor-element-88046a0 elementor-widget elementor-widget-heading\" data-id=\"88046a0\" data-element_type=\"widget\" data-widget_type=\"heading.default\">\n\t\t\t\t<div class=\"elementor-widget-container\">\n\t\t\t\t\t<h1 class=\"elementor-heading-title elementor-size-default\">Datenschutzerkl\u00e4rung<br><\/h1>\t\t\t\t<\/div>\n\t\t\t\t<\/div>\n\t\t\t\t<section class=\"elementor-section elementor-inner-section elementor-element elementor-element-d929202 elementor-section-boxed elementor-section-height-default elementor-section-height-default\" data-id=\"d929202\" data-element_type=\"section\">\n\t\t\t\t\t\t<div class=\"elementor-container elementor-column-gap-default\">\n\t\t\t\t\t<div class=\"elementor-column elementor-col-100 elementor-inner-column elementor-element elementor-element-b19f1c3\" data-id=\"b19f1c3\" data-element_type=\"column\">\n\t\t\t<div class=\"elementor-widget-wrap elementor-element-populated\">\n\t\t\t\t\t\t<div class=\"elementor-element elementor-element-015ce57 elementor-widget elementor-widget-text-editor\" data-id=\"015ce57\" data-element_type=\"widget\" data-widget_type=\"text-editor.default\">\n\t\t\t\t<div class=\"elementor-widget-container\">\n\t\t\t\t\t\t\t\t\t<p>Gem\u00e4\u00df dem franz\u00f6sischen Gesetz vom 6. Januar 1978 (in der ge\u00e4nderten Fassung) und der Datenschutz-Grundverordnung vom 27. April 2016 (\u201eDSGVO\u201c) weisen wir Sie darauf hin, dass PrintCubator.net sowie gegebenenfalls dessen einzige, von Ihrer Anfrage \u00fcber unsere Website betroffenen Unterauftragnehmer die alleinigen Empf\u00e4nger der \u00fcber diese Website \u00fcbermittelten Informationen und personenbezogenen Daten sind und dass keine Weitergabe an Dritte erfolgt.<\/p>\n<p>Printcubator.net setzt technische und organisatorische Sicherheitsma\u00dfnahmen ein, um die erhobenen Daten vor zuf\u00e4lliger oder vors\u00e4tzlicher Manipulation, Verlust, Zerst\u00f6rung oder dem Zugriff durch unbefugte Personen zu sch\u00fctzen. Printcubator.net verlangt au\u00dferdem von seinen Unterauftragnehmern, geeignete Garantien zu bieten, um die Sicherheit und Vertraulichkeit personenbezogener Daten zu gew\u00e4hrleisten. <\/p>\n<p>Personenbezogene Daten werden zu bestimmten und angemessenen Zwecken erhoben, die nachstehend aufgef\u00fchrt sind. Diese Daten d\u00fcrfen anschlie\u00dfend nicht in einer Weise verwendet werden, die mit diesen Zwecken unvereinbar ist. Die Erhebung dieser Daten erfolgt auf faire Weise; sie erfolgt nicht ohne das Wissen der betroffenen Personen.  <\/p>\t\t\t\t\t\t\t\t<\/div>\n\t\t\t\t<\/div>\n\t\t\t\t<div class=\"elementor-element elementor-element-257e35a elementor-widget elementor-widget-heading\" data-id=\"257e35a\" data-element_type=\"widget\" data-widget_type=\"heading.default\">\n\t\t\t\t<div class=\"elementor-widget-container\">\n\t\t\t\t\t<p class=\"elementor-heading-title elementor-size-default\">DIE ERHEBUNG IHRER PERSONENBEZOGENEN DATEN AUF UNSERER WEBSITE:<\/p>\t\t\t\t<\/div>\n\t\t\t\t<\/div>\n\t\t\t\t<div class=\"elementor-element elementor-element-987ed3d elementor-widget elementor-widget-text-editor\" data-id=\"987ed3d\" data-element_type=\"widget\" data-widget_type=\"text-editor.default\">\n\t\t\t\t<div class=\"elementor-widget-container\">\n\t\t\t\t\t\t\t\t\t<p>BETROFFENE PERSONENBEZOGENE DATEN :<\/p>\n<p>Im Rahmen Ihres Besuchs auf unserer Website kann es vorkommen, dass Sie Formulare ausf\u00fcllen m\u00fcssen, bei denen wir einige Ihrer personenbezogenen Daten erheben, insbesondere:<\/p>\n<p>Vor- und Nachname<\/p>\n<p>Telefonnummer<\/p>\n<p>E-Mail-Adresse<\/p>\n<p>Wohnadresse<\/p>\n<p>Zahlungsinformationen<\/p>\n<p>Alle anderen Informationen, die nicht als personenbezogene Daten gelten, einschlie\u00dflich Ihrer Vertragsnummer, der Ger\u00e4tekennnummer oder Angaben zu ben\u00f6tigtem Verbrauchsmaterial.<\/p>\n<p>Zus\u00e4tzlich zu diesen Daten k\u00f6nnen wir \u00fcber Google-Cookies auf unserer Website auch personenbezogene Daten erheben, darunter anonymisierte oder pseudonymisierte Daten wie Informationen \u00fcber Ihre Aktivit\u00e4ten beim Surfen auf unserer Website, einschlie\u00dflich Datum und Uhrzeit, Daten zu Ihrem verwendeten Endger\u00e4t, Ihrem Internetdienstanbieter oder Ihrer IP-Adresse.<\/p>\t\t\t\t\t\t\t\t<\/div>\n\t\t\t\t<\/div>\n\t\t\t\t<div class=\"elementor-element elementor-element-22f34e7 elementor-widget elementor-widget-heading\" data-id=\"22f34e7\" data-element_type=\"widget\" data-widget_type=\"heading.default\">\n\t\t\t\t<div class=\"elementor-widget-container\">\n\t\t\t\t\t<p class=\"elementor-heading-title elementor-size-default\">ZWECKE UND RECHTSGRUNDLAGEN DER VERARBEITUNG PERSONENBEZOGENER DATEN :<\/p>\t\t\t\t<\/div>\n\t\t\t\t<\/div>\n\t\t\t\t<div class=\"elementor-element elementor-element-3b36bfd elementor-widget elementor-widget-text-editor\" data-id=\"3b36bfd\" data-element_type=\"widget\" data-widget_type=\"text-editor.default\">\n\t\t\t\t<div class=\"elementor-widget-container\">\n\t\t\t\t\t\t\t\t\t<p>Die Verarbeitung dieser Daten erfolgt auf Grundlage des berechtigten Interesses von PrintCubator.net sowie Ihrer Einwilligung zum Zweck der Erhebung und Verarbeitung von gesch\u00e4ftlichen oder betrieblichen Informationen, die es uns erm\u00f6glichen, auf Ihre Anfragen zu reagieren. Durch das Ausf\u00fcllen solcher Formulare und das Ankreuzen des entsprechenden K\u00e4stchens vor dem Absenden erkl\u00e4ren Sie, dass Sie unsere Datenschutzrichtlinie gelesen und akzeptiert haben. Nachfolgend stellen wir Ihnen alle erforderlichen Informationen zur Verf\u00fcgung, um gegebenenfalls Ihre Rechte auszu\u00fcben.  <\/p>\n<p>Die Erhebung Ihrer personenbezogenen Daten \u00fcber Google-Cookies auf unserer Website dient dazu, statistische Analysen Ihrer Besuche durchzuf\u00fchren und die Navigation zu optimieren. Das Setzen und Auslesen technischer Cookies, die f\u00fcr die Analyse Ihrer Besuche und die Optimierung der Website-Navigation erforderlich sind, erfolgt auf Grundlage Ihrer Einwilligung sowie der berechtigten Interessen von PrintCubator.net. Detaillierte Informationen finden Sie in unserem Cookie-Banner, \u00fcber den Sie der Datenerhebung durch diese Cookies zustimmen oder sie ablehnen k\u00f6nnen.  <\/p>\t\t\t\t\t\t\t\t<\/div>\n\t\t\t\t<\/div>\n\t\t\t\t<div class=\"elementor-element elementor-element-5d64512 elementor-widget elementor-widget-heading\" data-id=\"5d64512\" data-element_type=\"widget\" data-widget_type=\"heading.default\">\n\t\t\t\t<div class=\"elementor-widget-container\">\n\t\t\t\t\t<p class=\"elementor-heading-title elementor-size-default\">AUFBEWAHRUNGSDAUER :<\/p>\t\t\t\t<\/div>\n\t\t\t\t<\/div>\n\t\t\t\t<div class=\"elementor-element elementor-element-757da2b elementor-widget elementor-widget-text-editor\" data-id=\"757da2b\" data-element_type=\"widget\" data-widget_type=\"text-editor.default\">\n\t\t\t\t<div class=\"elementor-widget-container\">\n\t\t\t\t\t\t\t\t\t<p>Gem\u00e4\u00df den geltenden Vorschriften werden alle erhobenen Informationen nur so lange aufbewahrt, wie es zur Bearbeitung Ihrer Anfragen erforderlich ist und \u2013 falls zutreffend \u2013 f\u00fcr die gesamte Dauer unserer vertraglichen Beziehung zuz\u00fcglich eines Zeitraums von f\u00fcnf (5) Jahren. Besteht keine vertragliche Beziehung, werden Ihre Daten f\u00fcr einen Zeitraum von drei (3) Jahren gespeichert. F\u00fcr personenbezogene Daten, die \u00fcber Cookies erhoben werden, kann gem\u00e4\u00df den Vorschriften eine spezifische Aufbewahrungsdauer gelten: 13 Monate.  <\/p>\t\t\t\t\t\t\t\t<\/div>\n\t\t\t\t<\/div>\n\t\t\t\t<div class=\"elementor-element elementor-element-2528bce elementor-widget elementor-widget-heading\" data-id=\"2528bce\" data-element_type=\"widget\" data-widget_type=\"heading.default\">\n\t\t\t\t<div class=\"elementor-widget-container\">\n\t\t\t\t\t<p class=\"elementor-heading-title elementor-size-default\">WAHRNEHMUNG IHRER RECHTE (AUSKUNFT, BERICHTIGUNG, L\u00d6SCHUNG USW.):<\/p>\t\t\t\t<\/div>\n\t\t\t\t<\/div>\n\t\t\t\t<div class=\"elementor-element elementor-element-5ca0afd elementor-widget elementor-widget-text-editor\" data-id=\"5ca0afd\" data-element_type=\"widget\" data-widget_type=\"text-editor.default\">\n\t\t\t\t<div class=\"elementor-widget-container\">\n\t\t\t\t\t\t\t\t\t<p>Im Sinne und im Rahmen der DSGVO haben Sie das Recht auf Auskunft, Berichtigung, Daten\u00fcbertragbarkeit, L\u00f6schung, Einschr\u00e4nkung der Verarbeitung sowie Widerspruch gegen die Verarbeitung Ihrer personenbezogenen Daten \u2013 ebenso das Recht, Anweisungen \u00fcber das Schicksal Ihrer Daten nach Ihrem Tod zu hinterlassen.<br>Wenn Sie Gesch\u00e4ftspartner von PrintCubator.net sind, k\u00f6nnen Sie dieses Verfahren auch f\u00fcr alle personenbezogenen Daten anwenden, die im Rahmen unserer Gesch\u00e4ftsbeziehung erhoben wurden.<br>In diesem Fall weisen wir Sie darauf hin, dass die Aufbewahrung bestimmter Daten gesetzlich vorgeschrieben ist, insbesondere bei Angebotsanfragen oder Rechnungsstellungen, f\u00fcr einen Zeitraum von mindestens f\u00fcnf (5) Jahren. Daher k\u00f6nnen wir einem Antrag auf L\u00f6schung dieser Daten nicht nachkommen.<br>Diese Rechte k\u00f6nnen Sie jederzeit \u00fcber die folgenden Adressen aus\u00fcben:    <\/p>\n<p>E-MAIL-ADRESSE :<\/p>\n<p>printcubator@mitwill.com<\/p>\n<p>POSTANSCHRIFT :<\/p>\n<p>Mitwill Textiles Europe SARL, Kundenservice Printcubator.net, 104, rue des Bains, 68390 Sausheim, FRANKREICH<\/p>\n<p>Aus Sicherheitsgr\u00fcnden und um missbr\u00e4uchliche oder betr\u00fcgerische Antr\u00e4ge auf Wahrnehmung von Rechten zu vermeiden, muss jedem Antrag eine Kopie eines unterschriebenen Identit\u00e4tsnachweises beigef\u00fcgt werden. Dieser Nachweis wird ausschlie\u00dflich zum Zweck der Bearbeitung des Antrags verwendet und nach Abschluss der Bearbeitung unverz\u00fcglich gel\u00f6scht.<\/p>\n<p>Dar\u00fcber hinaus werden Sie dar\u00fcber informiert, dass Ihre personenbezogenen Daten einem berechtigten Dritten zur Verf\u00fcgung gestellt werden k\u00f6nnen, sofern diese Daten f\u00fcr die Feststellung eines Versto\u00dfes gegen gesetzliche oder beh\u00f6rdliche Bestimmungen erforderlich sind und auf ausdr\u00fcckliche und begr\u00fcndete Anfrage von Rechts-, Justiz- oder Polizeibeh\u00f6rden oder allgemein von jeder gem\u00e4\u00df der DSGVO autorisierten Stelle \u00fcbermittelt werden d\u00fcrfen.<br>Au\u00dferdem hat jede von der Verarbeitung personenbezogener Daten betroffene Person gem\u00e4\u00df den geltenden Vorschriften das Recht, eine Beschwerde bei einer zust\u00e4ndigen Aufsichtsbeh\u00f6rde einzureichen. <\/p>\n<p>Printcubator.net aktualisiert diese Richtlinie regelm\u00e4\u00dfig, um den t\u00e4glichen Schutz Ihrer Daten zu gew\u00e4hrleisten. Es gilt die zum Zeitpunkt der Verbindung mit dieser Website aktuelle Version der Richtlinie. Printcubator.net beh\u00e4lt sich das Recht vor, diese Richtlinie jederzeit und ohne vorherige Ank\u00fcndigung zu \u00e4ndern.  <\/p>\t\t\t\t\t\t\t\t<\/div>\n\t\t\t\t<\/div>\n\t\t\t\t\t<\/div>\n\t\t<\/div>\n\t\t\t\t\t<\/div>\n\t\t<\/section>\n\t\t\t\t\t<\/div>\n\t\t<\/div>\n\t\t\t\t\t<\/div>\n\t\t<\/section>\n\t\t\t\t<\/div>\n\t\t","protected":false},"excerpt":{"rendered":"<p>Datenschutzerkl\u00e4rung Gem\u00e4\u00df dem franz\u00f6sischen Gesetz vom 6. Januar 1978 (in der ge\u00e4nderten Fassung) und der Datenschutz-Grundverordnung vom 27. April 2016 (\u201eDSGVO\u201c) weisen wir Sie darauf hin, dass PrintCubator.net sowie gegebenenfalls dessen einzige, von Ihrer Anfrage \u00fcber unsere Website betroffenen Unterauftragnehmer die alleinigen Empf\u00e4nger der \u00fcber diese Website \u00fcbermittelten Informationen und personenbezogenen Daten sind und dass [&hellip;]<\/p>\n","protected":false},"author":1,"featured_media":0,"parent":0,"menu_order":0,"comment_status":"closed","ping_status":"open","template":"elementor_header_footer","meta":{"_acf_changed":false,"_monsterinsights_skip_tracking":false,"_monsterinsights_sitenote_active":false,"_monsterinsights_sitenote_note":"","_monsterinsights_sitenote_category":0,"footnotes":""},"class_list":["post-2041","page","type-page","status-publish","hentry"],"acf":[],"yoast_head":"<!-- This site is optimized with the Yoast SEO plugin v24.8.1 - https:\/\/yoast.com\/wordpress\/plugins\/seo\/ -->\n<title>Datenschutzerkl\u00e4rung - Printcubator<\/title>\n<meta name=\"robots\" content=\"index, follow, max-snippet:-1, max-image-preview:large, max-video-preview:-1\" \/>\n<link rel=\"canonical\" href=\"https:\/\/printcubator.net\/de\/datenschutzerklaerung\/\" \/>\n<meta property=\"og:locale\" content=\"de_DE\" \/>\n<meta property=\"og:type\" content=\"article\" \/>\n<meta property=\"og:title\" content=\"Datenschutzerkl\u00e4rung - Printcubator\" \/>\n<meta property=\"og:description\" content=\"Datenschutzerkl\u00e4rung Gem\u00e4\u00df dem franz\u00f6sischen Gesetz vom 6. Januar 1978 (in der ge\u00e4nderten Fassung) und der Datenschutz-Grundverordnung vom 27. April 2016 (\u201eDSGVO\u201c) weisen wir Sie darauf hin, dass PrintCubator.net sowie gegebenenfalls dessen einzige, von Ihrer Anfrage \u00fcber unsere Website betroffenen Unterauftragnehmer die alleinigen Empf\u00e4nger der \u00fcber diese Website \u00fcbermittelten Informationen und personenbezogenen Daten sind und dass [&hellip;]\" \/>\n<meta property=\"og:url\" content=\"https:\/\/printcubator.net\/de\/datenschutzerklaerung\/\" \/>\n<meta property=\"og:site_name\" content=\"Printcubator\" \/>\n<meta property=\"article:modified_time\" content=\"2025-06-06T07:21:34+00:00\" \/>\n<meta name=\"twitter:card\" content=\"summary_large_image\" \/>\n<meta name=\"twitter:label1\" content=\"Gesch\u00e4tzte Lesezeit\" \/>\n\t<meta name=\"twitter:data1\" content=\"4\u00a0Minute\" \/>\n<script type=\"application\/ld+json\" class=\"yoast-schema-graph\">{\"@context\":\"https:\/\/schema.org\",\"@graph\":[{\"@type\":\"WebPage\",\"@id\":\"https:\/\/printcubator.net\/de\/datenschutzerklaerung\/\",\"url\":\"https:\/\/printcubator.net\/de\/datenschutzerklaerung\/\",\"name\":\"Datenschutzerkl\u00e4rung - Printcubator\",\"isPartOf\":{\"@id\":\"https:\/\/printcubator.net\/de\/#website\"},\"datePublished\":\"2024-07-26T09:10:53+00:00\",\"dateModified\":\"2025-06-06T07:21:34+00:00\",\"breadcrumb\":{\"@id\":\"https:\/\/printcubator.net\/de\/datenschutzerklaerung\/#breadcrumb\"},\"inLanguage\":\"de\",\"potentialAction\":[{\"@type\":\"ReadAction\",\"target\":[\"https:\/\/printcubator.net\/de\/datenschutzerklaerung\/\"]}]},{\"@type\":\"BreadcrumbList\",\"@id\":\"https:\/\/printcubator.net\/de\/datenschutzerklaerung\/#breadcrumb\",\"itemListElement\":[{\"@type\":\"ListItem\",\"position\":1,\"name\":\"Home\",\"item\":\"https:\/\/printcubator.net\/de\/startseite\/\"},{\"@type\":\"ListItem\",\"position\":2,\"name\":\"Datenschutzerkl\u00e4rung\"}]},{\"@type\":\"WebSite\",\"@id\":\"https:\/\/printcubator.net\/de\/#website\",\"url\":\"https:\/\/printcubator.net\/de\/\",\"name\":\"Printcubator\",\"description\":\"\",\"publisher\":{\"@id\":\"https:\/\/printcubator.net\/de\/#organization\"},\"potentialAction\":[{\"@type\":\"SearchAction\",\"target\":{\"@type\":\"EntryPoint\",\"urlTemplate\":\"https:\/\/printcubator.net\/de\/?s={search_term_string}\"},\"query-input\":{\"@type\":\"PropertyValueSpecification\",\"valueRequired\":true,\"valueName\":\"search_term_string\"}}],\"inLanguage\":\"de\"},{\"@type\":\"Organization\",\"@id\":\"https:\/\/printcubator.net\/de\/#organization\",\"name\":\"Printcubator\",\"url\":\"https:\/\/printcubator.net\/de\/\",\"logo\":{\"@type\":\"ImageObject\",\"inLanguage\":\"de\",\"@id\":\"https:\/\/printcubator.net\/de\/#\/schema\/logo\/image\/\",\"url\":\"https:\/\/printcubator.net\/wp-content\/uploads\/2024\/07\/logo.png\",\"contentUrl\":\"https:\/\/printcubator.net\/wp-content\/uploads\/2024\/07\/logo.png\",\"width\":345,\"height\":304,\"caption\":\"Printcubator\"},\"image\":{\"@id\":\"https:\/\/printcubator.net\/de\/#\/schema\/logo\/image\/\"}}]}<\/script>\n<!-- \/ Yoast SEO plugin. -->","yoast_head_json":{"title":"Datenschutzerkl\u00e4rung - Printcubator","robots":{"index":"index","follow":"follow","max-snippet":"max-snippet:-1","max-image-preview":"max-image-preview:large","max-video-preview":"max-video-preview:-1"},"canonical":"https:\/\/printcubator.net\/de\/datenschutzerklaerung\/","og_locale":"de_DE","og_type":"article","og_title":"Datenschutzerkl\u00e4rung - Printcubator","og_description":"Datenschutzerkl\u00e4rung Gem\u00e4\u00df dem franz\u00f6sischen Gesetz vom 6. Januar 1978 (in der ge\u00e4nderten Fassung) und der Datenschutz-Grundverordnung vom 27. April 2016 (\u201eDSGVO\u201c) weisen wir Sie darauf hin, dass PrintCubator.net sowie gegebenenfalls dessen einzige, von Ihrer Anfrage \u00fcber unsere Website betroffenen Unterauftragnehmer die alleinigen Empf\u00e4nger der \u00fcber diese Website \u00fcbermittelten Informationen und personenbezogenen Daten sind und dass [&hellip;]","og_url":"https:\/\/printcubator.net\/de\/datenschutzerklaerung\/","og_site_name":"Printcubator","article_modified_time":"2025-06-06T07:21:34+00:00","twitter_card":"summary_large_image","twitter_misc":{"Gesch\u00e4tzte Lesezeit":"4\u00a0Minute"},"schema":{"@context":"https:\/\/schema.org","@graph":[{"@type":"WebPage","@id":"https:\/\/printcubator.net\/de\/datenschutzerklaerung\/","url":"https:\/\/printcubator.net\/de\/datenschutzerklaerung\/","name":"Datenschutzerkl\u00e4rung - Printcubator","isPartOf":{"@id":"https:\/\/printcubator.net\/de\/#website"},"datePublished":"2024-07-26T09:10:53+00:00","dateModified":"2025-06-06T07:21:34+00:00","breadcrumb":{"@id":"https:\/\/printcubator.net\/de\/datenschutzerklaerung\/#breadcrumb"},"inLanguage":"de","potentialAction":[{"@type":"ReadAction","target":["https:\/\/printcubator.net\/de\/datenschutzerklaerung\/"]}]},{"@type":"BreadcrumbList","@id":"https:\/\/printcubator.net\/de\/datenschutzerklaerung\/#breadcrumb","itemListElement":[{"@type":"ListItem","position":1,"name":"Home","item":"https:\/\/printcubator.net\/de\/startseite\/"},{"@type":"ListItem","position":2,"name":"Datenschutzerkl\u00e4rung"}]},{"@type":"WebSite","@id":"https:\/\/printcubator.net\/de\/#website","url":"https:\/\/printcubator.net\/de\/","name":"Printcubator","description":"","publisher":{"@id":"https:\/\/printcubator.net\/de\/#organization"},"potentialAction":[{"@type":"SearchAction","target":{"@type":"EntryPoint","urlTemplate":"https:\/\/printcubator.net\/de\/?s={search_term_string}"},"query-input":{"@type":"PropertyValueSpecification","valueRequired":true,"valueName":"search_term_string"}}],"inLanguage":"de"},{"@type":"Organization","@id":"https:\/\/printcubator.net\/de\/#organization","name":"Printcubator","url":"https:\/\/printcubator.net\/de\/","logo":{"@type":"ImageObject","inLanguage":"de","@id":"https:\/\/printcubator.net\/de\/#\/schema\/logo\/image\/","url":"https:\/\/printcubator.net\/wp-content\/uploads\/2024\/07\/logo.png","contentUrl":"https:\/\/printcubator.net\/wp-content\/uploads\/2024\/07\/logo.png","width":345,"height":304,"caption":"Printcubator"},"image":{"@id":"https:\/\/printcubator.net\/de\/#\/schema\/logo\/image\/"}}]}},"_links":{"self":[{"href":"https:\/\/printcubator.net\/de\/wp-json\/wp\/v2\/pages\/2041","targetHints":{"allow":["GET"]}}],"collection":[{"href":"https:\/\/printcubator.net\/de\/wp-json\/wp\/v2\/pages"}],"about":[{"href":"https:\/\/printcubator.net\/de\/wp-json\/wp\/v2\/types\/page"}],"author":[{"embeddable":true,"href":"https:\/\/printcubator.net\/de\/wp-json\/wp\/v2\/users\/1"}],"replies":[{"embeddable":true,"href":"https:\/\/printcubator.net\/de\/wp-json\/wp\/v2\/comments?post=2041"}],"version-history":[{"count":2,"href":"https:\/\/printcubator.net\/de\/wp-json\/wp\/v2\/pages\/2041\/revisions"}],"predecessor-version":[{"id":11606,"href":"https:\/\/printcubator.net\/de\/wp-json\/wp\/v2\/pages\/2041\/revisions\/11606"}],"wp:attachment":[{"href":"https:\/\/printcubator.net\/de\/wp-json\/wp\/v2\/media?parent=2041"}],"curies":[{"name":"wp","href":"https:\/\/api.w.org\/{rel}","templated":true}]}}