{"id":5557,"date":"2025-03-12T09:16:46","date_gmt":"2025-03-12T09:16:46","guid":{"rendered":"https:\/\/printcubator.net\/studentrabatt\/"},"modified":"2025-03-20T14:42:48","modified_gmt":"2025-03-20T14:42:48","slug":"studentrabatt","status":"publish","type":"page","link":"https:\/\/printcubator.net\/de\/studentrabatt\/","title":{"rendered":"Studentrabatt"},"content":{"rendered":"\t\t<div data-elementor-type=\"wp-page\" data-elementor-id=\"5557\" class=\"elementor elementor-5557 elementor-4486\" data-elementor-post-type=\"page\">\n\t\t\t\t\t\t<section class=\"elementor-section elementor-top-section elementor-element elementor-element-7c084ca elementor-section-boxed elementor-section-height-default elementor-section-height-default\" data-id=\"7c084ca\" data-element_type=\"section\" data-settings=\"{&quot;background_background&quot;:&quot;classic&quot;}\">\n\t\t\t\t\t\t<div class=\"elementor-container elementor-column-gap-default\">\n\t\t\t\t\t<div class=\"elementor-column elementor-col-100 elementor-top-column elementor-element elementor-element-39e090d\" data-id=\"39e090d\" data-element_type=\"column\">\n\t\t\t<div class=\"elementor-widget-wrap elementor-element-populated\">\n\t\t\t\t\t\t<div class=\"elementor-element elementor-element-a36cca9 elementor-widget elementor-widget-heading\" data-id=\"a36cca9\" data-element_type=\"widget\" data-widget_type=\"heading.default\">\n\t\t\t\t<div class=\"elementor-widget-container\">\n\t\t\t\t\t<h1 class=\"elementor-heading-title elementor-size-default\">Unser Studentenprogramm<\/h1>\t\t\t\t<\/div>\n\t\t\t\t<\/div>\n\t\t\t\t<div class=\"elementor-element elementor-element-8d5e955 elementor-align-center elementor-widget elementor-widget-button\" data-id=\"8d5e955\" data-element_type=\"widget\" data-widget_type=\"button.default\">\n\t\t\t\t<div class=\"elementor-widget-container\">\n\t\t\t\t\t\t\t\t\t<div class=\"elementor-button-wrapper\">\n\t\t\t\t\t<a class=\"elementor-button elementor-button-link elementor-size-sm\" href=\"https:\/\/printcubator.net\/de\/bewerbungsformular-fuer-studierende\/\">\n\t\t\t\t\t\t<span class=\"elementor-button-content-wrapper\">\n\t\t\t\t\t\t<span class=\"elementor-button-icon\">\n\t\t\t\t<svg aria-hidden=\"true\" class=\"e-font-icon-svg e-fas-long-arrow-alt-right\" viewBox=\"0 0 448 512\" xmlns=\"http:\/\/www.w3.org\/2000\/svg\"><path d=\"M313.941 216H12c-6.627 0-12 5.373-12 12v56c0 6.627 5.373 12 12 12h301.941v46.059c0 21.382 25.851 32.09 40.971 16.971l86.059-86.059c9.373-9.373 9.373-24.569 0-33.941l-86.059-86.059c-15.119-15.119-40.971-4.411-40.971 16.971V216z\"><\/path><\/svg>\t\t\t<\/span>\n\t\t\t\t\t\t\t\t\t<span class=\"elementor-button-text\">Jetzt anmelden<\/span>\n\t\t\t\t\t<\/span>\n\t\t\t\t\t<\/a>\n\t\t\t\t<\/div>\n\t\t\t\t\t\t\t\t<\/div>\n\t\t\t\t<\/div>\n\t\t\t\t\t<\/div>\n\t\t<\/div>\n\t\t\t\t\t<\/div>\n\t\t<\/section>\n\t\t\t\t<section class=\"elementor-section elementor-top-section elementor-element elementor-element-575fdeb elementor-reverse-tablet elementor-reverse-mobile elementor-section-boxed elementor-section-height-default elementor-section-height-default\" data-id=\"575fdeb\" data-element_type=\"section\">\n\t\t\t\t\t\t<div class=\"elementor-container elementor-column-gap-narrow\">\n\t\t\t\t\t<div class=\"elementor-column elementor-col-100 elementor-top-column elementor-element elementor-element-ac5bec0\" data-id=\"ac5bec0\" data-element_type=\"column\">\n\t\t\t<div class=\"elementor-widget-wrap elementor-element-populated\">\n\t\t\t\t\t\t<div class=\"elementor-element elementor-element-a66ed0f elementor-widget elementor-widget-heading\" data-id=\"a66ed0f\" data-element_type=\"widget\" data-widget_type=\"heading.default\">\n\t\t\t\t<div class=\"elementor-widget-container\">\n\t\t\t\t\t<h4 class=\"elementor-heading-title elementor-size-default\">Erhalten Sie 10 % Rabatt auf alle Ihre Bestellungen<\/h4>\t\t\t\t<\/div>\n\t\t\t\t<\/div>\n\t\t\t\t<div class=\"elementor-element elementor-element-d1e794c elementor-widget elementor-widget-text-editor\" data-id=\"d1e794c\" data-element_type=\"widget\" data-widget_type=\"text-editor.default\">\n\t\t\t\t<div class=\"elementor-widget-container\">\n\t\t\t\t\t\t\t\t\t<p data-start=\"85\" data-end=\"340\">Entwickeln Sie Ihre Kollektion und suchen nach vertrauensw\u00fcrdigen Partnern, die Sie w\u00e4hrend des gesamten Prozesses unterst\u00fctzen? Bei <strong data-start=\"195\" data-end=\"215\">Printcubator.net<\/strong> bieten wir On-Demand-Druckdienste an, die darauf ausgelegt sind, Studenten und Designern durch jede Phase ihres Designprozesses zu begleiten. <\/p><p data-start=\"342\" data-end=\"425\">Um junge Talente zu unterst\u00fctzen, bieten wir Studenten einen Rabatt von <strong data-start=\"379\" data-end=\"395\">10 %<\/strong> auf alle Bestellungen.<\/p><p data-start=\"427\" data-end=\"750\"><strong data-start=\"427\" data-end=\"448\">Warum mit uns zusammenarbeiten?<\/strong><br data-start=\"448\" data-end=\"451\">Wir sind ein Textilunternehmen, das sich auf modernste digitale Drucktechniken spezialisiert hat und kontinuierlich in die neuesten Drucktechnologien investiert, um kreative L\u00f6sungen von hoher Qualit\u00e4t f\u00fcr Designer und Unternehmen zu bieten. Mit Sitz in Elsass profitieren wir von unserer strategischen Lage und der dynamischen Energie der Dreil\u00e4nderregion. <\/p>\t\t\t\t\t\t\t\t<\/div>\n\t\t\t\t<\/div>\n\t\t\t\t\t<\/div>\n\t\t<\/div>\n\t\t\t\t\t<\/div>\n\t\t<\/section>\n\t\t\t\t<section class=\"elementor-section elementor-top-section elementor-element elementor-element-9acec69 elementor-section-boxed elementor-section-height-default elementor-section-height-default\" data-id=\"9acec69\" data-element_type=\"section\">\n\t\t\t\t\t\t<div class=\"elementor-container elementor-column-gap-default\">\n\t\t\t\t\t<div class=\"elementor-column elementor-col-33 elementor-top-column elementor-element elementor-element-d32f943\" data-id=\"d32f943\" data-element_type=\"column\" data-settings=\"{&quot;background_background&quot;:&quot;classic&quot;}\">\n\t\t\t<div class=\"elementor-widget-wrap elementor-element-populated\">\n\t\t\t\t\t\t<div data-ra-url=\"https:\/\/printcubator.net\/product-category\/properties\/natural\/\" data-ra-target=\"_self\" class=\"ra-clickable-wrapper elementor-element elementor-element-b32b43f elementor-position-top elementor-widget elementor-widget-image-box\" style=\"cursor:pointer;\" data-id=\"b32b43f\" data-element_type=\"widget\" data-widget_type=\"image-box.default\">\n\t\t\t\t<div class=\"elementor-widget-container\">\n\t\t\t\t\t<div class=\"elementor-image-box-wrapper\"><figure class=\"elementor-image-box-img\"><a href=\"https:\/\/printcubator.net\/de\/produktkategorie\/eigenschaften\/natuerlich\/\" tabindex=\"-1\"><img fetchpriority=\"high\" decoding=\"async\" width=\"1134\" height=\"1134\" src=\"https:\/\/printcubator.net\/wp-content\/uploads\/2025\/02\/torsac_0002.jpg\" class=\"elementor-animation-shrink attachment-full size-full wp-image-4230\" alt=\"\" srcset=\"https:\/\/printcubator.net\/wp-content\/uploads\/2025\/02\/torsac_0002.jpg 1134w, https:\/\/printcubator.net\/wp-content\/uploads\/2025\/02\/torsac_0002-300x300.jpg 300w, https:\/\/printcubator.net\/wp-content\/uploads\/2025\/02\/torsac_0002-1024x1024.jpg 1024w, https:\/\/printcubator.net\/wp-content\/uploads\/2025\/02\/torsac_0002-150x150.jpg 150w, https:\/\/printcubator.net\/wp-content\/uploads\/2025\/02\/torsac_0002-768x768.jpg 768w, https:\/\/printcubator.net\/wp-content\/uploads\/2025\/02\/torsac_0002-700x700.jpg 700w, https:\/\/printcubator.net\/wp-content\/uploads\/2025\/02\/torsac_0002-600x600.jpg 600w, https:\/\/printcubator.net\/wp-content\/uploads\/2025\/02\/torsac_0002-100x100.jpg 100w\" sizes=\"(max-width: 1134px) 100vw, 1134px\" \/><\/a><\/figure><div class=\"elementor-image-box-content\"><h3 class=\"elementor-image-box-title\"><a href=\"https:\/\/printcubator.net\/de\/produktkategorie\/eigenschaften\/natuerlich\/\">Biofasern<\/a><\/h3><p class=\"elementor-image-box-description\">Entdecken Sie unsere Auswahl an Baumwoll-, Leinen- und Seidenstoffen<\/p><\/div><\/div>\t\t\t\t<\/div>\n\t\t\t\t<\/div>\n\t\t\t\t\t<\/div>\n\t\t<\/div>\n\t\t\t\t<div class=\"elementor-column elementor-col-33 elementor-top-column elementor-element elementor-element-d12f636\" data-id=\"d12f636\" data-element_type=\"column\" data-settings=\"{&quot;background_background&quot;:&quot;classic&quot;}\">\n\t\t\t<div class=\"elementor-widget-wrap elementor-element-populated\">\n\t\t\t\t\t\t<div data-ra-url=\"https:\/\/printcubator.net\/product-category\/properties\/cellulosic\/https:\/\/printcubator.net\/product-category\/properties\/cellulosic\/\" data-ra-target=\"_self\" class=\"ra-clickable-wrapper elementor-element elementor-element-3b47e4b elementor-position-top elementor-widget elementor-widget-image-box\" style=\"cursor:pointer;\" data-id=\"3b47e4b\" data-element_type=\"widget\" data-widget_type=\"image-box.default\">\n\t\t\t\t<div class=\"elementor-widget-container\">\n\t\t\t\t\t<div class=\"elementor-image-box-wrapper\"><figure class=\"elementor-image-box-img\"><a href=\"https:\/\/printcubator.net\/de\/produktkategorie\/eigenschaften\/cellulosisch\/\" tabindex=\"-1\"><img decoding=\"async\" width=\"1134\" height=\"1134\" src=\"https:\/\/printcubator.net\/wp-content\/uploads\/2025\/02\/termoli_0002.jpg\" class=\"elementor-animation-shrink attachment-full size-full wp-image-4236\" alt=\"\" srcset=\"https:\/\/printcubator.net\/wp-content\/uploads\/2025\/02\/termoli_0002.jpg 1134w, https:\/\/printcubator.net\/wp-content\/uploads\/2025\/02\/termoli_0002-300x300.jpg 300w, https:\/\/printcubator.net\/wp-content\/uploads\/2025\/02\/termoli_0002-1024x1024.jpg 1024w, https:\/\/printcubator.net\/wp-content\/uploads\/2025\/02\/termoli_0002-150x150.jpg 150w, https:\/\/printcubator.net\/wp-content\/uploads\/2025\/02\/termoli_0002-768x768.jpg 768w, https:\/\/printcubator.net\/wp-content\/uploads\/2025\/02\/termoli_0002-700x700.jpg 700w, https:\/\/printcubator.net\/wp-content\/uploads\/2025\/02\/termoli_0002-600x600.jpg 600w, https:\/\/printcubator.net\/wp-content\/uploads\/2025\/02\/termoli_0002-100x100.jpg 100w\" sizes=\"(max-width: 1134px) 100vw, 1134px\" \/><\/a><\/figure><div class=\"elementor-image-box-content\"><h3 class=\"elementor-image-box-title\"><a href=\"https:\/\/printcubator.net\/de\/produktkategorie\/eigenschaften\/cellulosisch\/\">Zellulosefasern<\/a><\/h3><p class=\"elementor-image-box-description\">Entdecken Sie unsere Auswahl an Viskose- und Tencel-Stoffen<\/p><\/div><\/div>\t\t\t\t<\/div>\n\t\t\t\t<\/div>\n\t\t\t\t\t<\/div>\n\t\t<\/div>\n\t\t\t\t<div class=\"elementor-column elementor-col-33 elementor-top-column elementor-element elementor-element-518f857\" data-id=\"518f857\" data-element_type=\"column\" data-settings=\"{&quot;background_background&quot;:&quot;classic&quot;}\">\n\t\t\t<div class=\"elementor-widget-wrap elementor-element-populated\">\n\t\t\t\t\t\t<div data-ra-url=\"https:\/\/printcubator.net\/product-category\/properties\/synthetic\/\" data-ra-target=\"_self\" class=\"ra-clickable-wrapper elementor-element elementor-element-807b8bd elementor-position-top elementor-widget elementor-widget-image-box\" style=\"cursor:pointer;\" data-id=\"807b8bd\" data-element_type=\"widget\" data-widget_type=\"image-box.default\">\n\t\t\t\t<div class=\"elementor-widget-container\">\n\t\t\t\t\t<div class=\"elementor-image-box-wrapper\"><figure class=\"elementor-image-box-img\"><a href=\"https:\/\/printcubator.net\/de\/produktkategorie\/eigenschaften\/synthetisch\/\" tabindex=\"-1\"><img decoding=\"async\" src=\"https:\/\/printcubator.net\/wp-content\/uploads\/2025\/02\/palmeto-light_4.jpg\" title=\"\" alt=\"\" class=\"elementor-animation-grow\" loading=\"lazy\" \/><\/a><\/figure><div class=\"elementor-image-box-content\"><h3 class=\"elementor-image-box-title\"><a href=\"https:\/\/printcubator.net\/de\/produktkategorie\/eigenschaften\/synthetisch\/\">Synthetische Fasern<\/a><\/h3><p class=\"elementor-image-box-description\">Entdecken Sie unsere Auswahl an Polyesterstoffen<\/p><\/div><\/div>\t\t\t\t<\/div>\n\t\t\t\t<\/div>\n\t\t\t\t\t<\/div>\n\t\t<\/div>\n\t\t\t\t\t<\/div>\n\t\t<\/section>\n\t\t\t\t<\/div>\n\t\t","protected":false},"excerpt":{"rendered":"<p>Unser Studentenprogramm Jetzt anmelden Erhalten Sie 10 % Rabatt auf alle Ihre Bestellungen Entwickeln Sie Ihre Kollektion und suchen nach vertrauensw\u00fcrdigen Partnern, die Sie w\u00e4hrend des gesamten Prozesses unterst\u00fctzen? Bei Printcubator.net bieten wir On-Demand-Druckdienste an, die darauf ausgelegt sind, Studenten und Designern durch jede Phase ihres Designprozesses zu begleiten. Um junge Talente zu unterst\u00fctzen, bieten [&hellip;]<\/p>\n","protected":false},"author":1,"featured_media":0,"parent":0,"menu_order":0,"comment_status":"closed","ping_status":"closed","template":"elementor_header_footer","meta":{"_acf_changed":false,"_monsterinsights_skip_tracking":false,"_monsterinsights_sitenote_active":false,"_monsterinsights_sitenote_note":"","_monsterinsights_sitenote_category":0,"footnotes":""},"class_list":["post-5557","page","type-page","status-publish","hentry"],"acf":[],"yoast_head":"<!-- This site is optimized with the Yoast SEO plugin v24.8.1 - https:\/\/yoast.com\/wordpress\/plugins\/seo\/ -->\n<title>Studentrabatt - Printcubator<\/title>\n<meta name=\"robots\" content=\"index, follow, max-snippet:-1, max-image-preview:large, max-video-preview:-1\" \/>\n<link rel=\"canonical\" href=\"https:\/\/printcubator.net\/de\/studentrabatt\/\" \/>\n<meta property=\"og:locale\" content=\"de_DE\" \/>\n<meta property=\"og:type\" content=\"article\" \/>\n<meta property=\"og:title\" content=\"Studentrabatt - Printcubator\" \/>\n<meta property=\"og:description\" content=\"Unser Studentenprogramm Jetzt anmelden Erhalten Sie 10 % Rabatt auf alle Ihre Bestellungen Entwickeln Sie Ihre Kollektion und suchen nach vertrauensw\u00fcrdigen Partnern, die Sie w\u00e4hrend des gesamten Prozesses unterst\u00fctzen? Bei Printcubator.net bieten wir On-Demand-Druckdienste an, die darauf ausgelegt sind, Studenten und Designern durch jede Phase ihres Designprozesses zu begleiten. Um junge Talente zu unterst\u00fctzen, bieten [&hellip;]\" \/>\n<meta property=\"og:url\" content=\"https:\/\/printcubator.net\/de\/studentrabatt\/\" \/>\n<meta property=\"og:site_name\" content=\"Printcubator\" \/>\n<meta property=\"article:modified_time\" content=\"2025-03-20T14:42:48+00:00\" \/>\n<meta property=\"og:image\" content=\"https:\/\/printcubator.net\/wp-content\/uploads\/2025\/02\/torsac_0002.jpg\" \/>\n\t<meta property=\"og:image:width\" content=\"1134\" \/>\n\t<meta property=\"og:image:height\" content=\"1134\" \/>\n\t<meta property=\"og:image:type\" content=\"image\/jpeg\" \/>\n<meta name=\"twitter:card\" content=\"summary_large_image\" \/>\n<meta name=\"twitter:label1\" content=\"Gesch\u00e4tzte Lesezeit\" \/>\n\t<meta name=\"twitter:data1\" content=\"1\u00a0Minute\" \/>\n<script type=\"application\/ld+json\" class=\"yoast-schema-graph\">{\"@context\":\"https:\/\/schema.org\",\"@graph\":[{\"@type\":\"WebPage\",\"@id\":\"https:\/\/printcubator.net\/de\/studentrabatt\/\",\"url\":\"https:\/\/printcubator.net\/de\/studentrabatt\/\",\"name\":\"Studentrabatt - Printcubator\",\"isPartOf\":{\"@id\":\"https:\/\/printcubator.net\/de\/#website\"},\"primaryImageOfPage\":{\"@id\":\"https:\/\/printcubator.net\/de\/studentrabatt\/#primaryimage\"},\"image\":{\"@id\":\"https:\/\/printcubator.net\/de\/studentrabatt\/#primaryimage\"},\"thumbnailUrl\":\"https:\/\/printcubator.net\/wp-content\/uploads\/2025\/02\/torsac_0002.jpg\",\"datePublished\":\"2025-03-12T09:16:46+00:00\",\"dateModified\":\"2025-03-20T14:42:48+00:00\",\"breadcrumb\":{\"@id\":\"https:\/\/printcubator.net\/de\/studentrabatt\/#breadcrumb\"},\"inLanguage\":\"de\",\"potentialAction\":[{\"@type\":\"ReadAction\",\"target\":[\"https:\/\/printcubator.net\/de\/studentrabatt\/\"]}]},{\"@type\":\"ImageObject\",\"inLanguage\":\"de\",\"@id\":\"https:\/\/printcubator.net\/de\/studentrabatt\/#primaryimage\",\"url\":\"https:\/\/printcubator.net\/wp-content\/uploads\/2025\/02\/torsac_0002.jpg\",\"contentUrl\":\"https:\/\/printcubator.net\/wp-content\/uploads\/2025\/02\/torsac_0002.jpg\"},{\"@type\":\"BreadcrumbList\",\"@id\":\"https:\/\/printcubator.net\/de\/studentrabatt\/#breadcrumb\",\"itemListElement\":[{\"@type\":\"ListItem\",\"position\":1,\"name\":\"Home\",\"item\":\"https:\/\/printcubator.net\/de\/startseite\/\"},{\"@type\":\"ListItem\",\"position\":2,\"name\":\"Studentrabatt\"}]},{\"@type\":\"WebSite\",\"@id\":\"https:\/\/printcubator.net\/de\/#website\",\"url\":\"https:\/\/printcubator.net\/de\/\",\"name\":\"Printcubator\",\"description\":\"\",\"publisher\":{\"@id\":\"https:\/\/printcubator.net\/de\/#organization\"},\"potentialAction\":[{\"@type\":\"SearchAction\",\"target\":{\"@type\":\"EntryPoint\",\"urlTemplate\":\"https:\/\/printcubator.net\/de\/?s={search_term_string}\"},\"query-input\":{\"@type\":\"PropertyValueSpecification\",\"valueRequired\":true,\"valueName\":\"search_term_string\"}}],\"inLanguage\":\"de\"},{\"@type\":\"Organization\",\"@id\":\"https:\/\/printcubator.net\/de\/#organization\",\"name\":\"Printcubator\",\"url\":\"https:\/\/printcubator.net\/de\/\",\"logo\":{\"@type\":\"ImageObject\",\"inLanguage\":\"de\",\"@id\":\"https:\/\/printcubator.net\/de\/#\/schema\/logo\/image\/\",\"url\":\"https:\/\/printcubator.net\/wp-content\/uploads\/2024\/07\/logo.png\",\"contentUrl\":\"https:\/\/printcubator.net\/wp-content\/uploads\/2024\/07\/logo.png\",\"width\":345,\"height\":304,\"caption\":\"Printcubator\"},\"image\":{\"@id\":\"https:\/\/printcubator.net\/de\/#\/schema\/logo\/image\/\"}}]}<\/script>\n<!-- \/ Yoast SEO plugin. -->","yoast_head_json":{"title":"Studentrabatt - Printcubator","robots":{"index":"index","follow":"follow","max-snippet":"max-snippet:-1","max-image-preview":"max-image-preview:large","max-video-preview":"max-video-preview:-1"},"canonical":"https:\/\/printcubator.net\/de\/studentrabatt\/","og_locale":"de_DE","og_type":"article","og_title":"Studentrabatt - Printcubator","og_description":"Unser Studentenprogramm Jetzt anmelden Erhalten Sie 10 % Rabatt auf alle Ihre Bestellungen Entwickeln Sie Ihre Kollektion und suchen nach vertrauensw\u00fcrdigen Partnern, die Sie w\u00e4hrend des gesamten Prozesses unterst\u00fctzen? Bei Printcubator.net bieten wir On-Demand-Druckdienste an, die darauf ausgelegt sind, Studenten und Designern durch jede Phase ihres Designprozesses zu begleiten. Um junge Talente zu unterst\u00fctzen, bieten [&hellip;]","og_url":"https:\/\/printcubator.net\/de\/studentrabatt\/","og_site_name":"Printcubator","article_modified_time":"2025-03-20T14:42:48+00:00","og_image":[{"width":1134,"height":1134,"url":"https:\/\/printcubator.net\/wp-content\/uploads\/2025\/02\/torsac_0002.jpg","type":"image\/jpeg"}],"twitter_card":"summary_large_image","twitter_misc":{"Gesch\u00e4tzte Lesezeit":"1\u00a0Minute"},"schema":{"@context":"https:\/\/schema.org","@graph":[{"@type":"WebPage","@id":"https:\/\/printcubator.net\/de\/studentrabatt\/","url":"https:\/\/printcubator.net\/de\/studentrabatt\/","name":"Studentrabatt - Printcubator","isPartOf":{"@id":"https:\/\/printcubator.net\/de\/#website"},"primaryImageOfPage":{"@id":"https:\/\/printcubator.net\/de\/studentrabatt\/#primaryimage"},"image":{"@id":"https:\/\/printcubator.net\/de\/studentrabatt\/#primaryimage"},"thumbnailUrl":"https:\/\/printcubator.net\/wp-content\/uploads\/2025\/02\/torsac_0002.jpg","datePublished":"2025-03-12T09:16:46+00:00","dateModified":"2025-03-20T14:42:48+00:00","breadcrumb":{"@id":"https:\/\/printcubator.net\/de\/studentrabatt\/#breadcrumb"},"inLanguage":"de","potentialAction":[{"@type":"ReadAction","target":["https:\/\/printcubator.net\/de\/studentrabatt\/"]}]},{"@type":"ImageObject","inLanguage":"de","@id":"https:\/\/printcubator.net\/de\/studentrabatt\/#primaryimage","url":"https:\/\/printcubator.net\/wp-content\/uploads\/2025\/02\/torsac_0002.jpg","contentUrl":"https:\/\/printcubator.net\/wp-content\/uploads\/2025\/02\/torsac_0002.jpg"},{"@type":"BreadcrumbList","@id":"https:\/\/printcubator.net\/de\/studentrabatt\/#breadcrumb","itemListElement":[{"@type":"ListItem","position":1,"name":"Home","item":"https:\/\/printcubator.net\/de\/startseite\/"},{"@type":"ListItem","position":2,"name":"Studentrabatt"}]},{"@type":"WebSite","@id":"https:\/\/printcubator.net\/de\/#website","url":"https:\/\/printcubator.net\/de\/","name":"Printcubator","description":"","publisher":{"@id":"https:\/\/printcubator.net\/de\/#organization"},"potentialAction":[{"@type":"SearchAction","target":{"@type":"EntryPoint","urlTemplate":"https:\/\/printcubator.net\/de\/?s={search_term_string}"},"query-input":{"@type":"PropertyValueSpecification","valueRequired":true,"valueName":"search_term_string"}}],"inLanguage":"de"},{"@type":"Organization","@id":"https:\/\/printcubator.net\/de\/#organization","name":"Printcubator","url":"https:\/\/printcubator.net\/de\/","logo":{"@type":"ImageObject","inLanguage":"de","@id":"https:\/\/printcubator.net\/de\/#\/schema\/logo\/image\/","url":"https:\/\/printcubator.net\/wp-content\/uploads\/2024\/07\/logo.png","contentUrl":"https:\/\/printcubator.net\/wp-content\/uploads\/2024\/07\/logo.png","width":345,"height":304,"caption":"Printcubator"},"image":{"@id":"https:\/\/printcubator.net\/de\/#\/schema\/logo\/image\/"}}]}},"_links":{"self":[{"href":"https:\/\/printcubator.net\/de\/wp-json\/wp\/v2\/pages\/5557","targetHints":{"allow":["GET"]}}],"collection":[{"href":"https:\/\/printcubator.net\/de\/wp-json\/wp\/v2\/pages"}],"about":[{"href":"https:\/\/printcubator.net\/de\/wp-json\/wp\/v2\/types\/page"}],"author":[{"embeddable":true,"href":"https:\/\/printcubator.net\/de\/wp-json\/wp\/v2\/users\/1"}],"replies":[{"embeddable":true,"href":"https:\/\/printcubator.net\/de\/wp-json\/wp\/v2\/comments?post=5557"}],"version-history":[{"count":2,"href":"https:\/\/printcubator.net\/de\/wp-json\/wp\/v2\/pages\/5557\/revisions"}],"predecessor-version":[{"id":5598,"href":"https:\/\/printcubator.net\/de\/wp-json\/wp\/v2\/pages\/5557\/revisions\/5598"}],"wp:attachment":[{"href":"https:\/\/printcubator.net\/de\/wp-json\/wp\/v2\/media?parent=5557"}],"curies":[{"name":"wp","href":"https:\/\/api.w.org\/{rel}","templated":true}]}}