{"id":10256,"date":"2025-04-17T10:49:34","date_gmt":"2025-04-17T10:49:34","guid":{"rendered":"https:\/\/printcubator.net\/product\/mittelbruch-etiketten\/"},"modified":"2025-05-09T06:35:43","modified_gmt":"2025-05-09T06:35:43","slug":"mittelbruch-etiketten","status":"publish","type":"product","link":"https:\/\/printcubator.net\/de\/produkt\/mittelbruch-etiketten\/","title":{"rendered":"Mittelbruch-Etiketten"},"content":{"rendered":"<p>Erstellen Sie ganz einfach individuelle Aufn\u00e4h-Etiketten f\u00fcr Ihre Kleidung und Accessoires. Unsere gefalteten Satinetiketten mit glatter Oberfl\u00e4che und gestochen scharfem, hochwertigem Druck sind perfekt, um Ihren Produkten eine pers\u00f6nliche Note zu verleihen. <\/p>\n<p>Egal, ob Sie Ihr Logo hervorheben oder wichtige Informationen angeben m\u00f6chten \u2013 diese handgefertigten Etiketten werten Ihre Produkte auf.<\/p>\n<p>Bitte beachten Sie: Die Mindestbestellmenge betr\u00e4gt 10 personalisierte Etiketten.<\/p>\n<p>&nbsp;<\/p>\n","protected":false},"excerpt":{"rendered":"<p>Erstellen Sie ganz einfach individuelle Aufn\u00e4h-Etiketten f\u00fcr Ihre Kleidung und Accessoires. Unsere Mittelbruch-Etiketten aus Satin mit glatter Oberfl\u00e4che und gestochen scharfem, hochwertigem Druck sind ideal, um Ihren Produkten eine pers\u00f6nliche Note zu verleihen. <\/p>\n<p>Egal, ob Sie Ihr Logo hervorheben oder wichtige Informationen angeben m\u00f6chten \u2013 diese handgefertigten Etiketten werten Ihre Produkte auf.<\/p>\n<p>Bitte beachten Sie: Die Mindestbestellmenge betr\u00e4gt 10 personalisierte Etiketten, die H\u00f6chstmenge liegt bei 300 St\u00fcck.<\/p>\n<p>&nbsp;<\/p>\n<hr>\n<p>&nbsp;<\/p>\n<p><span style=\"color: #ff6600;\">WIE FUNKTIONERT&#8217;S ?<\/span><\/p>\n<p>\u2726 W\u00e4hlen Sie zun\u00e4chst Ihre bevorzugte Farbe und Gr\u00f6\u00dfe.<\/p>\n<p>\u2726 Klicken Sie anschlie\u00dfend auf den Button \u201e<strong data-start=\"100\" data-end=\"115\">Personalisieren<\/strong>\u201c, um unseren Konfigurator zu \u00f6ffnen. Dort k\u00f6nnen Sie Ihre eigene PNG-Datei hochladen oder aus den im Tool verf\u00fcgbaren Schriftarten w\u00e4hlen. Platzieren Sie Ihren Text im Druckbereich und passen Sie die Gr\u00f6\u00dfe nach Ihren W\u00fcnschen an.  <br data-start=\"333\" data-end=\"336\"><strong data-start=\"336\" data-end=\"352\">Bitte beachten<\/strong>: Der Druck erfolgt ausschlie\u00dflich in Schwarz-Wei\u00df.<\/p>\n<p>\u2726 Nach dem Absenden wird Ihr Etikett von einem Teammitglied \u00fcberpr\u00fcft, um sicherzustellen, dass alles perfekt aussieht.<\/p>\n<p><em>Fragen? Nutzen Sie den Chat oder schreiben Sie uns eine E-Mail an  <\/em><a href=\"mailto:printcubator@mitwill.com\"><span class=\"elementor-icon-list-text\">printcubator@mitwill.com<\/span><\/a><em>\u2014 wir helfen Ihnen gerne!<\/em><\/p>\n","protected":false},"featured_media":11487,"comment_status":"open","ping_status":"closed","template":"","meta":{"_acf_changed":false,"_monsterinsights_skip_tracking":false,"_monsterinsights_sitenote_active":false,"_monsterinsights_sitenote_note":"","_monsterinsights_sitenote_category":0},"product_brand":[],"product_cat":[732],"product_tag":[],"class_list":{"0":"post-10256","1":"product","2":"type-product","3":"status-publish","4":"has-post-thumbnail","6":"product_cat-personalisierte-etiketten","8":"first","9":"instock","10":"taxable","11":"shipping-taxable","12":"purchasable","13":"product-type-variable","14":"product-type-zakeke","15":"product-type-external"},"acf":[],"yoast_head":"<!-- This site is optimized with the Yoast SEO plugin v24.8.1 - https:\/\/yoast.com\/wordpress\/plugins\/seo\/ -->\n<title>Mittelbruch-Etiketten - Printcubator<\/title>\n<meta name=\"robots\" content=\"index, follow, max-snippet:-1, max-image-preview:large, max-video-preview:-1\" \/>\n<link rel=\"canonical\" href=\"https:\/\/printcubator.net\/de\/produkt\/mittelbruch-etiketten\/\" \/>\n<meta property=\"og:locale\" content=\"de_DE\" \/>\n<meta property=\"og:type\" content=\"article\" \/>\n<meta property=\"og:title\" content=\"Mittelbruch-Etiketten - Printcubator\" \/>\n<meta property=\"og:description\" content=\"Erstellen Sie ganz einfach individuelle Aufn\u00e4h-Etiketten f\u00fcr Ihre Kleidung und Accessoires. Unsere Mittelbruch-Etiketten aus Satin mit glatter Oberfl\u00e4che und gestochen scharfem, hochwertigem Druck sind ideal, um Ihren Produkten eine pers\u00f6nliche Note zu verleihen.  Egal, ob Sie Ihr Logo hervorheben oder wichtige Informationen angeben m\u00f6chten \u2013 diese handgefertigten Etiketten werten Ihre Produkte auf. Bitte beachten Sie: Die Mindestbestellmenge betr\u00e4gt 10 personalisierte Etiketten, die H\u00f6chstmenge liegt bei 300 St\u00fcck. &nbsp;  &nbsp; WIE FUNKTIONERT&#039;S ? \u2726 W\u00e4hlen Sie zun\u00e4chst Ihre bevorzugte Farbe und Gr\u00f6\u00dfe. \u2726 Klicken Sie anschlie\u00dfend auf den Button \u201ePersonalisieren\u201c, um unseren Konfigurator zu \u00f6ffnen. Dort k\u00f6nnen Sie Ihre eigene PNG-Datei hochladen oder aus den im Tool verf\u00fcgbaren Schriftarten w\u00e4hlen. Platzieren Sie Ihren Text im Druckbereich und passen Sie die Gr\u00f6\u00dfe nach Ihren W\u00fcnschen an. Bitte beachten: Der Druck erfolgt ausschlie\u00dflich in Schwarz-Wei\u00df. \u2726 Nach dem Absenden wird Ihr Etikett von einem Teammitglied \u00fcberpr\u00fcft, um sicherzustellen, dass alles perfekt aussieht. Fragen? Nutzen Sie den Chat oder schreiben Sie uns eine E-Mail an printcubator@mitwill.com\u2014 wir helfen Ihnen gerne!\" \/>\n<meta property=\"og:url\" content=\"https:\/\/printcubator.net\/de\/produkt\/mittelbruch-etiketten\/\" \/>\n<meta property=\"og:site_name\" content=\"Printcubator\" \/>\n<meta property=\"article:modified_time\" content=\"2025-05-09T06:35:43+00:00\" \/>\n<meta property=\"og:image\" content=\"https:\/\/printcubator.net\/wp-content\/uploads\/2025\/04\/LABEL-3x4_Custom_View_2compresse-1.png\" \/>\n\t<meta property=\"og:image:width\" content=\"2480\" \/>\n\t<meta property=\"og:image:height\" content=\"3508\" \/>\n\t<meta property=\"og:image:type\" content=\"image\/png\" \/>\n<meta name=\"twitter:card\" content=\"summary_large_image\" \/>\n<script type=\"application\/ld+json\" class=\"yoast-schema-graph\">{\"@context\":\"https:\/\/schema.org\",\"@graph\":[{\"@type\":\"WebPage\",\"@id\":\"https:\/\/printcubator.net\/de\/produkt\/mittelbruch-etiketten\/\",\"url\":\"https:\/\/printcubator.net\/de\/produkt\/mittelbruch-etiketten\/\",\"name\":\"Mittelbruch-Etiketten - Printcubator\",\"isPartOf\":{\"@id\":\"https:\/\/printcubator.net\/de\/#website\"},\"primaryImageOfPage\":{\"@id\":\"https:\/\/printcubator.net\/de\/produkt\/mittelbruch-etiketten\/#primaryimage\"},\"image\":{\"@id\":\"https:\/\/printcubator.net\/de\/produkt\/mittelbruch-etiketten\/#primaryimage\"},\"thumbnailUrl\":\"https:\/\/printcubator.net\/wp-content\/uploads\/2025\/04\/Untitled-design-12-scaled.png\",\"datePublished\":\"2025-04-17T10:49:34+00:00\",\"dateModified\":\"2025-05-09T06:35:43+00:00\",\"breadcrumb\":{\"@id\":\"https:\/\/printcubator.net\/de\/produkt\/mittelbruch-etiketten\/#breadcrumb\"},\"inLanguage\":\"de\",\"potentialAction\":[{\"@type\":\"ReadAction\",\"target\":[\"https:\/\/printcubator.net\/de\/produkt\/mittelbruch-etiketten\/\"]}]},{\"@type\":\"ImageObject\",\"inLanguage\":\"de\",\"@id\":\"https:\/\/printcubator.net\/de\/produkt\/mittelbruch-etiketten\/#primaryimage\",\"url\":\"https:\/\/printcubator.net\/wp-content\/uploads\/2025\/04\/Untitled-design-12-scaled.png\",\"contentUrl\":\"https:\/\/printcubator.net\/wp-content\/uploads\/2025\/04\/Untitled-design-12-scaled.png\",\"width\":2560,\"height\":2560},{\"@type\":\"BreadcrumbList\",\"@id\":\"https:\/\/printcubator.net\/de\/produkt\/mittelbruch-etiketten\/#breadcrumb\",\"itemListElement\":[{\"@type\":\"ListItem\",\"position\":1,\"name\":\"Home\",\"item\":\"https:\/\/printcubator.net\/de\/startseite\/\"},{\"@type\":\"ListItem\",\"position\":2,\"name\":\"Shop\",\"item\":\"https:\/\/printcubator.net\/de\/shop\/\"},{\"@type\":\"ListItem\",\"position\":3,\"name\":\"Mittelbruch-Etiketten\"}]},{\"@type\":\"WebSite\",\"@id\":\"https:\/\/printcubator.net\/de\/#website\",\"url\":\"https:\/\/printcubator.net\/de\/\",\"name\":\"Printcubator\",\"description\":\"\",\"publisher\":{\"@id\":\"https:\/\/printcubator.net\/de\/#organization\"},\"potentialAction\":[{\"@type\":\"SearchAction\",\"target\":{\"@type\":\"EntryPoint\",\"urlTemplate\":\"https:\/\/printcubator.net\/de\/?s={search_term_string}\"},\"query-input\":{\"@type\":\"PropertyValueSpecification\",\"valueRequired\":true,\"valueName\":\"search_term_string\"}}],\"inLanguage\":\"de\"},{\"@type\":\"Organization\",\"@id\":\"https:\/\/printcubator.net\/de\/#organization\",\"name\":\"Printcubator\",\"url\":\"https:\/\/printcubator.net\/de\/\",\"logo\":{\"@type\":\"ImageObject\",\"inLanguage\":\"de\",\"@id\":\"https:\/\/printcubator.net\/de\/#\/schema\/logo\/image\/\",\"url\":\"https:\/\/printcubator.net\/wp-content\/uploads\/2024\/07\/logo.png\",\"contentUrl\":\"https:\/\/printcubator.net\/wp-content\/uploads\/2024\/07\/logo.png\",\"width\":345,\"height\":304,\"caption\":\"Printcubator\"},\"image\":{\"@id\":\"https:\/\/printcubator.net\/de\/#\/schema\/logo\/image\/\"}}]}<\/script>\n<!-- \/ Yoast SEO plugin. -->","yoast_head_json":{"title":"Mittelbruch-Etiketten - Printcubator","robots":{"index":"index","follow":"follow","max-snippet":"max-snippet:-1","max-image-preview":"max-image-preview:large","max-video-preview":"max-video-preview:-1"},"canonical":"https:\/\/printcubator.net\/de\/produkt\/mittelbruch-etiketten\/","og_locale":"de_DE","og_type":"article","og_title":"Mittelbruch-Etiketten - Printcubator","og_description":"Erstellen Sie ganz einfach individuelle Aufn\u00e4h-Etiketten f\u00fcr Ihre Kleidung und Accessoires. Unsere Mittelbruch-Etiketten aus Satin mit glatter Oberfl\u00e4che und gestochen scharfem, hochwertigem Druck sind ideal, um Ihren Produkten eine pers\u00f6nliche Note zu verleihen.  Egal, ob Sie Ihr Logo hervorheben oder wichtige Informationen angeben m\u00f6chten \u2013 diese handgefertigten Etiketten werten Ihre Produkte auf. Bitte beachten Sie: Die Mindestbestellmenge betr\u00e4gt 10 personalisierte Etiketten, die H\u00f6chstmenge liegt bei 300 St\u00fcck. &nbsp;  &nbsp; WIE FUNKTIONERT'S ? \u2726 W\u00e4hlen Sie zun\u00e4chst Ihre bevorzugte Farbe und Gr\u00f6\u00dfe. \u2726 Klicken Sie anschlie\u00dfend auf den Button \u201ePersonalisieren\u201c, um unseren Konfigurator zu \u00f6ffnen. Dort k\u00f6nnen Sie Ihre eigene PNG-Datei hochladen oder aus den im Tool verf\u00fcgbaren Schriftarten w\u00e4hlen. Platzieren Sie Ihren Text im Druckbereich und passen Sie die Gr\u00f6\u00dfe nach Ihren W\u00fcnschen an. Bitte beachten: Der Druck erfolgt ausschlie\u00dflich in Schwarz-Wei\u00df. \u2726 Nach dem Absenden wird Ihr Etikett von einem Teammitglied \u00fcberpr\u00fcft, um sicherzustellen, dass alles perfekt aussieht. Fragen? Nutzen Sie den Chat oder schreiben Sie uns eine E-Mail an printcubator@mitwill.com\u2014 wir helfen Ihnen gerne!","og_url":"https:\/\/printcubator.net\/de\/produkt\/mittelbruch-etiketten\/","og_site_name":"Printcubator","article_modified_time":"2025-05-09T06:35:43+00:00","og_image":[{"width":2480,"height":3508,"url":"https:\/\/printcubator.net\/wp-content\/uploads\/2025\/04\/LABEL-3x4_Custom_View_2compresse-1.png","type":"image\/png"}],"twitter_card":"summary_large_image","schema":{"@context":"https:\/\/schema.org","@graph":[{"@type":"WebPage","@id":"https:\/\/printcubator.net\/de\/produkt\/mittelbruch-etiketten\/","url":"https:\/\/printcubator.net\/de\/produkt\/mittelbruch-etiketten\/","name":"Mittelbruch-Etiketten - Printcubator","isPartOf":{"@id":"https:\/\/printcubator.net\/de\/#website"},"primaryImageOfPage":{"@id":"https:\/\/printcubator.net\/de\/produkt\/mittelbruch-etiketten\/#primaryimage"},"image":{"@id":"https:\/\/printcubator.net\/de\/produkt\/mittelbruch-etiketten\/#primaryimage"},"thumbnailUrl":"https:\/\/printcubator.net\/wp-content\/uploads\/2025\/04\/Untitled-design-12-scaled.png","datePublished":"2025-04-17T10:49:34+00:00","dateModified":"2025-05-09T06:35:43+00:00","breadcrumb":{"@id":"https:\/\/printcubator.net\/de\/produkt\/mittelbruch-etiketten\/#breadcrumb"},"inLanguage":"de","potentialAction":[{"@type":"ReadAction","target":["https:\/\/printcubator.net\/de\/produkt\/mittelbruch-etiketten\/"]}]},{"@type":"ImageObject","inLanguage":"de","@id":"https:\/\/printcubator.net\/de\/produkt\/mittelbruch-etiketten\/#primaryimage","url":"https:\/\/printcubator.net\/wp-content\/uploads\/2025\/04\/Untitled-design-12-scaled.png","contentUrl":"https:\/\/printcubator.net\/wp-content\/uploads\/2025\/04\/Untitled-design-12-scaled.png","width":2560,"height":2560},{"@type":"BreadcrumbList","@id":"https:\/\/printcubator.net\/de\/produkt\/mittelbruch-etiketten\/#breadcrumb","itemListElement":[{"@type":"ListItem","position":1,"name":"Home","item":"https:\/\/printcubator.net\/de\/startseite\/"},{"@type":"ListItem","position":2,"name":"Shop","item":"https:\/\/printcubator.net\/de\/shop\/"},{"@type":"ListItem","position":3,"name":"Mittelbruch-Etiketten"}]},{"@type":"WebSite","@id":"https:\/\/printcubator.net\/de\/#website","url":"https:\/\/printcubator.net\/de\/","name":"Printcubator","description":"","publisher":{"@id":"https:\/\/printcubator.net\/de\/#organization"},"potentialAction":[{"@type":"SearchAction","target":{"@type":"EntryPoint","urlTemplate":"https:\/\/printcubator.net\/de\/?s={search_term_string}"},"query-input":{"@type":"PropertyValueSpecification","valueRequired":true,"valueName":"search_term_string"}}],"inLanguage":"de"},{"@type":"Organization","@id":"https:\/\/printcubator.net\/de\/#organization","name":"Printcubator","url":"https:\/\/printcubator.net\/de\/","logo":{"@type":"ImageObject","inLanguage":"de","@id":"https:\/\/printcubator.net\/de\/#\/schema\/logo\/image\/","url":"https:\/\/printcubator.net\/wp-content\/uploads\/2024\/07\/logo.png","contentUrl":"https:\/\/printcubator.net\/wp-content\/uploads\/2024\/07\/logo.png","width":345,"height":304,"caption":"Printcubator"},"image":{"@id":"https:\/\/printcubator.net\/de\/#\/schema\/logo\/image\/"}}]}},"wcpa_form_fields":null,"_links":{"self":[{"href":"https:\/\/printcubator.net\/de\/wp-json\/wp\/v2\/product\/10256","targetHints":{"allow":["GET"]}}],"collection":[{"href":"https:\/\/printcubator.net\/de\/wp-json\/wp\/v2\/product"}],"about":[{"href":"https:\/\/printcubator.net\/de\/wp-json\/wp\/v2\/types\/product"}],"replies":[{"embeddable":true,"href":"https:\/\/printcubator.net\/de\/wp-json\/wp\/v2\/comments?post=10256"}],"wp:featuredmedia":[{"embeddable":true,"href":"https:\/\/printcubator.net\/de\/wp-json\/wp\/v2\/media\/11487"}],"wp:attachment":[{"href":"https:\/\/printcubator.net\/de\/wp-json\/wp\/v2\/media?parent=10256"}],"wp:term":[{"taxonomy":"product_brand","embeddable":true,"href":"https:\/\/printcubator.net\/de\/wp-json\/wp\/v2\/product_brand?post=10256"},{"taxonomy":"product_cat","embeddable":true,"href":"https:\/\/printcubator.net\/de\/wp-json\/wp\/v2\/product_cat?post=10256"},{"taxonomy":"product_tag","embeddable":true,"href":"https:\/\/printcubator.net\/de\/wp-json\/wp\/v2\/product_tag?post=10256"}],"curies":[{"name":"wp","href":"https:\/\/api.w.org\/{rel}","templated":true}]}}