{"id":11743,"date":"2025-04-08T08:36:15","date_gmt":"2025-04-08T08:36:15","guid":{"rendered":"https:\/\/printcubator.net\/product\/vorgefertigtes-naehset-2-tote-bags-zum-selbernaehen\/"},"modified":"2025-09-08T10:16:54","modified_gmt":"2025-09-08T10:16:54","slug":"vorgefertigtes-naehset-2-tote-bags-zum-selbernaehen","status":"publish","type":"product","link":"https:\/\/printcubator.net\/de\/produkt\/vorgefertigtes-naehset-2-tote-bags-zum-selbernaehen\/","title":{"rendered":"Tote Bag Kit in Castell Baumwolle &#8211; Drucken Sie Ihr eigenes Design"},"content":{"rendered":"<p data-start=\"271\" data-end=\"291\"><strong>Das ist im Set enthalten:<\/strong><\/p>\n<ul>\n<li>Das Schnittmuster und die N\u00e4hanleitung sind direkt auf dem Stoff aufgedruckt.<br \/><a href=\"https:\/\/printcubator.net\/de\/produkt\/castell\/\">Castell<\/a> ist ein mittelschwerer Baumwollstoff in Leinwandbindung \u2013 strapazierf\u00e4hig, mit einer dezenten Struktur. Die ideale Wahl f\u00fcr Accessoires wie Tote Bags. <\/li>\n<\/ul>\n<p>&nbsp;<\/p>\n<p><strong>Versand:<\/strong><\/p>\n<ul>\n<li>Lieferung innerhalb von 1 Woche.<\/li>\n<\/ul>\n","protected":false},"excerpt":{"rendered":"<p data-start=\"88\" data-end=\"301\">Mit unserem N\u00e4hset f\u00fcr Tragetaschen k\u00f6nnen Sie Ihre eigene Tote Bag zum Leben erwecken &#8211; ohne dass Sie ein Schnittmuster erstellen m\u00fcssen. Laden Sie einfach Ihre Entw\u00fcrfe hoch und folgen Sie den N\u00e4hanweisungen, die direkt auf den Stoff gedruckt sind: zuschneiden, n\u00e4hen und gestalten! <\/p>\n<p data-start=\"303\" data-end=\"571\"><strong data-start=\"303\" data-end=\"334\">Was im Set enthalten ist:<\/strong><br data-start=\"334\" data-end=\"337\">Alle Schnittteile und Schritt-f\u00fcr-Schritt-Anleitungen sind direkt auf den Stoff gedruckt.<br data-start=\"419\" data-end=\"422\">Wir verwenden <a href=\"https:\/\/printcubator.net\/de\/produkt\/castell\/\">Castell<\/a>, einen mittelschweren Baumwollstoff in Leinwandbindung \u2013 perfekt geeignet f\u00fcr die Herstellung von Accessoires wie Tote Bags.<\/p>\n<p>Fertige Ma\u00dfe des Tote Bags: 35 cm (H\u00f6he) x 45 cm (Breite)<\/p>\n<p class=\"\" data-start=\"437\" data-end=\"458\"><strong data-start=\"437\" data-end=\"458\">WIE FUNKTIONERT&#8217;S ?<\/strong><\/p>\n<p>\u2726 Beginnen Sie mit dem Hochladen Ihrer Designs &#8211; gestalten Sie beide Seiten der Tote Bag und beide Griffe. Um Textilabf\u00e4lle zu vermeiden, betr\u00e4gt die Mindestbestellmenge 2 Tragetaschen. Brauchen Sie Hilfe bei den ersten Schritten? Sehen Sie sich <a href=\"https:\/\/printcubator.net\/de\/wie-sie-ihre-tragetasche-mit-dem-konfigurator-gestalten\/\">hier unsere Schritt-f\u00fcr-Schritt-Anleitung an .<\/a>   <\/p>\n<p class=\"\" data-start=\"603\" data-end=\"718\">\u2726 Sobald dein Stoff angekommen ist, schneide die einzelnen Teile aus und folge Schritt f\u00fcr Schritt den direkt auf dem Material gedruckten Anleitungen.<\/p>\n<p class=\"\" data-start=\"720\" data-end=\"859\"><em>Fragen? Nutze den Chat oder schreibe uns eine E-Mail an <a rel=\"noopener\" data-start=\"774\" data-end=\"833\">printcubator@mitwill.com <\/a>\u2013 wir helfen dir gern weiter! <\/em><\/p>\n","protected":false},"featured_media":12682,"comment_status":"open","ping_status":"closed","template":"","meta":{"_acf_changed":false,"_monsterinsights_skip_tracking":false,"_monsterinsights_sitenote_active":false,"_monsterinsights_sitenote_note":"","_monsterinsights_sitenote_category":0},"product_brand":[],"product_cat":[553,751],"product_tag":[],"class_list":{"0":"post-11743","1":"product","2":"type-product","3":"status-publish","4":"has-post-thumbnail","6":"product_cat-accessoires-de","7":"product_cat-diy-naehpaket","9":"first","10":"instock","11":"taxable","12":"shipping-taxable","13":"purchasable","14":"product-type-simple","15":"product-type-zakeke","16":"product-type-external"},"acf":[],"yoast_head":"<!-- This site is optimized with the Yoast SEO plugin v24.8.1 - https:\/\/yoast.com\/wordpress\/plugins\/seo\/ -->\n<title>Tote Bag Kit in Castell Baumwolle - Drucken Sie Ihr eigenes Design - Printcubator<\/title>\n<meta name=\"robots\" content=\"index, follow, max-snippet:-1, max-image-preview:large, max-video-preview:-1\" \/>\n<link rel=\"canonical\" href=\"https:\/\/printcubator.net\/de\/produkt\/vorgefertigtes-naehset-2-tote-bags-zum-selbernaehen\/\" \/>\n<meta property=\"og:locale\" content=\"de_DE\" \/>\n<meta property=\"og:type\" content=\"article\" \/>\n<meta property=\"og:title\" content=\"Tote Bag Kit in Castell Baumwolle - Drucken Sie Ihr eigenes Design - Printcubator\" \/>\n<meta property=\"og:description\" content=\"Mit unserem N\u00e4hset f\u00fcr Tragetaschen k\u00f6nnen Sie Ihre eigene Tote Bag zum Leben erwecken - ohne dass Sie ein Schnittmuster erstellen m\u00fcssen. Laden Sie einfach Ihre Entw\u00fcrfe hoch und folgen Sie den N\u00e4hanweisungen, die direkt auf den Stoff gedruckt sind: zuschneiden, n\u00e4hen und gestalten! Was im Set enthalten ist:Alle Schnittteile und Schritt-f\u00fcr-Schritt-Anleitungen sind direkt auf den Stoff gedruckt.Wir verwenden Castell, einen mittelschweren Baumwollstoff in Leinwandbindung \u2013 perfekt geeignet f\u00fcr die Herstellung von Accessoires wie Tote Bags. Fertige Ma\u00dfe des Tote Bags: 35 cm (H\u00f6he) x 45 cm (Breite) WIE FUNKTIONERT&#039;S ? \u2726 Beginnen Sie mit dem Hochladen Ihrer Designs - gestalten Sie beide Seiten der Tote Bag und beide Griffe. Um Textilabf\u00e4lle zu vermeiden, betr\u00e4gt die Mindestbestellmenge 2 Tragetaschen. Brauchen Sie Hilfe bei den ersten Schritten? Sehen Sie sich hier unsere Schritt-f\u00fcr-Schritt-Anleitung an .  \u2726 Sobald dein Stoff angekommen ist, schneide die einzelnen Teile aus und folge Schritt f\u00fcr Schritt den direkt auf dem Material gedruckten Anleitungen. Fragen? Nutze den Chat oder schreibe uns eine E-Mail an printcubator@mitwill.com \u2013 wir helfen dir gern weiter!\" \/>\n<meta property=\"og:url\" content=\"https:\/\/printcubator.net\/de\/produkt\/vorgefertigtes-naehset-2-tote-bags-zum-selbernaehen\/\" \/>\n<meta property=\"og:site_name\" content=\"Printcubator\" \/>\n<meta property=\"article:modified_time\" content=\"2025-09-08T10:16:54+00:00\" \/>\n<meta property=\"og:image\" content=\"https:\/\/printcubator.net\/wp-content\/uploads\/2025\/04\/TOTEBAG-2.png\" \/>\n\t<meta property=\"og:image:width\" content=\"1305\" \/>\n\t<meta property=\"og:image:height\" content=\"1305\" \/>\n\t<meta property=\"og:image:type\" content=\"image\/png\" \/>\n<meta name=\"twitter:card\" content=\"summary_large_image\" \/>\n<script type=\"application\/ld+json\" class=\"yoast-schema-graph\">{\"@context\":\"https:\/\/schema.org\",\"@graph\":[{\"@type\":\"WebPage\",\"@id\":\"https:\/\/printcubator.net\/de\/produkt\/vorgefertigtes-naehset-2-tote-bags-zum-selbernaehen\/\",\"url\":\"https:\/\/printcubator.net\/de\/produkt\/vorgefertigtes-naehset-2-tote-bags-zum-selbernaehen\/\",\"name\":\"Tote Bag Kit in Castell Baumwolle - Drucken Sie Ihr eigenes Design - Printcubator\",\"isPartOf\":{\"@id\":\"https:\/\/printcubator.net\/de\/#website\"},\"primaryImageOfPage\":{\"@id\":\"https:\/\/printcubator.net\/de\/produkt\/vorgefertigtes-naehset-2-tote-bags-zum-selbernaehen\/#primaryimage\"},\"image\":{\"@id\":\"https:\/\/printcubator.net\/de\/produkt\/vorgefertigtes-naehset-2-tote-bags-zum-selbernaehen\/#primaryimage\"},\"thumbnailUrl\":\"https:\/\/printcubator.net\/wp-content\/uploads\/2025\/04\/TOTEBAG-2.png\",\"datePublished\":\"2025-04-08T08:36:15+00:00\",\"dateModified\":\"2025-09-08T10:16:54+00:00\",\"breadcrumb\":{\"@id\":\"https:\/\/printcubator.net\/de\/produkt\/vorgefertigtes-naehset-2-tote-bags-zum-selbernaehen\/#breadcrumb\"},\"inLanguage\":\"de\",\"potentialAction\":[{\"@type\":\"ReadAction\",\"target\":[\"https:\/\/printcubator.net\/de\/produkt\/vorgefertigtes-naehset-2-tote-bags-zum-selbernaehen\/\"]}]},{\"@type\":\"ImageObject\",\"inLanguage\":\"de\",\"@id\":\"https:\/\/printcubator.net\/de\/produkt\/vorgefertigtes-naehset-2-tote-bags-zum-selbernaehen\/#primaryimage\",\"url\":\"https:\/\/printcubator.net\/wp-content\/uploads\/2025\/04\/TOTEBAG-2.png\",\"contentUrl\":\"https:\/\/printcubator.net\/wp-content\/uploads\/2025\/04\/TOTEBAG-2.png\",\"width\":1305,\"height\":1305},{\"@type\":\"BreadcrumbList\",\"@id\":\"https:\/\/printcubator.net\/de\/produkt\/vorgefertigtes-naehset-2-tote-bags-zum-selbernaehen\/#breadcrumb\",\"itemListElement\":[{\"@type\":\"ListItem\",\"position\":1,\"name\":\"Home\",\"item\":\"https:\/\/printcubator.net\/de\/startseite\/\"},{\"@type\":\"ListItem\",\"position\":2,\"name\":\"Shop\",\"item\":\"https:\/\/printcubator.net\/de\/shop\/\"},{\"@type\":\"ListItem\",\"position\":3,\"name\":\"Tote Bag Kit in Castell Baumwolle &#8211; Drucken Sie Ihr eigenes Design\"}]},{\"@type\":\"WebSite\",\"@id\":\"https:\/\/printcubator.net\/de\/#website\",\"url\":\"https:\/\/printcubator.net\/de\/\",\"name\":\"Printcubator\",\"description\":\"\",\"publisher\":{\"@id\":\"https:\/\/printcubator.net\/de\/#organization\"},\"potentialAction\":[{\"@type\":\"SearchAction\",\"target\":{\"@type\":\"EntryPoint\",\"urlTemplate\":\"https:\/\/printcubator.net\/de\/?s={search_term_string}\"},\"query-input\":{\"@type\":\"PropertyValueSpecification\",\"valueRequired\":true,\"valueName\":\"search_term_string\"}}],\"inLanguage\":\"de\"},{\"@type\":\"Organization\",\"@id\":\"https:\/\/printcubator.net\/de\/#organization\",\"name\":\"Printcubator\",\"url\":\"https:\/\/printcubator.net\/de\/\",\"logo\":{\"@type\":\"ImageObject\",\"inLanguage\":\"de\",\"@id\":\"https:\/\/printcubator.net\/de\/#\/schema\/logo\/image\/\",\"url\":\"https:\/\/printcubator.net\/wp-content\/uploads\/2024\/07\/logo.png\",\"contentUrl\":\"https:\/\/printcubator.net\/wp-content\/uploads\/2024\/07\/logo.png\",\"width\":345,\"height\":304,\"caption\":\"Printcubator\"},\"image\":{\"@id\":\"https:\/\/printcubator.net\/de\/#\/schema\/logo\/image\/\"}}]}<\/script>\n<!-- \/ Yoast SEO plugin. -->","yoast_head_json":{"title":"Tote Bag Kit in Castell Baumwolle - Drucken Sie Ihr eigenes Design - Printcubator","robots":{"index":"index","follow":"follow","max-snippet":"max-snippet:-1","max-image-preview":"max-image-preview:large","max-video-preview":"max-video-preview:-1"},"canonical":"https:\/\/printcubator.net\/de\/produkt\/vorgefertigtes-naehset-2-tote-bags-zum-selbernaehen\/","og_locale":"de_DE","og_type":"article","og_title":"Tote Bag Kit in Castell Baumwolle - Drucken Sie Ihr eigenes Design - Printcubator","og_description":"Mit unserem N\u00e4hset f\u00fcr Tragetaschen k\u00f6nnen Sie Ihre eigene Tote Bag zum Leben erwecken - ohne dass Sie ein Schnittmuster erstellen m\u00fcssen. Laden Sie einfach Ihre Entw\u00fcrfe hoch und folgen Sie den N\u00e4hanweisungen, die direkt auf den Stoff gedruckt sind: zuschneiden, n\u00e4hen und gestalten! Was im Set enthalten ist:Alle Schnittteile und Schritt-f\u00fcr-Schritt-Anleitungen sind direkt auf den Stoff gedruckt.Wir verwenden Castell, einen mittelschweren Baumwollstoff in Leinwandbindung \u2013 perfekt geeignet f\u00fcr die Herstellung von Accessoires wie Tote Bags. Fertige Ma\u00dfe des Tote Bags: 35 cm (H\u00f6he) x 45 cm (Breite) WIE FUNKTIONERT'S ? \u2726 Beginnen Sie mit dem Hochladen Ihrer Designs - gestalten Sie beide Seiten der Tote Bag und beide Griffe. Um Textilabf\u00e4lle zu vermeiden, betr\u00e4gt die Mindestbestellmenge 2 Tragetaschen. Brauchen Sie Hilfe bei den ersten Schritten? Sehen Sie sich hier unsere Schritt-f\u00fcr-Schritt-Anleitung an .  \u2726 Sobald dein Stoff angekommen ist, schneide die einzelnen Teile aus und folge Schritt f\u00fcr Schritt den direkt auf dem Material gedruckten Anleitungen. Fragen? Nutze den Chat oder schreibe uns eine E-Mail an printcubator@mitwill.com \u2013 wir helfen dir gern weiter!","og_url":"https:\/\/printcubator.net\/de\/produkt\/vorgefertigtes-naehset-2-tote-bags-zum-selbernaehen\/","og_site_name":"Printcubator","article_modified_time":"2025-09-08T10:16:54+00:00","og_image":[{"width":1305,"height":1305,"url":"https:\/\/printcubator.net\/wp-content\/uploads\/2025\/04\/TOTEBAG-2.png","type":"image\/png"}],"twitter_card":"summary_large_image","schema":{"@context":"https:\/\/schema.org","@graph":[{"@type":"WebPage","@id":"https:\/\/printcubator.net\/de\/produkt\/vorgefertigtes-naehset-2-tote-bags-zum-selbernaehen\/","url":"https:\/\/printcubator.net\/de\/produkt\/vorgefertigtes-naehset-2-tote-bags-zum-selbernaehen\/","name":"Tote Bag Kit in Castell Baumwolle - Drucken Sie Ihr eigenes Design - Printcubator","isPartOf":{"@id":"https:\/\/printcubator.net\/de\/#website"},"primaryImageOfPage":{"@id":"https:\/\/printcubator.net\/de\/produkt\/vorgefertigtes-naehset-2-tote-bags-zum-selbernaehen\/#primaryimage"},"image":{"@id":"https:\/\/printcubator.net\/de\/produkt\/vorgefertigtes-naehset-2-tote-bags-zum-selbernaehen\/#primaryimage"},"thumbnailUrl":"https:\/\/printcubator.net\/wp-content\/uploads\/2025\/04\/TOTEBAG-2.png","datePublished":"2025-04-08T08:36:15+00:00","dateModified":"2025-09-08T10:16:54+00:00","breadcrumb":{"@id":"https:\/\/printcubator.net\/de\/produkt\/vorgefertigtes-naehset-2-tote-bags-zum-selbernaehen\/#breadcrumb"},"inLanguage":"de","potentialAction":[{"@type":"ReadAction","target":["https:\/\/printcubator.net\/de\/produkt\/vorgefertigtes-naehset-2-tote-bags-zum-selbernaehen\/"]}]},{"@type":"ImageObject","inLanguage":"de","@id":"https:\/\/printcubator.net\/de\/produkt\/vorgefertigtes-naehset-2-tote-bags-zum-selbernaehen\/#primaryimage","url":"https:\/\/printcubator.net\/wp-content\/uploads\/2025\/04\/TOTEBAG-2.png","contentUrl":"https:\/\/printcubator.net\/wp-content\/uploads\/2025\/04\/TOTEBAG-2.png","width":1305,"height":1305},{"@type":"BreadcrumbList","@id":"https:\/\/printcubator.net\/de\/produkt\/vorgefertigtes-naehset-2-tote-bags-zum-selbernaehen\/#breadcrumb","itemListElement":[{"@type":"ListItem","position":1,"name":"Home","item":"https:\/\/printcubator.net\/de\/startseite\/"},{"@type":"ListItem","position":2,"name":"Shop","item":"https:\/\/printcubator.net\/de\/shop\/"},{"@type":"ListItem","position":3,"name":"Tote Bag Kit in Castell Baumwolle &#8211; Drucken Sie Ihr eigenes Design"}]},{"@type":"WebSite","@id":"https:\/\/printcubator.net\/de\/#website","url":"https:\/\/printcubator.net\/de\/","name":"Printcubator","description":"","publisher":{"@id":"https:\/\/printcubator.net\/de\/#organization"},"potentialAction":[{"@type":"SearchAction","target":{"@type":"EntryPoint","urlTemplate":"https:\/\/printcubator.net\/de\/?s={search_term_string}"},"query-input":{"@type":"PropertyValueSpecification","valueRequired":true,"valueName":"search_term_string"}}],"inLanguage":"de"},{"@type":"Organization","@id":"https:\/\/printcubator.net\/de\/#organization","name":"Printcubator","url":"https:\/\/printcubator.net\/de\/","logo":{"@type":"ImageObject","inLanguage":"de","@id":"https:\/\/printcubator.net\/de\/#\/schema\/logo\/image\/","url":"https:\/\/printcubator.net\/wp-content\/uploads\/2024\/07\/logo.png","contentUrl":"https:\/\/printcubator.net\/wp-content\/uploads\/2024\/07\/logo.png","width":345,"height":304,"caption":"Printcubator"},"image":{"@id":"https:\/\/printcubator.net\/de\/#\/schema\/logo\/image\/"}}]}},"wcpa_form_fields":null,"_links":{"self":[{"href":"https:\/\/printcubator.net\/de\/wp-json\/wp\/v2\/product\/11743","targetHints":{"allow":["GET"]}}],"collection":[{"href":"https:\/\/printcubator.net\/de\/wp-json\/wp\/v2\/product"}],"about":[{"href":"https:\/\/printcubator.net\/de\/wp-json\/wp\/v2\/types\/product"}],"replies":[{"embeddable":true,"href":"https:\/\/printcubator.net\/de\/wp-json\/wp\/v2\/comments?post=11743"}],"wp:featuredmedia":[{"embeddable":true,"href":"https:\/\/printcubator.net\/de\/wp-json\/wp\/v2\/media\/12682"}],"wp:attachment":[{"href":"https:\/\/printcubator.net\/de\/wp-json\/wp\/v2\/media?parent=11743"}],"wp:term":[{"taxonomy":"product_brand","embeddable":true,"href":"https:\/\/printcubator.net\/de\/wp-json\/wp\/v2\/product_brand?post=11743"},{"taxonomy":"product_cat","embeddable":true,"href":"https:\/\/printcubator.net\/de\/wp-json\/wp\/v2\/product_cat?post=11743"},{"taxonomy":"product_tag","embeddable":true,"href":"https:\/\/printcubator.net\/de\/wp-json\/wp\/v2\/product_tag?post=11743"}],"curies":[{"name":"wp","href":"https:\/\/api.w.org\/{rel}","templated":true}]}}