{"id":13743,"date":"2025-10-28T14:32:35","date_gmt":"2025-10-28T14:32:35","guid":{"rendered":"https:\/\/printcubator.net\/product\/kuechenschuerze-vega\/"},"modified":"2025-10-28T14:32:35","modified_gmt":"2025-10-28T14:32:35","slug":"kuechenschuerze-vega","status":"publish","type":"product","link":"https:\/\/printcubator.net\/de\/produkt\/kuechenschuerze-vega\/","title":{"rendered":"K\u00fcchensch\u00fcrze Vega"},"content":{"rendered":"<p>Unsere lebendigen, langlebigen Drucke werden in unserer Mikro-Fabrik in Frankreich mit modernster Technologie hergestellt. Jede Sch\u00fcrze wird direkt in unserem Atelier von unserer erfahrenen Schneiderin sorgf\u00e4ltig von Hand gefertigt \u2013 f\u00fcr eine herausragende Qualit\u00e4t. <\/p>\n<p>Verf\u00fcgbare Stoffe:<\/p>\n<ul>\n<li><a href=\"https:\/\/printcubator.net\/de\/produkt\/castell\/\">Castell<\/a><\/li>\n<li><a href=\"https:\/\/printcubator.net\/de\/produkt\/coburg\/\">Coburg 150 Bio<\/a><\/li>\n<li><a href=\"https:\/\/printcubator.net\/de\/produkt\/dortmund\/\">Dortmund<\/a><\/li>\n<li><a href=\"https:\/\/printcubator.net\/de\/produkt\/husum-bio\/\">Husum Bio<\/a><\/li>\n<li><a href=\"https:\/\/printcubator.net\/de\/produkt\/halbpanama-heidelberg\/\">Heidelberg<\/a><\/li>\n<\/ul>\n<p>&nbsp;<\/p>\n<p>Versandinformationen: Bitte beachten Sie, dass Bestellungen innerhalb von 7 bis 10 Tagen versendet werden k\u00f6nnen.<\/p>\n<p><strong>If you\u2019re interested in personalized confection services, please provide all the necessary information in the pricing request form just below.<\/strong><\/p>\n\n","protected":false},"excerpt":{"rendered":"<p>Personalisieren Sie Ihre Alltagsgegenst\u00e4nde mit Ihren eigenen Designs und verleihen Sie ihnen so eine wirklich einzigartige Note. Aus hochwertigen Stoffen gefertigt, vereint die japanisch inspirierte Vega-Sch\u00fcrze auf harmonische Weise Funktionalit\u00e4t und Eleganz.<\/p>\n<p>Die Mindestbestellmenge betr\u00e4gt 10 St\u00fcck.<\/p>\n<p><em>Fragen? Nutzen Sie den Chat oder schreiben Sie uns eine E-Mail an  <\/em><a href=\"mailto:printcubator@mitwill.com\"><span class=\"elementor-icon-list-text\">printcubator@mitwill.com<\/span><\/a><em>\u2014 wir helfen Ihnen gerne!<\/em><\/p>\n","protected":false},"featured_media":13761,"comment_status":"open","ping_status":"closed","template":"","meta":{"_acf_changed":false,"_monsterinsights_skip_tracking":false,"_monsterinsights_sitenote_active":false,"_monsterinsights_sitenote_note":"","_monsterinsights_sitenote_category":0},"product_brand":[],"product_cat":[553,567,551,568],"product_tag":[],"class_list":{"0":"post-13743","1":"product","2":"type-product","3":"status-publish","4":"has-post-thumbnail","6":"product_cat-accessoires-de","7":"product_cat-accessoires-de-3","8":"product_cat-produkte","9":"product_cat-tischwaesche","10":"wcpa_has_options","12":"first","13":"instock","14":"taxable","15":"shipping-taxable","16":"purchasable","17":"product-type-variable"},"acf":[],"yoast_head":"<!-- This site is optimized with the Yoast SEO plugin v24.8.1 - https:\/\/yoast.com\/wordpress\/plugins\/seo\/ -->\n<title>K\u00fcchensch\u00fcrze Vega - Printcubator<\/title>\n<meta name=\"robots\" content=\"index, follow, max-snippet:-1, max-image-preview:large, max-video-preview:-1\" \/>\n<link rel=\"canonical\" href=\"https:\/\/printcubator.net\/de\/produkt\/kuechenschuerze-vega\/\" \/>\n<meta property=\"og:locale\" content=\"de_DE\" \/>\n<meta property=\"og:type\" content=\"article\" \/>\n<meta property=\"og:title\" content=\"K\u00fcchensch\u00fcrze Vega - Printcubator\" \/>\n<meta property=\"og:description\" content=\"Personalisieren Sie Ihre Alltagsgegenst\u00e4nde mit Ihren eigenen Designs und verleihen Sie ihnen so eine wirklich einzigartige Note. Aus hochwertigen Stoffen gefertigt, vereint die japanisch inspirierte Vega-Sch\u00fcrze auf harmonische Weise Funktionalit\u00e4t und Eleganz. Die Mindestbestellmenge betr\u00e4gt 10 St\u00fcck. Fragen? Nutzen Sie den Chat oder schreiben Sie uns eine E-Mail an printcubator@mitwill.com\u2014 wir helfen Ihnen gerne!\" \/>\n<meta property=\"og:url\" content=\"https:\/\/printcubator.net\/de\/produkt\/kuechenschuerze-vega\/\" \/>\n<meta property=\"og:site_name\" content=\"Printcubator\" \/>\n<meta property=\"og:image\" content=\"https:\/\/printcubator.net\/wp-content\/uploads\/2025\/05\/1.png\" \/>\n\t<meta property=\"og:image:width\" content=\"1035\" \/>\n\t<meta property=\"og:image:height\" content=\"1035\" \/>\n\t<meta property=\"og:image:type\" content=\"image\/png\" \/>\n<meta name=\"twitter:card\" content=\"summary_large_image\" \/>\n<script type=\"application\/ld+json\" class=\"yoast-schema-graph\">{\"@context\":\"https:\/\/schema.org\",\"@graph\":[{\"@type\":\"WebPage\",\"@id\":\"https:\/\/printcubator.net\/de\/produkt\/kuechenschuerze-vega\/\",\"url\":\"https:\/\/printcubator.net\/de\/produkt\/kuechenschuerze-vega\/\",\"name\":\"K\u00fcchensch\u00fcrze Vega - Printcubator\",\"isPartOf\":{\"@id\":\"https:\/\/printcubator.net\/de\/#website\"},\"primaryImageOfPage\":{\"@id\":\"https:\/\/printcubator.net\/de\/produkt\/kuechenschuerze-vega\/#primaryimage\"},\"image\":{\"@id\":\"https:\/\/printcubator.net\/de\/produkt\/kuechenschuerze-vega\/#primaryimage\"},\"thumbnailUrl\":\"https:\/\/printcubator.net\/wp-content\/uploads\/2025\/10\/1-2.png\",\"datePublished\":\"2025-10-28T14:32:35+00:00\",\"breadcrumb\":{\"@id\":\"https:\/\/printcubator.net\/de\/produkt\/kuechenschuerze-vega\/#breadcrumb\"},\"inLanguage\":\"de\",\"potentialAction\":[{\"@type\":\"ReadAction\",\"target\":[\"https:\/\/printcubator.net\/de\/produkt\/kuechenschuerze-vega\/\"]}]},{\"@type\":\"ImageObject\",\"inLanguage\":\"de\",\"@id\":\"https:\/\/printcubator.net\/de\/produkt\/kuechenschuerze-vega\/#primaryimage\",\"url\":\"https:\/\/printcubator.net\/wp-content\/uploads\/2025\/10\/1-2.png\",\"contentUrl\":\"https:\/\/printcubator.net\/wp-content\/uploads\/2025\/10\/1-2.png\",\"width\":1553,\"height\":1553},{\"@type\":\"BreadcrumbList\",\"@id\":\"https:\/\/printcubator.net\/de\/produkt\/kuechenschuerze-vega\/#breadcrumb\",\"itemListElement\":[{\"@type\":\"ListItem\",\"position\":1,\"name\":\"Home\",\"item\":\"https:\/\/printcubator.net\/de\/startseite\/\"},{\"@type\":\"ListItem\",\"position\":2,\"name\":\"Shop\",\"item\":\"https:\/\/printcubator.net\/de\/shop\/\"},{\"@type\":\"ListItem\",\"position\":3,\"name\":\"K\u00fcchensch\u00fcrze Vega\"}]},{\"@type\":\"WebSite\",\"@id\":\"https:\/\/printcubator.net\/de\/#website\",\"url\":\"https:\/\/printcubator.net\/de\/\",\"name\":\"Printcubator\",\"description\":\"\",\"publisher\":{\"@id\":\"https:\/\/printcubator.net\/de\/#organization\"},\"potentialAction\":[{\"@type\":\"SearchAction\",\"target\":{\"@type\":\"EntryPoint\",\"urlTemplate\":\"https:\/\/printcubator.net\/de\/?s={search_term_string}\"},\"query-input\":{\"@type\":\"PropertyValueSpecification\",\"valueRequired\":true,\"valueName\":\"search_term_string\"}}],\"inLanguage\":\"de\"},{\"@type\":\"Organization\",\"@id\":\"https:\/\/printcubator.net\/de\/#organization\",\"name\":\"Printcubator\",\"url\":\"https:\/\/printcubator.net\/de\/\",\"logo\":{\"@type\":\"ImageObject\",\"inLanguage\":\"de\",\"@id\":\"https:\/\/printcubator.net\/de\/#\/schema\/logo\/image\/\",\"url\":\"https:\/\/printcubator.net\/wp-content\/uploads\/2024\/07\/logo.png\",\"contentUrl\":\"https:\/\/printcubator.net\/wp-content\/uploads\/2024\/07\/logo.png\",\"width\":345,\"height\":304,\"caption\":\"Printcubator\"},\"image\":{\"@id\":\"https:\/\/printcubator.net\/de\/#\/schema\/logo\/image\/\"}}]}<\/script>\n<!-- \/ Yoast SEO plugin. -->","yoast_head_json":{"title":"K\u00fcchensch\u00fcrze Vega - Printcubator","robots":{"index":"index","follow":"follow","max-snippet":"max-snippet:-1","max-image-preview":"max-image-preview:large","max-video-preview":"max-video-preview:-1"},"canonical":"https:\/\/printcubator.net\/de\/produkt\/kuechenschuerze-vega\/","og_locale":"de_DE","og_type":"article","og_title":"K\u00fcchensch\u00fcrze Vega - Printcubator","og_description":"Personalisieren Sie Ihre Alltagsgegenst\u00e4nde mit Ihren eigenen Designs und verleihen Sie ihnen so eine wirklich einzigartige Note. Aus hochwertigen Stoffen gefertigt, vereint die japanisch inspirierte Vega-Sch\u00fcrze auf harmonische Weise Funktionalit\u00e4t und Eleganz. Die Mindestbestellmenge betr\u00e4gt 10 St\u00fcck. Fragen? Nutzen Sie den Chat oder schreiben Sie uns eine E-Mail an printcubator@mitwill.com\u2014 wir helfen Ihnen gerne!","og_url":"https:\/\/printcubator.net\/de\/produkt\/kuechenschuerze-vega\/","og_site_name":"Printcubator","og_image":[{"width":1035,"height":1035,"url":"https:\/\/printcubator.net\/wp-content\/uploads\/2025\/05\/1.png","type":"image\/png"}],"twitter_card":"summary_large_image","schema":{"@context":"https:\/\/schema.org","@graph":[{"@type":"WebPage","@id":"https:\/\/printcubator.net\/de\/produkt\/kuechenschuerze-vega\/","url":"https:\/\/printcubator.net\/de\/produkt\/kuechenschuerze-vega\/","name":"K\u00fcchensch\u00fcrze Vega - Printcubator","isPartOf":{"@id":"https:\/\/printcubator.net\/de\/#website"},"primaryImageOfPage":{"@id":"https:\/\/printcubator.net\/de\/produkt\/kuechenschuerze-vega\/#primaryimage"},"image":{"@id":"https:\/\/printcubator.net\/de\/produkt\/kuechenschuerze-vega\/#primaryimage"},"thumbnailUrl":"https:\/\/printcubator.net\/wp-content\/uploads\/2025\/10\/1-2.png","datePublished":"2025-10-28T14:32:35+00:00","breadcrumb":{"@id":"https:\/\/printcubator.net\/de\/produkt\/kuechenschuerze-vega\/#breadcrumb"},"inLanguage":"de","potentialAction":[{"@type":"ReadAction","target":["https:\/\/printcubator.net\/de\/produkt\/kuechenschuerze-vega\/"]}]},{"@type":"ImageObject","inLanguage":"de","@id":"https:\/\/printcubator.net\/de\/produkt\/kuechenschuerze-vega\/#primaryimage","url":"https:\/\/printcubator.net\/wp-content\/uploads\/2025\/10\/1-2.png","contentUrl":"https:\/\/printcubator.net\/wp-content\/uploads\/2025\/10\/1-2.png","width":1553,"height":1553},{"@type":"BreadcrumbList","@id":"https:\/\/printcubator.net\/de\/produkt\/kuechenschuerze-vega\/#breadcrumb","itemListElement":[{"@type":"ListItem","position":1,"name":"Home","item":"https:\/\/printcubator.net\/de\/startseite\/"},{"@type":"ListItem","position":2,"name":"Shop","item":"https:\/\/printcubator.net\/de\/shop\/"},{"@type":"ListItem","position":3,"name":"K\u00fcchensch\u00fcrze Vega"}]},{"@type":"WebSite","@id":"https:\/\/printcubator.net\/de\/#website","url":"https:\/\/printcubator.net\/de\/","name":"Printcubator","description":"","publisher":{"@id":"https:\/\/printcubator.net\/de\/#organization"},"potentialAction":[{"@type":"SearchAction","target":{"@type":"EntryPoint","urlTemplate":"https:\/\/printcubator.net\/de\/?s={search_term_string}"},"query-input":{"@type":"PropertyValueSpecification","valueRequired":true,"valueName":"search_term_string"}}],"inLanguage":"de"},{"@type":"Organization","@id":"https:\/\/printcubator.net\/de\/#organization","name":"Printcubator","url":"https:\/\/printcubator.net\/de\/","logo":{"@type":"ImageObject","inLanguage":"de","@id":"https:\/\/printcubator.net\/de\/#\/schema\/logo\/image\/","url":"https:\/\/printcubator.net\/wp-content\/uploads\/2024\/07\/logo.png","contentUrl":"https:\/\/printcubator.net\/wp-content\/uploads\/2024\/07\/logo.png","width":345,"height":304,"caption":"Printcubator"},"image":{"@id":"https:\/\/printcubator.net\/de\/#\/schema\/logo\/image\/"}}]}},"wcpa_form_fields":{"wcpaData":{"product":{"product_price":23.23,"price_html":"<span class=\"woocommerce-Price-amount amount\"><bdi>23,23&nbsp;<span class=\"woocommerce-Price-currencySymbol\">&euro;<\/span><\/bdi><\/span>","original_product_price":23.23,"price_including_tax":27.88,"price_excluding_tax":23.23,"product_id":{"parent":13743,"variation":false},"is_variable":true,"stock_status":"instock","stock_quantity":null,"parent_sku":"","product_attributes":{"fabric-type":{"is_variation":true,"values":[]}},"custom_fields":[],"is_taxable":true,"product_name":"K\u00fcchensch\u00fcrze Vega","hasImage":false},"fields":{"sec_766c5d6570291e":{"extra":{"key":"sec_766c5d6570291e","section_id":"sec_766c5d6570291e","name":"Default","status":1,"toggle":true,"enableCl":false,"relations":[{"operator":false,"rules":[{"operator":"AND","rules":{"cl_field":"","cl_relation":"","cl_val":""}}]}],"form_id":12521,"form_rules":{"exclude_from_discount":false,"fee_label":"Fee","disp_hide_options_price":false,"disp_show_section_price":false,"disp_show_field_price":true,"layout_option":"standard","pric_use_as_fee":false,"process_fee_as":"woo_fee"},"layout_option":"standard"},"fields":[[{"active":true,"col":6,"relations":false,"cl_rule":"show","enableCl":false,"price":"","enablePrice":false,"className":"","label_position":"default","desc_position":"default","type":"content","required":false,"elementId":"content_6453089476","label":"BEDINGUNGEN F\u00dcR DAS HOCHLADEN VON DATEIEN","name":"content_6453089476","contentType":"plain","value":"\u2726 Aufl\u00f6sung: mindestens 300 DPI\u2028\n\u2726 Dateigr\u00f6\u00dfe: maximal 150 MB\u2028\n\u2726 Farbprofil: sRGB (IEC61966-2.1)\u2028\n\u2726 Dateibenennung: IhrName-Anzahl-Stoffname (Platzhalter ersetzen)\n\u2028\u2726 Dateiformat: TIFF","error":false,"gt_translate_keys":["label","value"],"price_dependency":false,"cl_dependency":false}],[{"label":"Design","active":true,"required":true,"elementId":"file-5644350149","upload_type":"droppable","file_types":["design"],"description":"TIFF-Format","name":"file-5644350149","label_position":"default","desc_position":"default","enablePrice":false,"className":"","enableCl":false,"relations":false,"uploadSize":"500","exts_supported":[".tiff"],"price":"","cl_rule":"show","col":6,"type":"file","error":false,"enable_quantity":false,"quantity_decimal":false,"quantity_step":"1","quantity_label":"Quantity","repeater":false,"repeater_field_label":"Design hinzuf\u00fcgen","repeater_bind":"","repeater_bind_field":"file-5644350149","repeater_max":"7","repeater_add_label":"Design hinzuf\u00fcgen","repeater_remove_label":" Design entfernen","min_quantity":"1","minUploadSize":"12","max_quantity":"48","hideFieldIn_cart":false,"multiple_upload":false,"allowedFileTypes":".tiff,image\/*,.psd,.pdf,.eps,.ai,.indd,.raw","gt_translate_keys":["label","description","repeater_field_label","repeater_add_label","repeater_remove_label","quantity_label"],"price_dependency":false,"cl_dependency":false,"value":""}]]}},"config":{"price_override":"","enable_recaptcha":false,"bind_quantity":false,"quantity_bind_formula":false,"disp_summ_show_option_price":true,"disp_summ_show_product_price":true,"disp_summ_show_total_price":true,"disp_summ_show_fee":false,"disp_summ_show_discount":false,"summary_title":"","options_total_label":"Options Price","total_label":"Total","options_product_label":"Product Price","fee_label":"Fee","discount_label":"Discount","has_price":true,"has_quantity_formula":false},"mc_unit":1,"tax_rate":1,"tax_rate_real":0.2,"discount":{"percentage":0,"fixed":0},"design":{"conf":{"LabelPosition":"above","DescPosition":"above","UploadField":"custom_1","QuantityFieldStyle":"default"},"css":{"LeftLabelWidth":"120px"}},"formulas":[],"clones":false,"cartKey":false}},"_links":{"self":[{"href":"https:\/\/printcubator.net\/de\/wp-json\/wp\/v2\/product\/13743","targetHints":{"allow":["GET"]}}],"collection":[{"href":"https:\/\/printcubator.net\/de\/wp-json\/wp\/v2\/product"}],"about":[{"href":"https:\/\/printcubator.net\/de\/wp-json\/wp\/v2\/types\/product"}],"replies":[{"embeddable":true,"href":"https:\/\/printcubator.net\/de\/wp-json\/wp\/v2\/comments?post=13743"}],"wp:featuredmedia":[{"embeddable":true,"href":"https:\/\/printcubator.net\/de\/wp-json\/wp\/v2\/media\/13761"}],"wp:attachment":[{"href":"https:\/\/printcubator.net\/de\/wp-json\/wp\/v2\/media?parent=13743"}],"wp:term":[{"taxonomy":"product_brand","embeddable":true,"href":"https:\/\/printcubator.net\/de\/wp-json\/wp\/v2\/product_brand?post=13743"},{"taxonomy":"product_cat","embeddable":true,"href":"https:\/\/printcubator.net\/de\/wp-json\/wp\/v2\/product_cat?post=13743"},{"taxonomy":"product_tag","embeddable":true,"href":"https:\/\/printcubator.net\/de\/wp-json\/wp\/v2\/product_tag?post=13743"}],"curies":[{"name":"wp","href":"https:\/\/api.w.org\/{rel}","templated":true}]}}