{"id":1693,"date":"2024-08-22T08:53:08","date_gmt":"2024-08-22T08:53:08","guid":{"rendered":"https:\/\/printcubator.net\/product\/faidello\/"},"modified":"2025-03-24T08:31:33","modified_gmt":"2025-03-24T08:31:33","slug":"faidello","status":"publish","type":"product","link":"https:\/\/printcubator.net\/de\/produkt\/faidello\/","title":{"rendered":"Faidello gestepptes Jersey"},"content":{"rendered":"<p><b>Faidello<\/b> ist ein doppellagiger Strickstoff mit einer leichten Innenwattierung und einem charmanten Rautenmuster, das auf beiden Seiten abgesteppt ist. Er ist ideal f\u00fcr Kinder- und Babykleidung, dekorative Projekte und Accessoires und verbindet Komfort und Stil. Es wird mit der wasserlosen Drucktechnologie PURE hergestellt und verk\u00f6rpert ein Engagement f\u00fcr verantwortungsvolle Mode.  <\/p>\n<p>PURE Waterless Printing ist eine innovative und umweltfreundliche Textildrucktechnologie, die vollst\u00e4ndig auf den Einsatz von Wasser im Druckprozess verzichtet. Im Gegensatz zu herk\u00f6mmlichen Verfahren, die gro\u00dfe Mengen Wasser f\u00fcr das F\u00e4rben, Sp\u00fclen und Reinigen ben\u00f6tigen, minimiert diese Methode die Umweltbelastung erheblich. <span class=\"Apple-converted-space\"> <\/span><\/p>\n<ul>\n<li><strong>Zusammensetzung:<\/strong> 85% Baumwolle (CO) 15% Polyester (PES)<\/li>\n<li><strong>Gewicht:<\/strong> 240 g\/m2 +\/- 5.0%<\/li>\n<li><strong>Nutzbreite:<\/strong> 155 cm +\/- 2.0%<\/li>\n<li><strong>Drucken:<\/strong> PURE-Pigmenttinten<\/li>\n<\/ul>\n<p>Versand :<\/p>\n<ul>\n<li>Bestellung von weniger als 50m =&gt; 1 bis 2 Wochen<\/li>\n<li>Auftrag \u00fcber 50m =&gt; Termin bei Auftragserteilung zu vereinbaren<\/li>\n<\/ul>\n<p>Nutzen Sie unser Rabattprogramm:<\/p>\n<ul>\n<li><b>20 % Rabatt f\u00fcr Bestellungen von 10 bis 49 Metern.<\/b><\/li>\n<li><b>40 % Rabatt f\u00fcr Bestellungen von 50 bis 199 Metern.<\/b><\/li>\n<\/ul>\n<p>Unsere Mindestbestellmenge betr\u00e4gt 5 Meter.<\/p>\n<p>Wenn Sie eine Vorschau auf Ihr Design haben m\u00f6chten, bevor Sie eine vollst\u00e4ndige Bestellung aufgeben, k\u00f6nnen Sie einen Testdruck \u00fcber die gesamte Breite von 50 cm anfordern. So k\u00f6nnen Sie sehen, wie Ihr Motiv auf dem Stoff erscheint. <\/p>\n<p>=&gt;&gt; Kontaktieren Sie uns, wenn Sie mehr als 200 Meter kaufen m\u00f6chten.<\/p>\n","protected":false},"excerpt":{"rendered":"<div class=\"productView-moreItem\">\n<div class=\"productView-desc halo-text-format\"><b>Faidello<\/b> ist ein doppellagiger Strickstoff mit einer leichten Innenwattierung und einem charmanten Rautenmuster, das auf beiden Seiten abgesteppt ist. Er ist ideal f\u00fcr Kinder- und Babykleidung, dekorative Projekte und Accessoires und verbindet Komfort und Stil. Es wird mit der wasserlosen Drucktechnologie PURE hergestellt und verk\u00f6rpert ein Engagement f\u00fcr verantwortungsvolle Mode.  <\/div>\n<\/div>\n<div class=\"productView-info\"><\/div>\n<div>\n<p>Unsere Mindestbestellmenge betr\u00e4gt 5 Meter.<\/p>\n<p>Wenn Sie eine Vorschau auf Ihr Design haben m\u00f6chten, bevor Sie eine vollst\u00e4ndige Bestellung aufgeben, k\u00f6nnen Sie einen Testdruck \u00fcber die gesamte Breite von 50 cm anfordern. So k\u00f6nnen Sie sehen, wie Ihr Motiv auf dem Stoff erscheint. <\/p>\n<\/div>\n","protected":false},"featured_media":13060,"comment_status":"open","ping_status":"closed","template":"","meta":{"_acf_changed":false,"_monsterinsights_skip_tracking":false,"_monsterinsights_sitenote_active":false,"_monsterinsights_sitenote_note":"","_monsterinsights_sitenote_category":0},"product_brand":[],"product_cat":[588,594,528,90,112,412,404],"product_tag":[],"class_list":{"0":"post-1693","1":"product","2":"type-product","3":"status-publish","4":"has-post-thumbnail","6":"product_cat-kleidung-de-3","7":"product_cat-zubehor-fur-babys","8":"product_cat-dekoration","9":"product_cat-baumwolle","10":"product_cat-polyester","11":"product_cat-natuerlich","12":"product_cat-jersey-de","13":"wcpa_has_options","15":"first","16":"instock","17":"taxable","18":"shipping-taxable","19":"purchasable","20":"product-type-variable"},"acf":[],"yoast_head":"<!-- This site is optimized with the Yoast SEO plugin v24.8.1 - https:\/\/yoast.com\/wordpress\/plugins\/seo\/ -->\n<title>Faidello gestepptes Jersey - Printcubator<\/title>\n<meta name=\"description\" content=\"Faidello ist ein doppellagiges Gestrick mit leichter Innenpolsterung und einem charmanten, beidseitig gesteppten Rautenmuster, das Komfort und Stil vereint.\" \/>\n<meta name=\"robots\" content=\"index, follow, max-snippet:-1, max-image-preview:large, max-video-preview:-1\" \/>\n<link rel=\"canonical\" href=\"https:\/\/printcubator.net\/de\/produkt\/faidello\/\" \/>\n<meta property=\"og:locale\" content=\"de_DE\" \/>\n<meta property=\"og:type\" content=\"article\" \/>\n<meta property=\"og:title\" content=\"Faidello gestepptes Jersey - Printcubator\" \/>\n<meta property=\"og:description\" content=\"Faidello ist ein doppellagiges Gestrick mit leichter Innenpolsterung und einem charmanten, beidseitig gesteppten Rautenmuster, das Komfort und Stil vereint.\" \/>\n<meta property=\"og:url\" content=\"https:\/\/printcubator.net\/de\/produkt\/faidello\/\" \/>\n<meta property=\"og:site_name\" content=\"Printcubator\" \/>\n<meta property=\"article:modified_time\" content=\"2025-03-24T08:31:33+00:00\" \/>\n<meta property=\"og:image\" content=\"https:\/\/printcubator.net\/wp-content\/uploads\/2024\/08\/IMG_0124copy-scaled.jpg\" \/>\n\t<meta property=\"og:image:width\" content=\"1920\" \/>\n\t<meta property=\"og:image:height\" content=\"2560\" \/>\n\t<meta property=\"og:image:type\" content=\"image\/jpeg\" \/>\n<meta name=\"twitter:card\" content=\"summary_large_image\" \/>\n<meta name=\"twitter:label1\" content=\"Gesch\u00e4tzte Lesezeit\" \/>\n\t<meta name=\"twitter:data1\" content=\"1\u00a0Minute\" \/>\n<script type=\"application\/ld+json\" class=\"yoast-schema-graph\">{\"@context\":\"https:\/\/schema.org\",\"@graph\":[{\"@type\":\"WebPage\",\"@id\":\"https:\/\/printcubator.net\/de\/produkt\/faidello\/\",\"url\":\"https:\/\/printcubator.net\/de\/produkt\/faidello\/\",\"name\":\"Faidello gestepptes Jersey - Printcubator\",\"isPartOf\":{\"@id\":\"https:\/\/printcubator.net\/de\/#website\"},\"primaryImageOfPage\":{\"@id\":\"https:\/\/printcubator.net\/de\/produkt\/faidello\/#primaryimage\"},\"image\":{\"@id\":\"https:\/\/printcubator.net\/de\/produkt\/faidello\/#primaryimage\"},\"thumbnailUrl\":\"https:\/\/printcubator.net\/wp-content\/uploads\/2024\/08\/FAIDELLOFINAL.png\",\"datePublished\":\"2024-08-22T08:53:08+00:00\",\"dateModified\":\"2025-03-24T08:31:33+00:00\",\"description\":\"Faidello ist ein doppellagiges Gestrick mit leichter Innenpolsterung und einem charmanten, beidseitig gesteppten Rautenmuster, das Komfort und Stil vereint.\",\"breadcrumb\":{\"@id\":\"https:\/\/printcubator.net\/de\/produkt\/faidello\/#breadcrumb\"},\"inLanguage\":\"de\",\"potentialAction\":[{\"@type\":\"ReadAction\",\"target\":[\"https:\/\/printcubator.net\/de\/produkt\/faidello\/\"]}]},{\"@type\":\"ImageObject\",\"inLanguage\":\"de\",\"@id\":\"https:\/\/printcubator.net\/de\/produkt\/faidello\/#primaryimage\",\"url\":\"https:\/\/printcubator.net\/wp-content\/uploads\/2024\/08\/FAIDELLOFINAL.png\",\"contentUrl\":\"https:\/\/printcubator.net\/wp-content\/uploads\/2024\/08\/FAIDELLOFINAL.png\",\"width\":1035,\"height\":1035},{\"@type\":\"BreadcrumbList\",\"@id\":\"https:\/\/printcubator.net\/de\/produkt\/faidello\/#breadcrumb\",\"itemListElement\":[{\"@type\":\"ListItem\",\"position\":1,\"name\":\"Home\",\"item\":\"https:\/\/printcubator.net\/de\/startseite\/\"},{\"@type\":\"ListItem\",\"position\":2,\"name\":\"Shop\",\"item\":\"https:\/\/printcubator.net\/de\/shop\/\"},{\"@type\":\"ListItem\",\"position\":3,\"name\":\"Faidello gestepptes Jersey\"}]},{\"@type\":\"WebSite\",\"@id\":\"https:\/\/printcubator.net\/de\/#website\",\"url\":\"https:\/\/printcubator.net\/de\/\",\"name\":\"Printcubator\",\"description\":\"\",\"publisher\":{\"@id\":\"https:\/\/printcubator.net\/de\/#organization\"},\"potentialAction\":[{\"@type\":\"SearchAction\",\"target\":{\"@type\":\"EntryPoint\",\"urlTemplate\":\"https:\/\/printcubator.net\/de\/?s={search_term_string}\"},\"query-input\":{\"@type\":\"PropertyValueSpecification\",\"valueRequired\":true,\"valueName\":\"search_term_string\"}}],\"inLanguage\":\"de\"},{\"@type\":\"Organization\",\"@id\":\"https:\/\/printcubator.net\/de\/#organization\",\"name\":\"Printcubator\",\"url\":\"https:\/\/printcubator.net\/de\/\",\"logo\":{\"@type\":\"ImageObject\",\"inLanguage\":\"de\",\"@id\":\"https:\/\/printcubator.net\/de\/#\/schema\/logo\/image\/\",\"url\":\"https:\/\/printcubator.net\/wp-content\/uploads\/2024\/07\/logo.png\",\"contentUrl\":\"https:\/\/printcubator.net\/wp-content\/uploads\/2024\/07\/logo.png\",\"width\":345,\"height\":304,\"caption\":\"Printcubator\"},\"image\":{\"@id\":\"https:\/\/printcubator.net\/de\/#\/schema\/logo\/image\/\"}}]}<\/script>\n<!-- \/ Yoast SEO plugin. -->","yoast_head_json":{"title":"Faidello gestepptes Jersey - Printcubator","description":"Faidello ist ein doppellagiges Gestrick mit leichter Innenpolsterung und einem charmanten, beidseitig gesteppten Rautenmuster, das Komfort und Stil vereint.","robots":{"index":"index","follow":"follow","max-snippet":"max-snippet:-1","max-image-preview":"max-image-preview:large","max-video-preview":"max-video-preview:-1"},"canonical":"https:\/\/printcubator.net\/de\/produkt\/faidello\/","og_locale":"de_DE","og_type":"article","og_title":"Faidello gestepptes Jersey - Printcubator","og_description":"Faidello ist ein doppellagiges Gestrick mit leichter Innenpolsterung und einem charmanten, beidseitig gesteppten Rautenmuster, das Komfort und Stil vereint.","og_url":"https:\/\/printcubator.net\/de\/produkt\/faidello\/","og_site_name":"Printcubator","article_modified_time":"2025-03-24T08:31:33+00:00","og_image":[{"width":1920,"height":2560,"url":"https:\/\/printcubator.net\/wp-content\/uploads\/2024\/08\/IMG_0124copy-scaled.jpg","type":"image\/jpeg"}],"twitter_card":"summary_large_image","twitter_misc":{"Gesch\u00e4tzte Lesezeit":"1\u00a0Minute"},"schema":{"@context":"https:\/\/schema.org","@graph":[{"@type":"WebPage","@id":"https:\/\/printcubator.net\/de\/produkt\/faidello\/","url":"https:\/\/printcubator.net\/de\/produkt\/faidello\/","name":"Faidello gestepptes Jersey - Printcubator","isPartOf":{"@id":"https:\/\/printcubator.net\/de\/#website"},"primaryImageOfPage":{"@id":"https:\/\/printcubator.net\/de\/produkt\/faidello\/#primaryimage"},"image":{"@id":"https:\/\/printcubator.net\/de\/produkt\/faidello\/#primaryimage"},"thumbnailUrl":"https:\/\/printcubator.net\/wp-content\/uploads\/2024\/08\/FAIDELLOFINAL.png","datePublished":"2024-08-22T08:53:08+00:00","dateModified":"2025-03-24T08:31:33+00:00","description":"Faidello ist ein doppellagiges Gestrick mit leichter Innenpolsterung und einem charmanten, beidseitig gesteppten Rautenmuster, das Komfort und Stil vereint.","breadcrumb":{"@id":"https:\/\/printcubator.net\/de\/produkt\/faidello\/#breadcrumb"},"inLanguage":"de","potentialAction":[{"@type":"ReadAction","target":["https:\/\/printcubator.net\/de\/produkt\/faidello\/"]}]},{"@type":"ImageObject","inLanguage":"de","@id":"https:\/\/printcubator.net\/de\/produkt\/faidello\/#primaryimage","url":"https:\/\/printcubator.net\/wp-content\/uploads\/2024\/08\/FAIDELLOFINAL.png","contentUrl":"https:\/\/printcubator.net\/wp-content\/uploads\/2024\/08\/FAIDELLOFINAL.png","width":1035,"height":1035},{"@type":"BreadcrumbList","@id":"https:\/\/printcubator.net\/de\/produkt\/faidello\/#breadcrumb","itemListElement":[{"@type":"ListItem","position":1,"name":"Home","item":"https:\/\/printcubator.net\/de\/startseite\/"},{"@type":"ListItem","position":2,"name":"Shop","item":"https:\/\/printcubator.net\/de\/shop\/"},{"@type":"ListItem","position":3,"name":"Faidello gestepptes Jersey"}]},{"@type":"WebSite","@id":"https:\/\/printcubator.net\/de\/#website","url":"https:\/\/printcubator.net\/de\/","name":"Printcubator","description":"","publisher":{"@id":"https:\/\/printcubator.net\/de\/#organization"},"potentialAction":[{"@type":"SearchAction","target":{"@type":"EntryPoint","urlTemplate":"https:\/\/printcubator.net\/de\/?s={search_term_string}"},"query-input":{"@type":"PropertyValueSpecification","valueRequired":true,"valueName":"search_term_string"}}],"inLanguage":"de"},{"@type":"Organization","@id":"https:\/\/printcubator.net\/de\/#organization","name":"Printcubator","url":"https:\/\/printcubator.net\/de\/","logo":{"@type":"ImageObject","inLanguage":"de","@id":"https:\/\/printcubator.net\/de\/#\/schema\/logo\/image\/","url":"https:\/\/printcubator.net\/wp-content\/uploads\/2024\/07\/logo.png","contentUrl":"https:\/\/printcubator.net\/wp-content\/uploads\/2024\/07\/logo.png","width":345,"height":304,"caption":"Printcubator"},"image":{"@id":"https:\/\/printcubator.net\/de\/#\/schema\/logo\/image\/"}}]}},"wcpa_form_fields":{"wcpaData":{"product":{"product_price":8.97,"price_html":"<span class=\"price\"><strong>Bis<\/strong> <span class=\"woocommerce-Price-amount amount\"><bdi>8,97&nbsp;<span class=\"woocommerce-Price-currencySymbol\">&euro;<\/span><\/bdi><\/span><\/span>","original_product_price":8.97,"price_including_tax":17.94,"price_excluding_tax":14.95,"product_id":{"parent":1693,"variation":false},"is_variable":true,"stock_status":"instock","stock_quantity":229,"parent_sku":"","product_attributes":{"type-of-order":{"is_variation":true,"values":[]}},"custom_fields":[],"is_taxable":true,"product_name":"Faidello gestepptes Jersey","hasImage":false},"fields":{"sec_766c5d6570291e":{"extra":{"key":"sec_766c5d6570291e","section_id":"sec_766c5d6570291e","name":"Default","status":1,"toggle":true,"enableCl":false,"relations":[{"operator":false,"rules":[{"operator":"AND","rules":{"cl_field":"","cl_relation":"","cl_val":""}}]}],"form_id":12521,"form_rules":{"exclude_from_discount":false,"fee_label":"Fee","disp_hide_options_price":false,"disp_show_section_price":false,"disp_show_field_price":true,"layout_option":"standard","pric_use_as_fee":false,"process_fee_as":"woo_fee"},"layout_option":"standard"},"fields":[[{"active":true,"col":6,"relations":false,"cl_rule":"show","enableCl":false,"price":"","enablePrice":false,"className":"","label_position":"default","desc_position":"default","type":"content","required":false,"elementId":"content_6453089476","label":"BEDINGUNGEN F\u00dcR DAS HOCHLADEN VON DATEIEN","name":"content_6453089476","contentType":"plain","value":"\u2726 Aufl\u00f6sung: mindestens 300 DPI\u2028\n\u2726 Dateigr\u00f6\u00dfe: maximal 150 MB\u2028\n\u2726 Farbprofil: sRGB (IEC61966-2.1)\u2028\n\u2726 Dateibenennung: IhrName-Anzahl-Stoffname (Platzhalter ersetzen)\n\u2028\u2726 Dateiformat: TIFF","error":false,"gt_translate_keys":["label","value"],"price_dependency":false,"cl_dependency":false}],[{"label":"Design","active":true,"required":true,"elementId":"file-5644350149","upload_type":"droppable","file_types":["design"],"description":"TIFF-Format","name":"file-5644350149","label_position":"default","desc_position":"default","enablePrice":false,"className":"","enableCl":false,"relations":false,"uploadSize":"500","exts_supported":[".tiff"],"price":"","cl_rule":"show","col":6,"type":"file","error":false,"enable_quantity":false,"quantity_decimal":false,"quantity_step":"1","quantity_label":"Quantity","repeater":false,"repeater_field_label":"Design hinzuf\u00fcgen","repeater_bind":"","repeater_bind_field":"file-5644350149","repeater_max":"7","repeater_add_label":"Design hinzuf\u00fcgen","repeater_remove_label":" Design entfernen","min_quantity":"1","minUploadSize":"12","max_quantity":"48","hideFieldIn_cart":false,"multiple_upload":false,"allowedFileTypes":".tiff,image\/*,.psd,.pdf,.eps,.ai,.indd,.raw","gt_translate_keys":["label","description","repeater_field_label","repeater_add_label","repeater_remove_label","quantity_label"],"price_dependency":false,"cl_dependency":false,"value":""}]]}},"config":{"price_override":"","enable_recaptcha":false,"bind_quantity":false,"quantity_bind_formula":false,"disp_summ_show_option_price":true,"disp_summ_show_product_price":true,"disp_summ_show_total_price":true,"disp_summ_show_fee":false,"disp_summ_show_discount":false,"summary_title":"","options_total_label":"Options Price","total_label":"Total","options_product_label":"Product Price","fee_label":"Fee","discount_label":"Discount","has_price":true,"has_quantity_formula":false},"mc_unit":1,"tax_rate":1,"tax_rate_real":0.2,"discount":{"percentage":0,"fixed":0},"design":{"conf":{"LabelPosition":"above","DescPosition":"above","UploadField":"custom_1","QuantityFieldStyle":"default"},"css":{"LeftLabelWidth":"120px"}},"formulas":[],"clones":false,"cartKey":false}},"_links":{"self":[{"href":"https:\/\/printcubator.net\/de\/wp-json\/wp\/v2\/product\/1693","targetHints":{"allow":["GET"]}}],"collection":[{"href":"https:\/\/printcubator.net\/de\/wp-json\/wp\/v2\/product"}],"about":[{"href":"https:\/\/printcubator.net\/de\/wp-json\/wp\/v2\/types\/product"}],"replies":[{"embeddable":true,"href":"https:\/\/printcubator.net\/de\/wp-json\/wp\/v2\/comments?post=1693"}],"wp:featuredmedia":[{"embeddable":true,"href":"https:\/\/printcubator.net\/de\/wp-json\/wp\/v2\/media\/13060"}],"wp:attachment":[{"href":"https:\/\/printcubator.net\/de\/wp-json\/wp\/v2\/media?parent=1693"}],"wp:term":[{"taxonomy":"product_brand","embeddable":true,"href":"https:\/\/printcubator.net\/de\/wp-json\/wp\/v2\/product_brand?post=1693"},{"taxonomy":"product_cat","embeddable":true,"href":"https:\/\/printcubator.net\/de\/wp-json\/wp\/v2\/product_cat?post=1693"},{"taxonomy":"product_tag","embeddable":true,"href":"https:\/\/printcubator.net\/de\/wp-json\/wp\/v2\/product_tag?post=1693"}],"curies":[{"name":"wp","href":"https:\/\/api.w.org\/{rel}","templated":true}]}}