{"id":3366,"date":"2024-10-25T08:18:39","date_gmt":"2024-10-25T08:18:39","guid":{"rendered":"https:\/\/printcubator.net\/product\/samt-palazio\/"},"modified":"2024-10-25T08:18:39","modified_gmt":"2024-10-25T08:18:39","slug":"samt-palazio","status":"publish","type":"product","link":"https:\/\/printcubator.net\/de\/produkt\/samt-palazio\/","title":{"rendered":"Samt Palazio"},"content":{"rendered":"<p>Palazio ist ein Polyester-Velours mit au\u00dfergew\u00f6hnlich weichem Griff, was ihn zu einer idealen Wahl f\u00fcr Innenarchitekturprojekte und Accessoires macht.<\/p>\n<ul>\n<li>Zusammensetzung: 100 % Polyester<\/li>\n<li>Gewicht: 511 g\/m\u00b2 +\/- 5,0 %<\/li>\n<li>Nutzbare Breite: 144 cm +\/- 2,0 %<\/li>\n<li>Druckverfahren: Sublimationsdruck ist eine Technik, bei der W\u00e4rme und Druck verwendet werden, um einen Farbstoff auf verschiedene Materialien, meist Polyester, zu \u00fcbertragen. Bei diesem einzigartigen Verfahren geht der Farbstoff direkt vom festen in den gasf\u00f6rmigen Zustand \u00fcber, ohne fl\u00fcssig zu werden, und fixiert sich dauerhaft an die Fasern des Stoffs. Das Ergebnis sind leuchtende und langlebige Drucke. <\/li>\n<\/ul>\n<p>&nbsp;<\/p>\n<p>Nutzen Sie unser Rabattprogramm:<\/p>\n<ul>\n<li>20 % Rabatt f\u00fcr Bestellungen von 10 bis 49 Metern.<\/li>\n<li>40 % Rabatt f\u00fcr Bestellungen von 50 bis 199 Metern.<\/li>\n<\/ul>\n<p>=&gt; Contact us if you want to buy more than 200 meters. Please note that orders may be shipped within 7 to 10 days<\/p>\n","protected":false},"excerpt":{"rendered":"<p>Palazio ist ein Polyester-Velours mit au\u00dfergew\u00f6hnlich weichem Griff, was ihn zu einer idealen Wahl f\u00fcr Innenarchitekturprojekte und Accessoires macht.<\/p>\n","protected":false},"featured_media":3014,"comment_status":"open","ping_status":"closed","template":"","meta":{"_acf_changed":false,"_monsterinsights_skip_tracking":false,"_monsterinsights_sitenote_active":false,"_monsterinsights_sitenote_note":"","_monsterinsights_sitenote_category":0},"product_brand":[],"product_cat":[522],"product_tag":[],"class_list":{"0":"post-3366","1":"product","2":"type-product","3":"status-publish","4":"has-post-thumbnail","6":"product_cat-all-fabric-types","8":"first","9":"instock","10":"taxable","11":"shipping-taxable","12":"purchasable","13":"product-type-simple"},"acf":[],"yoast_head":"<!-- This site is optimized with the Yoast SEO plugin v24.8.1 - https:\/\/yoast.com\/wordpress\/plugins\/seo\/ -->\n<title>Samt Palazio - Printcubator<\/title>\n<meta name=\"robots\" content=\"index, follow, max-snippet:-1, max-image-preview:large, max-video-preview:-1\" \/>\n<link rel=\"canonical\" href=\"https:\/\/printcubator.net\/de\/produkt\/samt-palazio\/\" \/>\n<meta property=\"og:locale\" content=\"de_DE\" \/>\n<meta property=\"og:type\" content=\"article\" \/>\n<meta property=\"og:title\" content=\"Samt Palazio - Printcubator\" \/>\n<meta property=\"og:description\" content=\"Palazio ist ein Polyester-Velours mit au\u00dfergew\u00f6hnlich weichem Griff, was ihn zu einer idealen Wahl f\u00fcr Innenarchitekturprojekte und Accessoires macht.\" \/>\n<meta property=\"og:url\" content=\"https:\/\/printcubator.net\/de\/produkt\/samt-palazio\/\" \/>\n<meta property=\"og:site_name\" content=\"Printcubator\" \/>\n<meta property=\"og:image\" content=\"https:\/\/printcubator.net\/wp-content\/uploads\/2024\/10\/Palazio-imprime-1024x1024.png\" \/>\n\t<meta property=\"og:image:width\" content=\"1024\" \/>\n\t<meta property=\"og:image:height\" content=\"1024\" \/>\n\t<meta property=\"og:image:type\" content=\"image\/png\" \/>\n<meta name=\"twitter:card\" content=\"summary_large_image\" \/>\n<meta name=\"twitter:label1\" content=\"Gesch\u00e4tzte Lesezeit\" \/>\n\t<meta name=\"twitter:data1\" content=\"1\u00a0Minute\" \/>\n<script type=\"application\/ld+json\" class=\"yoast-schema-graph\">{\"@context\":\"https:\/\/schema.org\",\"@graph\":[{\"@type\":\"WebPage\",\"@id\":\"https:\/\/printcubator.net\/de\/produkt\/samt-palazio\/\",\"url\":\"https:\/\/printcubator.net\/de\/produkt\/samt-palazio\/\",\"name\":\"Samt Palazio - Printcubator\",\"isPartOf\":{\"@id\":\"https:\/\/printcubator.net\/de\/#website\"},\"primaryImageOfPage\":{\"@id\":\"https:\/\/printcubator.net\/de\/produkt\/samt-palazio\/#primaryimage\"},\"image\":{\"@id\":\"https:\/\/printcubator.net\/de\/produkt\/samt-palazio\/#primaryimage\"},\"thumbnailUrl\":\"https:\/\/printcubator.net\/wp-content\/uploads\/2024\/10\/Palazio-imprime.png\",\"datePublished\":\"2024-10-25T08:18:39+00:00\",\"breadcrumb\":{\"@id\":\"https:\/\/printcubator.net\/de\/produkt\/samt-palazio\/#breadcrumb\"},\"inLanguage\":\"de\",\"potentialAction\":[{\"@type\":\"ReadAction\",\"target\":[\"https:\/\/printcubator.net\/de\/produkt\/samt-palazio\/\"]}]},{\"@type\":\"ImageObject\",\"inLanguage\":\"de\",\"@id\":\"https:\/\/printcubator.net\/de\/produkt\/samt-palazio\/#primaryimage\",\"url\":\"https:\/\/printcubator.net\/wp-content\/uploads\/2024\/10\/Palazio-imprime.png\",\"contentUrl\":\"https:\/\/printcubator.net\/wp-content\/uploads\/2024\/10\/Palazio-imprime.png\",\"width\":1536,\"height\":1536},{\"@type\":\"BreadcrumbList\",\"@id\":\"https:\/\/printcubator.net\/de\/produkt\/samt-palazio\/#breadcrumb\",\"itemListElement\":[{\"@type\":\"ListItem\",\"position\":1,\"name\":\"Home\",\"item\":\"https:\/\/printcubator.net\/de\/startseite\/\"},{\"@type\":\"ListItem\",\"position\":2,\"name\":\"Shop\",\"item\":\"https:\/\/printcubator.net\/de\/shop\/\"},{\"@type\":\"ListItem\",\"position\":3,\"name\":\"Samt Palazio\"}]},{\"@type\":\"WebSite\",\"@id\":\"https:\/\/printcubator.net\/de\/#website\",\"url\":\"https:\/\/printcubator.net\/de\/\",\"name\":\"Printcubator\",\"description\":\"\",\"publisher\":{\"@id\":\"https:\/\/printcubator.net\/de\/#organization\"},\"potentialAction\":[{\"@type\":\"SearchAction\",\"target\":{\"@type\":\"EntryPoint\",\"urlTemplate\":\"https:\/\/printcubator.net\/de\/?s={search_term_string}\"},\"query-input\":{\"@type\":\"PropertyValueSpecification\",\"valueRequired\":true,\"valueName\":\"search_term_string\"}}],\"inLanguage\":\"de\"},{\"@type\":\"Organization\",\"@id\":\"https:\/\/printcubator.net\/de\/#organization\",\"name\":\"Printcubator\",\"url\":\"https:\/\/printcubator.net\/de\/\",\"logo\":{\"@type\":\"ImageObject\",\"inLanguage\":\"de\",\"@id\":\"https:\/\/printcubator.net\/de\/#\/schema\/logo\/image\/\",\"url\":\"https:\/\/printcubator.net\/wp-content\/uploads\/2024\/07\/logo.png\",\"contentUrl\":\"https:\/\/printcubator.net\/wp-content\/uploads\/2024\/07\/logo.png\",\"width\":345,\"height\":304,\"caption\":\"Printcubator\"},\"image\":{\"@id\":\"https:\/\/printcubator.net\/de\/#\/schema\/logo\/image\/\"}}]}<\/script>\n<!-- \/ Yoast SEO plugin. -->","yoast_head_json":{"title":"Samt Palazio - Printcubator","robots":{"index":"index","follow":"follow","max-snippet":"max-snippet:-1","max-image-preview":"max-image-preview:large","max-video-preview":"max-video-preview:-1"},"canonical":"https:\/\/printcubator.net\/de\/produkt\/samt-palazio\/","og_locale":"de_DE","og_type":"article","og_title":"Samt Palazio - Printcubator","og_description":"Palazio ist ein Polyester-Velours mit au\u00dfergew\u00f6hnlich weichem Griff, was ihn zu einer idealen Wahl f\u00fcr Innenarchitekturprojekte und Accessoires macht.","og_url":"https:\/\/printcubator.net\/de\/produkt\/samt-palazio\/","og_site_name":"Printcubator","og_image":[{"width":1024,"height":1024,"url":"https:\/\/printcubator.net\/wp-content\/uploads\/2024\/10\/Palazio-imprime-1024x1024.png","type":"image\/png"}],"twitter_card":"summary_large_image","twitter_misc":{"Gesch\u00e4tzte Lesezeit":"1\u00a0Minute"},"schema":{"@context":"https:\/\/schema.org","@graph":[{"@type":"WebPage","@id":"https:\/\/printcubator.net\/de\/produkt\/samt-palazio\/","url":"https:\/\/printcubator.net\/de\/produkt\/samt-palazio\/","name":"Samt Palazio - Printcubator","isPartOf":{"@id":"https:\/\/printcubator.net\/de\/#website"},"primaryImageOfPage":{"@id":"https:\/\/printcubator.net\/de\/produkt\/samt-palazio\/#primaryimage"},"image":{"@id":"https:\/\/printcubator.net\/de\/produkt\/samt-palazio\/#primaryimage"},"thumbnailUrl":"https:\/\/printcubator.net\/wp-content\/uploads\/2024\/10\/Palazio-imprime.png","datePublished":"2024-10-25T08:18:39+00:00","breadcrumb":{"@id":"https:\/\/printcubator.net\/de\/produkt\/samt-palazio\/#breadcrumb"},"inLanguage":"de","potentialAction":[{"@type":"ReadAction","target":["https:\/\/printcubator.net\/de\/produkt\/samt-palazio\/"]}]},{"@type":"ImageObject","inLanguage":"de","@id":"https:\/\/printcubator.net\/de\/produkt\/samt-palazio\/#primaryimage","url":"https:\/\/printcubator.net\/wp-content\/uploads\/2024\/10\/Palazio-imprime.png","contentUrl":"https:\/\/printcubator.net\/wp-content\/uploads\/2024\/10\/Palazio-imprime.png","width":1536,"height":1536},{"@type":"BreadcrumbList","@id":"https:\/\/printcubator.net\/de\/produkt\/samt-palazio\/#breadcrumb","itemListElement":[{"@type":"ListItem","position":1,"name":"Home","item":"https:\/\/printcubator.net\/de\/startseite\/"},{"@type":"ListItem","position":2,"name":"Shop","item":"https:\/\/printcubator.net\/de\/shop\/"},{"@type":"ListItem","position":3,"name":"Samt Palazio"}]},{"@type":"WebSite","@id":"https:\/\/printcubator.net\/de\/#website","url":"https:\/\/printcubator.net\/de\/","name":"Printcubator","description":"","publisher":{"@id":"https:\/\/printcubator.net\/de\/#organization"},"potentialAction":[{"@type":"SearchAction","target":{"@type":"EntryPoint","urlTemplate":"https:\/\/printcubator.net\/de\/?s={search_term_string}"},"query-input":{"@type":"PropertyValueSpecification","valueRequired":true,"valueName":"search_term_string"}}],"inLanguage":"de"},{"@type":"Organization","@id":"https:\/\/printcubator.net\/de\/#organization","name":"Printcubator","url":"https:\/\/printcubator.net\/de\/","logo":{"@type":"ImageObject","inLanguage":"de","@id":"https:\/\/printcubator.net\/de\/#\/schema\/logo\/image\/","url":"https:\/\/printcubator.net\/wp-content\/uploads\/2024\/07\/logo.png","contentUrl":"https:\/\/printcubator.net\/wp-content\/uploads\/2024\/07\/logo.png","width":345,"height":304,"caption":"Printcubator"},"image":{"@id":"https:\/\/printcubator.net\/de\/#\/schema\/logo\/image\/"}}]}},"wcpa_form_fields":null,"_links":{"self":[{"href":"https:\/\/printcubator.net\/de\/wp-json\/wp\/v2\/product\/3366","targetHints":{"allow":["GET"]}}],"collection":[{"href":"https:\/\/printcubator.net\/de\/wp-json\/wp\/v2\/product"}],"about":[{"href":"https:\/\/printcubator.net\/de\/wp-json\/wp\/v2\/types\/product"}],"replies":[{"embeddable":true,"href":"https:\/\/printcubator.net\/de\/wp-json\/wp\/v2\/comments?post=3366"}],"wp:featuredmedia":[{"embeddable":true,"href":"https:\/\/printcubator.net\/de\/wp-json\/wp\/v2\/media\/3014"}],"wp:attachment":[{"href":"https:\/\/printcubator.net\/de\/wp-json\/wp\/v2\/media?parent=3366"}],"wp:term":[{"taxonomy":"product_brand","embeddable":true,"href":"https:\/\/printcubator.net\/de\/wp-json\/wp\/v2\/product_brand?post=3366"},{"taxonomy":"product_cat","embeddable":true,"href":"https:\/\/printcubator.net\/de\/wp-json\/wp\/v2\/product_cat?post=3366"},{"taxonomy":"product_tag","embeddable":true,"href":"https:\/\/printcubator.net\/de\/wp-json\/wp\/v2\/product_tag?post=3366"}],"curies":[{"name":"wp","href":"https:\/\/api.w.org\/{rel}","templated":true}]}}