{"id":3380,"date":"2025-01-22T13:18:08","date_gmt":"2025-01-22T13:18:08","guid":{"rendered":"https:\/\/printcubator.net\/?post_type=product&#038;p=3380"},"modified":"2025-03-20T12:31:46","modified_gmt":"2025-03-20T12:31:46","slug":"satin-matt-limbach","status":"publish","type":"product","link":"https:\/\/printcubator.net\/de\/produkt\/satin-matt-limbach\/","title":{"rendered":"Limbach Matt Satin"},"content":{"rendered":"<p>Der Limbach-Stoff ist leicht und wasserabweisend und sch\u00fctzt vor Wetterbedingungen und Wind. Ideal f\u00fcr Windjacken und praktische Accessoires, l\u00e4sst er sich einfach falten und kompakt verstauen. Seine weiche Textur und matte Oberfl\u00e4che bieten sowohl Komfort als auch Eleganz und sch\u00fctzen vor leichter Feuchtigkeit.  <\/p>\n<ul>\n<li>Material: 100 % recyceltes Polyester (PES)<\/li>\n<li>Gewicht: 85g\/m2 +\/- 5.0%<\/li>\n<li>Nutzbreite: 145 cm +\/- 2.0%<\/li>\n<li>Druckverfahren: Sublimationsdruck ist eine Technik, bei der W\u00e4rme und Druck verwendet werden, um einen Farbstoff auf verschiedene Materialien, meist Polyester, zu \u00fcbertragen. Bei diesem einzigartigen Verfahren geht der Farbstoff direkt vom festen in den gasf\u00f6rmigen Zustand \u00fcber, ohne fl\u00fcssig zu werden, und fixiert sich dauerhaft an die Fasern des Stoffs. Das Ergebnis sind leuchtende und langlebige Drucke. <\/li>\n<\/ul>\n<p>Versand :<\/p>\n<ul>\n<li>Bestellung von weniger als 50m =&gt; 1 bis 2 Wochen<\/li>\n<li>Auftrag \u00fcber 50m =&gt; Termin bei Auftragserteilung zu vereinbaren<\/li>\n<\/ul>\n<p>Nutzen Sie unser Rabattprogramm:<\/p>\n<ul>\n<li>20 % Rabatt f\u00fcr Bestellungen von 10 bis 49 Metern.<\/li>\n<li>40 % Rabatt f\u00fcr Bestellungen von 50 bis 199 Metern.<\/li>\n<\/ul>\n<p>Unsere Mindestbestellmenge betr\u00e4gt 5 Meter.<\/p>\n<p>Wenn Sie eine Vorschau auf Ihr Design haben m\u00f6chten, bevor Sie eine vollst\u00e4ndige Bestellung aufgeben, k\u00f6nnen Sie einen Testdruck \u00fcber die gesamte Breite von 50 cm anfordern. So k\u00f6nnen Sie sehen, wie Ihr Motiv auf dem Stoff erscheint. <\/p>\n<p>=&gt;&gt; Kontaktieren Sie uns, wenn Sie mehr als 200 Meter kaufen m\u00f6chten.<\/p>\n","protected":false},"excerpt":{"rendered":"<p>Der Limbach-Stoff ist leicht und wasserabweisend und sch\u00fctzt vor Wetterbedingungen und Wind. Ideal f\u00fcr Windjacken und praktische Accessoires, l\u00e4sst er sich einfach falten und kompakt verstauen. Seine weiche Textur und matte Oberfl\u00e4che bieten sowohl Komfort als auch Eleganz und sch\u00fctzen vor leichter Feuchtigkeit.  <\/p>\n<p>Unsere Mindestbestellmenge betr\u00e4gt 5 Meter.<\/p>\n<p>Wenn Sie eine Vorschau auf Ihr Design haben m\u00f6chten, bevor Sie eine vollst\u00e4ndige Bestellung aufgeben, k\u00f6nnen Sie einen Testdruck \u00fcber die gesamte Breite von 50 cm anfordern. So k\u00f6nnen Sie sehen, wie Ihr Motiv auf dem Stoff erscheint. <\/p>\n","protected":false},"featured_media":13076,"comment_status":"open","ping_status":"closed","template":"","meta":{"_acf_changed":false,"_monsterinsights_skip_tracking":false,"_monsterinsights_sitenote_active":false,"_monsterinsights_sitenote_note":"","_monsterinsights_sitenote_category":0},"product_brand":[],"product_cat":[549,588,419,112,207,423,424,426,431],"product_tag":[],"class_list":{"0":"post-3380","1":"product","2":"type-product","3":"status-publish","4":"has-post-thumbnail","6":"product_cat-alle-stoffe","7":"product_cat-kleidung-de-3","8":"product_cat-perkal","9":"product_cat-polyester","10":"product_cat-polyester-rec-de","11":"product_cat-recycelt","12":"product_cat-satin-de","13":"product_cat-synthetisch","14":"product_cat-wasserdicht","15":"wcpa_has_options","17":"first","18":"instock","19":"taxable","20":"shipping-taxable","21":"purchasable","22":"product-type-variable"},"acf":[],"yoast_head":"<!-- This site is optimized with the Yoast SEO plugin v27.4 - https:\/\/yoast.com\/product\/yoast-seo-wordpress\/ -->\n<title>Limbach Matt Satin - Printcubator<\/title>\n<meta name=\"description\" content=\"Limbach ist ein leichtes, wasserabweisendes Gewebe, das vor den Elementen und Windb\u00f6en sch\u00fctzt und ideal f\u00fcr die Herstellung von Ponchos, Windjacken, ...\" \/>\n<meta name=\"robots\" content=\"index, follow, max-snippet:-1, max-image-preview:large, max-video-preview:-1\" \/>\n<link rel=\"canonical\" href=\"https:\/\/printcubator.net\/de\/produkt\/satin-matt-limbach\/\" \/>\n<meta property=\"og:locale\" content=\"de_DE\" \/>\n<meta property=\"og:type\" content=\"article\" \/>\n<meta property=\"og:title\" content=\"Limbach Matt Satin - Printcubator\" \/>\n<meta property=\"og:description\" content=\"Limbach ist ein leichtes, wasserabweisendes Gewebe, das vor den Elementen und Windb\u00f6en sch\u00fctzt und ideal f\u00fcr die Herstellung von Ponchos, Windjacken, ...\" \/>\n<meta property=\"og:url\" content=\"https:\/\/printcubator.net\/de\/produkt\/satin-matt-limbach\/\" \/>\n<meta property=\"og:site_name\" content=\"Printcubator\" \/>\n<meta property=\"article:modified_time\" content=\"2025-03-20T12:31:46+00:00\" \/>\n<meta property=\"og:image\" content=\"https:\/\/printcubator.net\/wp-content\/uploads\/2025\/01\/limbach.png\" \/>\n\t<meta property=\"og:image:width\" content=\"1164\" \/>\n\t<meta property=\"og:image:height\" content=\"1164\" \/>\n\t<meta property=\"og:image:type\" content=\"image\/png\" \/>\n<meta name=\"twitter:card\" content=\"summary_large_image\" \/>\n<meta name=\"twitter:label1\" content=\"Gesch\u00e4tzte Lesezeit\" \/>\n\t<meta name=\"twitter:data1\" content=\"1\u00a0Minute\" \/>\n<script type=\"application\/ld+json\" class=\"yoast-schema-graph\">{\"@context\":\"https:\\\/\\\/schema.org\",\"@graph\":[{\"@type\":\"WebPage\",\"@id\":\"https:\\\/\\\/printcubator.net\\\/de\\\/produkt\\\/satin-matt-limbach\\\/\",\"url\":\"https:\\\/\\\/printcubator.net\\\/de\\\/produkt\\\/satin-matt-limbach\\\/\",\"name\":\"Limbach Matt Satin - Printcubator\",\"isPartOf\":{\"@id\":\"https:\\\/\\\/printcubator.net\\\/de\\\/#website\"},\"primaryImageOfPage\":{\"@id\":\"https:\\\/\\\/printcubator.net\\\/de\\\/produkt\\\/satin-matt-limbach\\\/#primaryimage\"},\"image\":{\"@id\":\"https:\\\/\\\/printcubator.net\\\/de\\\/produkt\\\/satin-matt-limbach\\\/#primaryimage\"},\"thumbnailUrl\":\"https:\\\/\\\/printcubator.net\\\/wp-content\\\/uploads\\\/2025\\\/01\\\/limbach.png\",\"datePublished\":\"2025-01-22T13:18:08+00:00\",\"dateModified\":\"2025-03-20T12:31:46+00:00\",\"description\":\"Limbach ist ein leichtes, wasserabweisendes Gewebe, das vor den Elementen und Windb\u00f6en sch\u00fctzt und ideal f\u00fcr die Herstellung von Ponchos, Windjacken, ...\",\"breadcrumb\":{\"@id\":\"https:\\\/\\\/printcubator.net\\\/de\\\/produkt\\\/satin-matt-limbach\\\/#breadcrumb\"},\"inLanguage\":\"de\",\"potentialAction\":[{\"@type\":\"ReadAction\",\"target\":[\"https:\\\/\\\/printcubator.net\\\/de\\\/produkt\\\/satin-matt-limbach\\\/\"]}]},{\"@type\":\"ImageObject\",\"inLanguage\":\"de\",\"@id\":\"https:\\\/\\\/printcubator.net\\\/de\\\/produkt\\\/satin-matt-limbach\\\/#primaryimage\",\"url\":\"https:\\\/\\\/printcubator.net\\\/wp-content\\\/uploads\\\/2025\\\/01\\\/limbach.png\",\"contentUrl\":\"https:\\\/\\\/printcubator.net\\\/wp-content\\\/uploads\\\/2025\\\/01\\\/limbach.png\",\"width\":1164,\"height\":1164},{\"@type\":\"BreadcrumbList\",\"@id\":\"https:\\\/\\\/printcubator.net\\\/de\\\/produkt\\\/satin-matt-limbach\\\/#breadcrumb\",\"itemListElement\":[{\"@type\":\"ListItem\",\"position\":1,\"name\":\"Home\",\"item\":\"https:\\\/\\\/printcubator.net\\\/de\\\/startseite\\\/\"},{\"@type\":\"ListItem\",\"position\":2,\"name\":\"Shop\",\"item\":\"https:\\\/\\\/printcubator.net\\\/de\\\/shop\\\/\"},{\"@type\":\"ListItem\",\"position\":3,\"name\":\"Limbach Matt Satin\"}]},{\"@type\":\"WebSite\",\"@id\":\"https:\\\/\\\/printcubator.net\\\/de\\\/#website\",\"url\":\"https:\\\/\\\/printcubator.net\\\/de\\\/\",\"name\":\"Printcubator\",\"description\":\"\",\"publisher\":{\"@id\":\"https:\\\/\\\/printcubator.net\\\/de\\\/#organization\"},\"potentialAction\":[{\"@type\":\"SearchAction\",\"target\":{\"@type\":\"EntryPoint\",\"urlTemplate\":\"https:\\\/\\\/printcubator.net\\\/de\\\/?s={search_term_string}\"},\"query-input\":{\"@type\":\"PropertyValueSpecification\",\"valueRequired\":true,\"valueName\":\"search_term_string\"}}],\"inLanguage\":\"de\"},{\"@type\":\"Organization\",\"@id\":\"https:\\\/\\\/printcubator.net\\\/de\\\/#organization\",\"name\":\"Printcubator\",\"url\":\"https:\\\/\\\/printcubator.net\\\/de\\\/\",\"logo\":{\"@type\":\"ImageObject\",\"inLanguage\":\"de\",\"@id\":\"https:\\\/\\\/printcubator.net\\\/de\\\/#\\\/schema\\\/logo\\\/image\\\/\",\"url\":\"https:\\\/\\\/printcubator.net\\\/wp-content\\\/uploads\\\/2024\\\/07\\\/logo.png\",\"contentUrl\":\"https:\\\/\\\/printcubator.net\\\/wp-content\\\/uploads\\\/2024\\\/07\\\/logo.png\",\"width\":345,\"height\":304,\"caption\":\"Printcubator\"},\"image\":{\"@id\":\"https:\\\/\\\/printcubator.net\\\/de\\\/#\\\/schema\\\/logo\\\/image\\\/\"}}]}<\/script>\n<!-- \/ Yoast SEO plugin. -->","yoast_head_json":{"title":"Limbach Matt Satin - Printcubator","description":"Limbach ist ein leichtes, wasserabweisendes Gewebe, das vor den Elementen und Windb\u00f6en sch\u00fctzt und ideal f\u00fcr die Herstellung von Ponchos, Windjacken, ...","robots":{"index":"index","follow":"follow","max-snippet":"max-snippet:-1","max-image-preview":"max-image-preview:large","max-video-preview":"max-video-preview:-1"},"canonical":"https:\/\/printcubator.net\/de\/produkt\/satin-matt-limbach\/","og_locale":"de_DE","og_type":"article","og_title":"Limbach Matt Satin - Printcubator","og_description":"Limbach ist ein leichtes, wasserabweisendes Gewebe, das vor den Elementen und Windb\u00f6en sch\u00fctzt und ideal f\u00fcr die Herstellung von Ponchos, Windjacken, ...","og_url":"https:\/\/printcubator.net\/de\/produkt\/satin-matt-limbach\/","og_site_name":"Printcubator","article_modified_time":"2025-03-20T12:31:46+00:00","og_image":[{"width":1164,"height":1164,"url":"https:\/\/printcubator.net\/wp-content\/uploads\/2025\/01\/limbach.png","type":"image\/png"}],"twitter_card":"summary_large_image","twitter_misc":{"Gesch\u00e4tzte Lesezeit":"1\u00a0Minute"},"schema":{"@context":"https:\/\/schema.org","@graph":[{"@type":"WebPage","@id":"https:\/\/printcubator.net\/de\/produkt\/satin-matt-limbach\/","url":"https:\/\/printcubator.net\/de\/produkt\/satin-matt-limbach\/","name":"Limbach Matt Satin - Printcubator","isPartOf":{"@id":"https:\/\/printcubator.net\/de\/#website"},"primaryImageOfPage":{"@id":"https:\/\/printcubator.net\/de\/produkt\/satin-matt-limbach\/#primaryimage"},"image":{"@id":"https:\/\/printcubator.net\/de\/produkt\/satin-matt-limbach\/#primaryimage"},"thumbnailUrl":"https:\/\/printcubator.net\/wp-content\/uploads\/2025\/01\/limbach.png","datePublished":"2025-01-22T13:18:08+00:00","dateModified":"2025-03-20T12:31:46+00:00","description":"Limbach ist ein leichtes, wasserabweisendes Gewebe, das vor den Elementen und Windb\u00f6en sch\u00fctzt und ideal f\u00fcr die Herstellung von Ponchos, Windjacken, ...","breadcrumb":{"@id":"https:\/\/printcubator.net\/de\/produkt\/satin-matt-limbach\/#breadcrumb"},"inLanguage":"de","potentialAction":[{"@type":"ReadAction","target":["https:\/\/printcubator.net\/de\/produkt\/satin-matt-limbach\/"]}]},{"@type":"ImageObject","inLanguage":"de","@id":"https:\/\/printcubator.net\/de\/produkt\/satin-matt-limbach\/#primaryimage","url":"https:\/\/printcubator.net\/wp-content\/uploads\/2025\/01\/limbach.png","contentUrl":"https:\/\/printcubator.net\/wp-content\/uploads\/2025\/01\/limbach.png","width":1164,"height":1164},{"@type":"BreadcrumbList","@id":"https:\/\/printcubator.net\/de\/produkt\/satin-matt-limbach\/#breadcrumb","itemListElement":[{"@type":"ListItem","position":1,"name":"Home","item":"https:\/\/printcubator.net\/de\/startseite\/"},{"@type":"ListItem","position":2,"name":"Shop","item":"https:\/\/printcubator.net\/de\/shop\/"},{"@type":"ListItem","position":3,"name":"Limbach Matt Satin"}]},{"@type":"WebSite","@id":"https:\/\/printcubator.net\/de\/#website","url":"https:\/\/printcubator.net\/de\/","name":"Printcubator","description":"","publisher":{"@id":"https:\/\/printcubator.net\/de\/#organization"},"potentialAction":[{"@type":"SearchAction","target":{"@type":"EntryPoint","urlTemplate":"https:\/\/printcubator.net\/de\/?s={search_term_string}"},"query-input":{"@type":"PropertyValueSpecification","valueRequired":true,"valueName":"search_term_string"}}],"inLanguage":"de"},{"@type":"Organization","@id":"https:\/\/printcubator.net\/de\/#organization","name":"Printcubator","url":"https:\/\/printcubator.net\/de\/","logo":{"@type":"ImageObject","inLanguage":"de","@id":"https:\/\/printcubator.net\/de\/#\/schema\/logo\/image\/","url":"https:\/\/printcubator.net\/wp-content\/uploads\/2024\/07\/logo.png","contentUrl":"https:\/\/printcubator.net\/wp-content\/uploads\/2024\/07\/logo.png","width":345,"height":304,"caption":"Printcubator"},"image":{"@id":"https:\/\/printcubator.net\/de\/#\/schema\/logo\/image\/"}}]}},"wcpa_form_fields":{"wcpaData":{"product":{"product_price":7.77,"price_html":"<span class=\"price\"><strong>Bis<\/strong> <span class=\"woocommerce-Price-amount amount\"><bdi>7,77&nbsp;<span class=\"woocommerce-Price-currencySymbol\">&euro;<\/span><\/bdi><\/span><\/span>","original_product_price":7.77,"price_including_tax":15.54,"price_excluding_tax":12.95,"product_id":{"parent":3380,"variation":false},"is_variable":true,"stock_status":"instock","stock_quantity":889,"parent_sku":"","product_attributes":{"type-of-order":{"is_variation":true,"values":[]}},"custom_fields":[],"is_taxable":true,"product_name":"Limbach Matt Satin","hasImage":false},"fields":{"sec_766c5d6570291e":{"extra":{"key":"sec_766c5d6570291e","section_id":"sec_766c5d6570291e","name":"Default","status":1,"toggle":true,"enableCl":false,"relations":[{"operator":false,"rules":[{"operator":"AND","rules":{"cl_field":"","cl_relation":"","cl_val":""}}]}],"form_id":12521,"form_rules":{"exclude_from_discount":false,"fee_label":"Fee","disp_hide_options_price":false,"disp_show_section_price":false,"disp_show_field_price":true,"layout_option":"standard","pric_use_as_fee":false,"process_fee_as":"woo_fee"},"layout_option":"standard"},"fields":[[{"active":true,"col":6,"relations":false,"cl_rule":"show","enableCl":false,"price":"","enablePrice":false,"className":"","label_position":"default","desc_position":"default","type":"content","required":false,"elementId":"content_6453089476","label":"BEDINGUNGEN F\u00dcR DAS HOCHLADEN VON DATEIEN","name":"content_6453089476","contentType":"plain","value":"\u2726 Aufl\u00f6sung: mindestens 300 DPI\u2028\n\u2726 Dateigr\u00f6\u00dfe: maximal 150 MB\u2028\n\u2726 Farbprofil: sRGB (IEC61966-2.1)\u2028\n\u2726 Dateibenennung: IhrName-Anzahl-Stoffname (Platzhalter ersetzen)\n\u2028\u2726 Dateiformat: TIFF","error":false,"gt_translate_keys":["label","value"],"price_dependency":false,"cl_dependency":false}],[{"label":"Design","active":true,"required":true,"elementId":"file-5644350149","upload_type":"droppable","file_types":["design"],"description":"TIFF-Format","name":"file-5644350149","label_position":"default","desc_position":"default","enablePrice":false,"className":"","enableCl":false,"relations":false,"uploadSize":"500","exts_supported":[".tiff"],"price":"","cl_rule":"show","col":6,"type":"file","error":false,"enable_quantity":false,"quantity_decimal":false,"quantity_step":"1","quantity_label":"Quantity","repeater":false,"repeater_field_label":"Design hinzuf\u00fcgen","repeater_bind":"","repeater_bind_field":"file-5644350149","repeater_max":"7","repeater_add_label":"Design hinzuf\u00fcgen","repeater_remove_label":" Design entfernen","min_quantity":"1","minUploadSize":"12","max_quantity":"48","hideFieldIn_cart":false,"multiple_upload":false,"allowedFileTypes":".tiff,image\/*,.psd,.pdf,.eps,.ai,.indd,.raw","gt_translate_keys":["label","description","repeater_field_label","repeater_add_label","repeater_remove_label","quantity_label"],"price_dependency":false,"cl_dependency":false,"value":""}]]}},"config":{"price_override":"","enable_recaptcha":false,"bind_quantity":false,"quantity_bind_formula":false,"disp_summ_show_option_price":true,"disp_summ_show_product_price":true,"disp_summ_show_total_price":true,"disp_summ_show_fee":false,"disp_summ_show_discount":false,"summary_title":"","options_total_label":"Options Price","total_label":"Total","options_product_label":"Product Price","fee_label":"Fee","discount_label":"Discount","has_price":true,"has_quantity_formula":false},"mc_unit":1,"tax_rate":1,"tax_rate_real":0.2,"discount":{"percentage":0,"fixed":0},"design":{"conf":{"LabelPosition":"above","DescPosition":"above","UploadField":"custom_1","QuantityFieldStyle":"default"},"css":{"LeftLabelWidth":"120px"}},"formulas":[],"clones":false,"cartKey":false}},"_links":{"self":[{"href":"https:\/\/printcubator.net\/de\/wp-json\/wp\/v2\/product\/3380","targetHints":{"allow":["GET"]}}],"collection":[{"href":"https:\/\/printcubator.net\/de\/wp-json\/wp\/v2\/product"}],"about":[{"href":"https:\/\/printcubator.net\/de\/wp-json\/wp\/v2\/types\/product"}],"replies":[{"embeddable":true,"href":"https:\/\/printcubator.net\/de\/wp-json\/wp\/v2\/comments?post=3380"}],"wp:featuredmedia":[{"embeddable":true,"href":"https:\/\/printcubator.net\/de\/wp-json\/wp\/v2\/media\/13076"}],"wp:attachment":[{"href":"https:\/\/printcubator.net\/de\/wp-json\/wp\/v2\/media?parent=3380"}],"wp:term":[{"taxonomy":"product_brand","embeddable":true,"href":"https:\/\/printcubator.net\/de\/wp-json\/wp\/v2\/product_brand?post=3380"},{"taxonomy":"product_cat","embeddable":true,"href":"https:\/\/printcubator.net\/de\/wp-json\/wp\/v2\/product_cat?post=3380"},{"taxonomy":"product_tag","embeddable":true,"href":"https:\/\/printcubator.net\/de\/wp-json\/wp\/v2\/product_tag?post=3380"}],"curies":[{"name":"wp","href":"https:\/\/api.w.org\/{rel}","templated":true}]}}