{"id":3482,"date":"2025-04-16T09:26:14","date_gmt":"2025-04-16T09:26:14","guid":{"rendered":"https:\/\/printcubator.net\/?post_type=product&#038;p=3482"},"modified":"2025-05-16T08:57:39","modified_gmt":"2025-05-16T08:57:39","slug":"spica-tischlaufer","status":"publish","type":"product","link":"https:\/\/printcubator.net\/de\/produkt\/spica-tischlaufer\/","title":{"rendered":"Spica Tischl\u00e4ufer"},"content":{"rendered":"<p>Personalisieren Sie Ihren Tisch mit Ihren eigenen Designs und verleihen Sie ihm eine wirklich einzigartige Note. Der aus hochwertigen Stoffen gefertigte Tischl\u00e4ufer Spica verbindet Funktionalit\u00e4t und Eleganz. <span class=\"Apple-converted-space\"> <\/span><\/p>\n<p>Unsere lebendigen, langlebigen Drucke werden in unserer Mikrofabrik in Frankreich mit modernster Technologie hergestellt. Jeder Tischl\u00e4ufer wird anschlie\u00dfend von unserer erfahrenen Schneiderin in sorgf\u00e4ltiger Handarbeit direkt in unserem B\u00fcro gefertigt, um au\u00dfergew\u00f6hnliche Qualit\u00e4t zu gew\u00e4hrleisten. <\/p>\n<p>Verf\u00fcgbare Stoffe:<\/p>\n<ul>\n<li>Coburg 150 Bio<\/li>\n<li>Castell<\/li>\n<li>Husum Bio<\/li>\n<li>Dortmund<\/li>\n<li>Palazio<\/li>\n<\/ul>\n<p>&nbsp;<\/p>\n<p>Versandinformationen: Bitte beachten Sie, dass Bestellungen innerhalb von 7 bis 10 Tagen versendet werden k\u00f6nnen.<\/p>\n<hr>\n\n","protected":false},"excerpt":{"rendered":"<p>Personalisieren Sie Ihren Tisch mit Ihren eigenen Designs und verleihen Sie ihm eine wirklich einzigartige Note. Der aus hochwertigen Stoffen gefertigte Tischl\u00e4ufer Spica verbindet Funktionalit\u00e4t und Eleganz. <\/p>\n<p>Unsere lebendigen, langlebigen Drucke werden in unserer Mikrofabrik in Frankreich mit modernster Technologie hergestellt. Jeder Tischl\u00e4ufer wird anschlie\u00dfend von unserer erfahrenen Schneiderin in sorgf\u00e4ltiger Handarbeit direkt in unserem B\u00fcro gefertigt, um au\u00dfergew\u00f6hnliche Qualit\u00e4t zu gew\u00e4hrleisten. <\/p>\n<p>Die Mindestbestellmenge betr\u00e4gt 10 St\u00fcck.<\/p>\n<p><strong>Wenn Sie an unseren Konfektionsdienstleistungen interessiert sind, geben Sie bitte alle erforderlichen Informationen in das unten stehende Preisanfrageformular ein.<\/strong><\/p>\n<p><em>Fragen? Nutzen Sie den Chat oder schreiben Sie uns eine E-Mail an  <\/em><a href=\"mailto:printcubator@mitwill.com\"><span class=\"elementor-icon-list-text\">printcubator@mitwill.com<\/span><\/a><em>\u2014 wir helfen Ihnen gerne!<\/em><\/p>\n","protected":false},"featured_media":9741,"comment_status":"open","ping_status":"closed","template":"","meta":{"_acf_changed":false,"_monsterinsights_skip_tracking":false,"_monsterinsights_sitenote_active":false,"_monsterinsights_sitenote_note":"","_monsterinsights_sitenote_category":0},"product_brand":[],"product_cat":[551,568],"product_tag":[],"class_list":{"0":"post-3482","1":"product","2":"type-product","3":"status-publish","4":"has-post-thumbnail","6":"product_cat-produkte","7":"product_cat-tischwaesche","8":"wcpa_has_options","10":"first","11":"instock","12":"taxable","13":"shipping-taxable","14":"purchasable","15":"product-type-variable"},"acf":[],"yoast_head":"<!-- This site is optimized with the Yoast SEO plugin v24.8.1 - https:\/\/yoast.com\/wordpress\/plugins\/seo\/ -->\n<title>Spica Tischl\u00e4ufer - Printcubator<\/title>\n<meta name=\"robots\" content=\"index, follow, max-snippet:-1, max-image-preview:large, max-video-preview:-1\" \/>\n<link rel=\"canonical\" href=\"https:\/\/printcubator.net\/de\/produkt\/spica-tischlaufer\/\" \/>\n<meta property=\"og:locale\" content=\"de_DE\" \/>\n<meta property=\"og:type\" content=\"article\" \/>\n<meta property=\"og:title\" content=\"Spica Tischl\u00e4ufer - Printcubator\" \/>\n<meta property=\"og:description\" content=\"Personalisieren Sie Ihren Tisch mit Ihren eigenen Designs und verleihen Sie ihm eine wirklich einzigartige Note. Der aus hochwertigen Stoffen gefertigte Tischl\u00e4ufer Spica verbindet Funktionalit\u00e4t und Eleganz.  Unsere lebendigen, langlebigen Drucke werden in unserer Mikrofabrik in Frankreich mit modernster Technologie hergestellt. Jeder Tischl\u00e4ufer wird anschlie\u00dfend von unserer erfahrenen Schneiderin in sorgf\u00e4ltiger Handarbeit direkt in unserem B\u00fcro gefertigt, um au\u00dfergew\u00f6hnliche Qualit\u00e4t zu gew\u00e4hrleisten.  Die Mindestbestellmenge betr\u00e4gt 10 St\u00fcck. Wenn Sie an unseren Konfektionsdienstleistungen interessiert sind, geben Sie bitte alle erforderlichen Informationen in das unten stehende Preisanfrageformular ein. Fragen? Nutzen Sie den Chat oder schreiben Sie uns eine E-Mail an printcubator@mitwill.com\u2014 wir helfen Ihnen gerne!\" \/>\n<meta property=\"og:url\" content=\"https:\/\/printcubator.net\/de\/produkt\/spica-tischlaufer\/\" \/>\n<meta property=\"og:site_name\" content=\"Printcubator\" \/>\n<meta property=\"article:modified_time\" content=\"2025-05-16T08:57:39+00:00\" \/>\n<meta property=\"og:image\" content=\"https:\/\/printcubator.net\/wp-content\/uploads\/2025\/04\/Untitled-design-3.png\" \/>\n\t<meta property=\"og:image:width\" content=\"1134\" \/>\n\t<meta property=\"og:image:height\" content=\"1134\" \/>\n\t<meta property=\"og:image:type\" content=\"image\/png\" \/>\n<meta name=\"twitter:card\" content=\"summary_large_image\" \/>\n<script type=\"application\/ld+json\" class=\"yoast-schema-graph\">{\"@context\":\"https:\/\/schema.org\",\"@graph\":[{\"@type\":\"WebPage\",\"@id\":\"https:\/\/printcubator.net\/de\/produkt\/spica-tischlaufer\/\",\"url\":\"https:\/\/printcubator.net\/de\/produkt\/spica-tischlaufer\/\",\"name\":\"Spica Tischl\u00e4ufer - Printcubator\",\"isPartOf\":{\"@id\":\"https:\/\/printcubator.net\/de\/#website\"},\"primaryImageOfPage\":{\"@id\":\"https:\/\/printcubator.net\/de\/produkt\/spica-tischlaufer\/#primaryimage\"},\"image\":{\"@id\":\"https:\/\/printcubator.net\/de\/produkt\/spica-tischlaufer\/#primaryimage\"},\"thumbnailUrl\":\"https:\/\/printcubator.net\/wp-content\/uploads\/2025\/04\/Untitled-design-3.png\",\"datePublished\":\"2025-04-16T09:26:14+00:00\",\"dateModified\":\"2025-05-16T08:57:39+00:00\",\"breadcrumb\":{\"@id\":\"https:\/\/printcubator.net\/de\/produkt\/spica-tischlaufer\/#breadcrumb\"},\"inLanguage\":\"de\",\"potentialAction\":[{\"@type\":\"ReadAction\",\"target\":[\"https:\/\/printcubator.net\/de\/produkt\/spica-tischlaufer\/\"]}]},{\"@type\":\"ImageObject\",\"inLanguage\":\"de\",\"@id\":\"https:\/\/printcubator.net\/de\/produkt\/spica-tischlaufer\/#primaryimage\",\"url\":\"https:\/\/printcubator.net\/wp-content\/uploads\/2025\/04\/Untitled-design-3.png\",\"contentUrl\":\"https:\/\/printcubator.net\/wp-content\/uploads\/2025\/04\/Untitled-design-3.png\",\"width\":1134,\"height\":1134},{\"@type\":\"BreadcrumbList\",\"@id\":\"https:\/\/printcubator.net\/de\/produkt\/spica-tischlaufer\/#breadcrumb\",\"itemListElement\":[{\"@type\":\"ListItem\",\"position\":1,\"name\":\"Home\",\"item\":\"https:\/\/printcubator.net\/de\/startseite\/\"},{\"@type\":\"ListItem\",\"position\":2,\"name\":\"Shop\",\"item\":\"https:\/\/printcubator.net\/de\/shop\/\"},{\"@type\":\"ListItem\",\"position\":3,\"name\":\"Spica Tischl\u00e4ufer\"}]},{\"@type\":\"WebSite\",\"@id\":\"https:\/\/printcubator.net\/de\/#website\",\"url\":\"https:\/\/printcubator.net\/de\/\",\"name\":\"Printcubator\",\"description\":\"\",\"publisher\":{\"@id\":\"https:\/\/printcubator.net\/de\/#organization\"},\"potentialAction\":[{\"@type\":\"SearchAction\",\"target\":{\"@type\":\"EntryPoint\",\"urlTemplate\":\"https:\/\/printcubator.net\/de\/?s={search_term_string}\"},\"query-input\":{\"@type\":\"PropertyValueSpecification\",\"valueRequired\":true,\"valueName\":\"search_term_string\"}}],\"inLanguage\":\"de\"},{\"@type\":\"Organization\",\"@id\":\"https:\/\/printcubator.net\/de\/#organization\",\"name\":\"Printcubator\",\"url\":\"https:\/\/printcubator.net\/de\/\",\"logo\":{\"@type\":\"ImageObject\",\"inLanguage\":\"de\",\"@id\":\"https:\/\/printcubator.net\/de\/#\/schema\/logo\/image\/\",\"url\":\"https:\/\/printcubator.net\/wp-content\/uploads\/2024\/07\/logo.png\",\"contentUrl\":\"https:\/\/printcubator.net\/wp-content\/uploads\/2024\/07\/logo.png\",\"width\":345,\"height\":304,\"caption\":\"Printcubator\"},\"image\":{\"@id\":\"https:\/\/printcubator.net\/de\/#\/schema\/logo\/image\/\"}}]}<\/script>\n<!-- \/ Yoast SEO plugin. -->","yoast_head_json":{"title":"Spica Tischl\u00e4ufer - Printcubator","robots":{"index":"index","follow":"follow","max-snippet":"max-snippet:-1","max-image-preview":"max-image-preview:large","max-video-preview":"max-video-preview:-1"},"canonical":"https:\/\/printcubator.net\/de\/produkt\/spica-tischlaufer\/","og_locale":"de_DE","og_type":"article","og_title":"Spica Tischl\u00e4ufer - Printcubator","og_description":"Personalisieren Sie Ihren Tisch mit Ihren eigenen Designs und verleihen Sie ihm eine wirklich einzigartige Note. Der aus hochwertigen Stoffen gefertigte Tischl\u00e4ufer Spica verbindet Funktionalit\u00e4t und Eleganz.  Unsere lebendigen, langlebigen Drucke werden in unserer Mikrofabrik in Frankreich mit modernster Technologie hergestellt. Jeder Tischl\u00e4ufer wird anschlie\u00dfend von unserer erfahrenen Schneiderin in sorgf\u00e4ltiger Handarbeit direkt in unserem B\u00fcro gefertigt, um au\u00dfergew\u00f6hnliche Qualit\u00e4t zu gew\u00e4hrleisten.  Die Mindestbestellmenge betr\u00e4gt 10 St\u00fcck. Wenn Sie an unseren Konfektionsdienstleistungen interessiert sind, geben Sie bitte alle erforderlichen Informationen in das unten stehende Preisanfrageformular ein. Fragen? Nutzen Sie den Chat oder schreiben Sie uns eine E-Mail an printcubator@mitwill.com\u2014 wir helfen Ihnen gerne!","og_url":"https:\/\/printcubator.net\/de\/produkt\/spica-tischlaufer\/","og_site_name":"Printcubator","article_modified_time":"2025-05-16T08:57:39+00:00","og_image":[{"width":1134,"height":1134,"url":"https:\/\/printcubator.net\/wp-content\/uploads\/2025\/04\/Untitled-design-3.png","type":"image\/png"}],"twitter_card":"summary_large_image","schema":{"@context":"https:\/\/schema.org","@graph":[{"@type":"WebPage","@id":"https:\/\/printcubator.net\/de\/produkt\/spica-tischlaufer\/","url":"https:\/\/printcubator.net\/de\/produkt\/spica-tischlaufer\/","name":"Spica Tischl\u00e4ufer - Printcubator","isPartOf":{"@id":"https:\/\/printcubator.net\/de\/#website"},"primaryImageOfPage":{"@id":"https:\/\/printcubator.net\/de\/produkt\/spica-tischlaufer\/#primaryimage"},"image":{"@id":"https:\/\/printcubator.net\/de\/produkt\/spica-tischlaufer\/#primaryimage"},"thumbnailUrl":"https:\/\/printcubator.net\/wp-content\/uploads\/2025\/04\/Untitled-design-3.png","datePublished":"2025-04-16T09:26:14+00:00","dateModified":"2025-05-16T08:57:39+00:00","breadcrumb":{"@id":"https:\/\/printcubator.net\/de\/produkt\/spica-tischlaufer\/#breadcrumb"},"inLanguage":"de","potentialAction":[{"@type":"ReadAction","target":["https:\/\/printcubator.net\/de\/produkt\/spica-tischlaufer\/"]}]},{"@type":"ImageObject","inLanguage":"de","@id":"https:\/\/printcubator.net\/de\/produkt\/spica-tischlaufer\/#primaryimage","url":"https:\/\/printcubator.net\/wp-content\/uploads\/2025\/04\/Untitled-design-3.png","contentUrl":"https:\/\/printcubator.net\/wp-content\/uploads\/2025\/04\/Untitled-design-3.png","width":1134,"height":1134},{"@type":"BreadcrumbList","@id":"https:\/\/printcubator.net\/de\/produkt\/spica-tischlaufer\/#breadcrumb","itemListElement":[{"@type":"ListItem","position":1,"name":"Home","item":"https:\/\/printcubator.net\/de\/startseite\/"},{"@type":"ListItem","position":2,"name":"Shop","item":"https:\/\/printcubator.net\/de\/shop\/"},{"@type":"ListItem","position":3,"name":"Spica Tischl\u00e4ufer"}]},{"@type":"WebSite","@id":"https:\/\/printcubator.net\/de\/#website","url":"https:\/\/printcubator.net\/de\/","name":"Printcubator","description":"","publisher":{"@id":"https:\/\/printcubator.net\/de\/#organization"},"potentialAction":[{"@type":"SearchAction","target":{"@type":"EntryPoint","urlTemplate":"https:\/\/printcubator.net\/de\/?s={search_term_string}"},"query-input":{"@type":"PropertyValueSpecification","valueRequired":true,"valueName":"search_term_string"}}],"inLanguage":"de"},{"@type":"Organization","@id":"https:\/\/printcubator.net\/de\/#organization","name":"Printcubator","url":"https:\/\/printcubator.net\/de\/","logo":{"@type":"ImageObject","inLanguage":"de","@id":"https:\/\/printcubator.net\/de\/#\/schema\/logo\/image\/","url":"https:\/\/printcubator.net\/wp-content\/uploads\/2024\/07\/logo.png","contentUrl":"https:\/\/printcubator.net\/wp-content\/uploads\/2024\/07\/logo.png","width":345,"height":304,"caption":"Printcubator"},"image":{"@id":"https:\/\/printcubator.net\/de\/#\/schema\/logo\/image\/"}}]}},"wcpa_form_fields":{"wcpaData":{"product":{"product_price":11.32,"price_html":"<span class=\"woocommerce-Price-amount amount\" aria-hidden=\"true\"><bdi>11,32&nbsp;<span class=\"woocommerce-Price-currencySymbol\">&euro;<\/span><\/bdi><\/span> <span aria-hidden=\"true\"> \u2013 <\/span> <span class=\"woocommerce-Price-amount amount\" aria-hidden=\"true\"><bdi>30,20&nbsp;<span class=\"woocommerce-Price-currencySymbol\">&euro;<\/span><\/bdi><\/span><span class=\"screen-reader-text\">Preisspanne: 11,32&nbsp;&euro; bis 30,20&nbsp;&euro;<\/span>","original_product_price":11.32,"price_including_tax":13.58,"price_excluding_tax":11.32,"product_id":{"parent":3482,"variation":false},"is_variable":true,"stock_status":"instock","stock_quantity":25,"parent_sku":"","product_attributes":{"size":{"is_variation":true,"values":[]},"fabric-quality":{"is_variation":true,"values":[]}},"custom_fields":[],"is_taxable":true,"product_name":"Spica Tischl\u00e4ufer","hasImage":false},"fields":{"sec_766c5d6570291e":{"extra":{"key":"sec_766c5d6570291e","section_id":"sec_766c5d6570291e","name":"Default","status":1,"toggle":true,"enableCl":false,"relations":[{"operator":false,"rules":[{"operator":"AND","rules":{"cl_field":"","cl_relation":"","cl_val":""}}]}],"form_id":12521,"form_rules":{"exclude_from_discount":false,"fee_label":"Fee","disp_hide_options_price":false,"disp_show_section_price":false,"disp_show_field_price":true,"layout_option":"standard","pric_use_as_fee":false,"process_fee_as":"woo_fee"},"layout_option":"standard"},"fields":[[{"active":true,"col":6,"relations":false,"cl_rule":"show","enableCl":false,"price":"","enablePrice":false,"className":"","label_position":"default","desc_position":"default","type":"content","required":false,"elementId":"content_6453089476","label":"BEDINGUNGEN F\u00dcR DAS HOCHLADEN VON DATEIEN","name":"content_6453089476","contentType":"plain","value":"\u2726 Aufl\u00f6sung: mindestens 300 DPI\u2028\n\u2726 Dateigr\u00f6\u00dfe: maximal 150 MB\u2028\n\u2726 Farbprofil: sRGB (IEC61966-2.1)\u2028\n\u2726 Dateibenennung: IhrName-Anzahl-Stoffname (Platzhalter ersetzen)\n\u2028\u2726 Dateiformat: TIFF","error":false,"gt_translate_keys":["label","value"],"price_dependency":false,"cl_dependency":false}],[{"label":"Design","active":true,"required":true,"elementId":"file-5644350149","upload_type":"droppable","file_types":["design"],"description":"TIFF-Format","name":"file-5644350149","label_position":"default","desc_position":"default","enablePrice":false,"className":"","enableCl":false,"relations":false,"uploadSize":"500","exts_supported":[".tiff"],"price":"","cl_rule":"show","col":6,"type":"file","error":false,"enable_quantity":false,"quantity_decimal":false,"quantity_step":"1","quantity_label":"Quantity","repeater":false,"repeater_field_label":"Design hinzuf\u00fcgen","repeater_bind":"","repeater_bind_field":"file-5644350149","repeater_max":"7","repeater_add_label":"Design hinzuf\u00fcgen","repeater_remove_label":" Design entfernen","min_quantity":"1","minUploadSize":"12","max_quantity":"48","hideFieldIn_cart":false,"multiple_upload":false,"allowedFileTypes":".tiff,image\/*,.psd,.pdf,.eps,.ai,.indd,.raw","gt_translate_keys":["label","description","repeater_field_label","repeater_add_label","repeater_remove_label","quantity_label"],"price_dependency":false,"cl_dependency":false,"value":""}]]}},"config":{"price_override":"","enable_recaptcha":false,"bind_quantity":false,"quantity_bind_formula":false,"disp_summ_show_option_price":true,"disp_summ_show_product_price":true,"disp_summ_show_total_price":true,"disp_summ_show_fee":false,"disp_summ_show_discount":false,"summary_title":"","options_total_label":"Options Price","total_label":"Total","options_product_label":"Product Price","fee_label":"Fee","discount_label":"Discount","has_price":true,"has_quantity_formula":false},"mc_unit":1,"tax_rate":1,"tax_rate_real":0.2,"discount":{"percentage":0,"fixed":0},"design":{"conf":{"LabelPosition":"above","DescPosition":"above","UploadField":"custom_1","QuantityFieldStyle":"default"},"css":{"LeftLabelWidth":"120px"}},"formulas":[],"clones":false,"cartKey":false}},"_links":{"self":[{"href":"https:\/\/printcubator.net\/de\/wp-json\/wp\/v2\/product\/3482","targetHints":{"allow":["GET"]}}],"collection":[{"href":"https:\/\/printcubator.net\/de\/wp-json\/wp\/v2\/product"}],"about":[{"href":"https:\/\/printcubator.net\/de\/wp-json\/wp\/v2\/types\/product"}],"replies":[{"embeddable":true,"href":"https:\/\/printcubator.net\/de\/wp-json\/wp\/v2\/comments?post=3482"}],"wp:featuredmedia":[{"embeddable":true,"href":"https:\/\/printcubator.net\/de\/wp-json\/wp\/v2\/media\/9741"}],"wp:attachment":[{"href":"https:\/\/printcubator.net\/de\/wp-json\/wp\/v2\/media?parent=3482"}],"wp:term":[{"taxonomy":"product_brand","embeddable":true,"href":"https:\/\/printcubator.net\/de\/wp-json\/wp\/v2\/product_brand?post=3482"},{"taxonomy":"product_cat","embeddable":true,"href":"https:\/\/printcubator.net\/de\/wp-json\/wp\/v2\/product_cat?post=3482"},{"taxonomy":"product_tag","embeddable":true,"href":"https:\/\/printcubator.net\/de\/wp-json\/wp\/v2\/product_tag?post=3482"}],"curies":[{"name":"wp","href":"https:\/\/api.w.org\/{rel}","templated":true}]}}