{"id":4296,"date":"2025-03-05T10:47:55","date_gmt":"2025-03-05T10:47:55","guid":{"rendered":"https:\/\/printcubator.net\/?post_type=product&#038;p=4296"},"modified":"2025-11-03T13:16:06","modified_gmt":"2025-11-03T13:16:06","slug":"torsac-seidenkoper","status":"publish","type":"product","link":"https:\/\/printcubator.net\/de\/produkt\/torsac-seidenkoper\/","title":{"rendered":"Torsac Seidenk\u00f6per"},"content":{"rendered":"<div class=\"flex max-w-full flex-col flex-grow\">\n<div class=\"min-h-8 text-message relative flex w-full flex-col items-end gap-2 whitespace-normal break-words text-start [.text-message+&amp;]:mt-5\" dir=\"auto\" data-message-author-role=\"assistant\" data-message-id=\"9e88646d-8851-45a0-b97c-01c96c575cce\" data-message-model-slug=\"gpt-4o\">\n<div class=\"flex w-full flex-col gap-1 empty:hidden first:pt-[3px]\">\n<div class=\"markdown prose w-full break-words dark:prose-invert dark\">\n<p>Torsac ist ein atemberaubender Seidenk\u00f6per, der Drucke wundersch\u00f6n zur Geltung bringt. Mit seiner perfekten Mischung aus Glanz und Weichheit eignet sich dieser Stoff ideal f\u00fcr die Herstellung eleganter, flie\u00dfender Kleidungsst\u00fccke wie Kleider und Blusen sowie luxuri\u00f6ser Schals und Accessoires. <\/p>\n<\/div>\n<\/div>\n<\/div>\n<\/div>\n<ul>\n<li>Webart: Twill<\/li>\n<li>Zusammensetzung: 100% Seide<\/li>\n<li>Gewicht: 68.40 gr\/m2 +\/- 5.0%<\/li>\n<li>Nutzbreite: 92.00 cm +\/- 2.0%<\/li>\n<li>Druckverfahren: reaktive Druckfarben<\/li>\n<\/ul>\n<p>&nbsp;<\/p>\n<p>Versand:<\/p>\n<ul>\n<li>Bestellungen unter 50m: Lieferung innerhalb von 1 bis 2 Wochen.<\/li>\n<li>Bestellungen \u00fcber 50 m: Die Lieferfrist wird bei der Bestellung vereinbart.<\/li>\n<\/ul>\n<p>&nbsp;<\/p>\n<p>Unsere Mindestbestellmenge betr\u00e4gt 5 Meter.<\/p>\n<p>Wenn Sie eine Vorschau auf Ihr Design haben m\u00f6chten, bevor Sie eine vollst\u00e4ndige Bestellung aufgeben, k\u00f6nnen Sie einen Testdruck \u00fcber die gesamte Breite von 50 cm anfordern. So k\u00f6nnen Sie sehen, wie Ihr Motiv auf dem Stoff erscheint. <\/p>\n<p>=&gt;&gt; Kontaktieren Sie uns, wenn Sie mehr als 200 Meter kaufen m\u00f6chten.<\/p>\n","protected":false},"excerpt":{"rendered":"<p>Torsac ist ein atemberaubender Seidenk\u00f6per, der Drucke wundersch\u00f6n zur Geltung bringt. Mit seiner perfekten Mischung aus Glanz und Weichheit eignet sich dieser Stoff ideal f\u00fcr die Herstellung eleganter, flie\u00dfender Kleidungsst\u00fccke wie Kleider und Blusen sowie luxuri\u00f6ser Schals und Accessoires. <\/p>\n<p>Unsere Mindestbestellmenge betr\u00e4gt 5 Meter.<\/p>\n<p>Wenn Sie eine Vorschau auf Ihr Design haben m\u00f6chten, bevor Sie eine vollst\u00e4ndige Bestellung aufgeben, k\u00f6nnen Sie einen Testdruck \u00fcber die gesamte Breite von 50 cm anfordern. So k\u00f6nnen Sie sehen, wie Ihr Motiv auf dem Stoff erscheint. <\/p>\n","protected":false},"featured_media":4232,"comment_status":"open","ping_status":"closed","template":"","meta":{"_acf_changed":false,"_monsterinsights_skip_tracking":false,"_monsterinsights_sitenote_active":false,"_monsterinsights_sitenote_note":"","_monsterinsights_sitenote_category":0},"product_brand":[],"product_cat":[610,593,597,549,539,120,411,412,428,119],"product_tag":[],"class_list":{"0":"post-4296","1":"product","2":"type-product","3":"status-publish","4":"has-post-thumbnail","6":"product_cat-blusen","7":"product_cat-dresses-de","8":"product_cat-schals","9":"product_cat-alle-stoffe","10":"product_cat-furoshiki-de","11":"product_cat-seide","12":"product_cat-bio-natural","13":"product_cat-natuerlich","14":"product_cat-twill-de","15":"product_cat-neuheiten","16":"wcpa_has_options","18":"first","19":"instock","20":"taxable","21":"shipping-taxable","22":"purchasable","23":"product-type-variable"},"acf":[],"yoast_head":"<!-- This site is optimized with the Yoast SEO plugin v24.8.1 - https:\/\/yoast.com\/wordpress\/plugins\/seo\/ -->\n<title>Torsac Seidenk\u00f6per - Printcubator<\/title>\n<meta name=\"description\" content=\"Torsac ist ein atemberaubender Seidenk\u00f6per, der Drucke wundersch\u00f6n zur Geltung bringt. Mit seiner perfekten Mischung aus Glanz und Weichheit eignet sich dieser Stoff ideal f\u00fcr die Herstellung eleganter, flie\u00dfender Kleidungsst\u00fccke wie Kleider und Blusen sowie luxuri\u00f6ser Schals und Accessoires.\" \/>\n<meta name=\"robots\" content=\"index, follow, max-snippet:-1, max-image-preview:large, max-video-preview:-1\" \/>\n<link rel=\"canonical\" href=\"https:\/\/printcubator.net\/de\/produkt\/torsac-seidenkoper\/\" \/>\n<meta property=\"og:locale\" content=\"de_DE\" \/>\n<meta property=\"og:type\" content=\"article\" \/>\n<meta property=\"og:title\" content=\"Torsac Seidenk\u00f6per - Printcubator\" \/>\n<meta property=\"og:description\" content=\"Torsac ist ein atemberaubender Seidenk\u00f6per, der Drucke wundersch\u00f6n zur Geltung bringt. Mit seiner perfekten Mischung aus Glanz und Weichheit eignet sich dieser Stoff ideal f\u00fcr die Herstellung eleganter, flie\u00dfender Kleidungsst\u00fccke wie Kleider und Blusen sowie luxuri\u00f6ser Schals und Accessoires.\" \/>\n<meta property=\"og:url\" content=\"https:\/\/printcubator.net\/de\/produkt\/torsac-seidenkoper\/\" \/>\n<meta property=\"og:site_name\" content=\"Printcubator\" \/>\n<meta property=\"article:modified_time\" content=\"2025-11-03T13:16:06+00:00\" \/>\n<meta property=\"og:image\" content=\"https:\/\/printcubator.net\/wp-content\/uploads\/2025\/02\/torsac_0002.jpg\" \/>\n\t<meta property=\"og:image:width\" content=\"1134\" \/>\n\t<meta property=\"og:image:height\" content=\"1134\" \/>\n\t<meta property=\"og:image:type\" content=\"image\/jpeg\" \/>\n<meta name=\"twitter:card\" content=\"summary_large_image\" \/>\n<meta name=\"twitter:label1\" content=\"Gesch\u00e4tzte Lesezeit\" \/>\n\t<meta name=\"twitter:data1\" content=\"1\u00a0Minute\" \/>\n<script type=\"application\/ld+json\" class=\"yoast-schema-graph\">{\"@context\":\"https:\/\/schema.org\",\"@graph\":[{\"@type\":\"WebPage\",\"@id\":\"https:\/\/printcubator.net\/de\/produkt\/torsac-seidenkoper\/\",\"url\":\"https:\/\/printcubator.net\/de\/produkt\/torsac-seidenkoper\/\",\"name\":\"Torsac Seidenk\u00f6per - Printcubator\",\"isPartOf\":{\"@id\":\"https:\/\/printcubator.net\/de\/#website\"},\"primaryImageOfPage\":{\"@id\":\"https:\/\/printcubator.net\/de\/produkt\/torsac-seidenkoper\/#primaryimage\"},\"image\":{\"@id\":\"https:\/\/printcubator.net\/de\/produkt\/torsac-seidenkoper\/#primaryimage\"},\"thumbnailUrl\":\"https:\/\/printcubator.net\/wp-content\/uploads\/2025\/02\/torsac_0002.jpg\",\"datePublished\":\"2025-03-05T10:47:55+00:00\",\"dateModified\":\"2025-11-03T13:16:06+00:00\",\"description\":\"Torsac ist ein atemberaubender Seidenk\u00f6per, der Drucke wundersch\u00f6n zur Geltung bringt. Mit seiner perfekten Mischung aus Glanz und Weichheit eignet sich dieser Stoff ideal f\u00fcr die Herstellung eleganter, flie\u00dfender Kleidungsst\u00fccke wie Kleider und Blusen sowie luxuri\u00f6ser Schals und Accessoires.\",\"breadcrumb\":{\"@id\":\"https:\/\/printcubator.net\/de\/produkt\/torsac-seidenkoper\/#breadcrumb\"},\"inLanguage\":\"de\",\"potentialAction\":[{\"@type\":\"ReadAction\",\"target\":[\"https:\/\/printcubator.net\/de\/produkt\/torsac-seidenkoper\/\"]}]},{\"@type\":\"ImageObject\",\"inLanguage\":\"de\",\"@id\":\"https:\/\/printcubator.net\/de\/produkt\/torsac-seidenkoper\/#primaryimage\",\"url\":\"https:\/\/printcubator.net\/wp-content\/uploads\/2025\/02\/torsac_0002.jpg\",\"contentUrl\":\"https:\/\/printcubator.net\/wp-content\/uploads\/2025\/02\/torsac_0002.jpg\",\"width\":1134,\"height\":1134},{\"@type\":\"BreadcrumbList\",\"@id\":\"https:\/\/printcubator.net\/de\/produkt\/torsac-seidenkoper\/#breadcrumb\",\"itemListElement\":[{\"@type\":\"ListItem\",\"position\":1,\"name\":\"Home\",\"item\":\"https:\/\/printcubator.net\/de\/startseite\/\"},{\"@type\":\"ListItem\",\"position\":2,\"name\":\"Shop\",\"item\":\"https:\/\/printcubator.net\/de\/shop\/\"},{\"@type\":\"ListItem\",\"position\":3,\"name\":\"Torsac Seidenk\u00f6per\"}]},{\"@type\":\"WebSite\",\"@id\":\"https:\/\/printcubator.net\/de\/#website\",\"url\":\"https:\/\/printcubator.net\/de\/\",\"name\":\"Printcubator\",\"description\":\"\",\"publisher\":{\"@id\":\"https:\/\/printcubator.net\/de\/#organization\"},\"potentialAction\":[{\"@type\":\"SearchAction\",\"target\":{\"@type\":\"EntryPoint\",\"urlTemplate\":\"https:\/\/printcubator.net\/de\/?s={search_term_string}\"},\"query-input\":{\"@type\":\"PropertyValueSpecification\",\"valueRequired\":true,\"valueName\":\"search_term_string\"}}],\"inLanguage\":\"de\"},{\"@type\":\"Organization\",\"@id\":\"https:\/\/printcubator.net\/de\/#organization\",\"name\":\"Printcubator\",\"url\":\"https:\/\/printcubator.net\/de\/\",\"logo\":{\"@type\":\"ImageObject\",\"inLanguage\":\"de\",\"@id\":\"https:\/\/printcubator.net\/de\/#\/schema\/logo\/image\/\",\"url\":\"https:\/\/printcubator.net\/wp-content\/uploads\/2024\/07\/logo.png\",\"contentUrl\":\"https:\/\/printcubator.net\/wp-content\/uploads\/2024\/07\/logo.png\",\"width\":345,\"height\":304,\"caption\":\"Printcubator\"},\"image\":{\"@id\":\"https:\/\/printcubator.net\/de\/#\/schema\/logo\/image\/\"}}]}<\/script>\n<!-- \/ Yoast SEO plugin. -->","yoast_head_json":{"title":"Torsac Seidenk\u00f6per - Printcubator","description":"Torsac ist ein atemberaubender Seidenk\u00f6per, der Drucke wundersch\u00f6n zur Geltung bringt. Mit seiner perfekten Mischung aus Glanz und Weichheit eignet sich dieser Stoff ideal f\u00fcr die Herstellung eleganter, flie\u00dfender Kleidungsst\u00fccke wie Kleider und Blusen sowie luxuri\u00f6ser Schals und Accessoires.","robots":{"index":"index","follow":"follow","max-snippet":"max-snippet:-1","max-image-preview":"max-image-preview:large","max-video-preview":"max-video-preview:-1"},"canonical":"https:\/\/printcubator.net\/de\/produkt\/torsac-seidenkoper\/","og_locale":"de_DE","og_type":"article","og_title":"Torsac Seidenk\u00f6per - Printcubator","og_description":"Torsac ist ein atemberaubender Seidenk\u00f6per, der Drucke wundersch\u00f6n zur Geltung bringt. Mit seiner perfekten Mischung aus Glanz und Weichheit eignet sich dieser Stoff ideal f\u00fcr die Herstellung eleganter, flie\u00dfender Kleidungsst\u00fccke wie Kleider und Blusen sowie luxuri\u00f6ser Schals und Accessoires.","og_url":"https:\/\/printcubator.net\/de\/produkt\/torsac-seidenkoper\/","og_site_name":"Printcubator","article_modified_time":"2025-11-03T13:16:06+00:00","og_image":[{"width":1134,"height":1134,"url":"https:\/\/printcubator.net\/wp-content\/uploads\/2025\/02\/torsac_0002.jpg","type":"image\/jpeg"}],"twitter_card":"summary_large_image","twitter_misc":{"Gesch\u00e4tzte Lesezeit":"1\u00a0Minute"},"schema":{"@context":"https:\/\/schema.org","@graph":[{"@type":"WebPage","@id":"https:\/\/printcubator.net\/de\/produkt\/torsac-seidenkoper\/","url":"https:\/\/printcubator.net\/de\/produkt\/torsac-seidenkoper\/","name":"Torsac Seidenk\u00f6per - Printcubator","isPartOf":{"@id":"https:\/\/printcubator.net\/de\/#website"},"primaryImageOfPage":{"@id":"https:\/\/printcubator.net\/de\/produkt\/torsac-seidenkoper\/#primaryimage"},"image":{"@id":"https:\/\/printcubator.net\/de\/produkt\/torsac-seidenkoper\/#primaryimage"},"thumbnailUrl":"https:\/\/printcubator.net\/wp-content\/uploads\/2025\/02\/torsac_0002.jpg","datePublished":"2025-03-05T10:47:55+00:00","dateModified":"2025-11-03T13:16:06+00:00","description":"Torsac ist ein atemberaubender Seidenk\u00f6per, der Drucke wundersch\u00f6n zur Geltung bringt. Mit seiner perfekten Mischung aus Glanz und Weichheit eignet sich dieser Stoff ideal f\u00fcr die Herstellung eleganter, flie\u00dfender Kleidungsst\u00fccke wie Kleider und Blusen sowie luxuri\u00f6ser Schals und Accessoires.","breadcrumb":{"@id":"https:\/\/printcubator.net\/de\/produkt\/torsac-seidenkoper\/#breadcrumb"},"inLanguage":"de","potentialAction":[{"@type":"ReadAction","target":["https:\/\/printcubator.net\/de\/produkt\/torsac-seidenkoper\/"]}]},{"@type":"ImageObject","inLanguage":"de","@id":"https:\/\/printcubator.net\/de\/produkt\/torsac-seidenkoper\/#primaryimage","url":"https:\/\/printcubator.net\/wp-content\/uploads\/2025\/02\/torsac_0002.jpg","contentUrl":"https:\/\/printcubator.net\/wp-content\/uploads\/2025\/02\/torsac_0002.jpg","width":1134,"height":1134},{"@type":"BreadcrumbList","@id":"https:\/\/printcubator.net\/de\/produkt\/torsac-seidenkoper\/#breadcrumb","itemListElement":[{"@type":"ListItem","position":1,"name":"Home","item":"https:\/\/printcubator.net\/de\/startseite\/"},{"@type":"ListItem","position":2,"name":"Shop","item":"https:\/\/printcubator.net\/de\/shop\/"},{"@type":"ListItem","position":3,"name":"Torsac Seidenk\u00f6per"}]},{"@type":"WebSite","@id":"https:\/\/printcubator.net\/de\/#website","url":"https:\/\/printcubator.net\/de\/","name":"Printcubator","description":"","publisher":{"@id":"https:\/\/printcubator.net\/de\/#organization"},"potentialAction":[{"@type":"SearchAction","target":{"@type":"EntryPoint","urlTemplate":"https:\/\/printcubator.net\/de\/?s={search_term_string}"},"query-input":{"@type":"PropertyValueSpecification","valueRequired":true,"valueName":"search_term_string"}}],"inLanguage":"de"},{"@type":"Organization","@id":"https:\/\/printcubator.net\/de\/#organization","name":"Printcubator","url":"https:\/\/printcubator.net\/de\/","logo":{"@type":"ImageObject","inLanguage":"de","@id":"https:\/\/printcubator.net\/de\/#\/schema\/logo\/image\/","url":"https:\/\/printcubator.net\/wp-content\/uploads\/2024\/07\/logo.png","contentUrl":"https:\/\/printcubator.net\/wp-content\/uploads\/2024\/07\/logo.png","width":345,"height":304,"caption":"Printcubator"},"image":{"@id":"https:\/\/printcubator.net\/de\/#\/schema\/logo\/image\/"}}]}},"wcpa_form_fields":{"wcpaData":{"product":{"product_price":35.97,"price_html":"<span class=\"price\"><strong>Bis<\/strong> <span class=\"woocommerce-Price-amount amount\"><bdi>35,97&nbsp;<span class=\"woocommerce-Price-currencySymbol\">&euro;<\/span><\/bdi><\/span><\/span>","original_product_price":35.97,"price_including_tax":71.94,"price_excluding_tax":59.95,"product_id":{"parent":4296,"variation":false},"is_variable":true,"stock_status":"instock","stock_quantity":null,"parent_sku":"","product_attributes":{"type-of-order":{"is_variation":true,"values":[]}},"custom_fields":[],"is_taxable":true,"product_name":"Torsac Seidenk\u00f6per","hasImage":false},"fields":{"sec_766c5d6570291e":{"extra":{"key":"sec_766c5d6570291e","section_id":"sec_766c5d6570291e","name":"Default","status":1,"toggle":true,"enableCl":false,"relations":[{"operator":false,"rules":[{"operator":"AND","rules":{"cl_field":"","cl_relation":"","cl_val":""}}]}],"form_id":12521,"form_rules":{"exclude_from_discount":false,"fee_label":"Fee","disp_hide_options_price":false,"disp_show_section_price":false,"disp_show_field_price":true,"layout_option":"standard","pric_use_as_fee":false,"process_fee_as":"woo_fee"},"layout_option":"standard"},"fields":[[{"active":true,"col":6,"relations":false,"cl_rule":"show","enableCl":false,"price":"","enablePrice":false,"className":"","label_position":"default","desc_position":"default","type":"content","required":false,"elementId":"content_6453089476","label":"BEDINGUNGEN F\u00dcR DAS HOCHLADEN VON DATEIEN","name":"content_6453089476","contentType":"plain","value":"\u2726 Aufl\u00f6sung: mindestens 300 DPI\u2028\n\u2726 Dateigr\u00f6\u00dfe: maximal 150 MB\u2028\n\u2726 Farbprofil: sRGB (IEC61966-2.1)\u2028\n\u2726 Dateibenennung: IhrName-Anzahl-Stoffname (Platzhalter ersetzen)\n\u2028\u2726 Dateiformat: TIFF","error":false,"gt_translate_keys":["label","value"],"price_dependency":false,"cl_dependency":false}],[{"label":"Design","active":true,"required":true,"elementId":"file-5644350149","upload_type":"droppable","file_types":["design"],"description":"TIFF-Format","name":"file-5644350149","label_position":"default","desc_position":"default","enablePrice":false,"className":"","enableCl":false,"relations":false,"uploadSize":"500","exts_supported":[".tiff"],"price":"","cl_rule":"show","col":6,"type":"file","error":false,"enable_quantity":false,"quantity_decimal":false,"quantity_step":"1","quantity_label":"Quantity","repeater":false,"repeater_field_label":"Design hinzuf\u00fcgen","repeater_bind":"","repeater_bind_field":"file-5644350149","repeater_max":"7","repeater_add_label":"Design hinzuf\u00fcgen","repeater_remove_label":" Design entfernen","min_quantity":"1","minUploadSize":"12","max_quantity":"48","hideFieldIn_cart":false,"multiple_upload":false,"allowedFileTypes":".tiff,image\/*,.psd,.pdf,.eps,.ai,.indd,.raw","gt_translate_keys":["label","description","repeater_field_label","repeater_add_label","repeater_remove_label","quantity_label"],"price_dependency":false,"cl_dependency":false,"value":""}]]}},"config":{"price_override":"","enable_recaptcha":false,"bind_quantity":false,"quantity_bind_formula":false,"disp_summ_show_option_price":true,"disp_summ_show_product_price":true,"disp_summ_show_total_price":true,"disp_summ_show_fee":false,"disp_summ_show_discount":false,"summary_title":"","options_total_label":"Options Price","total_label":"Total","options_product_label":"Product Price","fee_label":"Fee","discount_label":"Discount","has_price":true,"has_quantity_formula":false},"mc_unit":1,"tax_rate":1,"tax_rate_real":0.2,"discount":{"percentage":0,"fixed":0},"design":{"conf":{"LabelPosition":"above","DescPosition":"above","UploadField":"custom_1","QuantityFieldStyle":"default"},"css":{"LeftLabelWidth":"120px"}},"formulas":[],"clones":false,"cartKey":false}},"_links":{"self":[{"href":"https:\/\/printcubator.net\/de\/wp-json\/wp\/v2\/product\/4296","targetHints":{"allow":["GET"]}}],"collection":[{"href":"https:\/\/printcubator.net\/de\/wp-json\/wp\/v2\/product"}],"about":[{"href":"https:\/\/printcubator.net\/de\/wp-json\/wp\/v2\/types\/product"}],"replies":[{"embeddable":true,"href":"https:\/\/printcubator.net\/de\/wp-json\/wp\/v2\/comments?post=4296"}],"wp:featuredmedia":[{"embeddable":true,"href":"https:\/\/printcubator.net\/de\/wp-json\/wp\/v2\/media\/4232"}],"wp:attachment":[{"href":"https:\/\/printcubator.net\/de\/wp-json\/wp\/v2\/media?parent=4296"}],"wp:term":[{"taxonomy":"product_brand","embeddable":true,"href":"https:\/\/printcubator.net\/de\/wp-json\/wp\/v2\/product_brand?post=4296"},{"taxonomy":"product_cat","embeddable":true,"href":"https:\/\/printcubator.net\/de\/wp-json\/wp\/v2\/product_cat?post=4296"},{"taxonomy":"product_tag","embeddable":true,"href":"https:\/\/printcubator.net\/de\/wp-json\/wp\/v2\/product_tag?post=4296"}],"curies":[{"name":"wp","href":"https:\/\/api.w.org\/{rel}","templated":true}]}}