{"id":7112,"date":"2025-04-08T11:32:46","date_gmt":"2025-04-08T11:32:46","guid":{"rendered":"https:\/\/printcubator.net\/?post_type=product&#038;p=7112"},"modified":"2025-04-10T08:14:56","modified_gmt":"2025-04-10T08:14:56","slug":"tejat-unisex-fit-t-shirt-copy","status":"publish","type":"product","link":"https:\/\/printcubator.net\/de\/produkt\/tejat-unisex-fit-t-shirt-copy\/","title":{"rendered":"Tejat unisex T-shirt \u2013 Druck vorne"},"content":{"rendered":"<p>Personalisieren Sie Ihre Alltagsgegenst\u00e4nde mit Ihren eigenen Designs und verleihen Sie ihnen so eine wirklich einzigartige Note.<\/p>\n<p>Das <b>Tejat T-Shirt<\/b> aus hochwertigem Bio-Baumwolljersey bietet dank des Unisex-Oversize-Schnitts h\u00f6chsten Tragekomfort. Gestalten Sie es individuell mit einem Motiv, das Sie nach Belieben platzieren und skalieren k\u00f6nnen. <\/p>\n<p>Unsere lebendigen, langlebigen Drucke werden in unserer Mikrofabrik in Frankreich mit modernster Technologie hergestellt. Der f\u00fcr dieses T-Shirt verwendete Stoff, <b>Jermas Bio<\/b>, ist ein hochwertiger Single-Jersey-Strick aus NE30-Bio-Baumwollgarn. <\/p>\n<p>Versandinformationen: Bitte beachten Sie, dass Bestellungen innerhalb von 2 bis 5 Tagen versendet werden k\u00f6nnen.<\/p>\n","protected":false},"excerpt":{"rendered":"<p>Personalisieren Sie Ihre Alltagsgegenst\u00e4nde mit Ihren eigenen Designs und verleihen Sie ihnen so eine wirklich einzigartige Note.<\/p>\n<p>Das <b>Tejat T-Shirt<\/b> aus hochwertigem Bio-Baumwolljersey bietet dank des Unisex-Oversize-Schnitts h\u00f6chsten Tragekomfort. Gestalten Sie es individuell mit einem Motiv, das Sie nach Belieben platzieren und skalieren k\u00f6nnen. <\/p>\n<p>&nbsp;<\/p>\n<hr>\n<p>&nbsp;<\/p>\n<p><span style=\"color: #ff6600;\">WIE FUNKTIONERT&#8217;S ?<\/span><\/p>\n<p>\u2726 W\u00e4hlen Sie zun\u00e4chst Ihre gew\u00fcnschte Farbe und Gr\u00f6\u00dfe aus: Zur Orientierung k\u00f6nnen Sie unsere Gr\u00f6\u00dfentabelle zu Rate ziehen.<\/p>\n<p>\u2726 Klicken Sie anschlie\u00dfend auf die Schaltfl\u00e4che <strong data-start=\"100\" data-end=\"115\">\u201eAnpassen\u201c<\/strong>, um unseren Konfigurator zu \u00f6ffnen. Dort k\u00f6nnen Sie Ihre eigene Datei hochladen oder aus den verf\u00fcgbaren Schriftarten und Designs w\u00e4hlen. Platzieren Sie Ihr Design im Druckbereich und passen Sie die Gr\u00f6\u00dfe nach Wunsch an.  <br data-start=\"333\" data-end=\"336\"><strong data-start=\"336\" data-end=\"352\">Bitte beachten Sie<\/strong>: Die Farben Ihrer Datei k\u00f6nnen beim Druck leicht abweichen.<\/p>\n<p>\u2726 Nach dem Absenden wird Ihre Datei von einem Mitglied unseres Teams \u00fcberpr\u00fcft, um sicherzustellen, dass alles perfekt aussieht.<\/p>\n<p><span style=\"color: #000000;\"><em>Fragen? Nutzen Sie den Chat oder schreiben Sie uns eine E-Mail an  <\/em><\/span><a href=\"mailto:printcubator@mitwill.com\"><span class=\"elementor-icon-list-text\">printcubator@mitwill.com \u2013<\/span><\/a><span style=\"color: #000000;\"><em>wir helfen Ihnen gerne weiter!<\/em><\/span><\/p>\n<p>&nbsp;<\/p>\n<hr>\n<p>&nbsp;<\/p>\n<p><a style=\"display: inline-block; padding: 10px 20px; background-color: #f1793f; \/* blue *\/ color: white; text-decoration: none; border-radius: 5px; font-weight: bold;\" href=\"https:\/\/mitwill-static-assets.s3.eu-central-1.amazonaws.com\/Tshirt+Size+Chart.png\" target=\"_blank\" rel=\"noopener\">Sehen Sie sich die Gr\u00f6\u00dfentabelle hier an<\/a><\/p>\n","protected":false},"featured_media":8944,"comment_status":"open","ping_status":"closed","template":"","meta":{"_acf_changed":false,"_monsterinsights_skip_tracking":false,"_monsterinsights_sitenote_active":false,"_monsterinsights_sitenote_note":"","_monsterinsights_sitenote_category":0},"product_brand":[],"product_cat":[697,557],"product_tag":[],"class_list":{"0":"post-7112","1":"product","2":"type-product","3":"status-publish","4":"has-post-thumbnail","6":"product_cat-personalisiertes-t-shirt","7":"product_cat-kleidung-de","9":"first","10":"instock","11":"taxable","12":"shipping-taxable","13":"purchasable","14":"product-type-variable","15":"has-default-attributes","16":"product-type-zakeke","17":"product-type-external"},"acf":[],"yoast_head":"<!-- This site is optimized with the Yoast SEO plugin v24.8.1 - https:\/\/yoast.com\/wordpress\/plugins\/seo\/ -->\n<title>Tejat unisex T-shirt \u2013 Druck vorne - Printcubator<\/title>\n<meta name=\"robots\" content=\"index, follow, max-snippet:-1, max-image-preview:large, max-video-preview:-1\" \/>\n<link rel=\"canonical\" href=\"https:\/\/printcubator.net\/de\/produkt\/tejat-unisex-fit-t-shirt-copy\/\" \/>\n<meta property=\"og:locale\" content=\"de_DE\" \/>\n<meta property=\"og:type\" content=\"article\" \/>\n<meta property=\"og:title\" content=\"Tejat unisex T-shirt \u2013 Druck vorne - Printcubator\" \/>\n<meta property=\"og:description\" content=\"Personalisieren Sie Ihre Alltagsgegenst\u00e4nde mit Ihren eigenen Designs und verleihen Sie ihnen so eine wirklich einzigartige Note. Das Tejat T-Shirt aus hochwertigem Bio-Baumwolljersey bietet dank des Unisex-Oversize-Schnitts h\u00f6chsten Tragekomfort. Gestalten Sie es individuell mit einem Motiv, das Sie nach Belieben platzieren und skalieren k\u00f6nnen.  &nbsp;  &nbsp; WIE FUNKTIONERT&#039;S ? \u2726 W\u00e4hlen Sie zun\u00e4chst Ihre gew\u00fcnschte Farbe und Gr\u00f6\u00dfe aus: Zur Orientierung k\u00f6nnen Sie unsere Gr\u00f6\u00dfentabelle zu Rate ziehen. \u2726 Klicken Sie anschlie\u00dfend auf die Schaltfl\u00e4che \u201eAnpassen\u201c, um unseren Konfigurator zu \u00f6ffnen. Dort k\u00f6nnen Sie Ihre eigene Datei hochladen oder aus den verf\u00fcgbaren Schriftarten und Designs w\u00e4hlen. Platzieren Sie Ihr Design im Druckbereich und passen Sie die Gr\u00f6\u00dfe nach Wunsch an. Bitte beachten Sie: Die Farben Ihrer Datei k\u00f6nnen beim Druck leicht abweichen. \u2726 Nach dem Absenden wird Ihre Datei von einem Mitglied unseres Teams \u00fcberpr\u00fcft, um sicherzustellen, dass alles perfekt aussieht. Fragen? Nutzen Sie den Chat oder schreiben Sie uns eine E-Mail an printcubator@mitwill.com \u2013wir helfen Ihnen gerne weiter! &nbsp;  &nbsp; Sehen Sie sich die Gr\u00f6\u00dfentabelle hier an\" \/>\n<meta property=\"og:url\" content=\"https:\/\/printcubator.net\/de\/produkt\/tejat-unisex-fit-t-shirt-copy\/\" \/>\n<meta property=\"og:site_name\" content=\"Printcubator\" \/>\n<meta property=\"article:modified_time\" content=\"2025-04-10T08:14:56+00:00\" \/>\n<meta property=\"og:image\" content=\"https:\/\/printcubator.net\/wp-content\/uploads\/2025\/04\/LAVIGNY-colorways-prints_Colorway-1-1-724x1024.png\" \/>\n\t<meta property=\"og:image:width\" content=\"724\" \/>\n\t<meta property=\"og:image:height\" content=\"1024\" \/>\n\t<meta property=\"og:image:type\" content=\"image\/png\" \/>\n<meta name=\"twitter:card\" content=\"summary_large_image\" \/>\n<script type=\"application\/ld+json\" class=\"yoast-schema-graph\">{\"@context\":\"https:\/\/schema.org\",\"@graph\":[{\"@type\":\"WebPage\",\"@id\":\"https:\/\/printcubator.net\/de\/produkt\/tejat-unisex-fit-t-shirt-copy\/\",\"url\":\"https:\/\/printcubator.net\/de\/produkt\/tejat-unisex-fit-t-shirt-copy\/\",\"name\":\"Tejat unisex T-shirt \u2013 Druck vorne - Printcubator\",\"isPartOf\":{\"@id\":\"https:\/\/printcubator.net\/de\/#website\"},\"primaryImageOfPage\":{\"@id\":\"https:\/\/printcubator.net\/de\/produkt\/tejat-unisex-fit-t-shirt-copy\/#primaryimage\"},\"image\":{\"@id\":\"https:\/\/printcubator.net\/de\/produkt\/tejat-unisex-fit-t-shirt-copy\/#primaryimage\"},\"thumbnailUrl\":\"https:\/\/printcubator.net\/wp-content\/uploads\/2025\/04\/LAVIGNY-colorways-prints_Colorway-1-1.png\",\"datePublished\":\"2025-04-08T11:32:46+00:00\",\"dateModified\":\"2025-04-10T08:14:56+00:00\",\"breadcrumb\":{\"@id\":\"https:\/\/printcubator.net\/de\/produkt\/tejat-unisex-fit-t-shirt-copy\/#breadcrumb\"},\"inLanguage\":\"de\",\"potentialAction\":[{\"@type\":\"ReadAction\",\"target\":[\"https:\/\/printcubator.net\/de\/produkt\/tejat-unisex-fit-t-shirt-copy\/\"]}]},{\"@type\":\"ImageObject\",\"inLanguage\":\"de\",\"@id\":\"https:\/\/printcubator.net\/de\/produkt\/tejat-unisex-fit-t-shirt-copy\/#primaryimage\",\"url\":\"https:\/\/printcubator.net\/wp-content\/uploads\/2025\/04\/LAVIGNY-colorways-prints_Colorway-1-1.png\",\"contentUrl\":\"https:\/\/printcubator.net\/wp-content\/uploads\/2025\/04\/LAVIGNY-colorways-prints_Colorway-1-1.png\",\"width\":2480,\"height\":3508},{\"@type\":\"BreadcrumbList\",\"@id\":\"https:\/\/printcubator.net\/de\/produkt\/tejat-unisex-fit-t-shirt-copy\/#breadcrumb\",\"itemListElement\":[{\"@type\":\"ListItem\",\"position\":1,\"name\":\"Home\",\"item\":\"https:\/\/printcubator.net\/de\/startseite\/\"},{\"@type\":\"ListItem\",\"position\":2,\"name\":\"Shop\",\"item\":\"https:\/\/printcubator.net\/de\/shop\/\"},{\"@type\":\"ListItem\",\"position\":3,\"name\":\"Tejat unisex T-shirt \u2013 Druck vorne\"}]},{\"@type\":\"WebSite\",\"@id\":\"https:\/\/printcubator.net\/de\/#website\",\"url\":\"https:\/\/printcubator.net\/de\/\",\"name\":\"Printcubator\",\"description\":\"\",\"publisher\":{\"@id\":\"https:\/\/printcubator.net\/de\/#organization\"},\"potentialAction\":[{\"@type\":\"SearchAction\",\"target\":{\"@type\":\"EntryPoint\",\"urlTemplate\":\"https:\/\/printcubator.net\/de\/?s={search_term_string}\"},\"query-input\":{\"@type\":\"PropertyValueSpecification\",\"valueRequired\":true,\"valueName\":\"search_term_string\"}}],\"inLanguage\":\"de\"},{\"@type\":\"Organization\",\"@id\":\"https:\/\/printcubator.net\/de\/#organization\",\"name\":\"Printcubator\",\"url\":\"https:\/\/printcubator.net\/de\/\",\"logo\":{\"@type\":\"ImageObject\",\"inLanguage\":\"de\",\"@id\":\"https:\/\/printcubator.net\/de\/#\/schema\/logo\/image\/\",\"url\":\"https:\/\/printcubator.net\/wp-content\/uploads\/2024\/07\/logo.png\",\"contentUrl\":\"https:\/\/printcubator.net\/wp-content\/uploads\/2024\/07\/logo.png\",\"width\":345,\"height\":304,\"caption\":\"Printcubator\"},\"image\":{\"@id\":\"https:\/\/printcubator.net\/de\/#\/schema\/logo\/image\/\"}}]}<\/script>\n<!-- \/ Yoast SEO plugin. -->","yoast_head_json":{"title":"Tejat unisex T-shirt \u2013 Druck vorne - Printcubator","robots":{"index":"index","follow":"follow","max-snippet":"max-snippet:-1","max-image-preview":"max-image-preview:large","max-video-preview":"max-video-preview:-1"},"canonical":"https:\/\/printcubator.net\/de\/produkt\/tejat-unisex-fit-t-shirt-copy\/","og_locale":"de_DE","og_type":"article","og_title":"Tejat unisex T-shirt \u2013 Druck vorne - Printcubator","og_description":"Personalisieren Sie Ihre Alltagsgegenst\u00e4nde mit Ihren eigenen Designs und verleihen Sie ihnen so eine wirklich einzigartige Note. Das Tejat T-Shirt aus hochwertigem Bio-Baumwolljersey bietet dank des Unisex-Oversize-Schnitts h\u00f6chsten Tragekomfort. Gestalten Sie es individuell mit einem Motiv, das Sie nach Belieben platzieren und skalieren k\u00f6nnen.  &nbsp;  &nbsp; WIE FUNKTIONERT'S ? \u2726 W\u00e4hlen Sie zun\u00e4chst Ihre gew\u00fcnschte Farbe und Gr\u00f6\u00dfe aus: Zur Orientierung k\u00f6nnen Sie unsere Gr\u00f6\u00dfentabelle zu Rate ziehen. \u2726 Klicken Sie anschlie\u00dfend auf die Schaltfl\u00e4che \u201eAnpassen\u201c, um unseren Konfigurator zu \u00f6ffnen. Dort k\u00f6nnen Sie Ihre eigene Datei hochladen oder aus den verf\u00fcgbaren Schriftarten und Designs w\u00e4hlen. Platzieren Sie Ihr Design im Druckbereich und passen Sie die Gr\u00f6\u00dfe nach Wunsch an. Bitte beachten Sie: Die Farben Ihrer Datei k\u00f6nnen beim Druck leicht abweichen. \u2726 Nach dem Absenden wird Ihre Datei von einem Mitglied unseres Teams \u00fcberpr\u00fcft, um sicherzustellen, dass alles perfekt aussieht. Fragen? Nutzen Sie den Chat oder schreiben Sie uns eine E-Mail an printcubator@mitwill.com \u2013wir helfen Ihnen gerne weiter! &nbsp;  &nbsp; Sehen Sie sich die Gr\u00f6\u00dfentabelle hier an","og_url":"https:\/\/printcubator.net\/de\/produkt\/tejat-unisex-fit-t-shirt-copy\/","og_site_name":"Printcubator","article_modified_time":"2025-04-10T08:14:56+00:00","og_image":[{"width":724,"height":1024,"url":"https:\/\/printcubator.net\/wp-content\/uploads\/2025\/04\/LAVIGNY-colorways-prints_Colorway-1-1-724x1024.png","type":"image\/png"}],"twitter_card":"summary_large_image","schema":{"@context":"https:\/\/schema.org","@graph":[{"@type":"WebPage","@id":"https:\/\/printcubator.net\/de\/produkt\/tejat-unisex-fit-t-shirt-copy\/","url":"https:\/\/printcubator.net\/de\/produkt\/tejat-unisex-fit-t-shirt-copy\/","name":"Tejat unisex T-shirt \u2013 Druck vorne - Printcubator","isPartOf":{"@id":"https:\/\/printcubator.net\/de\/#website"},"primaryImageOfPage":{"@id":"https:\/\/printcubator.net\/de\/produkt\/tejat-unisex-fit-t-shirt-copy\/#primaryimage"},"image":{"@id":"https:\/\/printcubator.net\/de\/produkt\/tejat-unisex-fit-t-shirt-copy\/#primaryimage"},"thumbnailUrl":"https:\/\/printcubator.net\/wp-content\/uploads\/2025\/04\/LAVIGNY-colorways-prints_Colorway-1-1.png","datePublished":"2025-04-08T11:32:46+00:00","dateModified":"2025-04-10T08:14:56+00:00","breadcrumb":{"@id":"https:\/\/printcubator.net\/de\/produkt\/tejat-unisex-fit-t-shirt-copy\/#breadcrumb"},"inLanguage":"de","potentialAction":[{"@type":"ReadAction","target":["https:\/\/printcubator.net\/de\/produkt\/tejat-unisex-fit-t-shirt-copy\/"]}]},{"@type":"ImageObject","inLanguage":"de","@id":"https:\/\/printcubator.net\/de\/produkt\/tejat-unisex-fit-t-shirt-copy\/#primaryimage","url":"https:\/\/printcubator.net\/wp-content\/uploads\/2025\/04\/LAVIGNY-colorways-prints_Colorway-1-1.png","contentUrl":"https:\/\/printcubator.net\/wp-content\/uploads\/2025\/04\/LAVIGNY-colorways-prints_Colorway-1-1.png","width":2480,"height":3508},{"@type":"BreadcrumbList","@id":"https:\/\/printcubator.net\/de\/produkt\/tejat-unisex-fit-t-shirt-copy\/#breadcrumb","itemListElement":[{"@type":"ListItem","position":1,"name":"Home","item":"https:\/\/printcubator.net\/de\/startseite\/"},{"@type":"ListItem","position":2,"name":"Shop","item":"https:\/\/printcubator.net\/de\/shop\/"},{"@type":"ListItem","position":3,"name":"Tejat unisex T-shirt \u2013 Druck vorne"}]},{"@type":"WebSite","@id":"https:\/\/printcubator.net\/de\/#website","url":"https:\/\/printcubator.net\/de\/","name":"Printcubator","description":"","publisher":{"@id":"https:\/\/printcubator.net\/de\/#organization"},"potentialAction":[{"@type":"SearchAction","target":{"@type":"EntryPoint","urlTemplate":"https:\/\/printcubator.net\/de\/?s={search_term_string}"},"query-input":{"@type":"PropertyValueSpecification","valueRequired":true,"valueName":"search_term_string"}}],"inLanguage":"de"},{"@type":"Organization","@id":"https:\/\/printcubator.net\/de\/#organization","name":"Printcubator","url":"https:\/\/printcubator.net\/de\/","logo":{"@type":"ImageObject","inLanguage":"de","@id":"https:\/\/printcubator.net\/de\/#\/schema\/logo\/image\/","url":"https:\/\/printcubator.net\/wp-content\/uploads\/2024\/07\/logo.png","contentUrl":"https:\/\/printcubator.net\/wp-content\/uploads\/2024\/07\/logo.png","width":345,"height":304,"caption":"Printcubator"},"image":{"@id":"https:\/\/printcubator.net\/de\/#\/schema\/logo\/image\/"}}]}},"wcpa_form_fields":null,"_links":{"self":[{"href":"https:\/\/printcubator.net\/de\/wp-json\/wp\/v2\/product\/7112","targetHints":{"allow":["GET"]}}],"collection":[{"href":"https:\/\/printcubator.net\/de\/wp-json\/wp\/v2\/product"}],"about":[{"href":"https:\/\/printcubator.net\/de\/wp-json\/wp\/v2\/types\/product"}],"replies":[{"embeddable":true,"href":"https:\/\/printcubator.net\/de\/wp-json\/wp\/v2\/comments?post=7112"}],"wp:featuredmedia":[{"embeddable":true,"href":"https:\/\/printcubator.net\/de\/wp-json\/wp\/v2\/media\/8944"}],"wp:attachment":[{"href":"https:\/\/printcubator.net\/de\/wp-json\/wp\/v2\/media?parent=7112"}],"wp:term":[{"taxonomy":"product_brand","embeddable":true,"href":"https:\/\/printcubator.net\/de\/wp-json\/wp\/v2\/product_brand?post=7112"},{"taxonomy":"product_cat","embeddable":true,"href":"https:\/\/printcubator.net\/de\/wp-json\/wp\/v2\/product_cat?post=7112"},{"taxonomy":"product_tag","embeddable":true,"href":"https:\/\/printcubator.net\/de\/wp-json\/wp\/v2\/product_tag?post=7112"}],"curies":[{"name":"wp","href":"https:\/\/api.w.org\/{rel}","templated":true}]}}