{"id":9868,"date":"2025-04-16T06:49:07","date_gmt":"2025-04-16T06:49:07","guid":{"rendered":"https:\/\/printcubator.net\/product\/orion-kissenbezug\/"},"modified":"2025-11-17T14:50:39","modified_gmt":"2025-11-17T14:50:39","slug":"orion-kissenbezug","status":"publish","type":"product","link":"https:\/\/printcubator.net\/de\/produkt\/orion-kissenbezug\/","title":{"rendered":"Orion Kissenbezug"},"content":{"rendered":"<p>Unsere lebendigen, langlebigen Drucke werden in unserer Mikrofabrik in Frankreich mit modernster Technologie hergestellt. Jeder Kissenbezug wird anschlie\u00dfend von unserer erfahrenen Schneiderin in sorgf\u00e4ltiger Handarbeit direkt in unserem B\u00fcro gefertigt, um au\u00dfergew\u00f6hnliche Qualit\u00e4t zu gew\u00e4hrleisten. <\/p>\n<p>Verf\u00fcgbare Stoffe:<\/p>\n<ul>\n<li><a href=\"https:\/\/printcubator.net\/de\/produkt\/coburg\/\">Coburg 150 Bio<\/a>: Diese Baumwoll-Cretonne bringt Drucke wundersch\u00f6n zur Geltung und eignet sich hervorragend f\u00fcr Bettw\u00e4sche und Wohndekoration.<\/li>\n<li><a href=\"https:\/\/printcubator.net\/de\/produkt\/castell\/\">Castell<\/a>: Dieser Baumwoll-Cretonne hat eine mittelschwere Leinwandbindung, die ihn zu einer ausgezeichneten Wahl f\u00fcr Tischdecken, Kissen, Vorh\u00e4nge und eine Vielzahl von Heimdekorationsprojekten macht.<\/li>\n<li><a href=\"https:\/\/printcubator.net\/de\/produkt\/pantano\/\">Pantano<\/a>: Ein doppelter Baumwollmusselin, perfekt f\u00fcr Baby- und Kinderprojekte wie Schlafdecken, \u00dcberw\u00fcrfe, Kissen und Windeln.<\/li>\n<li><a href=\"https:\/\/printcubator.net\/de\/produkt\/bamberg-bio\/\">Bamberg<\/a>: Ein Satin aus Bio-Baumwolle mit einem eleganten Glanz, der sich perfekt f\u00fcr Dessous, Kissen und Innenarchitekturprojekte eignet.<\/li>\n<li><a href=\"https:\/\/printcubator.net\/de\/produkt\/samt-palazio-2\/\">Palazio<\/a>: Ein luxuri\u00f6ser Polyester-Samt mit au\u00dfergew\u00f6hnlich weichem Griff, der sich ideal f\u00fcr Einrichtungsprojekte und Accessoires eignet.<\/li>\n<li><a href=\"https:\/\/printcubator.net\/de\/produkt\/mauritius\/\">Mauritius<\/a>: Ein pl\u00fcschiger, hochviskoser Fleece, ideal f\u00fcr kuschelige Kapuzenpullis und stilvolle Heimdekorationsprojekte wie Decken, Kissen und Pl\u00fcschtiere.<\/li>\n<\/ul>\n<p>&nbsp;<\/p>\n<p><strong>If you\u2019re interested in personalized confection services, please provide all the necessary information in the pricing request form just below.<\/strong><\/p>\n<p>Bitte beachten Sie, dass Bestellungen innerhalb von 7 bis 10 Tagen verschickt werden k\u00f6nnen.<\/p>\n<hr>\n\n","protected":false},"excerpt":{"rendered":"<p>Verleihen Sie Ihrer Inneneinrichtung eine pers\u00f6nliche Note mit dem Kissenbezug Orion, der mit Ihren ganz eigenen Drucken f\u00fcr einen wirklich einzigartigen Stil gestaltet ist.<\/p>\n<p>Die Mindestbestellmenge betr\u00e4gt 10 St\u00fcck.<\/p>\n<p><em>Fragen? Nutzen Sie den Chat oder schreiben Sie uns eine E-Mail an  <\/em><a href=\"mailto:printcubator@mitwill.com\"><span class=\"elementor-icon-list-text\">printcubator@mitwill.com<\/span><\/a><em>\u2014 wir helfen Ihnen gerne!<\/em><\/p>\n","protected":false},"featured_media":10067,"comment_status":"open","ping_status":"closed","template":"","meta":{"_acf_changed":false,"_monsterinsights_skip_tracking":false,"_monsterinsights_sitenote_active":false,"_monsterinsights_sitenote_note":"","_monsterinsights_sitenote_category":0},"product_brand":[],"product_cat":[569,551],"product_tag":[],"class_list":{"0":"post-9868","1":"product","2":"type-product","3":"status-publish","4":"has-post-thumbnail","6":"product_cat-dekoration-de","7":"product_cat-produkte","9":"first","10":"instock","11":"taxable","12":"shipping-taxable","13":"purchasable","14":"product-type-variable"},"acf":[],"yoast_head":"<!-- This site is optimized with the Yoast SEO plugin v24.8.1 - https:\/\/yoast.com\/wordpress\/plugins\/seo\/ -->\n<title>Orion Kissenbezug - Printcubator<\/title>\n<meta name=\"robots\" content=\"index, follow, max-snippet:-1, max-image-preview:large, max-video-preview:-1\" \/>\n<link rel=\"canonical\" href=\"https:\/\/printcubator.net\/de\/produkt\/orion-kissenbezug\/\" \/>\n<meta property=\"og:locale\" content=\"de_DE\" \/>\n<meta property=\"og:type\" content=\"article\" \/>\n<meta property=\"og:title\" content=\"Orion Kissenbezug - Printcubator\" \/>\n<meta property=\"og:description\" content=\"Verleihen Sie Ihrer Inneneinrichtung eine pers\u00f6nliche Note mit dem Kissenbezug Orion, der mit Ihren ganz eigenen Drucken f\u00fcr einen wirklich einzigartigen Stil gestaltet ist. Die Mindestbestellmenge betr\u00e4gt 10 St\u00fcck. Fragen? Nutzen Sie den Chat oder schreiben Sie uns eine E-Mail an printcubator@mitwill.com\u2014 wir helfen Ihnen gerne!\" \/>\n<meta property=\"og:url\" content=\"https:\/\/printcubator.net\/de\/produkt\/orion-kissenbezug\/\" \/>\n<meta property=\"og:site_name\" content=\"Printcubator\" \/>\n<meta property=\"article:modified_time\" content=\"2025-11-17T14:50:39+00:00\" \/>\n<meta property=\"og:image\" content=\"https:\/\/printcubator.net\/wp-content\/uploads\/2025\/04\/coussin.png\" \/>\n\t<meta property=\"og:image:width\" content=\"1134\" \/>\n\t<meta property=\"og:image:height\" content=\"1134\" \/>\n\t<meta property=\"og:image:type\" content=\"image\/png\" \/>\n<meta name=\"twitter:card\" content=\"summary_large_image\" \/>\n<meta name=\"twitter:label1\" content=\"Gesch\u00e4tzte Lesezeit\" \/>\n\t<meta name=\"twitter:data1\" content=\"1\u00a0Minute\" \/>\n<script type=\"application\/ld+json\" class=\"yoast-schema-graph\">{\"@context\":\"https:\/\/schema.org\",\"@graph\":[{\"@type\":\"WebPage\",\"@id\":\"https:\/\/printcubator.net\/de\/produkt\/orion-kissenbezug\/\",\"url\":\"https:\/\/printcubator.net\/de\/produkt\/orion-kissenbezug\/\",\"name\":\"Orion Kissenbezug - Printcubator\",\"isPartOf\":{\"@id\":\"https:\/\/printcubator.net\/de\/#website\"},\"primaryImageOfPage\":{\"@id\":\"https:\/\/printcubator.net\/de\/produkt\/orion-kissenbezug\/#primaryimage\"},\"image\":{\"@id\":\"https:\/\/printcubator.net\/de\/produkt\/orion-kissenbezug\/#primaryimage\"},\"thumbnailUrl\":\"https:\/\/printcubator.net\/wp-content\/uploads\/2025\/04\/coussin.png\",\"datePublished\":\"2025-04-16T06:49:07+00:00\",\"dateModified\":\"2025-11-17T14:50:39+00:00\",\"breadcrumb\":{\"@id\":\"https:\/\/printcubator.net\/de\/produkt\/orion-kissenbezug\/#breadcrumb\"},\"inLanguage\":\"de\",\"potentialAction\":[{\"@type\":\"ReadAction\",\"target\":[\"https:\/\/printcubator.net\/de\/produkt\/orion-kissenbezug\/\"]}]},{\"@type\":\"ImageObject\",\"inLanguage\":\"de\",\"@id\":\"https:\/\/printcubator.net\/de\/produkt\/orion-kissenbezug\/#primaryimage\",\"url\":\"https:\/\/printcubator.net\/wp-content\/uploads\/2025\/04\/coussin.png\",\"contentUrl\":\"https:\/\/printcubator.net\/wp-content\/uploads\/2025\/04\/coussin.png\",\"width\":1134,\"height\":1134},{\"@type\":\"BreadcrumbList\",\"@id\":\"https:\/\/printcubator.net\/de\/produkt\/orion-kissenbezug\/#breadcrumb\",\"itemListElement\":[{\"@type\":\"ListItem\",\"position\":1,\"name\":\"Home\",\"item\":\"https:\/\/printcubator.net\/de\/startseite\/\"},{\"@type\":\"ListItem\",\"position\":2,\"name\":\"Shop\",\"item\":\"https:\/\/printcubator.net\/de\/shop\/\"},{\"@type\":\"ListItem\",\"position\":3,\"name\":\"Orion Kissenbezug\"}]},{\"@type\":\"WebSite\",\"@id\":\"https:\/\/printcubator.net\/de\/#website\",\"url\":\"https:\/\/printcubator.net\/de\/\",\"name\":\"Printcubator\",\"description\":\"\",\"publisher\":{\"@id\":\"https:\/\/printcubator.net\/de\/#organization\"},\"potentialAction\":[{\"@type\":\"SearchAction\",\"target\":{\"@type\":\"EntryPoint\",\"urlTemplate\":\"https:\/\/printcubator.net\/de\/?s={search_term_string}\"},\"query-input\":{\"@type\":\"PropertyValueSpecification\",\"valueRequired\":true,\"valueName\":\"search_term_string\"}}],\"inLanguage\":\"de\"},{\"@type\":\"Organization\",\"@id\":\"https:\/\/printcubator.net\/de\/#organization\",\"name\":\"Printcubator\",\"url\":\"https:\/\/printcubator.net\/de\/\",\"logo\":{\"@type\":\"ImageObject\",\"inLanguage\":\"de\",\"@id\":\"https:\/\/printcubator.net\/de\/#\/schema\/logo\/image\/\",\"url\":\"https:\/\/printcubator.net\/wp-content\/uploads\/2024\/07\/logo.png\",\"contentUrl\":\"https:\/\/printcubator.net\/wp-content\/uploads\/2024\/07\/logo.png\",\"width\":345,\"height\":304,\"caption\":\"Printcubator\"},\"image\":{\"@id\":\"https:\/\/printcubator.net\/de\/#\/schema\/logo\/image\/\"}}]}<\/script>\n<!-- \/ Yoast SEO plugin. -->","yoast_head_json":{"title":"Orion Kissenbezug - Printcubator","robots":{"index":"index","follow":"follow","max-snippet":"max-snippet:-1","max-image-preview":"max-image-preview:large","max-video-preview":"max-video-preview:-1"},"canonical":"https:\/\/printcubator.net\/de\/produkt\/orion-kissenbezug\/","og_locale":"de_DE","og_type":"article","og_title":"Orion Kissenbezug - Printcubator","og_description":"Verleihen Sie Ihrer Inneneinrichtung eine pers\u00f6nliche Note mit dem Kissenbezug Orion, der mit Ihren ganz eigenen Drucken f\u00fcr einen wirklich einzigartigen Stil gestaltet ist. Die Mindestbestellmenge betr\u00e4gt 10 St\u00fcck. Fragen? Nutzen Sie den Chat oder schreiben Sie uns eine E-Mail an printcubator@mitwill.com\u2014 wir helfen Ihnen gerne!","og_url":"https:\/\/printcubator.net\/de\/produkt\/orion-kissenbezug\/","og_site_name":"Printcubator","article_modified_time":"2025-11-17T14:50:39+00:00","og_image":[{"width":1134,"height":1134,"url":"https:\/\/printcubator.net\/wp-content\/uploads\/2025\/04\/coussin.png","type":"image\/png"}],"twitter_card":"summary_large_image","twitter_misc":{"Gesch\u00e4tzte Lesezeit":"1\u00a0Minute"},"schema":{"@context":"https:\/\/schema.org","@graph":[{"@type":"WebPage","@id":"https:\/\/printcubator.net\/de\/produkt\/orion-kissenbezug\/","url":"https:\/\/printcubator.net\/de\/produkt\/orion-kissenbezug\/","name":"Orion Kissenbezug - Printcubator","isPartOf":{"@id":"https:\/\/printcubator.net\/de\/#website"},"primaryImageOfPage":{"@id":"https:\/\/printcubator.net\/de\/produkt\/orion-kissenbezug\/#primaryimage"},"image":{"@id":"https:\/\/printcubator.net\/de\/produkt\/orion-kissenbezug\/#primaryimage"},"thumbnailUrl":"https:\/\/printcubator.net\/wp-content\/uploads\/2025\/04\/coussin.png","datePublished":"2025-04-16T06:49:07+00:00","dateModified":"2025-11-17T14:50:39+00:00","breadcrumb":{"@id":"https:\/\/printcubator.net\/de\/produkt\/orion-kissenbezug\/#breadcrumb"},"inLanguage":"de","potentialAction":[{"@type":"ReadAction","target":["https:\/\/printcubator.net\/de\/produkt\/orion-kissenbezug\/"]}]},{"@type":"ImageObject","inLanguage":"de","@id":"https:\/\/printcubator.net\/de\/produkt\/orion-kissenbezug\/#primaryimage","url":"https:\/\/printcubator.net\/wp-content\/uploads\/2025\/04\/coussin.png","contentUrl":"https:\/\/printcubator.net\/wp-content\/uploads\/2025\/04\/coussin.png","width":1134,"height":1134},{"@type":"BreadcrumbList","@id":"https:\/\/printcubator.net\/de\/produkt\/orion-kissenbezug\/#breadcrumb","itemListElement":[{"@type":"ListItem","position":1,"name":"Home","item":"https:\/\/printcubator.net\/de\/startseite\/"},{"@type":"ListItem","position":2,"name":"Shop","item":"https:\/\/printcubator.net\/de\/shop\/"},{"@type":"ListItem","position":3,"name":"Orion Kissenbezug"}]},{"@type":"WebSite","@id":"https:\/\/printcubator.net\/de\/#website","url":"https:\/\/printcubator.net\/de\/","name":"Printcubator","description":"","publisher":{"@id":"https:\/\/printcubator.net\/de\/#organization"},"potentialAction":[{"@type":"SearchAction","target":{"@type":"EntryPoint","urlTemplate":"https:\/\/printcubator.net\/de\/?s={search_term_string}"},"query-input":{"@type":"PropertyValueSpecification","valueRequired":true,"valueName":"search_term_string"}}],"inLanguage":"de"},{"@type":"Organization","@id":"https:\/\/printcubator.net\/de\/#organization","name":"Printcubator","url":"https:\/\/printcubator.net\/de\/","logo":{"@type":"ImageObject","inLanguage":"de","@id":"https:\/\/printcubator.net\/de\/#\/schema\/logo\/image\/","url":"https:\/\/printcubator.net\/wp-content\/uploads\/2024\/07\/logo.png","contentUrl":"https:\/\/printcubator.net\/wp-content\/uploads\/2024\/07\/logo.png","width":345,"height":304,"caption":"Printcubator"},"image":{"@id":"https:\/\/printcubator.net\/de\/#\/schema\/logo\/image\/"}}]}},"wcpa_form_fields":null,"_links":{"self":[{"href":"https:\/\/printcubator.net\/de\/wp-json\/wp\/v2\/product\/9868","targetHints":{"allow":["GET"]}}],"collection":[{"href":"https:\/\/printcubator.net\/de\/wp-json\/wp\/v2\/product"}],"about":[{"href":"https:\/\/printcubator.net\/de\/wp-json\/wp\/v2\/types\/product"}],"replies":[{"embeddable":true,"href":"https:\/\/printcubator.net\/de\/wp-json\/wp\/v2\/comments?post=9868"}],"wp:featuredmedia":[{"embeddable":true,"href":"https:\/\/printcubator.net\/de\/wp-json\/wp\/v2\/media\/10067"}],"wp:attachment":[{"href":"https:\/\/printcubator.net\/de\/wp-json\/wp\/v2\/media?parent=9868"}],"wp:term":[{"taxonomy":"product_brand","embeddable":true,"href":"https:\/\/printcubator.net\/de\/wp-json\/wp\/v2\/product_brand?post=9868"},{"taxonomy":"product_cat","embeddable":true,"href":"https:\/\/printcubator.net\/de\/wp-json\/wp\/v2\/product_cat?post=9868"},{"taxonomy":"product_tag","embeddable":true,"href":"https:\/\/printcubator.net\/de\/wp-json\/wp\/v2\/product_tag?post=9868"}],"curies":[{"name":"wp","href":"https:\/\/api.w.org\/{rel}","templated":true}]}}