{"id":10280,"date":"2025-05-05T09:34:35","date_gmt":"2025-05-05T09:34:35","guid":{"rendered":"https:\/\/printcubator.net\/upcycling\/"},"modified":"2025-09-22T06:45:17","modified_gmt":"2025-09-22T06:45:17","slug":"upcycling","status":"publish","type":"page","link":"https:\/\/printcubator.net\/fr\/upcycling\/","title":{"rendered":"Upcycling"},"content":{"rendered":"\t\t<div data-elementor-type=\"wp-page\" data-elementor-id=\"10280\" class=\"elementor elementor-10280 elementor-10090\" data-elementor-post-type=\"page\">\n\t\t\t\t\t\t<section class=\"elementor-section elementor-top-section elementor-element elementor-element-2dfc42c elementor-section-height-min-height elementor-section-boxed elementor-section-height-default elementor-section-items-middle\" data-id=\"2dfc42c\" data-element_type=\"section\" data-settings=\"{&quot;background_background&quot;:&quot;classic&quot;}\">\n\t\t\t\t\t\t<div class=\"elementor-container elementor-column-gap-default\">\n\t\t\t\t\t<div class=\"elementor-column elementor-col-100 elementor-top-column elementor-element elementor-element-5ae1a55\" data-id=\"5ae1a55\" data-element_type=\"column\">\n\t\t\t<div class=\"elementor-widget-wrap elementor-element-populated\">\n\t\t\t\t\t\t<div class=\"elementor-element elementor-element-9826f3d elementor-widget elementor-widget-heading\" data-id=\"9826f3d\" data-element_type=\"widget\" data-widget_type=\"heading.default\">\n\t\t\t\t<div class=\"elementor-widget-container\">\n\t\t\t\t\t<h2 class=\"elementor-heading-title elementor-size-default\">Upcycling<\/h2>\t\t\t\t<\/div>\n\t\t\t\t<\/div>\n\t\t\t\t\t<\/div>\n\t\t<\/div>\n\t\t\t\t\t<\/div>\n\t\t<\/section>\n\t\t\t\t<section class=\"elementor-section elementor-top-section elementor-element elementor-element-abe96c3 elementor-section-boxed elementor-section-height-default elementor-section-height-default\" data-id=\"abe96c3\" data-element_type=\"section\">\n\t\t\t\t\t\t<div class=\"elementor-container elementor-column-gap-default\">\n\t\t\t\t\t<div class=\"elementor-column elementor-col-50 elementor-top-column elementor-element elementor-element-d9cc665\" data-id=\"d9cc665\" data-element_type=\"column\">\n\t\t\t<div class=\"elementor-widget-wrap elementor-element-populated\">\n\t\t\t\t\t\t<div class=\"elementor-element elementor-element-4da8095 elementor-widget elementor-widget-image\" data-id=\"4da8095\" data-element_type=\"widget\" data-widget_type=\"image.default\">\n\t\t\t\t<div class=\"elementor-widget-container\">\n\t\t\t\t\t\t\t\t\t\t\t\t\t\t\t<img fetchpriority=\"high\" decoding=\"async\" width=\"1654\" height=\"1654\" src=\"https:\/\/printcubator.net\/wp-content\/uploads\/2025\/05\/Copy-of-Demi-Panama-Hannover-1080-x-1350-px-Invitation-Square.png\" class=\"attachment-full size-full wp-image-10120\" alt=\"\" srcset=\"https:\/\/printcubator.net\/wp-content\/uploads\/2025\/05\/Copy-of-Demi-Panama-Hannover-1080-x-1350-px-Invitation-Square.png.webp 1654w, https:\/\/printcubator.net\/wp-content\/uploads\/2025\/05\/Copy-of-Demi-Panama-Hannover-1080-x-1350-px-Invitation-Square-300x300.png.webp 300w, https:\/\/printcubator.net\/wp-content\/uploads\/2025\/05\/Copy-of-Demi-Panama-Hannover-1080-x-1350-px-Invitation-Square-1024x1024.png.webp 1024w, https:\/\/printcubator.net\/wp-content\/uploads\/2025\/05\/Copy-of-Demi-Panama-Hannover-1080-x-1350-px-Invitation-Square-150x150.png.webp 150w, https:\/\/printcubator.net\/wp-content\/uploads\/2025\/05\/Copy-of-Demi-Panama-Hannover-1080-x-1350-px-Invitation-Square-768x768.png.webp 768w, https:\/\/printcubator.net\/wp-content\/uploads\/2025\/05\/Copy-of-Demi-Panama-Hannover-1080-x-1350-px-Invitation-Square-1536x1536.png.webp 1536w, https:\/\/printcubator.net\/wp-content\/uploads\/2025\/05\/Copy-of-Demi-Panama-Hannover-1080-x-1350-px-Invitation-Square-700x700.png.webp 700w, https:\/\/printcubator.net\/wp-content\/uploads\/2025\/05\/Copy-of-Demi-Panama-Hannover-1080-x-1350-px-Invitation-Square-600x600.png.webp 600w, https:\/\/printcubator.net\/wp-content\/uploads\/2025\/05\/Copy-of-Demi-Panama-Hannover-1080-x-1350-px-Invitation-Square-100x100.png.webp 100w\" sizes=\"(max-width: 1654px) 100vw, 1654px\" \/>\t\t\t\t\t\t\t\t\t\t\t\t\t\t\t<\/div>\n\t\t\t\t<\/div>\n\t\t\t\t\t<\/div>\n\t\t<\/div>\n\t\t\t\t<div class=\"elementor-column elementor-col-50 elementor-top-column elementor-element elementor-element-d251ffe\" data-id=\"d251ffe\" data-element_type=\"column\">\n\t\t\t<div class=\"elementor-widget-wrap elementor-element-populated\">\n\t\t\t\t\t\t<div class=\"elementor-element elementor-element-e78a1e1 elementor-widget elementor-widget-heading\" data-id=\"e78a1e1\" data-element_type=\"widget\" data-widget_type=\"heading.default\">\n\t\t\t\t<div class=\"elementor-widget-container\">\n\t\t\t\t\t<h2 class=\"elementor-heading-title elementor-size-default\">Une Seconde Vie pour vos Tissus<\/h2>\t\t\t\t<\/div>\n\t\t\t\t<\/div>\n\t\t\t\t<div class=\"elementor-element elementor-element-037c9ea elementor-widget elementor-widget-text-editor\" data-id=\"037c9ea\" data-element_type=\"widget\" data-widget_type=\"text-editor.default\">\n\t\t\t\t<div class=\"elementor-widget-container\">\n\t\t\t\t\t\t\t\t\t<p>Vous avez des rouleaux en trop, des tissus oubli\u00e9s ou du stock inutilis\u00e9 ? Offrez une nouvelle vie \u00e0 vos textiles dormants ! <\/p>\n<p>Nous proposons un service d\u2019impression pigmentaire personnalis\u00e9e sur vos propres mati\u00e8res, \u00e0 partir de 100 m\u00e8tres, compatible avec tous les tissus clairs ou blancs.<\/p>\n<p><strong>Pourquoi l&#8217;impression pigmentaire ?<\/strong><\/p>\n<p>Cette technologie garantit des r\u00e9sultats \u00e9clatants et de haute qualit\u00e9, tout en r\u00e9duisant consid\u00e9rablement la consommation d\u2019eau et d\u2019\u00e9nergie. Une solution plus responsable et avis\u00e9e pour signer votre prochaine collection.<\/p>\n<p><strong>D\u00e9tails :<\/strong><br>&#8211; Test d&#8217;impression : 29\u20ac <span style=\"font-size: medium;\">&nbsp; pour \u00e9valuer la faisabilit\u00e9 et fournir un \u00e9chantillon de r\u00e9f\u00e9rence avant la production (frais d&#8217;exp\u00e9dition exclus).<\/span><br>&#8211; Commande minimum : 100 m\u00e8tres (jusqu&#8217;\u00e0 160 cm de largeur)<br>&#8211; Prix : 6\u20ac\/m\u00e8tre<\/p>\n<p><strong>Int\u00e9ress\u00e9\u2022e ?<\/strong><br>Remplissez le formulaire avec vos coordonn\u00e9es \u2013 notre \u00e9quipe vous contactera rapidement.<\/p>\t\t\t\t\t\t\t\t<\/div>\n\t\t\t\t<\/div>\n\t\t\t\t\t<\/div>\n\t\t<\/div>\n\t\t\t\t\t<\/div>\n\t\t<\/section>\n\t\t\t\t<section class=\"elementor-section elementor-top-section elementor-element elementor-element-e117c2a elementor-section-boxed elementor-section-height-default elementor-section-height-default\" data-id=\"e117c2a\" data-element_type=\"section\" data-settings=\"{&quot;background_background&quot;:&quot;classic&quot;}\">\n\t\t\t\t\t\t<div class=\"elementor-container elementor-column-gap-default\">\n\t\t\t\t\t<div class=\"elementor-column elementor-col-100 elementor-top-column elementor-element elementor-element-e0735df\" data-id=\"e0735df\" data-element_type=\"column\">\n\t\t\t<div class=\"elementor-widget-wrap elementor-element-populated\">\n\t\t\t\t\t\t<div class=\"elementor-element elementor-element-6a31dfa elementor-widget elementor-widget-heading\" data-id=\"6a31dfa\" data-element_type=\"widget\" data-widget_type=\"heading.default\">\n\t\t\t\t<div class=\"elementor-widget-container\">\n\t\t\t\t\t<h2 class=\"elementor-heading-title elementor-size-default\">Contactez-nous<\/h2>\t\t\t\t<\/div>\n\t\t\t\t<\/div>\n\t\t\t\t<div class=\"elementor-element elementor-element-07ab0ef elementor-button-align-center elementor-widget elementor-widget-form\" data-id=\"07ab0ef\" data-element_type=\"widget\" data-settings=\"{&quot;step_next_label&quot;:&quot;Suivant&quot;,&quot;step_previous_label&quot;:&quot;Pr\\u00e9c\\u00e9dent&quot;,&quot;button_width&quot;:&quot;100&quot;,&quot;step_type&quot;:&quot;number_text&quot;,&quot;step_icon_shape&quot;:&quot;circle&quot;}\" data-widget_type=\"form.default\">\n\t\t\t\t<div class=\"elementor-widget-container\">\n\t\t\t\t\t\t\t<form class=\"elementor-form\" method=\"post\" name=\"Nouveau Formulaire\">\n\t\t\t<input type=\"hidden\" name=\"post_id\" value=\"10280\"\/>\n\t\t\t<input type=\"hidden\" name=\"form_id\" value=\"07ab0ef\"\/>\n\t\t\t<input type=\"hidden\" name=\"referer_title\" value=\"Upcycling - Printcubator\" \/>\n\n\t\t\t\t\t\t\t<input type=\"hidden\" name=\"queried_id\" value=\"10280\"\/>\n\t\t\t\n\t\t\t<div class=\"elementor-form-fields-wrapper elementor-labels-above\">\n\t\t\t\t\t\t\t\t<div class=\"elementor-field-type-text elementor-field-group elementor-column elementor-field-group-name elementor-col-100\">\n\t\t\t\t\t\t\t\t\t\t\t\t<label for=\"form-field-name\" class=\"elementor-field-label\">\n\t\t\t\t\t\t\t\tNom\t\t\t\t\t\t\t<\/label>\n\t\t\t\t\t\t\t\t\t\t\t\t\t\t<input size=\"1\" type=\"text\" name=\"form_fields[name]\" id=\"form-field-name\" class=\"elementor-field elementor-size-sm  elementor-field-textual\" placeholder=\"Nom\">\n\t\t\t\t\t\t\t\t\t\t\t<\/div>\n\t\t\t\t\t\t\t\t<div class=\"elementor-field-type-email elementor-field-group elementor-column elementor-field-group-email elementor-col-100 elementor-field-required\">\n\t\t\t\t\t\t\t\t\t\t\t\t<label for=\"form-field-email\" class=\"elementor-field-label\">\n\t\t\t\t\t\t\t\tEmail\t\t\t\t\t\t\t<\/label>\n\t\t\t\t\t\t\t\t\t\t\t\t\t\t<input size=\"1\" type=\"email\" name=\"form_fields[email]\" id=\"form-field-email\" class=\"elementor-field elementor-size-sm  elementor-field-textual\" placeholder=\"Email\" required=\"required\">\n\t\t\t\t\t\t\t\t\t\t\t<\/div>\n\t\t\t\t\t\t\t\t<div class=\"elementor-field-type-textarea elementor-field-group elementor-column elementor-field-group-message elementor-col-100\">\n\t\t\t\t\t\t\t\t\t\t\t\t<label for=\"form-field-message\" class=\"elementor-field-label\">\n\t\t\t\t\t\t\t\tMessage\t\t\t\t\t\t\t<\/label>\n\t\t\t\t\t\t<textarea class=\"elementor-field-textual elementor-field  elementor-size-sm\" name=\"form_fields[message]\" id=\"form-field-message\" rows=\"4\" placeholder=\"Message\"><\/textarea>\t\t\t\t<\/div>\n\t\t\t\t\t\t\t\t<div class=\"elementor-field-group elementor-column elementor-field-type-submit elementor-col-100 e-form__buttons\">\n\t\t\t\t\t<button class=\"elementor-button elementor-size-sm\" type=\"submit\">\n\t\t\t\t\t\t<span class=\"elementor-button-content-wrapper\">\n\t\t\t\t\t\t\t\t\t\t\t\t\t\t\t\t\t\t\t\t\t\t<span class=\"elementor-button-text\">Envoyer<\/span>\n\t\t\t\t\t\t\t\t\t\t\t\t\t<\/span>\n\t\t\t\t\t<\/button>\n\t\t\t\t<\/div>\n\t\t\t<\/div>\n\t\t<\/form>\n\t\t\t\t\t\t<\/div>\n\t\t\t\t<\/div>\n\t\t\t\t\t<\/div>\n\t\t<\/div>\n\t\t\t\t\t<\/div>\n\t\t<\/section>\n\t\t\t\t<\/div>\n\t\t","protected":false},"excerpt":{"rendered":"<p>Upcycling Une Seconde Vie pour vos Tissus Vous avez des rouleaux en trop, des tissus oubli\u00e9s ou du stock inutilis\u00e9 ? Offrez une nouvelle vie \u00e0 vos textiles dormants ! Nous proposons un service d\u2019impression pigmentaire personnalis\u00e9e sur vos propres mati\u00e8res, \u00e0 partir de 100 m\u00e8tres, compatible avec tous les tissus clairs ou blancs. Pourquoi [&hellip;]<\/p>\n","protected":false},"author":1,"featured_media":0,"parent":0,"menu_order":0,"comment_status":"closed","ping_status":"closed","template":"","meta":{"_acf_changed":false,"_monsterinsights_skip_tracking":false,"_monsterinsights_sitenote_active":false,"_monsterinsights_sitenote_note":"","_monsterinsights_sitenote_category":0,"footnotes":""},"class_list":["post-10280","page","type-page","status-publish","hentry"],"acf":[],"yoast_head":"<!-- This site is optimized with the Yoast SEO plugin v24.8.1 - https:\/\/yoast.com\/wordpress\/plugins\/seo\/ -->\n<title>Upcycling - Printcubator<\/title>\n<meta name=\"robots\" content=\"index, follow, max-snippet:-1, max-image-preview:large, max-video-preview:-1\" \/>\n<link rel=\"canonical\" href=\"https:\/\/printcubator.net\/fr\/upcycling\/\" \/>\n<meta property=\"og:locale\" content=\"fr_FR\" \/>\n<meta property=\"og:type\" content=\"article\" \/>\n<meta property=\"og:title\" content=\"Upcycling - Printcubator\" \/>\n<meta property=\"og:description\" content=\"Upcycling Une Seconde Vie pour vos Tissus Vous avez des rouleaux en trop, des tissus oubli\u00e9s ou du stock inutilis\u00e9 ? Offrez une nouvelle vie \u00e0 vos textiles dormants ! Nous proposons un service d\u2019impression pigmentaire personnalis\u00e9e sur vos propres mati\u00e8res, \u00e0 partir de 100 m\u00e8tres, compatible avec tous les tissus clairs ou blancs. Pourquoi [&hellip;]\" \/>\n<meta property=\"og:url\" content=\"https:\/\/printcubator.net\/fr\/upcycling\/\" \/>\n<meta property=\"og:site_name\" content=\"Printcubator\" \/>\n<meta property=\"article:modified_time\" content=\"2025-09-22T06:45:17+00:00\" \/>\n<meta property=\"og:image\" content=\"https:\/\/printcubator.net\/wp-content\/uploads\/2025\/05\/Copy-of-Demi-Panama-Hannover-1080-x-1350-px-Invitation-Square-1024x1024.png\" \/>\n\t<meta property=\"og:image:width\" content=\"1024\" \/>\n\t<meta property=\"og:image:height\" content=\"1024\" \/>\n\t<meta property=\"og:image:type\" content=\"image\/png\" \/>\n<meta name=\"twitter:card\" content=\"summary_large_image\" \/>\n<meta name=\"twitter:label1\" content=\"Dur\u00e9e de lecture estim\u00e9e\" \/>\n\t<meta name=\"twitter:data1\" content=\"1 minute\" \/>\n<script type=\"application\/ld+json\" class=\"yoast-schema-graph\">{\"@context\":\"https:\/\/schema.org\",\"@graph\":[{\"@type\":\"WebPage\",\"@id\":\"https:\/\/printcubator.net\/fr\/upcycling\/\",\"url\":\"https:\/\/printcubator.net\/fr\/upcycling\/\",\"name\":\"Upcycling - Printcubator\",\"isPartOf\":{\"@id\":\"https:\/\/printcubator.net\/fr\/#website\"},\"primaryImageOfPage\":{\"@id\":\"https:\/\/printcubator.net\/fr\/upcycling\/#primaryimage\"},\"image\":{\"@id\":\"https:\/\/printcubator.net\/fr\/upcycling\/#primaryimage\"},\"thumbnailUrl\":\"https:\/\/printcubator.net\/wp-content\/uploads\/2025\/05\/Copy-of-Demi-Panama-Hannover-1080-x-1350-px-Invitation-Square.png\",\"datePublished\":\"2025-05-05T09:34:35+00:00\",\"dateModified\":\"2025-09-22T06:45:17+00:00\",\"breadcrumb\":{\"@id\":\"https:\/\/printcubator.net\/fr\/upcycling\/#breadcrumb\"},\"inLanguage\":\"fr-FR\",\"potentialAction\":[{\"@type\":\"ReadAction\",\"target\":[\"https:\/\/printcubator.net\/fr\/upcycling\/\"]}]},{\"@type\":\"ImageObject\",\"inLanguage\":\"fr-FR\",\"@id\":\"https:\/\/printcubator.net\/fr\/upcycling\/#primaryimage\",\"url\":\"https:\/\/printcubator.net\/wp-content\/uploads\/2025\/05\/Copy-of-Demi-Panama-Hannover-1080-x-1350-px-Invitation-Square.png\",\"contentUrl\":\"https:\/\/printcubator.net\/wp-content\/uploads\/2025\/05\/Copy-of-Demi-Panama-Hannover-1080-x-1350-px-Invitation-Square.png\"},{\"@type\":\"BreadcrumbList\",\"@id\":\"https:\/\/printcubator.net\/fr\/upcycling\/#breadcrumb\",\"itemListElement\":[{\"@type\":\"ListItem\",\"position\":1,\"name\":\"Home\",\"item\":\"https:\/\/printcubator.net\/fr\/\"},{\"@type\":\"ListItem\",\"position\":2,\"name\":\"Upcycling\"}]},{\"@type\":\"WebSite\",\"@id\":\"https:\/\/printcubator.net\/fr\/#website\",\"url\":\"https:\/\/printcubator.net\/fr\/\",\"name\":\"Printcubator\",\"description\":\"\",\"publisher\":{\"@id\":\"https:\/\/printcubator.net\/fr\/#organization\"},\"potentialAction\":[{\"@type\":\"SearchAction\",\"target\":{\"@type\":\"EntryPoint\",\"urlTemplate\":\"https:\/\/printcubator.net\/fr\/?s={search_term_string}\"},\"query-input\":{\"@type\":\"PropertyValueSpecification\",\"valueRequired\":true,\"valueName\":\"search_term_string\"}}],\"inLanguage\":\"fr-FR\"},{\"@type\":\"Organization\",\"@id\":\"https:\/\/printcubator.net\/fr\/#organization\",\"name\":\"Printcubator\",\"url\":\"https:\/\/printcubator.net\/fr\/\",\"logo\":{\"@type\":\"ImageObject\",\"inLanguage\":\"fr-FR\",\"@id\":\"https:\/\/printcubator.net\/fr\/#\/schema\/logo\/image\/\",\"url\":\"https:\/\/printcubator.net\/wp-content\/uploads\/2024\/07\/logo.png\",\"contentUrl\":\"https:\/\/printcubator.net\/wp-content\/uploads\/2024\/07\/logo.png\",\"width\":345,\"height\":304,\"caption\":\"Printcubator\"},\"image\":{\"@id\":\"https:\/\/printcubator.net\/fr\/#\/schema\/logo\/image\/\"}}]}<\/script>\n<!-- \/ Yoast SEO plugin. -->","yoast_head_json":{"title":"Upcycling - Printcubator","robots":{"index":"index","follow":"follow","max-snippet":"max-snippet:-1","max-image-preview":"max-image-preview:large","max-video-preview":"max-video-preview:-1"},"canonical":"https:\/\/printcubator.net\/fr\/upcycling\/","og_locale":"fr_FR","og_type":"article","og_title":"Upcycling - Printcubator","og_description":"Upcycling Une Seconde Vie pour vos Tissus Vous avez des rouleaux en trop, des tissus oubli\u00e9s ou du stock inutilis\u00e9 ? Offrez une nouvelle vie \u00e0 vos textiles dormants ! Nous proposons un service d\u2019impression pigmentaire personnalis\u00e9e sur vos propres mati\u00e8res, \u00e0 partir de 100 m\u00e8tres, compatible avec tous les tissus clairs ou blancs. Pourquoi [&hellip;]","og_url":"https:\/\/printcubator.net\/fr\/upcycling\/","og_site_name":"Printcubator","article_modified_time":"2025-09-22T06:45:17+00:00","og_image":[{"width":1024,"height":1024,"url":"https:\/\/printcubator.net\/wp-content\/uploads\/2025\/05\/Copy-of-Demi-Panama-Hannover-1080-x-1350-px-Invitation-Square-1024x1024.png","type":"image\/png"}],"twitter_card":"summary_large_image","twitter_misc":{"Dur\u00e9e de lecture estim\u00e9e":"1 minute"},"schema":{"@context":"https:\/\/schema.org","@graph":[{"@type":"WebPage","@id":"https:\/\/printcubator.net\/fr\/upcycling\/","url":"https:\/\/printcubator.net\/fr\/upcycling\/","name":"Upcycling - Printcubator","isPartOf":{"@id":"https:\/\/printcubator.net\/fr\/#website"},"primaryImageOfPage":{"@id":"https:\/\/printcubator.net\/fr\/upcycling\/#primaryimage"},"image":{"@id":"https:\/\/printcubator.net\/fr\/upcycling\/#primaryimage"},"thumbnailUrl":"https:\/\/printcubator.net\/wp-content\/uploads\/2025\/05\/Copy-of-Demi-Panama-Hannover-1080-x-1350-px-Invitation-Square.png","datePublished":"2025-05-05T09:34:35+00:00","dateModified":"2025-09-22T06:45:17+00:00","breadcrumb":{"@id":"https:\/\/printcubator.net\/fr\/upcycling\/#breadcrumb"},"inLanguage":"fr-FR","potentialAction":[{"@type":"ReadAction","target":["https:\/\/printcubator.net\/fr\/upcycling\/"]}]},{"@type":"ImageObject","inLanguage":"fr-FR","@id":"https:\/\/printcubator.net\/fr\/upcycling\/#primaryimage","url":"https:\/\/printcubator.net\/wp-content\/uploads\/2025\/05\/Copy-of-Demi-Panama-Hannover-1080-x-1350-px-Invitation-Square.png","contentUrl":"https:\/\/printcubator.net\/wp-content\/uploads\/2025\/05\/Copy-of-Demi-Panama-Hannover-1080-x-1350-px-Invitation-Square.png"},{"@type":"BreadcrumbList","@id":"https:\/\/printcubator.net\/fr\/upcycling\/#breadcrumb","itemListElement":[{"@type":"ListItem","position":1,"name":"Home","item":"https:\/\/printcubator.net\/fr\/"},{"@type":"ListItem","position":2,"name":"Upcycling"}]},{"@type":"WebSite","@id":"https:\/\/printcubator.net\/fr\/#website","url":"https:\/\/printcubator.net\/fr\/","name":"Printcubator","description":"","publisher":{"@id":"https:\/\/printcubator.net\/fr\/#organization"},"potentialAction":[{"@type":"SearchAction","target":{"@type":"EntryPoint","urlTemplate":"https:\/\/printcubator.net\/fr\/?s={search_term_string}"},"query-input":{"@type":"PropertyValueSpecification","valueRequired":true,"valueName":"search_term_string"}}],"inLanguage":"fr-FR"},{"@type":"Organization","@id":"https:\/\/printcubator.net\/fr\/#organization","name":"Printcubator","url":"https:\/\/printcubator.net\/fr\/","logo":{"@type":"ImageObject","inLanguage":"fr-FR","@id":"https:\/\/printcubator.net\/fr\/#\/schema\/logo\/image\/","url":"https:\/\/printcubator.net\/wp-content\/uploads\/2024\/07\/logo.png","contentUrl":"https:\/\/printcubator.net\/wp-content\/uploads\/2024\/07\/logo.png","width":345,"height":304,"caption":"Printcubator"},"image":{"@id":"https:\/\/printcubator.net\/fr\/#\/schema\/logo\/image\/"}}]}},"_links":{"self":[{"href":"https:\/\/printcubator.net\/fr\/wp-json\/wp\/v2\/pages\/10280","targetHints":{"allow":["GET"]}}],"collection":[{"href":"https:\/\/printcubator.net\/fr\/wp-json\/wp\/v2\/pages"}],"about":[{"href":"https:\/\/printcubator.net\/fr\/wp-json\/wp\/v2\/types\/page"}],"author":[{"embeddable":true,"href":"https:\/\/printcubator.net\/fr\/wp-json\/wp\/v2\/users\/1"}],"replies":[{"embeddable":true,"href":"https:\/\/printcubator.net\/fr\/wp-json\/wp\/v2\/comments?post=10280"}],"version-history":[{"count":20,"href":"https:\/\/printcubator.net\/fr\/wp-json\/wp\/v2\/pages\/10280\/revisions"}],"predecessor-version":[{"id":13592,"href":"https:\/\/printcubator.net\/fr\/wp-json\/wp\/v2\/pages\/10280\/revisions\/13592"}],"wp:attachment":[{"href":"https:\/\/printcubator.net\/fr\/wp-json\/wp\/v2\/media?parent=10280"}],"curies":[{"name":"wp","href":"https:\/\/api.w.org\/{rel}","templated":true}]}}