{"id":2010,"date":"2024-09-20T09:41:52","date_gmt":"2024-09-20T09:41:52","guid":{"rendered":"https:\/\/printcubator.net\/mentions-legales\/"},"modified":"2024-09-22T12:48:32","modified_gmt":"2024-09-22T12:48:32","slug":"mentions-legales","status":"publish","type":"page","link":"https:\/\/printcubator.net\/fr\/mentions-legales\/","title":{"rendered":"Mentions l\u00e9gales<br>"},"content":{"rendered":"\t\t<div data-elementor-type=\"wp-page\" data-elementor-id=\"2010\" class=\"elementor elementor-2010 elementor-1852\" data-elementor-post-type=\"page\">\n\t\t\t\t\t\t<section class=\"elementor-section elementor-top-section elementor-element elementor-element-a89fdaf elementor-section-boxed elementor-section-height-default elementor-section-height-default\" data-id=\"a89fdaf\" data-element_type=\"section\">\n\t\t\t\t\t\t<div class=\"elementor-container elementor-column-gap-default\">\n\t\t\t\t\t<div class=\"elementor-column elementor-col-100 elementor-top-column elementor-element elementor-element-04cb56b\" data-id=\"04cb56b\" data-element_type=\"column\">\n\t\t\t<div class=\"elementor-widget-wrap elementor-element-populated\">\n\t\t\t\t\t\t<div class=\"elementor-element elementor-element-88046a0 elementor-widget elementor-widget-heading\" data-id=\"88046a0\" data-element_type=\"widget\" data-widget_type=\"heading.default\">\n\t\t\t\t<div class=\"elementor-widget-container\">\n\t\t\t\t\t<h1 class=\"elementor-heading-title elementor-size-default\">Mentions l\u00e9gales<\/h1>\t\t\t\t<\/div>\n\t\t\t\t<\/div>\n\t\t\t\t<section class=\"elementor-section elementor-inner-section elementor-element elementor-element-d929202 elementor-section-boxed elementor-section-height-default elementor-section-height-default\" data-id=\"d929202\" data-element_type=\"section\">\n\t\t\t\t\t\t<div class=\"elementor-container elementor-column-gap-default\">\n\t\t\t\t\t<div class=\"elementor-column elementor-col-100 elementor-inner-column elementor-element elementor-element-b19f1c3\" data-id=\"b19f1c3\" data-element_type=\"column\">\n\t\t\t<div class=\"elementor-widget-wrap elementor-element-populated\">\n\t\t\t\t\t\t<div class=\"elementor-element elementor-element-015ce57 elementor-widget elementor-widget-text-editor\" data-id=\"015ce57\" data-element_type=\"widget\" data-widget_type=\"text-editor.default\">\n\t\t\t\t<div class=\"elementor-widget-container\">\n\t\t\t\t\t\t\t\t\t<p>V-2022-01<\/p>\n<p>Dans le pr\u00e9sent document, les termes employ\u00e9s pour d\u00e9signer des personnes sont utilis\u00e9s au sens g\u00e9n\u00e9rique.<\/p>\n\t\t\t\t\t\t\t\t<\/div>\n\t\t\t\t<\/div>\n\t\t\t\t<div class=\"elementor-element elementor-element-257e35a elementor-widget elementor-widget-heading\" data-id=\"257e35a\" data-element_type=\"widget\" data-widget_type=\"heading.default\">\n\t\t\t\t<div class=\"elementor-widget-container\">\n\t\t\t\t\t<p class=\"elementor-heading-title elementor-size-default\">1 Pr\u00e9sentation g\u00e9n\u00e9rale des conditions d\u2019utilisation<\/p>\t\t\t\t<\/div>\n\t\t\t\t<\/div>\n\t\t\t\t<div class=\"elementor-element elementor-element-987ed3d elementor-widget elementor-widget-text-editor\" data-id=\"987ed3d\" data-element_type=\"widget\" data-widget_type=\"text-editor.default\">\n\t\t\t\t<div class=\"elementor-widget-container\">\n\t\t\t\t\t\t\t\t\t<p>La consultation du site printcubator.net suppose l&#8217;acceptation sans r\u00e9serves des pr\u00e9sentes conditions d&#8217;utilisation.<\/p>\n<p>Les termes &#8220;le site&#8221; ou &#8221; les sites&#8221; d\u00e9signent ci-apr\u00e8s le site Internet printcubator.net de la soci\u00e9t\u00e9 Mitwill Textiles Europe SARL, situ\u00e9e \u00e0 Sausheim.<\/p>\n\t\t\t\t\t\t\t\t<\/div>\n\t\t\t\t<\/div>\n\t\t\t\t<div class=\"elementor-element elementor-element-22f34e7 elementor-widget elementor-widget-heading\" data-id=\"22f34e7\" data-element_type=\"widget\" data-widget_type=\"heading.default\">\n\t\t\t\t<div class=\"elementor-widget-container\">\n\t\t\t\t\t<p class=\"elementor-heading-title elementor-size-default\">1-1 Gestionnaire du site :<\/p>\t\t\t\t<\/div>\n\t\t\t\t<\/div>\n\t\t\t\t<div class=\"elementor-element elementor-element-3b36bfd elementor-widget elementor-widget-text-editor\" data-id=\"3b36bfd\" data-element_type=\"widget\" data-widget_type=\"text-editor.default\">\n\t\t\t\t<div class=\"elementor-widget-container\">\n\t\t\t\t\t\t\t\t\t<p>Mitwill Textiles Europe SARL<\/p>\n<p>Si\u00e8ge social : 104 Rue des Bains F-68390 Sausheim, FRANCE<\/p>\n<p>Tel: +33 3 89 57 82 73; +33 6 58 32 09 63<\/p>\n<p>Mail: printcubator.net@mitwill.com<\/p>\n<p>SARL au capital de 60 000,00 \u20ac<\/p>\n<p>Num\u00e9ros de registre<\/p>\n<p>Siren: 790 059 182<\/p>\n<p>RCS Mulhouse TI 790 059 182<\/p>\n<p>n\u00b0 TVA : FR18790059182<\/p>\n\t\t\t\t\t\t\t\t<\/div>\n\t\t\t\t<\/div>\n\t\t\t\t<div class=\"elementor-element elementor-element-5d64512 elementor-widget elementor-widget-heading\" data-id=\"5d64512\" data-element_type=\"widget\" data-widget_type=\"heading.default\">\n\t\t\t\t<div class=\"elementor-widget-container\">\n\t\t\t\t\t<p class=\"elementor-heading-title elementor-size-default\">1-2 Conception graphisme et programmation du site<\/p>\t\t\t\t<\/div>\n\t\t\t\t<\/div>\n\t\t\t\t<div class=\"elementor-element elementor-element-2528bce elementor-widget elementor-widget-heading\" data-id=\"2528bce\" data-element_type=\"widget\" data-widget_type=\"heading.default\">\n\t\t\t\t<div class=\"elementor-widget-container\">\n\t\t\t\t\t<p class=\"elementor-heading-title elementor-size-default\">1-3 Informations techniques<\/p>\t\t\t\t<\/div>\n\t\t\t\t<\/div>\n\t\t\t\t<div class=\"elementor-element elementor-element-757da2b elementor-widget elementor-widget-text-editor\" data-id=\"757da2b\" data-element_type=\"widget\" data-widget_type=\"text-editor.default\">\n\t\t\t\t<div class=\"elementor-widget-container\">\n\t\t\t\t\t\t\t\t\t<p class=\"p1\">Conception et programmation : KP Infotech www.kpinfo.tech<\/p>\n<p class=\"p1\">H\u00e9bergement : Hostinger, datacenter, France.<\/p>\n\t\t\t\t\t\t\t\t<\/div>\n\t\t\t\t<\/div>\n\t\t\t\t<div class=\"elementor-element elementor-element-5ca0afd elementor-widget elementor-widget-text-editor\" data-id=\"5ca0afd\" data-element_type=\"widget\" data-widget_type=\"text-editor.default\">\n\t\t\t\t<div class=\"elementor-widget-container\">\n\t\t\t\t\t\t\t\t\t<p>Il est rappel\u00e9 que le secret des correspondances n&#8217;est pas garanti sur le r\u00e9seau Internet, Il appartient \u00e0 chaque utilisateur d&#8217;Internet de prendre toutes les mesures appropri\u00e9es de fa\u00e7on \u00e0 prot\u00e9ger ses propres donn\u00e9es et\/ou logiciels de la contamination d&#8217;\u00e9ventuels virus circulant sur Internet. <\/p>\n\t\t\t\t\t\t\t\t<\/div>\n\t\t\t\t<\/div>\n\t\t\t\t<div class=\"elementor-element elementor-element-a3ac134 elementor-widget elementor-widget-heading\" data-id=\"a3ac134\" data-element_type=\"widget\" data-widget_type=\"heading.default\">\n\t\t\t\t<div class=\"elementor-widget-container\">\n\t\t\t\t\t<p class=\"elementor-heading-title elementor-size-default\">1-4 Droit d\u2019auteurs<br><\/p>\t\t\t\t<\/div>\n\t\t\t\t<\/div>\n\t\t\t\t<div class=\"elementor-element elementor-element-0c7603e elementor-widget elementor-widget-text-editor\" data-id=\"0c7603e\" data-element_type=\"widget\" data-widget_type=\"text-editor.default\">\n\t\t\t\t<div class=\"elementor-widget-container\">\n\t\t\t\t\t\t\t\t\t<p>La reproduction ou repr\u00e9sentation, int\u00e9grale ou partielle, des pages, des donn\u00e9es et de tout autre \u00e9l\u00e9ment constitutif au site, par quelque proc\u00e9d\u00e9 ou support que ce soit, est interdite et constitue sans autorisation de l&#8217;\u00e9diteur une contrefa\u00e7on.<\/p>\n\t\t\t\t\t\t\t\t<\/div>\n\t\t\t\t<\/div>\n\t\t\t\t<div class=\"elementor-element elementor-element-c7dc852 elementor-widget elementor-widget-heading\" data-id=\"c7dc852\" data-element_type=\"widget\" data-widget_type=\"heading.default\">\n\t\t\t\t<div class=\"elementor-widget-container\">\n\t\t\t\t\t<p class=\"elementor-heading-title elementor-size-default\">2 Conditions d\u2019utilisation d\u00e9taill\u00e9es<\/p>\t\t\t\t<\/div>\n\t\t\t\t<\/div>\n\t\t\t\t<div class=\"elementor-element elementor-element-ac5a15a elementor-widget elementor-widget-heading\" data-id=\"ac5a15a\" data-element_type=\"widget\" data-widget_type=\"heading.default\">\n\t\t\t\t<div class=\"elementor-widget-container\">\n\t\t\t\t\t<p class=\"elementor-heading-title elementor-size-default\">2-1 Propri\u00e9t\u00e9 intellectuelle :<\/p>\t\t\t\t<\/div>\n\t\t\t\t<\/div>\n\t\t\t\t<div class=\"elementor-element elementor-element-a842183 elementor-widget elementor-widget-text-editor\" data-id=\"a842183\" data-element_type=\"widget\" data-widget_type=\"text-editor.default\">\n\t\t\t\t<div class=\"elementor-widget-container\">\n\t\t\t\t\t\t\t\t\t<p>Tous les \u00e9l\u00e9ments du pr\u00e9sent site web (textes, photographie, illustrations, logos, fichiers disponibles en t\u00e9l\u00e9chargement, base de donn\u00e9es figurant sur le site, clips vid\u00e9o ou sonores, charte graphique, structure g\u00e9n\u00e9rale du site etc\u2026) sont la propri\u00e9t\u00e9 exclusive de la soci\u00e9t\u00e9 Mitwill Textiles Europe SARL.<\/p>\n<p>Ces \u00e9l\u00e9ments sont prot\u00e9g\u00e9s par les lois fran\u00e7aises et les textes internationaux relatifs au respect des droits d&#8217;auteur et du copyright.<\/p>\n<p>La reproduction et\/ou la repr\u00e9sentation de ces \u00e9l\u00e9ments n&#8217;est autoris\u00e9e qu&#8217;\u00e0 des fins d&#8217;information pour un usage strictement personnel et priv\u00e9. L\u2019utilisation commerciale de ces \u00e9l\u00e9ments est interdite sauf \u00e9ventuelle autorisation pr\u00e9alable de la Soci\u00e9t\u00e9 Mitwill Textiles Europe SARL. <\/p>\n<p>Est strictement interdite la pratique consistant \u00e0 appeler un des \u00e9l\u00e9ments du site printcubator.net tels que d\u00e9finis plus haut dans une page web n&#8217;appartenant pas au site.<\/p>\n\t\t\t\t\t\t\t\t<\/div>\n\t\t\t\t<\/div>\n\t\t\t\t<div class=\"elementor-element elementor-element-9086f3d elementor-widget elementor-widget-heading\" data-id=\"9086f3d\" data-element_type=\"widget\" data-widget_type=\"heading.default\">\n\t\t\t\t<div class=\"elementor-widget-container\">\n\t\t\t\t\t<p class=\"elementor-heading-title elementor-size-default\">2-2 Base de donn\u00e9es :<\/p>\t\t\t\t<\/div>\n\t\t\t\t<\/div>\n\t\t\t\t<div class=\"elementor-element elementor-element-99445d6 elementor-widget elementor-widget-text-editor\" data-id=\"99445d6\" data-element_type=\"widget\" data-widget_type=\"text-editor.default\">\n\t\t\t\t<div class=\"elementor-widget-container\">\n\t\t\t\t\t\t\t\t\t<p>Les bases de donn\u00e9es sont prot\u00e9g\u00e9es au titre du droit applicable aux compilations de donn\u00e9es. Toute extraction ou tentative d\u2019extraction, totale ou partielle, est susceptible d\u2019engager la responsabilit\u00e9 civile et p\u00e9nale du contrevenant. <\/p>\n\t\t\t\t\t\t\t\t<\/div>\n\t\t\t\t<\/div>\n\t\t\t\t<div class=\"elementor-element elementor-element-60599cd elementor-widget elementor-widget-heading\" data-id=\"60599cd\" data-element_type=\"widget\" data-widget_type=\"heading.default\">\n\t\t\t\t<div class=\"elementor-widget-container\">\n\t\t\t\t\t<p class=\"elementor-heading-title elementor-size-default\">2-3 Donn\u00e9es personnelles :<\/p>\t\t\t\t<\/div>\n\t\t\t\t<\/div>\n\t\t\t\t<div class=\"elementor-element elementor-element-c5ea573 elementor-widget elementor-widget-text-editor\" data-id=\"c5ea573\" data-element_type=\"widget\" data-widget_type=\"text-editor.default\">\n\t\t\t\t<div class=\"elementor-widget-container\">\n\t\t\t\t\t\t\t\t\t<p>Le pr\u00e9sent site est soumis au respect de la loi fran\u00e7aise du 6 janvier 1978, dite &#8220;Informatique et libert\u00e9s&#8221; et nouvellement de la nouvelle r\u00e9glementation sur les donn\u00e9es personnelles qui est entr\u00e9e en vigueur depuis le 25 mai 2018.  <\/p>\n<p>printcubator.net, Mitwill Textiles Europe SARL,<\/p>\n<p>104 Rue des Bains 68390 Sausheim, FRANCE<\/p>\n\t\t\t\t\t\t\t\t<\/div>\n\t\t\t\t<\/div>\n\t\t\t\t<div class=\"elementor-element elementor-element-14d7cd5 elementor-widget elementor-widget-heading\" data-id=\"14d7cd5\" data-element_type=\"widget\" data-widget_type=\"heading.default\">\n\t\t\t\t<div class=\"elementor-widget-container\">\n\t\t\t\t\t<p class=\"elementor-heading-title elementor-size-default\">2-4 Collecte invisible d\u2019informations relatives \u00e0 la navigation du visiteur :<\/p>\t\t\t\t<\/div>\n\t\t\t\t<\/div>\n\t\t\t\t<div class=\"elementor-element elementor-element-e60d23f elementor-widget elementor-widget-text-editor\" data-id=\"e60d23f\" data-element_type=\"widget\" data-widget_type=\"text-editor.default\">\n\t\t\t\t<div class=\"elementor-widget-container\">\n\t\t\t\t\t\t\t\t\t<p>Nous enregistrons automatiquement certaines donn\u00e9es relatives \u00e0 vos habitudes sur notre site. Dans le but de toujours mieux vous servir, nous utilisons ces donn\u00e9es en interne pour faire des statistiques sur nos utilisateurs, leurs int\u00e9r\u00eats et leurs comportements. Ces donn\u00e9es sont compil\u00e9es et analys\u00e9es dans leur globalit\u00e9, et peuvent inclure l&#8217;URL que vous venez juste de visiter, celui sur lequel vous allez vous rendre (que ces URL soient sur notre site ou pas), le navigateur que vous utilisez, et votre adresse IP.  <\/p>\n\t\t\t\t\t\t\t\t<\/div>\n\t\t\t\t<\/div>\n\t\t\t\t<div class=\"elementor-element elementor-element-f494cb3 elementor-widget elementor-widget-heading\" data-id=\"f494cb3\" data-element_type=\"widget\" data-widget_type=\"heading.default\">\n\t\t\t\t<div class=\"elementor-widget-container\">\n\t\t\t\t\t<p class=\"elementor-heading-title elementor-size-default\">2-5 Archivage \u2013 preuve :<\/p>\t\t\t\t<\/div>\n\t\t\t\t<\/div>\n\t\t\t\t<div class=\"elementor-element elementor-element-d12c56e elementor-widget elementor-widget-text-editor\" data-id=\"d12c56e\" data-element_type=\"widget\" data-widget_type=\"text-editor.default\">\n\t\t\t\t<div class=\"elementor-widget-container\">\n\t\t\t\t\t\t\t\t\t<p>printcubator.net archivera les factures sur un support fiable et durable constituant une copie fid\u00e8le conform\u00e9ment aux dispositions de l\u2019article 1348 du Code civil fran\u00e7ais.<br \/>Les registres informatis\u00e9s de printcubator.net seront consid\u00e9r\u00e9s par les parties comme preuve des communications, commandes, paiements et transactions intervenus entre les parties.printcubator.net archivera les factures sur un support fiable et durable constituant une copie fid\u00e8le conform\u00e9ment aux dispositions de l\u2019article 1348 du Code civil fran\u00e7ais. <\/p>\n\t\t\t\t\t\t\t\t<\/div>\n\t\t\t\t<\/div>\n\t\t\t\t<div class=\"elementor-element elementor-element-bccb3a9 elementor-widget elementor-widget-heading\" data-id=\"bccb3a9\" data-element_type=\"widget\" data-widget_type=\"heading.default\">\n\t\t\t\t<div class=\"elementor-widget-container\">\n\t\t\t\t\t<p class=\"elementor-heading-title elementor-size-default\">2-6 Mise \u00e0 jour des mentions l\u00e9gales :<\/p>\t\t\t\t<\/div>\n\t\t\t\t<\/div>\n\t\t\t\t<div class=\"elementor-element elementor-element-f09b302 elementor-widget elementor-widget-text-editor\" data-id=\"f09b302\" data-element_type=\"widget\" data-widget_type=\"text-editor.default\">\n\t\t\t\t<div class=\"elementor-widget-container\">\n\t\t\t\t\t\t\t\t\t<p>Printcubator se r\u00e9serve le droit de mettre \u00e0 jour la pr\u00e9sente notice l\u00e9gale \u00e0 tout moment, en fonction de l&#8217;\u00e9volution du contenu du site et des contraintes suppl\u00e9mentaires de protection n\u00e9cessaires. Printcubator invite donc tout utilisateur \u00e0 visiter cette page lors de chaque consultation du site afin d&#8217;en prendre connaissance. <\/p>\n\t\t\t\t\t\t\t\t<\/div>\n\t\t\t\t<\/div>\n\t\t\t\t\t<\/div>\n\t\t<\/div>\n\t\t\t\t\t<\/div>\n\t\t<\/section>\n\t\t\t\t\t<\/div>\n\t\t<\/div>\n\t\t\t\t\t<\/div>\n\t\t<\/section>\n\t\t\t\t<\/div>\n\t\t","protected":false},"excerpt":{"rendered":"<p>Mentions l\u00e9gales V-2022-01 Dans le pr\u00e9sent document, les termes employ\u00e9s pour d\u00e9signer des personnes sont utilis\u00e9s au sens g\u00e9n\u00e9rique. 1 Pr\u00e9sentation g\u00e9n\u00e9rale des conditions d\u2019utilisation La consultation du site printcubator.net suppose l&#8217;acceptation sans r\u00e9serves des pr\u00e9sentes conditions d&#8217;utilisation. Les termes &#8220;le site&#8221; ou &#8221; les sites&#8221; d\u00e9signent ci-apr\u00e8s le site Internet printcubator.net de la soci\u00e9t\u00e9 [&hellip;]<\/p>\n","protected":false},"author":1,"featured_media":0,"parent":0,"menu_order":0,"comment_status":"closed","ping_status":"open","template":"elementor_header_footer","meta":{"_acf_changed":false,"_monsterinsights_skip_tracking":false,"_monsterinsights_sitenote_active":false,"_monsterinsights_sitenote_note":"","_monsterinsights_sitenote_category":0,"footnotes":""},"class_list":["post-2010","page","type-page","status-publish","hentry"],"acf":[],"yoast_head":"<!-- This site is optimized with the Yoast SEO plugin v24.8.1 - https:\/\/yoast.com\/wordpress\/plugins\/seo\/ -->\n<title>Mentions l\u00e9gales - Printcubator<\/title>\n<meta name=\"robots\" content=\"index, follow, max-snippet:-1, max-image-preview:large, max-video-preview:-1\" \/>\n<link rel=\"canonical\" href=\"https:\/\/printcubator.net\/fr\/mentions-legales\/\" \/>\n<meta property=\"og:locale\" content=\"fr_FR\" \/>\n<meta property=\"og:type\" content=\"article\" \/>\n<meta property=\"og:title\" content=\"Mentions l\u00e9gales - Printcubator\" \/>\n<meta property=\"og:description\" content=\"Mentions l\u00e9gales V-2022-01 Dans le pr\u00e9sent document, les termes employ\u00e9s pour d\u00e9signer des personnes sont utilis\u00e9s au sens g\u00e9n\u00e9rique. 1 Pr\u00e9sentation g\u00e9n\u00e9rale des conditions d\u2019utilisation La consultation du site printcubator.net suppose l&#8217;acceptation sans r\u00e9serves des pr\u00e9sentes conditions d&#8217;utilisation. Les termes &#8220;le site&#8221; ou &#8221; les sites&#8221; d\u00e9signent ci-apr\u00e8s le site Internet printcubator.net de la soci\u00e9t\u00e9 [&hellip;]\" \/>\n<meta property=\"og:url\" content=\"https:\/\/printcubator.net\/fr\/mentions-legales\/\" \/>\n<meta property=\"og:site_name\" content=\"Printcubator\" \/>\n<meta property=\"article:modified_time\" content=\"2024-09-22T12:48:32+00:00\" \/>\n<meta name=\"twitter:card\" content=\"summary_large_image\" \/>\n<meta name=\"twitter:label1\" content=\"Dur\u00e9e de lecture estim\u00e9e\" \/>\n\t<meta name=\"twitter:data1\" content=\"4 minutes\" \/>\n<script type=\"application\/ld+json\" class=\"yoast-schema-graph\">{\"@context\":\"https:\/\/schema.org\",\"@graph\":[{\"@type\":\"WebPage\",\"@id\":\"https:\/\/printcubator.net\/fr\/mentions-legales\/\",\"url\":\"https:\/\/printcubator.net\/fr\/mentions-legales\/\",\"name\":\"Mentions l\u00e9gales - Printcubator\",\"isPartOf\":{\"@id\":\"https:\/\/printcubator.net\/fr\/#website\"},\"datePublished\":\"2024-09-20T09:41:52+00:00\",\"dateModified\":\"2024-09-22T12:48:32+00:00\",\"breadcrumb\":{\"@id\":\"https:\/\/printcubator.net\/fr\/mentions-legales\/#breadcrumb\"},\"inLanguage\":\"fr-FR\",\"potentialAction\":[{\"@type\":\"ReadAction\",\"target\":[\"https:\/\/printcubator.net\/fr\/mentions-legales\/\"]}]},{\"@type\":\"BreadcrumbList\",\"@id\":\"https:\/\/printcubator.net\/fr\/mentions-legales\/#breadcrumb\",\"itemListElement\":[{\"@type\":\"ListItem\",\"position\":1,\"name\":\"Home\",\"item\":\"https:\/\/printcubator.net\/fr\/\"},{\"@type\":\"ListItem\",\"position\":2,\"name\":\"Mentions l\u00e9gales\"}]},{\"@type\":\"WebSite\",\"@id\":\"https:\/\/printcubator.net\/fr\/#website\",\"url\":\"https:\/\/printcubator.net\/fr\/\",\"name\":\"Printcubator\",\"description\":\"\",\"publisher\":{\"@id\":\"https:\/\/printcubator.net\/fr\/#organization\"},\"potentialAction\":[{\"@type\":\"SearchAction\",\"target\":{\"@type\":\"EntryPoint\",\"urlTemplate\":\"https:\/\/printcubator.net\/fr\/?s={search_term_string}\"},\"query-input\":{\"@type\":\"PropertyValueSpecification\",\"valueRequired\":true,\"valueName\":\"search_term_string\"}}],\"inLanguage\":\"fr-FR\"},{\"@type\":\"Organization\",\"@id\":\"https:\/\/printcubator.net\/fr\/#organization\",\"name\":\"Printcubator\",\"url\":\"https:\/\/printcubator.net\/fr\/\",\"logo\":{\"@type\":\"ImageObject\",\"inLanguage\":\"fr-FR\",\"@id\":\"https:\/\/printcubator.net\/fr\/#\/schema\/logo\/image\/\",\"url\":\"https:\/\/printcubator.net\/wp-content\/uploads\/2024\/07\/logo.png\",\"contentUrl\":\"https:\/\/printcubator.net\/wp-content\/uploads\/2024\/07\/logo.png\",\"width\":345,\"height\":304,\"caption\":\"Printcubator\"},\"image\":{\"@id\":\"https:\/\/printcubator.net\/fr\/#\/schema\/logo\/image\/\"}}]}<\/script>\n<!-- \/ Yoast SEO plugin. -->","yoast_head_json":{"title":"Mentions l\u00e9gales - Printcubator","robots":{"index":"index","follow":"follow","max-snippet":"max-snippet:-1","max-image-preview":"max-image-preview:large","max-video-preview":"max-video-preview:-1"},"canonical":"https:\/\/printcubator.net\/fr\/mentions-legales\/","og_locale":"fr_FR","og_type":"article","og_title":"Mentions l\u00e9gales - Printcubator","og_description":"Mentions l\u00e9gales V-2022-01 Dans le pr\u00e9sent document, les termes employ\u00e9s pour d\u00e9signer des personnes sont utilis\u00e9s au sens g\u00e9n\u00e9rique. 1 Pr\u00e9sentation g\u00e9n\u00e9rale des conditions d\u2019utilisation La consultation du site printcubator.net suppose l&#8217;acceptation sans r\u00e9serves des pr\u00e9sentes conditions d&#8217;utilisation. Les termes &#8220;le site&#8221; ou &#8221; les sites&#8221; d\u00e9signent ci-apr\u00e8s le site Internet printcubator.net de la soci\u00e9t\u00e9 [&hellip;]","og_url":"https:\/\/printcubator.net\/fr\/mentions-legales\/","og_site_name":"Printcubator","article_modified_time":"2024-09-22T12:48:32+00:00","twitter_card":"summary_large_image","twitter_misc":{"Dur\u00e9e de lecture estim\u00e9e":"4 minutes"},"schema":{"@context":"https:\/\/schema.org","@graph":[{"@type":"WebPage","@id":"https:\/\/printcubator.net\/fr\/mentions-legales\/","url":"https:\/\/printcubator.net\/fr\/mentions-legales\/","name":"Mentions l\u00e9gales - Printcubator","isPartOf":{"@id":"https:\/\/printcubator.net\/fr\/#website"},"datePublished":"2024-09-20T09:41:52+00:00","dateModified":"2024-09-22T12:48:32+00:00","breadcrumb":{"@id":"https:\/\/printcubator.net\/fr\/mentions-legales\/#breadcrumb"},"inLanguage":"fr-FR","potentialAction":[{"@type":"ReadAction","target":["https:\/\/printcubator.net\/fr\/mentions-legales\/"]}]},{"@type":"BreadcrumbList","@id":"https:\/\/printcubator.net\/fr\/mentions-legales\/#breadcrumb","itemListElement":[{"@type":"ListItem","position":1,"name":"Home","item":"https:\/\/printcubator.net\/fr\/"},{"@type":"ListItem","position":2,"name":"Mentions l\u00e9gales"}]},{"@type":"WebSite","@id":"https:\/\/printcubator.net\/fr\/#website","url":"https:\/\/printcubator.net\/fr\/","name":"Printcubator","description":"","publisher":{"@id":"https:\/\/printcubator.net\/fr\/#organization"},"potentialAction":[{"@type":"SearchAction","target":{"@type":"EntryPoint","urlTemplate":"https:\/\/printcubator.net\/fr\/?s={search_term_string}"},"query-input":{"@type":"PropertyValueSpecification","valueRequired":true,"valueName":"search_term_string"}}],"inLanguage":"fr-FR"},{"@type":"Organization","@id":"https:\/\/printcubator.net\/fr\/#organization","name":"Printcubator","url":"https:\/\/printcubator.net\/fr\/","logo":{"@type":"ImageObject","inLanguage":"fr-FR","@id":"https:\/\/printcubator.net\/fr\/#\/schema\/logo\/image\/","url":"https:\/\/printcubator.net\/wp-content\/uploads\/2024\/07\/logo.png","contentUrl":"https:\/\/printcubator.net\/wp-content\/uploads\/2024\/07\/logo.png","width":345,"height":304,"caption":"Printcubator"},"image":{"@id":"https:\/\/printcubator.net\/fr\/#\/schema\/logo\/image\/"}}]}},"_links":{"self":[{"href":"https:\/\/printcubator.net\/fr\/wp-json\/wp\/v2\/pages\/2010","targetHints":{"allow":["GET"]}}],"collection":[{"href":"https:\/\/printcubator.net\/fr\/wp-json\/wp\/v2\/pages"}],"about":[{"href":"https:\/\/printcubator.net\/fr\/wp-json\/wp\/v2\/types\/page"}],"author":[{"embeddable":true,"href":"https:\/\/printcubator.net\/fr\/wp-json\/wp\/v2\/users\/1"}],"replies":[{"embeddable":true,"href":"https:\/\/printcubator.net\/fr\/wp-json\/wp\/v2\/comments?post=2010"}],"version-history":[{"count":0,"href":"https:\/\/printcubator.net\/fr\/wp-json\/wp\/v2\/pages\/2010\/revisions"}],"wp:attachment":[{"href":"https:\/\/printcubator.net\/fr\/wp-json\/wp\/v2\/media?parent=2010"}],"curies":[{"name":"wp","href":"https:\/\/api.w.org\/{rel}","templated":true}]}}