{"id":2043,"date":"2024-07-26T09:10:53","date_gmt":"2024-07-26T09:10:53","guid":{"rendered":"https:\/\/printcubator.net\/politique-de-confidentialite\/"},"modified":"2024-09-23T15:29:05","modified_gmt":"2024-09-23T15:29:05","slug":"politique-de-confidentialite","status":"publish","type":"page","link":"https:\/\/printcubator.net\/fr\/politique-de-confidentialite\/","title":{"rendered":"Politique de confidentialit\u00e9<br>"},"content":{"rendered":"\t\t<div data-elementor-type=\"wp-page\" data-elementor-id=\"2043\" class=\"elementor elementor-2043 elementor-3\" data-elementor-post-type=\"page\">\n\t\t\t\t\t\t<section class=\"elementor-section elementor-top-section elementor-element elementor-element-a89fdaf elementor-section-boxed elementor-section-height-default elementor-section-height-default\" data-id=\"a89fdaf\" data-element_type=\"section\">\n\t\t\t\t\t\t<div class=\"elementor-container elementor-column-gap-default\">\n\t\t\t\t\t<div class=\"elementor-column elementor-col-100 elementor-top-column elementor-element elementor-element-04cb56b\" data-id=\"04cb56b\" data-element_type=\"column\">\n\t\t\t<div class=\"elementor-widget-wrap elementor-element-populated\">\n\t\t\t\t\t\t<div class=\"elementor-element elementor-element-88046a0 elementor-widget elementor-widget-heading\" data-id=\"88046a0\" data-element_type=\"widget\" data-widget_type=\"heading.default\">\n\t\t\t\t<div class=\"elementor-widget-container\">\n\t\t\t\t\t<h1 class=\"elementor-heading-title elementor-size-default\">Politique de confidentialit\u00e9<br><\/h1>\t\t\t\t<\/div>\n\t\t\t\t<\/div>\n\t\t\t\t<section class=\"elementor-section elementor-inner-section elementor-element elementor-element-d929202 elementor-section-boxed elementor-section-height-default elementor-section-height-default\" data-id=\"d929202\" data-element_type=\"section\">\n\t\t\t\t\t\t<div class=\"elementor-container elementor-column-gap-default\">\n\t\t\t\t\t<div class=\"elementor-column elementor-col-100 elementor-inner-column elementor-element elementor-element-b19f1c3\" data-id=\"b19f1c3\" data-element_type=\"column\">\n\t\t\t<div class=\"elementor-widget-wrap elementor-element-populated\">\n\t\t\t\t\t\t<div class=\"elementor-element elementor-element-015ce57 elementor-widget elementor-widget-text-editor\" data-id=\"015ce57\" data-element_type=\"widget\" data-widget_type=\"text-editor.default\">\n\t\t\t\t<div class=\"elementor-widget-container\">\n\t\t\t\t\t\t\t\t\t<p>Conform\u00e9ment \u00e0 la loi du 6 janvier 1978 (version modifi\u00e9e), et au r\u00e8glement g\u00e9n\u00e9ral relatif \u00e0 la protection des donn\u00e9es, du 27 avril 2016 (dit \u00ab RGPD \u00bb), nous vous pr\u00e9cisons que Printcubator et, le cas \u00e9ch\u00e9ant, ses seuls sous-traitants susceptibles d&#8217;\u00eatre concern\u00e9s par votre demande effectu\u00e9e via notre site sont les seuls destinataires des informations et des donn\u00e9es personnelles transmises au biais du pr\u00e9sent site, et ne font pas l&#8217;objet de cession aupr\u00e8s de tiers.<\/p>\n<p>Printcubator met en \u0153uvre des mesures de s\u00e9curit\u00e9 techniques et organisationnelles afin de prot\u00e9ger les donn\u00e9es collect\u00e9es contre des manipulations fortuites ou intentionnelles, contre la perte ou la destruction des donn\u00e9es, ou encore contre l&#8217;acc\u00e8s \u00e0 ces derni\u00e8res par des personnes non autoris\u00e9es. Printcubator exige \u00e9galement de la part de ses sous-traitants qu&#8217;ils pr\u00e9sentent des garanties appropri\u00e9es pour assurer la s\u00e9curit\u00e9 et la confidentialit\u00e9 des donn\u00e9es personnelles. <\/p>\n<p>Les donn\u00e9es personnelles sont collect\u00e9es pour des finalit\u00e9s d\u00e9termin\u00e9es et proportionn\u00e9es qui sont port\u00e9es \u00e0 votre connaissance ci-apr\u00e8s. Ces donn\u00e9es ne peuvent \u00eatre utilis\u00e9es ult\u00e9rieurement de mani\u00e8re incompatible avec ces finalit\u00e9s. Ces donn\u00e9es sont collect\u00e9es loyalement ; aucune collecte n&#8217;est effectu\u00e9e \u00e0 l&#8217;insu des personnes et sans qu&#8217;elles en soient inform\u00e9es.  <\/p>\t\t\t\t\t\t\t\t<\/div>\n\t\t\t\t<\/div>\n\t\t\t\t<div class=\"elementor-element elementor-element-257e35a elementor-widget elementor-widget-heading\" data-id=\"257e35a\" data-element_type=\"widget\" data-widget_type=\"heading.default\">\n\t\t\t\t<div class=\"elementor-widget-container\">\n\t\t\t\t\t<p class=\"elementor-heading-title elementor-size-default\">LA COLLECTE DE VOS DONN\u00c9ES PERSONNELLES SUR NOTRE SITE INTERNET :<\/p>\t\t\t\t<\/div>\n\t\t\t\t<\/div>\n\t\t\t\t<div class=\"elementor-element elementor-element-987ed3d elementor-widget elementor-widget-text-editor\" data-id=\"987ed3d\" data-element_type=\"widget\" data-widget_type=\"text-editor.default\">\n\t\t\t\t<div class=\"elementor-widget-container\">\n\t\t\t\t\t\t\t\t\t<p>DONN\u00c9ES PERSONNELLES CONCERN\u00c9ES :<\/p>\n<p>Dans le cadre de votre navigation sur notre site internet, vous pouvez \u00eatre amen\u00e9s \u00e0 compl\u00e9ter des formulaires par lesquels nous sommes amen\u00e9s \u00e0 prendre connaissance de certaines de vos donn\u00e9es personnelles et notamment :<\/p>\n<p>Nom et Pr\u00e9nom<\/p>\n<p>Num\u00e9ro de t\u00e9l\u00e9phone<\/p>\n<p>Adresse mail<\/p>\n<p>Adresse postale<\/p>\n<p>Informations relatives au paiement<\/p>\n<p>Toute autre information non susceptible d&#8217;\u00eatre qualifi\u00e9e de donn\u00e9e personnelle et notamment votre num\u00e9ro de contrat, le num\u00e9ro d&#8217;identification de votre mat\u00e9riel ou le num\u00e9ro ou des informations relatives aux consommables n\u00e9cessaires.<\/p>\n<p>En sus de ces donn\u00e9es, nous sommes \u00e9galement amen\u00e9s \u00e0 collecter des donn\u00e9es personnelles par le biais des cookies Google pr\u00e9sents sur notre site internet et notamment des donn\u00e9es anonymis\u00e9es ou pseudonymis\u00e9es concernant notamment vos informations de navigation sur notre site internet, y compris des donn\u00e9es de date et heure, des donn\u00e9es relatives \u00e0 votre mat\u00e9riel de navigation, \u00e0 votre fournisseur de services internet ou votre adresse IP.<\/p>\t\t\t\t\t\t\t\t<\/div>\n\t\t\t\t<\/div>\n\t\t\t\t<div class=\"elementor-element elementor-element-22f34e7 elementor-widget elementor-widget-heading\" data-id=\"22f34e7\" data-element_type=\"widget\" data-widget_type=\"heading.default\">\n\t\t\t\t<div class=\"elementor-widget-container\">\n\t\t\t\t\t<p class=\"elementor-heading-title elementor-size-default\">FINALIT\u00c9S ET BASE L\u00c9GALE DES TRAITEMENTS DE DONN\u00c9ES PERSONNELLES :<\/p>\t\t\t\t<\/div>\n\t\t\t\t<\/div>\n\t\t\t\t<div class=\"elementor-element elementor-element-3b36bfd elementor-widget elementor-widget-text-editor\" data-id=\"3b36bfd\" data-element_type=\"widget\" data-widget_type=\"text-editor.default\">\n\t\t\t\t<div class=\"elementor-widget-container\">\n\t\t\t\t\t\t\t\t\t<p>Le traitement de ces donn\u00e9es est fond\u00e9 sur l&#8217;int\u00e9r\u00eat l\u00e9gitime de Printcubator et sur votre consentement aux fins de recueil et traitement d&#8217;informations d&#8217;ordre commercial ou op\u00e9rationnel nous permettant de r\u00e9pondre \u00e0 vos demandes. En compl\u00e9tant de tels formulaires et en cochant la case avant envoi, vous vous engagez \u00e0 avoir pris connaissance de notre politique de gestion des donn\u00e9es personnelles et l&#8217;avoir accept\u00e9e. Nous vous fournissons ci-dessous toutes les informations n\u00e9cessaires, le cas \u00e9ch\u00e9ant, \u00e0 l&#8217;exercice de vos droits.  <\/p>\n<p>La collecte de vos donn\u00e9es personnelles par le biais des cookies Google pr\u00e9sents sur notre site internet a pour finalit\u00e9 de nous permettre notamment de r\u00e9aliser des analyses statistiques de vos visites sur notre site internet et de nous permettre d&#8217;en optimiser la navigation. Le d\u00e9p\u00f4t et la lecture des cookies techniques n\u00e9cessaires \u00e0 l&#8217;analyse de vos visites et \u00e0 l&#8217;optimisation de la navigation sur le site rel\u00e8vent de votre consentement et de l&#8217;int\u00e9r\u00eat l\u00e9gitime de Printcubator. Des informations plus d\u00e9taill\u00e9es sont disponibles via notre bandeau cookie par lequel vous pouvez, par ailleurs, consentir ou refuser \u00e0 la collecte de vos donn\u00e9es par ces cookies.<br><br>  <\/p>\t\t\t\t\t\t\t\t<\/div>\n\t\t\t\t<\/div>\n\t\t\t\t<div class=\"elementor-element elementor-element-5d64512 elementor-widget elementor-widget-heading\" data-id=\"5d64512\" data-element_type=\"widget\" data-widget_type=\"heading.default\">\n\t\t\t\t<div class=\"elementor-widget-container\">\n\t\t\t\t\t<p class=\"elementor-heading-title elementor-size-default\">DUR\u00c9E DE CONSERVATION :<\/p>\t\t\t\t<\/div>\n\t\t\t\t<\/div>\n\t\t\t\t<div class=\"elementor-element elementor-element-757da2b elementor-widget elementor-widget-text-editor\" data-id=\"757da2b\" data-element_type=\"widget\" data-widget_type=\"text-editor.default\">\n\t\t\t\t<div class=\"elementor-widget-container\">\n\t\t\t\t\t\t\t\t\t<p>Conform\u00e9ment \u00e0 la r\u00e9glementation en vigueur, toute information recueillie ne sera conserv\u00e9e que le temps n\u00e9cessaire au traitement de vos demandes et, le cas \u00e9ch\u00e9ant, pour toute la dur\u00e9e de notre relation contractuelle prolong\u00e9e de cinq (5) ann\u00e9es. En l&#8217;absence de relation contractuelle, vos donn\u00e9es seront collect\u00e9es pendant une dur\u00e9e de trois (3) ann\u00e9es. Conform\u00e9ment \u00e0 la r\u00e9glementation, une dur\u00e9e sp\u00e9cifique peut \u00eatre pr\u00e9vue pour les donn\u00e9es personnelles concernant : les donn\u00e9es collect\u00e9es par des cookies : 13 mois<\/p>\n\t\t\t\t\t\t\t\t<\/div>\n\t\t\t\t<\/div>\n\t\t\t\t<div class=\"elementor-element elementor-element-2528bce elementor-widget elementor-widget-heading\" data-id=\"2528bce\" data-element_type=\"widget\" data-widget_type=\"heading.default\">\n\t\t\t\t<div class=\"elementor-widget-container\">\n\t\t\t\t\t<p class=\"elementor-heading-title elementor-size-default\">L'EXERCICE DE VOS DROITS (ACC\u00c8S, RECTIFICATION, SUPPRESSION\u2026) :<\/p>\t\t\t\t<\/div>\n\t\t\t\t<\/div>\n\t\t\t\t<div class=\"elementor-element elementor-element-5ca0afd elementor-widget elementor-widget-text-editor\" data-id=\"5ca0afd\" data-element_type=\"widget\" data-widget_type=\"text-editor.default\">\n\t\t\t\t<div class=\"elementor-widget-container\">\n\t\t\t\t\t\t\t\t\t<p>Au sens et dans les limites du RGPD, vous disposez d&#8217;un droit d&#8217;acc\u00e8s, de rectification, \u00e0 la portabilit\u00e9, d&#8217;effacement, de limitation et d&#8217;opposition \u00e0 un traitement de donn\u00e9es personnelles, et de d\u00e9finir le sort de vos donn\u00e9es apr\u00e8s votre d\u00e9c\u00e8s, concernant l&#8217;ensemble des donn\u00e9es vous concernant. Si vous \u00eates un partenaire commercial de Printcubator, il vous est \u00e9galement possible d&#8217;utiliser la pr\u00e9sente proc\u00e9dure d&#8217;exercice des droits pour toute donn\u00e9e personnelle qui aurait \u00e9t\u00e9 recueillie dans le cadre de nos relations commerciales. Dans ce cas pr\u00e9cis, nous vous informons toutefois que la conservation de certaines de vos donn\u00e9es sont impos\u00e9es par la loi, et notamment dans le cas de demande de devis ou facturation, pendant a minima une dur\u00e9e de cinq (5) ann\u00e9es. En cons\u00e9quence, nous ne pourrons pas donner droit \u00e0, notamment, une demande de droit d&#8217;effacement sur de telles donn\u00e9es. Ces droits peuvent \u00eatre exerc\u00e9s \u00e0 tout moment gr\u00e2ce aux adresses suivantes :    <\/p>\n<p>ADRESSE E-MAIL :<\/p>\n<p>printcubator@mitwill.com<\/p>\n<p>ADRESSE POSTALE :<\/p>\n<p>Mitwill Textiles Europe sarl, Service Printcubator, 104, rue des Bains, 68390 Sausheim, FRANCE<\/p>\n<p>Pour des raisons de s\u00e9curit\u00e9 et afin d&#8217;\u00e9viter toute demande abusive ou frauduleuse d&#8217;exercice des droits, toute demande devra \u00eatre accompagn\u00e9e d&#8217;une copie de pi\u00e8ce d&#8217;identit\u00e9 sign\u00e9e, dont l&#8217;usage sera strictement limit\u00e9 au traitement de la demande, et supprim\u00e9e d\u00e8s la fin de ce traitement.<\/p>\n<p>Au surplus, vous \u00eates \u00e9galement inform\u00e9 que vos donn\u00e9es personnelles peuvent \u00eatre mis \u00e0 la disposition d&#8217;un tiers autoris\u00e9 si ces donn\u00e9es sont n\u00e9cessaires \u00e0 la constatation d&#8217;infraction \u00e0 des dispositions l\u00e9gales ou r\u00e9glementaires pour laquelle ces donn\u00e9es pourront faire l&#8217;objet d&#8217;une communication sur demande expresse et motiv\u00e9e des autorit\u00e9s l\u00e9gales, judiciaires, de police ou, de mani\u00e8re g\u00e9n\u00e9rale, de tout tiers autoris\u00e9 au sens du RGPD. \u00c9galement, conform\u00e9ment \u00e0 la r\u00e9glementation, toute personne concern\u00e9e par un traitement de donn\u00e9es personnelles, dispose du droit d&#8217;introduire une r\u00e9clamation aupr\u00e8s d&#8217;une autorit\u00e9 de contr\u00f4le comp\u00e9tente. <\/p>\n<p>Printcubator, compte tenu des diff\u00e9rentes \u00e9volutions l\u00e9gislatives et r\u00e9glementaires, actualise r\u00e9guli\u00e8rement la pr\u00e9sente politique afin de pouvoir garantir au quotidien la protection de vos donn\u00e9es. La Politique applicable est celle en vigueur au jour de connexion au pr\u00e9sent site. Printcubator se r\u00e9serve le droit de modifier, \u00e0 tout moment, et sans pr\u00e9avis, la pr\u00e9sente Politique, notamment \u00e0 des fins d&#8217;actualisation.<br>  <\/p>\t\t\t\t\t\t\t\t<\/div>\n\t\t\t\t<\/div>\n\t\t\t\t\t<\/div>\n\t\t<\/div>\n\t\t\t\t\t<\/div>\n\t\t<\/section>\n\t\t\t\t\t<\/div>\n\t\t<\/div>\n\t\t\t\t\t<\/div>\n\t\t<\/section>\n\t\t\t\t<\/div>\n\t\t","protected":false},"excerpt":{"rendered":"<p>Politique de confidentialit\u00e9 Conform\u00e9ment \u00e0 la loi du 6 janvier 1978 (version modifi\u00e9e), et au r\u00e8glement g\u00e9n\u00e9ral relatif \u00e0 la protection des donn\u00e9es, du 27 avril 2016 (dit \u00ab RGPD \u00bb), nous vous pr\u00e9cisons que Printcubator et, le cas \u00e9ch\u00e9ant, ses seuls sous-traitants susceptibles d&#8217;\u00eatre concern\u00e9s par votre demande effectu\u00e9e via notre site sont les [&hellip;]<\/p>\n","protected":false},"author":1,"featured_media":0,"parent":0,"menu_order":0,"comment_status":"closed","ping_status":"open","template":"elementor_header_footer","meta":{"_acf_changed":false,"_monsterinsights_skip_tracking":false,"_monsterinsights_sitenote_active":false,"_monsterinsights_sitenote_note":"","_monsterinsights_sitenote_category":0,"footnotes":""},"class_list":["post-2043","page","type-page","status-publish","hentry"],"acf":[],"yoast_head":"<!-- This site is optimized with the Yoast SEO plugin v24.8.1 - https:\/\/yoast.com\/wordpress\/plugins\/seo\/ -->\n<title>Politique de confidentialit\u00e9 - Printcubator<\/title>\n<meta name=\"robots\" content=\"index, follow, max-snippet:-1, max-image-preview:large, max-video-preview:-1\" \/>\n<link rel=\"canonical\" href=\"https:\/\/printcubator.net\/fr\/politique-de-confidentialite\/\" \/>\n<meta property=\"og:locale\" content=\"fr_FR\" \/>\n<meta property=\"og:type\" content=\"article\" \/>\n<meta property=\"og:title\" content=\"Politique de confidentialit\u00e9 - Printcubator\" \/>\n<meta property=\"og:description\" content=\"Politique de confidentialit\u00e9 Conform\u00e9ment \u00e0 la loi du 6 janvier 1978 (version modifi\u00e9e), et au r\u00e8glement g\u00e9n\u00e9ral relatif \u00e0 la protection des donn\u00e9es, du 27 avril 2016 (dit \u00ab RGPD \u00bb), nous vous pr\u00e9cisons que Printcubator et, le cas \u00e9ch\u00e9ant, ses seuls sous-traitants susceptibles d&#8217;\u00eatre concern\u00e9s par votre demande effectu\u00e9e via notre site sont les [&hellip;]\" \/>\n<meta property=\"og:url\" content=\"https:\/\/printcubator.net\/fr\/politique-de-confidentialite\/\" \/>\n<meta property=\"og:site_name\" content=\"Printcubator\" \/>\n<meta property=\"article:modified_time\" content=\"2024-09-23T15:29:05+00:00\" \/>\n<meta name=\"twitter:card\" content=\"summary_large_image\" \/>\n<meta name=\"twitter:label1\" content=\"Dur\u00e9e de lecture estim\u00e9e\" \/>\n\t<meta name=\"twitter:data1\" content=\"6 minutes\" \/>\n<script type=\"application\/ld+json\" class=\"yoast-schema-graph\">{\"@context\":\"https:\/\/schema.org\",\"@graph\":[{\"@type\":\"WebPage\",\"@id\":\"https:\/\/printcubator.net\/fr\/politique-de-confidentialite\/\",\"url\":\"https:\/\/printcubator.net\/fr\/politique-de-confidentialite\/\",\"name\":\"Politique de confidentialit\u00e9 - Printcubator\",\"isPartOf\":{\"@id\":\"https:\/\/printcubator.net\/fr\/#website\"},\"datePublished\":\"2024-07-26T09:10:53+00:00\",\"dateModified\":\"2024-09-23T15:29:05+00:00\",\"breadcrumb\":{\"@id\":\"https:\/\/printcubator.net\/fr\/politique-de-confidentialite\/#breadcrumb\"},\"inLanguage\":\"fr-FR\",\"potentialAction\":[{\"@type\":\"ReadAction\",\"target\":[\"https:\/\/printcubator.net\/fr\/politique-de-confidentialite\/\"]}]},{\"@type\":\"BreadcrumbList\",\"@id\":\"https:\/\/printcubator.net\/fr\/politique-de-confidentialite\/#breadcrumb\",\"itemListElement\":[{\"@type\":\"ListItem\",\"position\":1,\"name\":\"Home\",\"item\":\"https:\/\/printcubator.net\/fr\/\"},{\"@type\":\"ListItem\",\"position\":2,\"name\":\"Politique de confidentialit\u00e9\"}]},{\"@type\":\"WebSite\",\"@id\":\"https:\/\/printcubator.net\/fr\/#website\",\"url\":\"https:\/\/printcubator.net\/fr\/\",\"name\":\"Printcubator\",\"description\":\"\",\"publisher\":{\"@id\":\"https:\/\/printcubator.net\/fr\/#organization\"},\"potentialAction\":[{\"@type\":\"SearchAction\",\"target\":{\"@type\":\"EntryPoint\",\"urlTemplate\":\"https:\/\/printcubator.net\/fr\/?s={search_term_string}\"},\"query-input\":{\"@type\":\"PropertyValueSpecification\",\"valueRequired\":true,\"valueName\":\"search_term_string\"}}],\"inLanguage\":\"fr-FR\"},{\"@type\":\"Organization\",\"@id\":\"https:\/\/printcubator.net\/fr\/#organization\",\"name\":\"Printcubator\",\"url\":\"https:\/\/printcubator.net\/fr\/\",\"logo\":{\"@type\":\"ImageObject\",\"inLanguage\":\"fr-FR\",\"@id\":\"https:\/\/printcubator.net\/fr\/#\/schema\/logo\/image\/\",\"url\":\"https:\/\/printcubator.net\/wp-content\/uploads\/2024\/07\/logo.png\",\"contentUrl\":\"https:\/\/printcubator.net\/wp-content\/uploads\/2024\/07\/logo.png\",\"width\":345,\"height\":304,\"caption\":\"Printcubator\"},\"image\":{\"@id\":\"https:\/\/printcubator.net\/fr\/#\/schema\/logo\/image\/\"}}]}<\/script>\n<!-- \/ Yoast SEO plugin. -->","yoast_head_json":{"title":"Politique de confidentialit\u00e9 - Printcubator","robots":{"index":"index","follow":"follow","max-snippet":"max-snippet:-1","max-image-preview":"max-image-preview:large","max-video-preview":"max-video-preview:-1"},"canonical":"https:\/\/printcubator.net\/fr\/politique-de-confidentialite\/","og_locale":"fr_FR","og_type":"article","og_title":"Politique de confidentialit\u00e9 - Printcubator","og_description":"Politique de confidentialit\u00e9 Conform\u00e9ment \u00e0 la loi du 6 janvier 1978 (version modifi\u00e9e), et au r\u00e8glement g\u00e9n\u00e9ral relatif \u00e0 la protection des donn\u00e9es, du 27 avril 2016 (dit \u00ab RGPD \u00bb), nous vous pr\u00e9cisons que Printcubator et, le cas \u00e9ch\u00e9ant, ses seuls sous-traitants susceptibles d&#8217;\u00eatre concern\u00e9s par votre demande effectu\u00e9e via notre site sont les [&hellip;]","og_url":"https:\/\/printcubator.net\/fr\/politique-de-confidentialite\/","og_site_name":"Printcubator","article_modified_time":"2024-09-23T15:29:05+00:00","twitter_card":"summary_large_image","twitter_misc":{"Dur\u00e9e de lecture estim\u00e9e":"6 minutes"},"schema":{"@context":"https:\/\/schema.org","@graph":[{"@type":"WebPage","@id":"https:\/\/printcubator.net\/fr\/politique-de-confidentialite\/","url":"https:\/\/printcubator.net\/fr\/politique-de-confidentialite\/","name":"Politique de confidentialit\u00e9 - Printcubator","isPartOf":{"@id":"https:\/\/printcubator.net\/fr\/#website"},"datePublished":"2024-07-26T09:10:53+00:00","dateModified":"2024-09-23T15:29:05+00:00","breadcrumb":{"@id":"https:\/\/printcubator.net\/fr\/politique-de-confidentialite\/#breadcrumb"},"inLanguage":"fr-FR","potentialAction":[{"@type":"ReadAction","target":["https:\/\/printcubator.net\/fr\/politique-de-confidentialite\/"]}]},{"@type":"BreadcrumbList","@id":"https:\/\/printcubator.net\/fr\/politique-de-confidentialite\/#breadcrumb","itemListElement":[{"@type":"ListItem","position":1,"name":"Home","item":"https:\/\/printcubator.net\/fr\/"},{"@type":"ListItem","position":2,"name":"Politique de confidentialit\u00e9"}]},{"@type":"WebSite","@id":"https:\/\/printcubator.net\/fr\/#website","url":"https:\/\/printcubator.net\/fr\/","name":"Printcubator","description":"","publisher":{"@id":"https:\/\/printcubator.net\/fr\/#organization"},"potentialAction":[{"@type":"SearchAction","target":{"@type":"EntryPoint","urlTemplate":"https:\/\/printcubator.net\/fr\/?s={search_term_string}"},"query-input":{"@type":"PropertyValueSpecification","valueRequired":true,"valueName":"search_term_string"}}],"inLanguage":"fr-FR"},{"@type":"Organization","@id":"https:\/\/printcubator.net\/fr\/#organization","name":"Printcubator","url":"https:\/\/printcubator.net\/fr\/","logo":{"@type":"ImageObject","inLanguage":"fr-FR","@id":"https:\/\/printcubator.net\/fr\/#\/schema\/logo\/image\/","url":"https:\/\/printcubator.net\/wp-content\/uploads\/2024\/07\/logo.png","contentUrl":"https:\/\/printcubator.net\/wp-content\/uploads\/2024\/07\/logo.png","width":345,"height":304,"caption":"Printcubator"},"image":{"@id":"https:\/\/printcubator.net\/fr\/#\/schema\/logo\/image\/"}}]}},"_links":{"self":[{"href":"https:\/\/printcubator.net\/fr\/wp-json\/wp\/v2\/pages\/2043","targetHints":{"allow":["GET"]}}],"collection":[{"href":"https:\/\/printcubator.net\/fr\/wp-json\/wp\/v2\/pages"}],"about":[{"href":"https:\/\/printcubator.net\/fr\/wp-json\/wp\/v2\/types\/page"}],"author":[{"embeddable":true,"href":"https:\/\/printcubator.net\/fr\/wp-json\/wp\/v2\/users\/1"}],"replies":[{"embeddable":true,"href":"https:\/\/printcubator.net\/fr\/wp-json\/wp\/v2\/comments?post=2043"}],"version-history":[{"count":0,"href":"https:\/\/printcubator.net\/fr\/wp-json\/wp\/v2\/pages\/2043\/revisions"}],"wp:attachment":[{"href":"https:\/\/printcubator.net\/fr\/wp-json\/wp\/v2\/media?parent=2043"}],"curies":[{"name":"wp","href":"https:\/\/api.w.org\/{rel}","templated":true}]}}