{"id":5555,"date":"2025-03-12T09:16:46","date_gmt":"2025-03-12T09:16:46","guid":{"rendered":"https:\/\/printcubator.net\/remise-etudiant\/"},"modified":"2025-03-25T07:37:04","modified_gmt":"2025-03-25T07:37:04","slug":"remise-etudiant","status":"publish","type":"page","link":"https:\/\/printcubator.net\/fr\/remise-etudiant\/","title":{"rendered":"Remise \u00c9tudiant"},"content":{"rendered":"\t\t<div data-elementor-type=\"wp-page\" data-elementor-id=\"5555\" class=\"elementor elementor-5555 elementor-4486\" data-elementor-post-type=\"page\">\n\t\t\t\t\t\t<section class=\"elementor-section elementor-top-section elementor-element elementor-element-7c084ca elementor-section-boxed elementor-section-height-default elementor-section-height-default\" data-id=\"7c084ca\" data-element_type=\"section\" data-settings=\"{&quot;background_background&quot;:&quot;classic&quot;}\">\n\t\t\t\t\t\t<div class=\"elementor-container elementor-column-gap-default\">\n\t\t\t\t\t<div class=\"elementor-column elementor-col-100 elementor-top-column elementor-element elementor-element-39e090d\" data-id=\"39e090d\" data-element_type=\"column\">\n\t\t\t<div class=\"elementor-widget-wrap elementor-element-populated\">\n\t\t\t\t\t\t<div class=\"elementor-element elementor-element-a36cca9 elementor-widget elementor-widget-heading\" data-id=\"a36cca9\" data-element_type=\"widget\" data-widget_type=\"heading.default\">\n\t\t\t\t<div class=\"elementor-widget-container\">\n\t\t\t\t\t<h1 class=\"elementor-heading-title elementor-size-default\">Notre Programme \u00c9tudiant<\/h1>\t\t\t\t<\/div>\n\t\t\t\t<\/div>\n\t\t\t\t<div class=\"elementor-element elementor-element-8d5e955 elementor-align-center elementor-widget elementor-widget-button\" data-id=\"8d5e955\" data-element_type=\"widget\" data-widget_type=\"button.default\">\n\t\t\t\t<div class=\"elementor-widget-container\">\n\t\t\t\t\t\t\t\t\t<div class=\"elementor-button-wrapper\">\n\t\t\t\t\t<a class=\"elementor-button elementor-button-link elementor-size-sm\" href=\"https:\/\/printcubator.net\/fr\/formulaire-de-candidature-pour-la-remise-etudiant\/\">\n\t\t\t\t\t\t<span class=\"elementor-button-content-wrapper\">\n\t\t\t\t\t\t<span class=\"elementor-button-icon\">\n\t\t\t\t<svg aria-hidden=\"true\" class=\"e-font-icon-svg e-fas-long-arrow-alt-right\" viewBox=\"0 0 448 512\" xmlns=\"http:\/\/www.w3.org\/2000\/svg\"><path d=\"M313.941 216H12c-6.627 0-12 5.373-12 12v56c0 6.627 5.373 12 12 12h301.941v46.059c0 21.382 25.851 32.09 40.971 16.971l86.059-86.059c9.373-9.373 9.373-24.569 0-33.941l-86.059-86.059c-15.119-15.119-40.971-4.411-40.971 16.971V216z\"><\/path><\/svg>\t\t\t<\/span>\n\t\t\t\t\t\t\t\t\t<span class=\"elementor-button-text\">S'inscrire maintenant<\/span>\n\t\t\t\t\t<\/span>\n\t\t\t\t\t<\/a>\n\t\t\t\t<\/div>\n\t\t\t\t\t\t\t\t<\/div>\n\t\t\t\t<\/div>\n\t\t\t\t\t<\/div>\n\t\t<\/div>\n\t\t\t\t\t<\/div>\n\t\t<\/section>\n\t\t\t\t<section class=\"elementor-section elementor-top-section elementor-element elementor-element-575fdeb elementor-reverse-tablet elementor-reverse-mobile elementor-section-boxed elementor-section-height-default elementor-section-height-default\" data-id=\"575fdeb\" data-element_type=\"section\">\n\t\t\t\t\t\t<div class=\"elementor-container elementor-column-gap-narrow\">\n\t\t\t\t\t<div class=\"elementor-column elementor-col-100 elementor-top-column elementor-element elementor-element-ac5bec0\" data-id=\"ac5bec0\" data-element_type=\"column\">\n\t\t\t<div class=\"elementor-widget-wrap elementor-element-populated\">\n\t\t\t\t\t\t<div class=\"elementor-element elementor-element-a66ed0f elementor-widget elementor-widget-heading\" data-id=\"a66ed0f\" data-element_type=\"widget\" data-widget_type=\"heading.default\">\n\t\t\t\t<div class=\"elementor-widget-container\">\n\t\t\t\t\t<h4 class=\"elementor-heading-title elementor-size-default\">Profitez de 10 % de remise sur vos commandes<\/h4>\t\t\t\t<\/div>\n\t\t\t\t<\/div>\n\t\t\t\t<div class=\"elementor-element elementor-element-d1e794c elementor-widget elementor-widget-text-editor\" data-id=\"d1e794c\" data-element_type=\"widget\" data-widget_type=\"text-editor.default\">\n\t\t\t\t<div class=\"elementor-widget-container\">\n\t\t\t\t\t\t\t\t\t<p data-start=\"85\" data-end=\"340\">Vous d\u00e9veloppez votre collection et \u00eates \u00e0 la recherche de partenaires de confiance pour vous accompagner tout au long de cette aventure ? Chez <strong data-start=\"195\" data-end=\"215\">Printcubator.net<\/strong>, nous proposons des services d&#8217;impression \u00e0 la demande con\u00e7us pour guider les \u00e9tudiants et les cr\u00e9ateurs \u00e0 chaque \u00e9tape de leur processus de cr\u00e9ation. <\/p><p data-start=\"342\" data-end=\"425\">Pour soutenir les jeunes talents, nous offrons une remise de <strong data-start=\"379\" data-end=\"395\">10 %<\/strong> sur toutes les commandes pour les \u00e9tudiants.<\/p><p data-start=\"427\" data-end=\"750\"><strong data-start=\"427\" data-end=\"448\">Pourquoi collaborer avec nous ?<\/strong><br data-start=\"448\" data-end=\"451\">Nous sommes une entreprise textile sp\u00e9cialis\u00e9e dans l&#8217;impression num\u00e9rique de pointe, investissant constamment dans les derni\u00e8res techniques d&#8217;impression pour offrir des solutions de haute qualit\u00e9 aux cr\u00e9ateurs et aux entreprises. Bas\u00e9s en Alsace, nous profitons de notre emplacement strat\u00e9gique et de l&#8217;\u00e9nergie dynamique de la r\u00e9gion trinational. <\/p>\t\t\t\t\t\t\t\t<\/div>\n\t\t\t\t<\/div>\n\t\t\t\t\t<\/div>\n\t\t<\/div>\n\t\t\t\t\t<\/div>\n\t\t<\/section>\n\t\t\t\t<section class=\"elementor-section elementor-top-section elementor-element elementor-element-9acec69 elementor-section-boxed elementor-section-height-default elementor-section-height-default\" data-id=\"9acec69\" data-element_type=\"section\">\n\t\t\t\t\t\t<div class=\"elementor-container elementor-column-gap-default\">\n\t\t\t\t\t<div class=\"elementor-column elementor-col-33 elementor-top-column elementor-element elementor-element-d32f943\" data-id=\"d32f943\" data-element_type=\"column\" data-settings=\"{&quot;background_background&quot;:&quot;classic&quot;}\">\n\t\t\t<div class=\"elementor-widget-wrap elementor-element-populated\">\n\t\t\t\t\t\t<div data-ra-url=\"https:\/\/printcubator.net\/product-category\/properties\/natural\/\" data-ra-target=\"_self\" class=\"ra-clickable-wrapper elementor-element elementor-element-b32b43f elementor-position-top elementor-widget elementor-widget-image-box\" style=\"cursor:pointer;\" data-id=\"b32b43f\" data-element_type=\"widget\" data-widget_type=\"image-box.default\">\n\t\t\t\t<div class=\"elementor-widget-container\">\n\t\t\t\t\t<div class=\"elementor-image-box-wrapper\"><figure class=\"elementor-image-box-img\"><a href=\"https:\/\/printcubator.net\/fr\/categorie-produit\/proprietes\/naturel\/\" tabindex=\"-1\"><img fetchpriority=\"high\" decoding=\"async\" width=\"1134\" height=\"1134\" src=\"https:\/\/printcubator.net\/wp-content\/uploads\/2025\/02\/torsac_0002.jpg\" class=\"elementor-animation-shrink attachment-full size-full wp-image-4230\" alt=\"\" srcset=\"https:\/\/printcubator.net\/wp-content\/uploads\/2025\/02\/torsac_0002.jpg 1134w, https:\/\/printcubator.net\/wp-content\/uploads\/2025\/02\/torsac_0002-300x300.jpg 300w, https:\/\/printcubator.net\/wp-content\/uploads\/2025\/02\/torsac_0002-1024x1024.jpg 1024w, https:\/\/printcubator.net\/wp-content\/uploads\/2025\/02\/torsac_0002-150x150.jpg 150w, https:\/\/printcubator.net\/wp-content\/uploads\/2025\/02\/torsac_0002-768x768.jpg 768w, https:\/\/printcubator.net\/wp-content\/uploads\/2025\/02\/torsac_0002-700x700.jpg 700w, https:\/\/printcubator.net\/wp-content\/uploads\/2025\/02\/torsac_0002-600x600.jpg 600w, https:\/\/printcubator.net\/wp-content\/uploads\/2025\/02\/torsac_0002-100x100.jpg 100w\" sizes=\"(max-width: 1134px) 100vw, 1134px\" \/><\/a><\/figure><div class=\"elementor-image-box-content\"><h3 class=\"elementor-image-box-title\"><a href=\"https:\/\/printcubator.net\/fr\/categorie-produit\/proprietes\/naturel\/\">Fibres Naturelles<\/a><\/h3><p class=\"elementor-image-box-description\">D\u00e9couvrez notre s\u00e9lection de tissus en coton, lin et soie<\/p><\/div><\/div>\t\t\t\t<\/div>\n\t\t\t\t<\/div>\n\t\t\t\t\t<\/div>\n\t\t<\/div>\n\t\t\t\t<div class=\"elementor-column elementor-col-33 elementor-top-column elementor-element elementor-element-d12f636\" data-id=\"d12f636\" data-element_type=\"column\" data-settings=\"{&quot;background_background&quot;:&quot;classic&quot;}\">\n\t\t\t<div class=\"elementor-widget-wrap elementor-element-populated\">\n\t\t\t\t\t\t<div data-ra-url=\"https:\/\/printcubator.net\/product-category\/properties\/cellulosic\/https:\/\/printcubator.net\/product-category\/properties\/cellulosic\/\" data-ra-target=\"_self\" class=\"ra-clickable-wrapper elementor-element elementor-element-3b47e4b elementor-position-top elementor-widget elementor-widget-image-box\" style=\"cursor:pointer;\" data-id=\"3b47e4b\" data-element_type=\"widget\" data-widget_type=\"image-box.default\">\n\t\t\t\t<div class=\"elementor-widget-container\">\n\t\t\t\t\t<div class=\"elementor-image-box-wrapper\"><figure class=\"elementor-image-box-img\"><a href=\"https:\/\/printcubator.net\/fr\/categorie-produit\/proprietes\/cellulosique\/\" tabindex=\"-1\"><img decoding=\"async\" width=\"1134\" height=\"1134\" src=\"https:\/\/printcubator.net\/wp-content\/uploads\/2025\/02\/termoli_0002.jpg\" class=\"elementor-animation-shrink attachment-full size-full wp-image-4236\" alt=\"\" srcset=\"https:\/\/printcubator.net\/wp-content\/uploads\/2025\/02\/termoli_0002.jpg 1134w, https:\/\/printcubator.net\/wp-content\/uploads\/2025\/02\/termoli_0002-300x300.jpg 300w, https:\/\/printcubator.net\/wp-content\/uploads\/2025\/02\/termoli_0002-1024x1024.jpg 1024w, https:\/\/printcubator.net\/wp-content\/uploads\/2025\/02\/termoli_0002-150x150.jpg 150w, https:\/\/printcubator.net\/wp-content\/uploads\/2025\/02\/termoli_0002-768x768.jpg 768w, https:\/\/printcubator.net\/wp-content\/uploads\/2025\/02\/termoli_0002-700x700.jpg 700w, https:\/\/printcubator.net\/wp-content\/uploads\/2025\/02\/termoli_0002-600x600.jpg 600w, https:\/\/printcubator.net\/wp-content\/uploads\/2025\/02\/termoli_0002-100x100.jpg 100w\" sizes=\"(max-width: 1134px) 100vw, 1134px\" \/><\/a><\/figure><div class=\"elementor-image-box-content\"><h3 class=\"elementor-image-box-title\"><a href=\"https:\/\/printcubator.net\/fr\/categorie-produit\/proprietes\/cellulosique\/\">Fibres Cellulosiques<\/a><\/h3><p class=\"elementor-image-box-description\">D\u00e9couvrez notre s\u00e9lection de tissus en viscose et tencel<\/p><\/div><\/div>\t\t\t\t<\/div>\n\t\t\t\t<\/div>\n\t\t\t\t\t<\/div>\n\t\t<\/div>\n\t\t\t\t<div class=\"elementor-column elementor-col-33 elementor-top-column elementor-element elementor-element-518f857\" data-id=\"518f857\" data-element_type=\"column\" data-settings=\"{&quot;background_background&quot;:&quot;classic&quot;}\">\n\t\t\t<div class=\"elementor-widget-wrap elementor-element-populated\">\n\t\t\t\t\t\t<div data-ra-url=\"https:\/\/printcubator.net\/product-category\/properties\/synthetic\/\" data-ra-target=\"_self\" class=\"ra-clickable-wrapper elementor-element elementor-element-807b8bd elementor-position-top elementor-widget elementor-widget-image-box\" style=\"cursor:pointer;\" data-id=\"807b8bd\" data-element_type=\"widget\" data-widget_type=\"image-box.default\">\n\t\t\t\t<div class=\"elementor-widget-container\">\n\t\t\t\t\t<div class=\"elementor-image-box-wrapper\"><figure class=\"elementor-image-box-img\"><a href=\"https:\/\/printcubator.net\/fr\/categorie-produit\/proprietes\/synthetique\/\" tabindex=\"-1\"><img decoding=\"async\" src=\"https:\/\/printcubator.net\/wp-content\/uploads\/2025\/02\/palmeto-light_4.jpg\" title=\"\" alt=\"\" class=\"elementor-animation-grow\" loading=\"lazy\" \/><\/a><\/figure><div class=\"elementor-image-box-content\"><h3 class=\"elementor-image-box-title\"><a href=\"https:\/\/printcubator.net\/fr\/categorie-produit\/proprietes\/synthetique\/\">Fibres Synth\u00e9tiques<\/a><\/h3><p class=\"elementor-image-box-description\">D\u00e9couvrez notre s\u00e9lection de tissus en polyester<\/p><\/div><\/div>\t\t\t\t<\/div>\n\t\t\t\t<\/div>\n\t\t\t\t\t<\/div>\n\t\t<\/div>\n\t\t\t\t\t<\/div>\n\t\t<\/section>\n\t\t\t\t<\/div>\n\t\t","protected":false},"excerpt":{"rendered":"<p>Notre Programme \u00c9tudiant S&#8217;inscrire maintenant Profitez de 10 % de remise sur vos commandes Vous d\u00e9veloppez votre collection et \u00eates \u00e0 la recherche de partenaires de confiance pour vous accompagner tout au long de cette aventure ? Chez Printcubator.net, nous proposons des services d&#8217;impression \u00e0 la demande con\u00e7us pour guider les \u00e9tudiants et les cr\u00e9ateurs [&hellip;]<\/p>\n","protected":false},"author":1,"featured_media":0,"parent":0,"menu_order":0,"comment_status":"closed","ping_status":"closed","template":"elementor_header_footer","meta":{"_acf_changed":false,"_monsterinsights_skip_tracking":false,"_monsterinsights_sitenote_active":false,"_monsterinsights_sitenote_note":"","_monsterinsights_sitenote_category":0,"footnotes":""},"class_list":["post-5555","page","type-page","status-publish","hentry"],"acf":[],"yoast_head":"<!-- This site is optimized with the Yoast SEO plugin v24.8.1 - https:\/\/yoast.com\/wordpress\/plugins\/seo\/ -->\n<title>Remise \u00c9tudiant - Printcubator<\/title>\n<meta name=\"robots\" content=\"index, follow, max-snippet:-1, max-image-preview:large, max-video-preview:-1\" \/>\n<link rel=\"canonical\" href=\"https:\/\/printcubator.net\/fr\/remise-etudiant\/\" \/>\n<meta property=\"og:locale\" content=\"fr_FR\" \/>\n<meta property=\"og:type\" content=\"article\" \/>\n<meta property=\"og:title\" content=\"Remise \u00c9tudiant - Printcubator\" \/>\n<meta property=\"og:description\" content=\"Notre Programme \u00c9tudiant S&#8217;inscrire maintenant Profitez de 10 % de remise sur vos commandes Vous d\u00e9veloppez votre collection et \u00eates \u00e0 la recherche de partenaires de confiance pour vous accompagner tout au long de cette aventure ? Chez Printcubator.net, nous proposons des services d&#8217;impression \u00e0 la demande con\u00e7us pour guider les \u00e9tudiants et les cr\u00e9ateurs [&hellip;]\" \/>\n<meta property=\"og:url\" content=\"https:\/\/printcubator.net\/fr\/remise-etudiant\/\" \/>\n<meta property=\"og:site_name\" content=\"Printcubator\" \/>\n<meta property=\"article:modified_time\" content=\"2025-03-25T07:37:04+00:00\" \/>\n<meta property=\"og:image\" content=\"https:\/\/printcubator.net\/wp-content\/uploads\/2025\/02\/torsac_0002.jpg\" \/>\n\t<meta property=\"og:image:width\" content=\"1134\" \/>\n\t<meta property=\"og:image:height\" content=\"1134\" \/>\n\t<meta property=\"og:image:type\" content=\"image\/jpeg\" \/>\n<meta name=\"twitter:card\" content=\"summary_large_image\" \/>\n<meta name=\"twitter:label1\" content=\"Dur\u00e9e de lecture estim\u00e9e\" \/>\n\t<meta name=\"twitter:data1\" content=\"1 minute\" \/>\n<script type=\"application\/ld+json\" class=\"yoast-schema-graph\">{\"@context\":\"https:\/\/schema.org\",\"@graph\":[{\"@type\":\"WebPage\",\"@id\":\"https:\/\/printcubator.net\/fr\/remise-etudiant\/\",\"url\":\"https:\/\/printcubator.net\/fr\/remise-etudiant\/\",\"name\":\"Remise \u00c9tudiant - Printcubator\",\"isPartOf\":{\"@id\":\"https:\/\/printcubator.net\/fr\/#website\"},\"primaryImageOfPage\":{\"@id\":\"https:\/\/printcubator.net\/fr\/remise-etudiant\/#primaryimage\"},\"image\":{\"@id\":\"https:\/\/printcubator.net\/fr\/remise-etudiant\/#primaryimage\"},\"thumbnailUrl\":\"https:\/\/printcubator.net\/wp-content\/uploads\/2025\/02\/torsac_0002.jpg\",\"datePublished\":\"2025-03-12T09:16:46+00:00\",\"dateModified\":\"2025-03-25T07:37:04+00:00\",\"breadcrumb\":{\"@id\":\"https:\/\/printcubator.net\/fr\/remise-etudiant\/#breadcrumb\"},\"inLanguage\":\"fr-FR\",\"potentialAction\":[{\"@type\":\"ReadAction\",\"target\":[\"https:\/\/printcubator.net\/fr\/remise-etudiant\/\"]}]},{\"@type\":\"ImageObject\",\"inLanguage\":\"fr-FR\",\"@id\":\"https:\/\/printcubator.net\/fr\/remise-etudiant\/#primaryimage\",\"url\":\"https:\/\/printcubator.net\/wp-content\/uploads\/2025\/02\/torsac_0002.jpg\",\"contentUrl\":\"https:\/\/printcubator.net\/wp-content\/uploads\/2025\/02\/torsac_0002.jpg\"},{\"@type\":\"BreadcrumbList\",\"@id\":\"https:\/\/printcubator.net\/fr\/remise-etudiant\/#breadcrumb\",\"itemListElement\":[{\"@type\":\"ListItem\",\"position\":1,\"name\":\"Home\",\"item\":\"https:\/\/printcubator.net\/fr\/\"},{\"@type\":\"ListItem\",\"position\":2,\"name\":\"Remise \u00c9tudiant\"}]},{\"@type\":\"WebSite\",\"@id\":\"https:\/\/printcubator.net\/fr\/#website\",\"url\":\"https:\/\/printcubator.net\/fr\/\",\"name\":\"Printcubator\",\"description\":\"\",\"publisher\":{\"@id\":\"https:\/\/printcubator.net\/fr\/#organization\"},\"potentialAction\":[{\"@type\":\"SearchAction\",\"target\":{\"@type\":\"EntryPoint\",\"urlTemplate\":\"https:\/\/printcubator.net\/fr\/?s={search_term_string}\"},\"query-input\":{\"@type\":\"PropertyValueSpecification\",\"valueRequired\":true,\"valueName\":\"search_term_string\"}}],\"inLanguage\":\"fr-FR\"},{\"@type\":\"Organization\",\"@id\":\"https:\/\/printcubator.net\/fr\/#organization\",\"name\":\"Printcubator\",\"url\":\"https:\/\/printcubator.net\/fr\/\",\"logo\":{\"@type\":\"ImageObject\",\"inLanguage\":\"fr-FR\",\"@id\":\"https:\/\/printcubator.net\/fr\/#\/schema\/logo\/image\/\",\"url\":\"https:\/\/printcubator.net\/wp-content\/uploads\/2024\/07\/logo.png\",\"contentUrl\":\"https:\/\/printcubator.net\/wp-content\/uploads\/2024\/07\/logo.png\",\"width\":345,\"height\":304,\"caption\":\"Printcubator\"},\"image\":{\"@id\":\"https:\/\/printcubator.net\/fr\/#\/schema\/logo\/image\/\"}}]}<\/script>\n<!-- \/ Yoast SEO plugin. -->","yoast_head_json":{"title":"Remise \u00c9tudiant - Printcubator","robots":{"index":"index","follow":"follow","max-snippet":"max-snippet:-1","max-image-preview":"max-image-preview:large","max-video-preview":"max-video-preview:-1"},"canonical":"https:\/\/printcubator.net\/fr\/remise-etudiant\/","og_locale":"fr_FR","og_type":"article","og_title":"Remise \u00c9tudiant - Printcubator","og_description":"Notre Programme \u00c9tudiant S&#8217;inscrire maintenant Profitez de 10 % de remise sur vos commandes Vous d\u00e9veloppez votre collection et \u00eates \u00e0 la recherche de partenaires de confiance pour vous accompagner tout au long de cette aventure ? Chez Printcubator.net, nous proposons des services d&#8217;impression \u00e0 la demande con\u00e7us pour guider les \u00e9tudiants et les cr\u00e9ateurs [&hellip;]","og_url":"https:\/\/printcubator.net\/fr\/remise-etudiant\/","og_site_name":"Printcubator","article_modified_time":"2025-03-25T07:37:04+00:00","og_image":[{"width":1134,"height":1134,"url":"https:\/\/printcubator.net\/wp-content\/uploads\/2025\/02\/torsac_0002.jpg","type":"image\/jpeg"}],"twitter_card":"summary_large_image","twitter_misc":{"Dur\u00e9e de lecture estim\u00e9e":"1 minute"},"schema":{"@context":"https:\/\/schema.org","@graph":[{"@type":"WebPage","@id":"https:\/\/printcubator.net\/fr\/remise-etudiant\/","url":"https:\/\/printcubator.net\/fr\/remise-etudiant\/","name":"Remise \u00c9tudiant - Printcubator","isPartOf":{"@id":"https:\/\/printcubator.net\/fr\/#website"},"primaryImageOfPage":{"@id":"https:\/\/printcubator.net\/fr\/remise-etudiant\/#primaryimage"},"image":{"@id":"https:\/\/printcubator.net\/fr\/remise-etudiant\/#primaryimage"},"thumbnailUrl":"https:\/\/printcubator.net\/wp-content\/uploads\/2025\/02\/torsac_0002.jpg","datePublished":"2025-03-12T09:16:46+00:00","dateModified":"2025-03-25T07:37:04+00:00","breadcrumb":{"@id":"https:\/\/printcubator.net\/fr\/remise-etudiant\/#breadcrumb"},"inLanguage":"fr-FR","potentialAction":[{"@type":"ReadAction","target":["https:\/\/printcubator.net\/fr\/remise-etudiant\/"]}]},{"@type":"ImageObject","inLanguage":"fr-FR","@id":"https:\/\/printcubator.net\/fr\/remise-etudiant\/#primaryimage","url":"https:\/\/printcubator.net\/wp-content\/uploads\/2025\/02\/torsac_0002.jpg","contentUrl":"https:\/\/printcubator.net\/wp-content\/uploads\/2025\/02\/torsac_0002.jpg"},{"@type":"BreadcrumbList","@id":"https:\/\/printcubator.net\/fr\/remise-etudiant\/#breadcrumb","itemListElement":[{"@type":"ListItem","position":1,"name":"Home","item":"https:\/\/printcubator.net\/fr\/"},{"@type":"ListItem","position":2,"name":"Remise \u00c9tudiant"}]},{"@type":"WebSite","@id":"https:\/\/printcubator.net\/fr\/#website","url":"https:\/\/printcubator.net\/fr\/","name":"Printcubator","description":"","publisher":{"@id":"https:\/\/printcubator.net\/fr\/#organization"},"potentialAction":[{"@type":"SearchAction","target":{"@type":"EntryPoint","urlTemplate":"https:\/\/printcubator.net\/fr\/?s={search_term_string}"},"query-input":{"@type":"PropertyValueSpecification","valueRequired":true,"valueName":"search_term_string"}}],"inLanguage":"fr-FR"},{"@type":"Organization","@id":"https:\/\/printcubator.net\/fr\/#organization","name":"Printcubator","url":"https:\/\/printcubator.net\/fr\/","logo":{"@type":"ImageObject","inLanguage":"fr-FR","@id":"https:\/\/printcubator.net\/fr\/#\/schema\/logo\/image\/","url":"https:\/\/printcubator.net\/wp-content\/uploads\/2024\/07\/logo.png","contentUrl":"https:\/\/printcubator.net\/wp-content\/uploads\/2024\/07\/logo.png","width":345,"height":304,"caption":"Printcubator"},"image":{"@id":"https:\/\/printcubator.net\/fr\/#\/schema\/logo\/image\/"}}]}},"_links":{"self":[{"href":"https:\/\/printcubator.net\/fr\/wp-json\/wp\/v2\/pages\/5555","targetHints":{"allow":["GET"]}}],"collection":[{"href":"https:\/\/printcubator.net\/fr\/wp-json\/wp\/v2\/pages"}],"about":[{"href":"https:\/\/printcubator.net\/fr\/wp-json\/wp\/v2\/types\/page"}],"author":[{"embeddable":true,"href":"https:\/\/printcubator.net\/fr\/wp-json\/wp\/v2\/users\/1"}],"replies":[{"embeddable":true,"href":"https:\/\/printcubator.net\/fr\/wp-json\/wp\/v2\/comments?post=5555"}],"version-history":[{"count":3,"href":"https:\/\/printcubator.net\/fr\/wp-json\/wp\/v2\/pages\/5555\/revisions"}],"predecessor-version":[{"id":5836,"href":"https:\/\/printcubator.net\/fr\/wp-json\/wp\/v2\/pages\/5555\/revisions\/5836"}],"wp:attachment":[{"href":"https:\/\/printcubator.net\/fr\/wp-json\/wp\/v2\/media?parent=5555"}],"curies":[{"name":"wp","href":"https:\/\/api.w.org\/{rel}","templated":true}]}}