{"id":10249,"date":"2025-04-17T10:49:34","date_gmt":"2025-04-17T10:49:34","guid":{"rendered":"https:\/\/printcubator.net\/product\/etiquettes-a-pli-central\/"},"modified":"2025-04-17T10:49:34","modified_gmt":"2025-04-17T10:49:34","slug":"etiquettes-a-pli-central","status":"publish","type":"product","link":"https:\/\/printcubator.net\/fr\/produit\/etiquettes-a-pli-central\/","title":{"rendered":"\u00c9tiquettes \u00e0 pli central"},"content":{"rendered":"<p>Cr\u00e9ez facilement des \u00e9tiquettes personnalis\u00e9es \u00e0 coudre pour vos v\u00eatements et accessoires. Nos \u00e9tiquettes en satin \u00e0 pli central, dot\u00e9es d&#8217;une texture lisse et d&#8217;une impression nette et de haute qualit\u00e9, sont parfaites pour ajouter une touche personnelle \u00e0 vos produits. <\/p>\n<p>Que vous mettiez en valeur votre logo ou que vous incluiez des informations essentielles, ces \u00e9tiquettes artisanales contribueront \u00e0 rehausser la qualit\u00e9 de vos produits.<\/p>\n<p>Veuillez noter que la commande minimale est de 10 \u00e9tiquettes personnalis\u00e9es.<\/p>\n<p>&nbsp;<\/p>\n","protected":false},"excerpt":{"rendered":"<p>Cr\u00e9ez facilement des \u00e9tiquettes \u00e0 coudre personnalis\u00e9es pour vos v\u00eatements et accessoires. Nos \u00e9tiquettes pli\u00e9es en satin, au toucher lisse et \u00e0 l&#8217;impression nette de haute qualit\u00e9, sont parfaites pour ajouter une touche personnelle \u00e0 vos produits. <\/p>\n<p>Que vous mettiez en valeur votre logo ou que vous incluiez des informations essentielles, ces \u00e9tiquettes artisanales contribueront \u00e0 rehausser la qualit\u00e9 de vos produits.<\/p>\n<p>Veuillez noter que la commande minimale est de 10 \u00e9tiquettes personnalis\u00e9es et la commande maximale est de 300.<\/p>\n<p>&nbsp;<\/p>\n<hr>\n<p>&nbsp;<\/p>\n<p><span style=\"color: #ff6600;\">COMMENT \u00c7A MARCHE ?<\/span><\/p>\n<p>\u2726 Commencez par choisir votre couleur et votre taille pr\u00e9f\u00e9r\u00e9es.<\/p>\n<p>\u2726 Ensuite, cliquez sur le bouton \u00ab <strong data-start=\"100\" data-end=\"115\">Personnaliser <\/strong>\u00bb pour ouvrir notre configurateur. \u00c0 partir de l\u00e0, vous pouvez t\u00e9l\u00e9charger votre propre fichier PNG ou choisir parmi les polices disponibles dans l\u2019outil. Placez votre texte dans la zone d\u2019impression et ajustez la taille selon vos pr\u00e9f\u00e9rences.  <br data-start=\"333\" data-end=\"336\"><strong data-start=\"336\" data-end=\"352\">Veuillez noter<\/strong> : l\u2019impression se fait uniquement en noir et blanc.<\/p>\n<p>\u2726 Une fois votre commande soumise, votre \u00e9tiquette sera v\u00e9rifi\u00e9e par un membre de notre \u00e9quipe afin de s\u2019assurer que tout est parfait.<\/p>\n<p><em>Des questions ? Utilisez la chatbox ou envoyez-nous un e-mail \u00e0 l&#8217;adresse  <\/em><a href=\"mailto:printcubator@mitwill.com\"><span class=\"elementor-icon-list-text\">printcubator@mitwill.com<\/span><\/a> <em>\u2014 nous serons heureux de vous aider !<\/em><\/p>\n","protected":false},"featured_media":11486,"comment_status":"open","ping_status":"closed","template":"","meta":{"_acf_changed":false,"_monsterinsights_skip_tracking":false,"_monsterinsights_sitenote_active":false,"_monsterinsights_sitenote_note":"","_monsterinsights_sitenote_category":0},"product_brand":[],"product_cat":[728],"product_tag":[],"class_list":{"0":"post-10249","1":"product","2":"type-product","3":"status-publish","4":"has-post-thumbnail","6":"product_cat-etiquettes-personnalisees","8":"first","9":"instock","10":"taxable","11":"shipping-taxable","12":"purchasable","13":"product-type-variable","14":"product-type-zakeke","15":"product-type-external"},"acf":[],"yoast_head":"<!-- This site is optimized with the Yoast SEO plugin v24.8.1 - https:\/\/yoast.com\/wordpress\/plugins\/seo\/ -->\n<title>\u00c9tiquettes \u00e0 pli central - Printcubator<\/title>\n<meta name=\"robots\" content=\"index, follow, max-snippet:-1, max-image-preview:large, max-video-preview:-1\" \/>\n<link rel=\"canonical\" href=\"https:\/\/printcubator.net\/fr\/produit\/etiquettes-a-pli-central\/\" \/>\n<meta property=\"og:locale\" content=\"fr_FR\" \/>\n<meta property=\"og:type\" content=\"article\" \/>\n<meta property=\"og:title\" content=\"\u00c9tiquettes \u00e0 pli central - Printcubator\" \/>\n<meta property=\"og:description\" content=\"Cr\u00e9ez facilement des \u00e9tiquettes \u00e0 coudre personnalis\u00e9es pour vos v\u00eatements et accessoires. Nos \u00e9tiquettes pli\u00e9es en satin, au toucher lisse et \u00e0 l&#039;impression nette de haute qualit\u00e9, sont parfaites pour ajouter une touche personnelle \u00e0 vos produits.  Que vous mettiez en valeur votre logo ou que vous incluiez des informations essentielles, ces \u00e9tiquettes artisanales contribueront \u00e0 rehausser la qualit\u00e9 de vos produits. Veuillez noter que la commande minimale est de 10 \u00e9tiquettes personnalis\u00e9es et la commande maximale est de 300. &nbsp;  &nbsp; COMMENT \u00c7A MARCHE ? \u2726 Commencez par choisir votre couleur et votre taille pr\u00e9f\u00e9r\u00e9es. \u2726 Ensuite, cliquez sur le bouton \u00ab Personnaliser \u00bb pour ouvrir notre configurateur. \u00c0 partir de l\u00e0, vous pouvez t\u00e9l\u00e9charger votre propre fichier PNG ou choisir parmi les polices disponibles dans l\u2019outil. Placez votre texte dans la zone d\u2019impression et ajustez la taille selon vos pr\u00e9f\u00e9rences. Veuillez noter : l\u2019impression se fait uniquement en noir et blanc. \u2726 Une fois votre commande soumise, votre \u00e9tiquette sera v\u00e9rifi\u00e9e par un membre de notre \u00e9quipe afin de s\u2019assurer que tout est parfait. Des questions ? Utilisez la chatbox ou envoyez-nous un e-mail \u00e0 l&#039;adresse printcubator@mitwill.com \u2014 nous serons heureux de vous aider !\" \/>\n<meta property=\"og:url\" content=\"https:\/\/printcubator.net\/fr\/produit\/etiquettes-a-pli-central\/\" \/>\n<meta property=\"og:site_name\" content=\"Printcubator\" \/>\n<meta property=\"og:image\" content=\"https:\/\/printcubator.net\/wp-content\/uploads\/2025\/04\/LABEL-3x4_Custom_View_2compresse-1.png\" \/>\n\t<meta property=\"og:image:width\" content=\"2480\" \/>\n\t<meta property=\"og:image:height\" content=\"3508\" \/>\n\t<meta property=\"og:image:type\" content=\"image\/png\" \/>\n<meta name=\"twitter:card\" content=\"summary_large_image\" \/>\n<script type=\"application\/ld+json\" class=\"yoast-schema-graph\">{\"@context\":\"https:\/\/schema.org\",\"@graph\":[{\"@type\":\"WebPage\",\"@id\":\"https:\/\/printcubator.net\/fr\/produit\/etiquettes-a-pli-central\/\",\"url\":\"https:\/\/printcubator.net\/fr\/produit\/etiquettes-a-pli-central\/\",\"name\":\"\u00c9tiquettes \u00e0 pli central - Printcubator\",\"isPartOf\":{\"@id\":\"https:\/\/printcubator.net\/fr\/#website\"},\"primaryImageOfPage\":{\"@id\":\"https:\/\/printcubator.net\/fr\/produit\/etiquettes-a-pli-central\/#primaryimage\"},\"image\":{\"@id\":\"https:\/\/printcubator.net\/fr\/produit\/etiquettes-a-pli-central\/#primaryimage\"},\"thumbnailUrl\":\"https:\/\/printcubator.net\/wp-content\/uploads\/2025\/04\/Untitled-design-12-scaled.png\",\"datePublished\":\"2025-04-17T10:49:34+00:00\",\"breadcrumb\":{\"@id\":\"https:\/\/printcubator.net\/fr\/produit\/etiquettes-a-pli-central\/#breadcrumb\"},\"inLanguage\":\"fr-FR\",\"potentialAction\":[{\"@type\":\"ReadAction\",\"target\":[\"https:\/\/printcubator.net\/fr\/produit\/etiquettes-a-pli-central\/\"]}]},{\"@type\":\"ImageObject\",\"inLanguage\":\"fr-FR\",\"@id\":\"https:\/\/printcubator.net\/fr\/produit\/etiquettes-a-pli-central\/#primaryimage\",\"url\":\"https:\/\/printcubator.net\/wp-content\/uploads\/2025\/04\/Untitled-design-12-scaled.png\",\"contentUrl\":\"https:\/\/printcubator.net\/wp-content\/uploads\/2025\/04\/Untitled-design-12-scaled.png\",\"width\":2560,\"height\":2560},{\"@type\":\"BreadcrumbList\",\"@id\":\"https:\/\/printcubator.net\/fr\/produit\/etiquettes-a-pli-central\/#breadcrumb\",\"itemListElement\":[{\"@type\":\"ListItem\",\"position\":1,\"name\":\"Home\",\"item\":\"https:\/\/printcubator.net\/fr\/\"},{\"@type\":\"ListItem\",\"position\":2,\"name\":\"Shop\",\"item\":\"https:\/\/printcubator.net\/fr\/boutique\/\"},{\"@type\":\"ListItem\",\"position\":3,\"name\":\"\u00c9tiquettes \u00e0 pli central\"}]},{\"@type\":\"WebSite\",\"@id\":\"https:\/\/printcubator.net\/fr\/#website\",\"url\":\"https:\/\/printcubator.net\/fr\/\",\"name\":\"Printcubator\",\"description\":\"\",\"publisher\":{\"@id\":\"https:\/\/printcubator.net\/fr\/#organization\"},\"potentialAction\":[{\"@type\":\"SearchAction\",\"target\":{\"@type\":\"EntryPoint\",\"urlTemplate\":\"https:\/\/printcubator.net\/fr\/?s={search_term_string}\"},\"query-input\":{\"@type\":\"PropertyValueSpecification\",\"valueRequired\":true,\"valueName\":\"search_term_string\"}}],\"inLanguage\":\"fr-FR\"},{\"@type\":\"Organization\",\"@id\":\"https:\/\/printcubator.net\/fr\/#organization\",\"name\":\"Printcubator\",\"url\":\"https:\/\/printcubator.net\/fr\/\",\"logo\":{\"@type\":\"ImageObject\",\"inLanguage\":\"fr-FR\",\"@id\":\"https:\/\/printcubator.net\/fr\/#\/schema\/logo\/image\/\",\"url\":\"https:\/\/printcubator.net\/wp-content\/uploads\/2024\/07\/logo.png\",\"contentUrl\":\"https:\/\/printcubator.net\/wp-content\/uploads\/2024\/07\/logo.png\",\"width\":345,\"height\":304,\"caption\":\"Printcubator\"},\"image\":{\"@id\":\"https:\/\/printcubator.net\/fr\/#\/schema\/logo\/image\/\"}}]}<\/script>\n<!-- \/ Yoast SEO plugin. -->","yoast_head_json":{"title":"\u00c9tiquettes \u00e0 pli central - Printcubator","robots":{"index":"index","follow":"follow","max-snippet":"max-snippet:-1","max-image-preview":"max-image-preview:large","max-video-preview":"max-video-preview:-1"},"canonical":"https:\/\/printcubator.net\/fr\/produit\/etiquettes-a-pli-central\/","og_locale":"fr_FR","og_type":"article","og_title":"\u00c9tiquettes \u00e0 pli central - Printcubator","og_description":"Cr\u00e9ez facilement des \u00e9tiquettes \u00e0 coudre personnalis\u00e9es pour vos v\u00eatements et accessoires. Nos \u00e9tiquettes pli\u00e9es en satin, au toucher lisse et \u00e0 l'impression nette de haute qualit\u00e9, sont parfaites pour ajouter une touche personnelle \u00e0 vos produits.  Que vous mettiez en valeur votre logo ou que vous incluiez des informations essentielles, ces \u00e9tiquettes artisanales contribueront \u00e0 rehausser la qualit\u00e9 de vos produits. Veuillez noter que la commande minimale est de 10 \u00e9tiquettes personnalis\u00e9es et la commande maximale est de 300. &nbsp;  &nbsp; COMMENT \u00c7A MARCHE ? \u2726 Commencez par choisir votre couleur et votre taille pr\u00e9f\u00e9r\u00e9es. \u2726 Ensuite, cliquez sur le bouton \u00ab Personnaliser \u00bb pour ouvrir notre configurateur. \u00c0 partir de l\u00e0, vous pouvez t\u00e9l\u00e9charger votre propre fichier PNG ou choisir parmi les polices disponibles dans l\u2019outil. Placez votre texte dans la zone d\u2019impression et ajustez la taille selon vos pr\u00e9f\u00e9rences. Veuillez noter : l\u2019impression se fait uniquement en noir et blanc. \u2726 Une fois votre commande soumise, votre \u00e9tiquette sera v\u00e9rifi\u00e9e par un membre de notre \u00e9quipe afin de s\u2019assurer que tout est parfait. Des questions ? Utilisez la chatbox ou envoyez-nous un e-mail \u00e0 l'adresse printcubator@mitwill.com \u2014 nous serons heureux de vous aider !","og_url":"https:\/\/printcubator.net\/fr\/produit\/etiquettes-a-pli-central\/","og_site_name":"Printcubator","og_image":[{"width":2480,"height":3508,"url":"https:\/\/printcubator.net\/wp-content\/uploads\/2025\/04\/LABEL-3x4_Custom_View_2compresse-1.png","type":"image\/png"}],"twitter_card":"summary_large_image","schema":{"@context":"https:\/\/schema.org","@graph":[{"@type":"WebPage","@id":"https:\/\/printcubator.net\/fr\/produit\/etiquettes-a-pli-central\/","url":"https:\/\/printcubator.net\/fr\/produit\/etiquettes-a-pli-central\/","name":"\u00c9tiquettes \u00e0 pli central - Printcubator","isPartOf":{"@id":"https:\/\/printcubator.net\/fr\/#website"},"primaryImageOfPage":{"@id":"https:\/\/printcubator.net\/fr\/produit\/etiquettes-a-pli-central\/#primaryimage"},"image":{"@id":"https:\/\/printcubator.net\/fr\/produit\/etiquettes-a-pli-central\/#primaryimage"},"thumbnailUrl":"https:\/\/printcubator.net\/wp-content\/uploads\/2025\/04\/Untitled-design-12-scaled.png","datePublished":"2025-04-17T10:49:34+00:00","breadcrumb":{"@id":"https:\/\/printcubator.net\/fr\/produit\/etiquettes-a-pli-central\/#breadcrumb"},"inLanguage":"fr-FR","potentialAction":[{"@type":"ReadAction","target":["https:\/\/printcubator.net\/fr\/produit\/etiquettes-a-pli-central\/"]}]},{"@type":"ImageObject","inLanguage":"fr-FR","@id":"https:\/\/printcubator.net\/fr\/produit\/etiquettes-a-pli-central\/#primaryimage","url":"https:\/\/printcubator.net\/wp-content\/uploads\/2025\/04\/Untitled-design-12-scaled.png","contentUrl":"https:\/\/printcubator.net\/wp-content\/uploads\/2025\/04\/Untitled-design-12-scaled.png","width":2560,"height":2560},{"@type":"BreadcrumbList","@id":"https:\/\/printcubator.net\/fr\/produit\/etiquettes-a-pli-central\/#breadcrumb","itemListElement":[{"@type":"ListItem","position":1,"name":"Home","item":"https:\/\/printcubator.net\/fr\/"},{"@type":"ListItem","position":2,"name":"Shop","item":"https:\/\/printcubator.net\/fr\/boutique\/"},{"@type":"ListItem","position":3,"name":"\u00c9tiquettes \u00e0 pli central"}]},{"@type":"WebSite","@id":"https:\/\/printcubator.net\/fr\/#website","url":"https:\/\/printcubator.net\/fr\/","name":"Printcubator","description":"","publisher":{"@id":"https:\/\/printcubator.net\/fr\/#organization"},"potentialAction":[{"@type":"SearchAction","target":{"@type":"EntryPoint","urlTemplate":"https:\/\/printcubator.net\/fr\/?s={search_term_string}"},"query-input":{"@type":"PropertyValueSpecification","valueRequired":true,"valueName":"search_term_string"}}],"inLanguage":"fr-FR"},{"@type":"Organization","@id":"https:\/\/printcubator.net\/fr\/#organization","name":"Printcubator","url":"https:\/\/printcubator.net\/fr\/","logo":{"@type":"ImageObject","inLanguage":"fr-FR","@id":"https:\/\/printcubator.net\/fr\/#\/schema\/logo\/image\/","url":"https:\/\/printcubator.net\/wp-content\/uploads\/2024\/07\/logo.png","contentUrl":"https:\/\/printcubator.net\/wp-content\/uploads\/2024\/07\/logo.png","width":345,"height":304,"caption":"Printcubator"},"image":{"@id":"https:\/\/printcubator.net\/fr\/#\/schema\/logo\/image\/"}}]}},"wcpa_form_fields":null,"_links":{"self":[{"href":"https:\/\/printcubator.net\/fr\/wp-json\/wp\/v2\/product\/10249","targetHints":{"allow":["GET"]}}],"collection":[{"href":"https:\/\/printcubator.net\/fr\/wp-json\/wp\/v2\/product"}],"about":[{"href":"https:\/\/printcubator.net\/fr\/wp-json\/wp\/v2\/types\/product"}],"replies":[{"embeddable":true,"href":"https:\/\/printcubator.net\/fr\/wp-json\/wp\/v2\/comments?post=10249"}],"wp:featuredmedia":[{"embeddable":true,"href":"https:\/\/printcubator.net\/fr\/wp-json\/wp\/v2\/media\/11486"}],"wp:attachment":[{"href":"https:\/\/printcubator.net\/fr\/wp-json\/wp\/v2\/media?parent=10249"}],"wp:term":[{"taxonomy":"product_brand","embeddable":true,"href":"https:\/\/printcubator.net\/fr\/wp-json\/wp\/v2\/product_brand?post=10249"},{"taxonomy":"product_cat","embeddable":true,"href":"https:\/\/printcubator.net\/fr\/wp-json\/wp\/v2\/product_cat?post=10249"},{"taxonomy":"product_tag","embeddable":true,"href":"https:\/\/printcubator.net\/fr\/wp-json\/wp\/v2\/product_tag?post=10249"}],"curies":[{"name":"wp","href":"https:\/\/api.w.org\/{rel}","templated":true}]}}