{"id":11717,"date":"2025-04-08T08:36:15","date_gmt":"2025-04-08T08:36:15","guid":{"rendered":"https:\/\/printcubator.net\/product\/kit-de-couture-pre-imprime-2-tote-bags-a-confectionner\/"},"modified":"2025-09-08T10:14:41","modified_gmt":"2025-09-08T10:14:41","slug":"kit-de-couture-pre-imprime-2-tote-bags-a-confectionner","status":"publish","type":"product","link":"https:\/\/printcubator.net\/fr\/produit\/kit-de-couture-pre-imprime-2-tote-bags-a-confectionner\/","title":{"rendered":"Kit Cabas en coton Castell &#8211; Imprimez votre propre motif"},"content":{"rendered":"<p data-start=\"271\" data-end=\"291\"><strong>Ce que contient le kit :<\/strong><\/p>\n<ul>\n<li>Le patron et les instructions sont imprim\u00e9s sur le tissu : <a href=\"https:\/\/printcubator.net\/fr\/produit\/castell\/\">Castell<\/a> est un coton \u00e0 armure toile de poids moyen. Cette armure, connue pour sa durabilit\u00e9 et sa texture subtile, est id\u00e9ale pour les accessoires tels que les cabas <\/li>\n<\/ul>\n<p>&nbsp;<\/p>\n<p><strong>Exp\u00e9dition :<\/strong><\/p>\n<ul>\n<li>Exp\u00e9dition sous une semaine.<\/li>\n<\/ul>\n","protected":false},"excerpt":{"rendered":"<p data-start=\"88\" data-end=\"301\">Avec notre kit de couture pour cabas, vous pouvez donner vie \u00e0 votre propre tote bag, sans avoir \u00e0 r\u00e9aliser de patron. Il vous suffit de t\u00e9l\u00e9charger vos motifs et de suivre les instructions de couture imprim\u00e9es directement sur le tissu : coupez, cousez et cr\u00e9ez ! <\/p>\n<p data-start=\"303\" data-end=\"571\"><strong data-start=\"303\" data-end=\"334\">Le kit comporte :<\/strong><br data-start=\"334\" data-end=\"337\">Toutes les pi\u00e8ces du patron et les instructions pas \u00e0 pas sont imprim\u00e9es directement sur le tissu.<br data-start=\"419\" data-end=\"422\">Nous utilisons notre tissu <a href=\"https:\/\/printcubator.net\/fr\/produit\/castell\/\">Castell<\/a>, une toile de coton de poids moyen, id\u00e9ale pour la cr\u00e9ation d&#8217;accessoires tels que les tote bags.<\/p>\n<p>Dimensions du tote bag fini : 35 cm (hauteur) x 45 cm (largeur)<\/p>\n<p class=\"\" data-start=\"437\" data-end=\"458\"><strong data-start=\"437\" data-end=\"458\">COMMENT \u00c7A MARCHE ?<\/strong><\/p>\n<p>\u2726 Commencez par t\u00e9l\u00e9charger vos motifs : personnalisez les deux faces du cabas ainsi que ses deux poign\u00e9es. Pour limiter les d\u00e9chets textiles, un minimum de 2 tote bags est requis. Besoin d\u2019un coup de pouce pour vous lancer ? D\u00e9couvrez notre tutoriel pas \u00e0 pas juste <a href=\"https:\/\/printcubator.net\/fr\/comment-creer-votre-tote-bag-avec-le-configurateur\/\">ici.<\/a>   <\/p>\n<p class=\"\" data-start=\"603\" data-end=\"718\">\u2726 \u00c0 la r\u00e9ception de votre tissu, il vous suffit de d\u00e9couper chaque pi\u00e8ce et de suivre les instructions \u00e9tape par \u00e9tape, imprim\u00e9es directement sur le tissu.<\/p>\n<p class=\"\" data-start=\"720\" data-end=\"859\"><em>Une question ? Utilisez le chat ou envoyez-nous un mail \u00e0 <a rel=\"noopener\" data-start=\"774\" data-end=\"833\">printcubator@mitwill.com<\/a> \u2014 nous serons ravis de vous aider ! <\/em><\/p>\n","protected":false},"featured_media":12681,"comment_status":"open","ping_status":"closed","template":"","meta":{"_acf_changed":false,"_monsterinsights_skip_tracking":false,"_monsterinsights_sitenote_active":false,"_monsterinsights_sitenote_note":"","_monsterinsights_sitenote_category":0},"product_brand":[],"product_cat":[552,750],"product_tag":[],"class_list":{"0":"post-11717","1":"product","2":"type-product","3":"status-publish","4":"has-post-thumbnail","6":"product_cat-accessoires-fr-2","7":"product_cat-kit-diy","9":"first","10":"instock","11":"taxable","12":"shipping-taxable","13":"purchasable","14":"product-type-simple","15":"product-type-zakeke","16":"product-type-external"},"acf":[],"yoast_head":"<!-- This site is optimized with the Yoast SEO plugin v24.8.1 - https:\/\/yoast.com\/wordpress\/plugins\/seo\/ -->\n<title>Kit Cabas en coton Castell - Imprimez votre propre motif - Printcubator<\/title>\n<meta name=\"robots\" content=\"index, follow, max-snippet:-1, max-image-preview:large, max-video-preview:-1\" \/>\n<link rel=\"canonical\" href=\"https:\/\/printcubator.net\/fr\/produit\/kit-de-couture-pre-imprime-2-tote-bags-a-confectionner\/\" \/>\n<meta property=\"og:locale\" content=\"fr_FR\" \/>\n<meta property=\"og:type\" content=\"article\" \/>\n<meta property=\"og:title\" content=\"Kit Cabas en coton Castell - Imprimez votre propre motif - Printcubator\" \/>\n<meta property=\"og:description\" content=\"Avec notre kit de couture pour cabas, vous pouvez donner vie \u00e0 votre propre tote bag, sans avoir \u00e0 r\u00e9aliser de patron. Il vous suffit de t\u00e9l\u00e9charger vos motifs et de suivre les instructions de couture imprim\u00e9es directement sur le tissu : coupez, cousez et cr\u00e9ez ! Le kit comporte :Toutes les pi\u00e8ces du patron et les instructions pas \u00e0 pas sont imprim\u00e9es directement sur le tissu.Nous utilisons notre tissu Castell, une toile de coton de poids moyen, id\u00e9ale pour la cr\u00e9ation d&#039;accessoires tels que les tote bags. Dimensions du tote bag fini : 35 cm (hauteur) x 45 cm (largeur) COMMENT \u00c7A MARCHE ? \u2726 Commencez par t\u00e9l\u00e9charger vos motifs : personnalisez les deux faces du cabas ainsi que ses deux poign\u00e9es. Pour limiter les d\u00e9chets textiles, un minimum de 2 tote bags est requis. Besoin d\u2019un coup de pouce pour vous lancer ? D\u00e9couvrez notre tutoriel pas \u00e0 pas juste ici.  \u2726 \u00c0 la r\u00e9ception de votre tissu, il vous suffit de d\u00e9couper chaque pi\u00e8ce et de suivre les instructions \u00e9tape par \u00e9tape, imprim\u00e9es directement sur le tissu. Une question ? Utilisez le chat ou envoyez-nous un mail \u00e0 printcubator@mitwill.com \u2014 nous serons ravis de vous aider !\" \/>\n<meta property=\"og:url\" content=\"https:\/\/printcubator.net\/fr\/produit\/kit-de-couture-pre-imprime-2-tote-bags-a-confectionner\/\" \/>\n<meta property=\"og:site_name\" content=\"Printcubator\" \/>\n<meta property=\"article:modified_time\" content=\"2025-09-08T10:14:41+00:00\" \/>\n<meta property=\"og:image\" content=\"https:\/\/printcubator.net\/wp-content\/uploads\/2025\/04\/TOTEBAG-2.png\" \/>\n\t<meta property=\"og:image:width\" content=\"1305\" \/>\n\t<meta property=\"og:image:height\" content=\"1305\" \/>\n\t<meta property=\"og:image:type\" content=\"image\/png\" \/>\n<meta name=\"twitter:card\" content=\"summary_large_image\" \/>\n<script type=\"application\/ld+json\" class=\"yoast-schema-graph\">{\"@context\":\"https:\/\/schema.org\",\"@graph\":[{\"@type\":\"WebPage\",\"@id\":\"https:\/\/printcubator.net\/fr\/produit\/kit-de-couture-pre-imprime-2-tote-bags-a-confectionner\/\",\"url\":\"https:\/\/printcubator.net\/fr\/produit\/kit-de-couture-pre-imprime-2-tote-bags-a-confectionner\/\",\"name\":\"Kit Cabas en coton Castell - Imprimez votre propre motif - Printcubator\",\"isPartOf\":{\"@id\":\"https:\/\/printcubator.net\/fr\/#website\"},\"primaryImageOfPage\":{\"@id\":\"https:\/\/printcubator.net\/fr\/produit\/kit-de-couture-pre-imprime-2-tote-bags-a-confectionner\/#primaryimage\"},\"image\":{\"@id\":\"https:\/\/printcubator.net\/fr\/produit\/kit-de-couture-pre-imprime-2-tote-bags-a-confectionner\/#primaryimage\"},\"thumbnailUrl\":\"https:\/\/printcubator.net\/wp-content\/uploads\/2025\/04\/TOTEBAG-2.png\",\"datePublished\":\"2025-04-08T08:36:15+00:00\",\"dateModified\":\"2025-09-08T10:14:41+00:00\",\"breadcrumb\":{\"@id\":\"https:\/\/printcubator.net\/fr\/produit\/kit-de-couture-pre-imprime-2-tote-bags-a-confectionner\/#breadcrumb\"},\"inLanguage\":\"fr-FR\",\"potentialAction\":[{\"@type\":\"ReadAction\",\"target\":[\"https:\/\/printcubator.net\/fr\/produit\/kit-de-couture-pre-imprime-2-tote-bags-a-confectionner\/\"]}]},{\"@type\":\"ImageObject\",\"inLanguage\":\"fr-FR\",\"@id\":\"https:\/\/printcubator.net\/fr\/produit\/kit-de-couture-pre-imprime-2-tote-bags-a-confectionner\/#primaryimage\",\"url\":\"https:\/\/printcubator.net\/wp-content\/uploads\/2025\/04\/TOTEBAG-2.png\",\"contentUrl\":\"https:\/\/printcubator.net\/wp-content\/uploads\/2025\/04\/TOTEBAG-2.png\",\"width\":1305,\"height\":1305},{\"@type\":\"BreadcrumbList\",\"@id\":\"https:\/\/printcubator.net\/fr\/produit\/kit-de-couture-pre-imprime-2-tote-bags-a-confectionner\/#breadcrumb\",\"itemListElement\":[{\"@type\":\"ListItem\",\"position\":1,\"name\":\"Home\",\"item\":\"https:\/\/printcubator.net\/fr\/\"},{\"@type\":\"ListItem\",\"position\":2,\"name\":\"Shop\",\"item\":\"https:\/\/printcubator.net\/fr\/boutique\/\"},{\"@type\":\"ListItem\",\"position\":3,\"name\":\"Kit Cabas en coton Castell &#8211; Imprimez votre propre motif\"}]},{\"@type\":\"WebSite\",\"@id\":\"https:\/\/printcubator.net\/fr\/#website\",\"url\":\"https:\/\/printcubator.net\/fr\/\",\"name\":\"Printcubator\",\"description\":\"\",\"publisher\":{\"@id\":\"https:\/\/printcubator.net\/fr\/#organization\"},\"potentialAction\":[{\"@type\":\"SearchAction\",\"target\":{\"@type\":\"EntryPoint\",\"urlTemplate\":\"https:\/\/printcubator.net\/fr\/?s={search_term_string}\"},\"query-input\":{\"@type\":\"PropertyValueSpecification\",\"valueRequired\":true,\"valueName\":\"search_term_string\"}}],\"inLanguage\":\"fr-FR\"},{\"@type\":\"Organization\",\"@id\":\"https:\/\/printcubator.net\/fr\/#organization\",\"name\":\"Printcubator\",\"url\":\"https:\/\/printcubator.net\/fr\/\",\"logo\":{\"@type\":\"ImageObject\",\"inLanguage\":\"fr-FR\",\"@id\":\"https:\/\/printcubator.net\/fr\/#\/schema\/logo\/image\/\",\"url\":\"https:\/\/printcubator.net\/wp-content\/uploads\/2024\/07\/logo.png\",\"contentUrl\":\"https:\/\/printcubator.net\/wp-content\/uploads\/2024\/07\/logo.png\",\"width\":345,\"height\":304,\"caption\":\"Printcubator\"},\"image\":{\"@id\":\"https:\/\/printcubator.net\/fr\/#\/schema\/logo\/image\/\"}}]}<\/script>\n<!-- \/ Yoast SEO plugin. -->","yoast_head_json":{"title":"Kit Cabas en coton Castell - Imprimez votre propre motif - Printcubator","robots":{"index":"index","follow":"follow","max-snippet":"max-snippet:-1","max-image-preview":"max-image-preview:large","max-video-preview":"max-video-preview:-1"},"canonical":"https:\/\/printcubator.net\/fr\/produit\/kit-de-couture-pre-imprime-2-tote-bags-a-confectionner\/","og_locale":"fr_FR","og_type":"article","og_title":"Kit Cabas en coton Castell - Imprimez votre propre motif - Printcubator","og_description":"Avec notre kit de couture pour cabas, vous pouvez donner vie \u00e0 votre propre tote bag, sans avoir \u00e0 r\u00e9aliser de patron. Il vous suffit de t\u00e9l\u00e9charger vos motifs et de suivre les instructions de couture imprim\u00e9es directement sur le tissu : coupez, cousez et cr\u00e9ez ! Le kit comporte :Toutes les pi\u00e8ces du patron et les instructions pas \u00e0 pas sont imprim\u00e9es directement sur le tissu.Nous utilisons notre tissu Castell, une toile de coton de poids moyen, id\u00e9ale pour la cr\u00e9ation d'accessoires tels que les tote bags. Dimensions du tote bag fini : 35 cm (hauteur) x 45 cm (largeur) COMMENT \u00c7A MARCHE ? \u2726 Commencez par t\u00e9l\u00e9charger vos motifs : personnalisez les deux faces du cabas ainsi que ses deux poign\u00e9es. Pour limiter les d\u00e9chets textiles, un minimum de 2 tote bags est requis. Besoin d\u2019un coup de pouce pour vous lancer ? D\u00e9couvrez notre tutoriel pas \u00e0 pas juste ici.  \u2726 \u00c0 la r\u00e9ception de votre tissu, il vous suffit de d\u00e9couper chaque pi\u00e8ce et de suivre les instructions \u00e9tape par \u00e9tape, imprim\u00e9es directement sur le tissu. Une question ? Utilisez le chat ou envoyez-nous un mail \u00e0 printcubator@mitwill.com \u2014 nous serons ravis de vous aider !","og_url":"https:\/\/printcubator.net\/fr\/produit\/kit-de-couture-pre-imprime-2-tote-bags-a-confectionner\/","og_site_name":"Printcubator","article_modified_time":"2025-09-08T10:14:41+00:00","og_image":[{"width":1305,"height":1305,"url":"https:\/\/printcubator.net\/wp-content\/uploads\/2025\/04\/TOTEBAG-2.png","type":"image\/png"}],"twitter_card":"summary_large_image","schema":{"@context":"https:\/\/schema.org","@graph":[{"@type":"WebPage","@id":"https:\/\/printcubator.net\/fr\/produit\/kit-de-couture-pre-imprime-2-tote-bags-a-confectionner\/","url":"https:\/\/printcubator.net\/fr\/produit\/kit-de-couture-pre-imprime-2-tote-bags-a-confectionner\/","name":"Kit Cabas en coton Castell - Imprimez votre propre motif - Printcubator","isPartOf":{"@id":"https:\/\/printcubator.net\/fr\/#website"},"primaryImageOfPage":{"@id":"https:\/\/printcubator.net\/fr\/produit\/kit-de-couture-pre-imprime-2-tote-bags-a-confectionner\/#primaryimage"},"image":{"@id":"https:\/\/printcubator.net\/fr\/produit\/kit-de-couture-pre-imprime-2-tote-bags-a-confectionner\/#primaryimage"},"thumbnailUrl":"https:\/\/printcubator.net\/wp-content\/uploads\/2025\/04\/TOTEBAG-2.png","datePublished":"2025-04-08T08:36:15+00:00","dateModified":"2025-09-08T10:14:41+00:00","breadcrumb":{"@id":"https:\/\/printcubator.net\/fr\/produit\/kit-de-couture-pre-imprime-2-tote-bags-a-confectionner\/#breadcrumb"},"inLanguage":"fr-FR","potentialAction":[{"@type":"ReadAction","target":["https:\/\/printcubator.net\/fr\/produit\/kit-de-couture-pre-imprime-2-tote-bags-a-confectionner\/"]}]},{"@type":"ImageObject","inLanguage":"fr-FR","@id":"https:\/\/printcubator.net\/fr\/produit\/kit-de-couture-pre-imprime-2-tote-bags-a-confectionner\/#primaryimage","url":"https:\/\/printcubator.net\/wp-content\/uploads\/2025\/04\/TOTEBAG-2.png","contentUrl":"https:\/\/printcubator.net\/wp-content\/uploads\/2025\/04\/TOTEBAG-2.png","width":1305,"height":1305},{"@type":"BreadcrumbList","@id":"https:\/\/printcubator.net\/fr\/produit\/kit-de-couture-pre-imprime-2-tote-bags-a-confectionner\/#breadcrumb","itemListElement":[{"@type":"ListItem","position":1,"name":"Home","item":"https:\/\/printcubator.net\/fr\/"},{"@type":"ListItem","position":2,"name":"Shop","item":"https:\/\/printcubator.net\/fr\/boutique\/"},{"@type":"ListItem","position":3,"name":"Kit Cabas en coton Castell &#8211; Imprimez votre propre motif"}]},{"@type":"WebSite","@id":"https:\/\/printcubator.net\/fr\/#website","url":"https:\/\/printcubator.net\/fr\/","name":"Printcubator","description":"","publisher":{"@id":"https:\/\/printcubator.net\/fr\/#organization"},"potentialAction":[{"@type":"SearchAction","target":{"@type":"EntryPoint","urlTemplate":"https:\/\/printcubator.net\/fr\/?s={search_term_string}"},"query-input":{"@type":"PropertyValueSpecification","valueRequired":true,"valueName":"search_term_string"}}],"inLanguage":"fr-FR"},{"@type":"Organization","@id":"https:\/\/printcubator.net\/fr\/#organization","name":"Printcubator","url":"https:\/\/printcubator.net\/fr\/","logo":{"@type":"ImageObject","inLanguage":"fr-FR","@id":"https:\/\/printcubator.net\/fr\/#\/schema\/logo\/image\/","url":"https:\/\/printcubator.net\/wp-content\/uploads\/2024\/07\/logo.png","contentUrl":"https:\/\/printcubator.net\/wp-content\/uploads\/2024\/07\/logo.png","width":345,"height":304,"caption":"Printcubator"},"image":{"@id":"https:\/\/printcubator.net\/fr\/#\/schema\/logo\/image\/"}}]}},"wcpa_form_fields":null,"_links":{"self":[{"href":"https:\/\/printcubator.net\/fr\/wp-json\/wp\/v2\/product\/11717","targetHints":{"allow":["GET"]}}],"collection":[{"href":"https:\/\/printcubator.net\/fr\/wp-json\/wp\/v2\/product"}],"about":[{"href":"https:\/\/printcubator.net\/fr\/wp-json\/wp\/v2\/types\/product"}],"replies":[{"embeddable":true,"href":"https:\/\/printcubator.net\/fr\/wp-json\/wp\/v2\/comments?post=11717"}],"wp:featuredmedia":[{"embeddable":true,"href":"https:\/\/printcubator.net\/fr\/wp-json\/wp\/v2\/media\/12681"}],"wp:attachment":[{"href":"https:\/\/printcubator.net\/fr\/wp-json\/wp\/v2\/media?parent=11717"}],"wp:term":[{"taxonomy":"product_brand","embeddable":true,"href":"https:\/\/printcubator.net\/fr\/wp-json\/wp\/v2\/product_brand?post=11717"},{"taxonomy":"product_cat","embeddable":true,"href":"https:\/\/printcubator.net\/fr\/wp-json\/wp\/v2\/product_cat?post=11717"},{"taxonomy":"product_tag","embeddable":true,"href":"https:\/\/printcubator.net\/fr\/wp-json\/wp\/v2\/product_tag?post=11717"}],"curies":[{"name":"wp","href":"https:\/\/api.w.org\/{rel}","templated":true}]}}