{"id":13222,"date":"2025-08-18T09:21:06","date_gmt":"2025-08-18T09:21:06","guid":{"rendered":"https:\/\/printcubator.net\/product\/paquet-de-carnets-dechantillons\/"},"modified":"2026-04-14T12:05:22","modified_gmt":"2026-04-14T12:05:22","slug":"paquet-de-carnets-dechantillons","status":"publish","type":"product","link":"https:\/\/printcubator.net\/fr\/produit\/paquet-de-carnets-dechantillons\/","title":{"rendered":"Pack d&#8217;\u00e9chantillons"},"content":{"rendered":"","protected":false},"excerpt":{"rendered":"<p>Vous ne savez pas quels tissus conviennent le mieux \u00e0 vos cr\u00e9ations ? Ne vous inqui\u00e9tez pas ! Vous pouvez commander des packs d&#8217;\u00e9chantillons avant de passer votre commande.  <\/p>\n<p>Nous proposons une vari\u00e9t\u00e9 de cat\u00e9gories de packs d&#8217;\u00e9chantillons :<\/p>\n<ul>\n<li>Coton et lin<\/li>\n<li>Viscose<\/li>\n<li>Soie<\/li>\n<li>Polyester<\/li>\n<li>Maille<\/li>\n<li>S\u00e9lection D\u00e9co<\/li>\n<\/ul>\n","protected":false},"featured_media":13206,"comment_status":"open","ping_status":"closed","template":"","meta":{"_acf_changed":false,"_monsterinsights_skip_tracking":false,"_monsterinsights_sitenote_active":false,"_monsterinsights_sitenote_note":"","_monsterinsights_sitenote_category":0},"product_brand":[],"product_cat":[788],"product_tag":[],"class_list":{"0":"post-13222","1":"product","2":"type-product","3":"status-publish","4":"has-post-thumbnail","6":"product_cat-pack-dechantillons","8":"first","9":"instock","10":"taxable","11":"shipping-taxable","12":"purchasable","13":"product-type-variable"},"acf":[],"yoast_head":"<!-- This site is optimized with the Yoast SEO plugin v24.8.1 - https:\/\/yoast.com\/wordpress\/plugins\/seo\/ -->\n<title>Pack d&#039;\u00e9chantillons - Printcubator<\/title>\n<meta name=\"robots\" content=\"index, follow, max-snippet:-1, max-image-preview:large, max-video-preview:-1\" \/>\n<link rel=\"canonical\" href=\"https:\/\/printcubator.net\/fr\/produit\/paquet-de-carnets-dechantillons\/\" \/>\n<meta property=\"og:locale\" content=\"fr_FR\" \/>\n<meta property=\"og:type\" content=\"article\" \/>\n<meta property=\"og:title\" content=\"Pack d&#039;\u00e9chantillons - Printcubator\" \/>\n<meta property=\"og:description\" content=\"Vous ne savez pas quels tissus conviennent le mieux \u00e0 vos cr\u00e9ations ? Ne vous inqui\u00e9tez pas ! Vous pouvez commander des packs d&#039;\u00e9chantillons avant de passer votre commande.  Nous proposons une vari\u00e9t\u00e9 de cat\u00e9gories de packs d&#039;\u00e9chantillons :  Coton et lin  Viscose  Soie  Polyester  Maille  S\u00e9lection D\u00e9co\" \/>\n<meta property=\"og:url\" content=\"https:\/\/printcubator.net\/fr\/produit\/paquet-de-carnets-dechantillons\/\" \/>\n<meta property=\"og:site_name\" content=\"Printcubator\" \/>\n<meta property=\"article:modified_time\" content=\"2026-04-14T12:05:22+00:00\" \/>\n<meta property=\"og:image\" content=\"https:\/\/printcubator.net\/wp-content\/uploads\/2025\/08\/SWATCHBOOK.png\" \/>\n\t<meta property=\"og:image:width\" content=\"1035\" \/>\n\t<meta property=\"og:image:height\" content=\"1035\" \/>\n\t<meta property=\"og:image:type\" content=\"image\/png\" \/>\n<meta name=\"twitter:card\" content=\"summary_large_image\" \/>\n<script type=\"application\/ld+json\" class=\"yoast-schema-graph\">{\"@context\":\"https:\/\/schema.org\",\"@graph\":[{\"@type\":\"WebPage\",\"@id\":\"https:\/\/printcubator.net\/fr\/produit\/paquet-de-carnets-dechantillons\/\",\"url\":\"https:\/\/printcubator.net\/fr\/produit\/paquet-de-carnets-dechantillons\/\",\"name\":\"Pack d'\u00e9chantillons - Printcubator\",\"isPartOf\":{\"@id\":\"https:\/\/printcubator.net\/fr\/#website\"},\"primaryImageOfPage\":{\"@id\":\"https:\/\/printcubator.net\/fr\/produit\/paquet-de-carnets-dechantillons\/#primaryimage\"},\"image\":{\"@id\":\"https:\/\/printcubator.net\/fr\/produit\/paquet-de-carnets-dechantillons\/#primaryimage\"},\"thumbnailUrl\":\"https:\/\/printcubator.net\/wp-content\/uploads\/2025\/08\/SWATCHBOOK.png\",\"datePublished\":\"2025-08-18T09:21:06+00:00\",\"dateModified\":\"2026-04-14T12:05:22+00:00\",\"breadcrumb\":{\"@id\":\"https:\/\/printcubator.net\/fr\/produit\/paquet-de-carnets-dechantillons\/#breadcrumb\"},\"inLanguage\":\"fr-FR\",\"potentialAction\":[{\"@type\":\"ReadAction\",\"target\":[\"https:\/\/printcubator.net\/fr\/produit\/paquet-de-carnets-dechantillons\/\"]}]},{\"@type\":\"ImageObject\",\"inLanguage\":\"fr-FR\",\"@id\":\"https:\/\/printcubator.net\/fr\/produit\/paquet-de-carnets-dechantillons\/#primaryimage\",\"url\":\"https:\/\/printcubator.net\/wp-content\/uploads\/2025\/08\/SWATCHBOOK.png\",\"contentUrl\":\"https:\/\/printcubator.net\/wp-content\/uploads\/2025\/08\/SWATCHBOOK.png\",\"width\":1035,\"height\":1035},{\"@type\":\"BreadcrumbList\",\"@id\":\"https:\/\/printcubator.net\/fr\/produit\/paquet-de-carnets-dechantillons\/#breadcrumb\",\"itemListElement\":[{\"@type\":\"ListItem\",\"position\":1,\"name\":\"Home\",\"item\":\"https:\/\/printcubator.net\/fr\/\"},{\"@type\":\"ListItem\",\"position\":2,\"name\":\"Shop\",\"item\":\"https:\/\/printcubator.net\/fr\/boutique\/\"},{\"@type\":\"ListItem\",\"position\":3,\"name\":\"Pack d&#8217;\u00e9chantillons\"}]},{\"@type\":\"WebSite\",\"@id\":\"https:\/\/printcubator.net\/fr\/#website\",\"url\":\"https:\/\/printcubator.net\/fr\/\",\"name\":\"Printcubator\",\"description\":\"\",\"publisher\":{\"@id\":\"https:\/\/printcubator.net\/fr\/#organization\"},\"potentialAction\":[{\"@type\":\"SearchAction\",\"target\":{\"@type\":\"EntryPoint\",\"urlTemplate\":\"https:\/\/printcubator.net\/fr\/?s={search_term_string}\"},\"query-input\":{\"@type\":\"PropertyValueSpecification\",\"valueRequired\":true,\"valueName\":\"search_term_string\"}}],\"inLanguage\":\"fr-FR\"},{\"@type\":\"Organization\",\"@id\":\"https:\/\/printcubator.net\/fr\/#organization\",\"name\":\"Printcubator\",\"url\":\"https:\/\/printcubator.net\/fr\/\",\"logo\":{\"@type\":\"ImageObject\",\"inLanguage\":\"fr-FR\",\"@id\":\"https:\/\/printcubator.net\/fr\/#\/schema\/logo\/image\/\",\"url\":\"https:\/\/printcubator.net\/wp-content\/uploads\/2024\/07\/logo.png\",\"contentUrl\":\"https:\/\/printcubator.net\/wp-content\/uploads\/2024\/07\/logo.png\",\"width\":345,\"height\":304,\"caption\":\"Printcubator\"},\"image\":{\"@id\":\"https:\/\/printcubator.net\/fr\/#\/schema\/logo\/image\/\"}}]}<\/script>\n<!-- \/ Yoast SEO plugin. -->","yoast_head_json":{"title":"Pack d'\u00e9chantillons - Printcubator","robots":{"index":"index","follow":"follow","max-snippet":"max-snippet:-1","max-image-preview":"max-image-preview:large","max-video-preview":"max-video-preview:-1"},"canonical":"https:\/\/printcubator.net\/fr\/produit\/paquet-de-carnets-dechantillons\/","og_locale":"fr_FR","og_type":"article","og_title":"Pack d'\u00e9chantillons - Printcubator","og_description":"Vous ne savez pas quels tissus conviennent le mieux \u00e0 vos cr\u00e9ations ? Ne vous inqui\u00e9tez pas ! Vous pouvez commander des packs d'\u00e9chantillons avant de passer votre commande.  Nous proposons une vari\u00e9t\u00e9 de cat\u00e9gories de packs d'\u00e9chantillons :  Coton et lin  Viscose  Soie  Polyester  Maille  S\u00e9lection D\u00e9co","og_url":"https:\/\/printcubator.net\/fr\/produit\/paquet-de-carnets-dechantillons\/","og_site_name":"Printcubator","article_modified_time":"2026-04-14T12:05:22+00:00","og_image":[{"width":1035,"height":1035,"url":"https:\/\/printcubator.net\/wp-content\/uploads\/2025\/08\/SWATCHBOOK.png","type":"image\/png"}],"twitter_card":"summary_large_image","schema":{"@context":"https:\/\/schema.org","@graph":[{"@type":"WebPage","@id":"https:\/\/printcubator.net\/fr\/produit\/paquet-de-carnets-dechantillons\/","url":"https:\/\/printcubator.net\/fr\/produit\/paquet-de-carnets-dechantillons\/","name":"Pack d'\u00e9chantillons - Printcubator","isPartOf":{"@id":"https:\/\/printcubator.net\/fr\/#website"},"primaryImageOfPage":{"@id":"https:\/\/printcubator.net\/fr\/produit\/paquet-de-carnets-dechantillons\/#primaryimage"},"image":{"@id":"https:\/\/printcubator.net\/fr\/produit\/paquet-de-carnets-dechantillons\/#primaryimage"},"thumbnailUrl":"https:\/\/printcubator.net\/wp-content\/uploads\/2025\/08\/SWATCHBOOK.png","datePublished":"2025-08-18T09:21:06+00:00","dateModified":"2026-04-14T12:05:22+00:00","breadcrumb":{"@id":"https:\/\/printcubator.net\/fr\/produit\/paquet-de-carnets-dechantillons\/#breadcrumb"},"inLanguage":"fr-FR","potentialAction":[{"@type":"ReadAction","target":["https:\/\/printcubator.net\/fr\/produit\/paquet-de-carnets-dechantillons\/"]}]},{"@type":"ImageObject","inLanguage":"fr-FR","@id":"https:\/\/printcubator.net\/fr\/produit\/paquet-de-carnets-dechantillons\/#primaryimage","url":"https:\/\/printcubator.net\/wp-content\/uploads\/2025\/08\/SWATCHBOOK.png","contentUrl":"https:\/\/printcubator.net\/wp-content\/uploads\/2025\/08\/SWATCHBOOK.png","width":1035,"height":1035},{"@type":"BreadcrumbList","@id":"https:\/\/printcubator.net\/fr\/produit\/paquet-de-carnets-dechantillons\/#breadcrumb","itemListElement":[{"@type":"ListItem","position":1,"name":"Home","item":"https:\/\/printcubator.net\/fr\/"},{"@type":"ListItem","position":2,"name":"Shop","item":"https:\/\/printcubator.net\/fr\/boutique\/"},{"@type":"ListItem","position":3,"name":"Pack d&#8217;\u00e9chantillons"}]},{"@type":"WebSite","@id":"https:\/\/printcubator.net\/fr\/#website","url":"https:\/\/printcubator.net\/fr\/","name":"Printcubator","description":"","publisher":{"@id":"https:\/\/printcubator.net\/fr\/#organization"},"potentialAction":[{"@type":"SearchAction","target":{"@type":"EntryPoint","urlTemplate":"https:\/\/printcubator.net\/fr\/?s={search_term_string}"},"query-input":{"@type":"PropertyValueSpecification","valueRequired":true,"valueName":"search_term_string"}}],"inLanguage":"fr-FR"},{"@type":"Organization","@id":"https:\/\/printcubator.net\/fr\/#organization","name":"Printcubator","url":"https:\/\/printcubator.net\/fr\/","logo":{"@type":"ImageObject","inLanguage":"fr-FR","@id":"https:\/\/printcubator.net\/fr\/#\/schema\/logo\/image\/","url":"https:\/\/printcubator.net\/wp-content\/uploads\/2024\/07\/logo.png","contentUrl":"https:\/\/printcubator.net\/wp-content\/uploads\/2024\/07\/logo.png","width":345,"height":304,"caption":"Printcubator"},"image":{"@id":"https:\/\/printcubator.net\/fr\/#\/schema\/logo\/image\/"}}]}},"wcpa_form_fields":null,"_links":{"self":[{"href":"https:\/\/printcubator.net\/fr\/wp-json\/wp\/v2\/product\/13222","targetHints":{"allow":["GET"]}}],"collection":[{"href":"https:\/\/printcubator.net\/fr\/wp-json\/wp\/v2\/product"}],"about":[{"href":"https:\/\/printcubator.net\/fr\/wp-json\/wp\/v2\/types\/product"}],"replies":[{"embeddable":true,"href":"https:\/\/printcubator.net\/fr\/wp-json\/wp\/v2\/comments?post=13222"}],"wp:featuredmedia":[{"embeddable":true,"href":"https:\/\/printcubator.net\/fr\/wp-json\/wp\/v2\/media\/13206"}],"wp:attachment":[{"href":"https:\/\/printcubator.net\/fr\/wp-json\/wp\/v2\/media?parent=13222"}],"wp:term":[{"taxonomy":"product_brand","embeddable":true,"href":"https:\/\/printcubator.net\/fr\/wp-json\/wp\/v2\/product_brand?post=13222"},{"taxonomy":"product_cat","embeddable":true,"href":"https:\/\/printcubator.net\/fr\/wp-json\/wp\/v2\/product_cat?post=13222"},{"taxonomy":"product_tag","embeddable":true,"href":"https:\/\/printcubator.net\/fr\/wp-json\/wp\/v2\/product_tag?post=13222"}],"curies":[{"name":"wp","href":"https:\/\/api.w.org\/{rel}","templated":true}]}}