{"id":1640,"date":"2024-08-23T09:40:44","date_gmt":"2024-08-23T09:40:44","guid":{"rendered":"https:\/\/printcubator.net\/product\/jugonline-bio\/"},"modified":"2026-02-09T11:01:20","modified_gmt":"2026-02-09T11:01:20","slug":"jugonline-bio","status":"publish","type":"product","link":"https:\/\/printcubator.net\/fr\/produit\/jugonline-bio\/","title":{"rendered":"Jugonline Bio jersey"},"content":{"rendered":"<p><b>Jugonline Bio<\/b> est un jersey l\u00e9ger en coton biologique et \u00e9lasthanne, qui offre un confort exceptionnel pour le jour et la nuit. \u00c9lastique mais stable, il convient parfaitement aux v\u00eatements pour b\u00e9b\u00e9s et offre une coupe confortable pour les t-shirts. Imprim\u00e9 \u00e0 l&#8217;aide de la technologie pigmentaire PURE, il minimise la consommation d&#8217;eau et d&#8217;\u00e9nergie lors de la production, ce qui en fait un choix aussi responsable que confortable.  <\/p>\n<ul>\n<li><strong>Tricot :<\/strong> 95% coton 5% \u00e9lasthanne<\/li>\n<li><strong>Poids :<\/strong> 170 g\/m2 +\/- 5.0 %.<\/li>\n<li><strong>Laize utile :<\/strong> 155.0 cm +\/- 2.0 %<\/li>\n<li><strong>M\u00e9thode d&#8217;impression :<\/strong> Encres pigmentaires PURE<\/li>\n<\/ul>\n<p>Exp\u00e9dition :<\/p>\n<ul>\n<li>Commande inf\u00e9rieure \u00e0 50m =&gt; 1 \u00e0 2 semaines<\/li>\n<li>Commande sup\u00e9rieure \u00e0 50 m =&gt; D\u00e9lai \u00e0 convenir lors de la commande<\/li>\n<\/ul>\n<p>Profitez de notre programme de r\u00e9duction :<\/p>\n<ul>\n<li><b>-20 % pour des commandes de 10 \u00e0 49 m\u00e8tres<\/b><\/li>\n<li><b>-40 % pour des commandes de 50 \u00e0 199 m\u00e8tres<\/b><\/li>\n<\/ul>\n<p>&nbsp;<\/p>\n<p>Notre quantit\u00e9 minimale de commande est de 5 m\u00e8tres.<\/p>\n<p>Si vous souhaitez visualiser votre motif avant de passer commande, vous avez la possibilit\u00e9 de demander un test d&#8217;impression de 50 cm sur toute la largeur de la laize. Cela vous permettra de voir comment votre motif se pr\u00e9sente sur le tissu. <\/p>\n<p>=&gt;&gt; Contactez-nous si vous souhaitez acheter plus de 200 m\u00e8tres.<\/p>\n","protected":false},"excerpt":{"rendered":"<div class=\"productView-moreItem\">\n<div class=\"productView-desc halo-text-format\"><b>Jugonline Bio<\/b> est un jersey l\u00e9ger en coton biologique et \u00e9lasthanne, qui offre un confort exceptionnel pour le jour et la nuit. \u00c9lastique mais stable, il convient parfaitement aux v\u00eatements pour b\u00e9b\u00e9s et offre une coupe confortable pour les t-shirts. Imprim\u00e9 \u00e0 l&#8217;aide de la technologie pigmentaire PURE, il minimise la consommation d&#8217;eau et d&#8217;\u00e9nergie lors de la production, ce qui en fait un choix aussi responsable que confortable.  <\/div>\n<\/div>\n<div class=\"productView-info\"><\/div>\n<div>\n<p>Notre quantit\u00e9 minimale de commande est de 5 m\u00e8tres.<\/p>\n<p>Si vous souhaitez visualiser votre motif avant de passer commande, vous avez la possibilit\u00e9 de demander un test d&#8217;impression de 50 cm sur toute la largeur de la laize. Cela vous permettra de voir comment votre motif se pr\u00e9sente sur le tissu. <\/p>\n<\/div>\n","protected":false},"featured_media":12944,"comment_status":"open","ping_status":"closed","template":"","meta":{"_acf_changed":false,"_monsterinsights_skip_tracking":false,"_monsterinsights_sitenote_active":false,"_monsterinsights_sitenote_note":"","_monsterinsights_sitenote_category":0},"product_brand":[],"product_cat":[576,780,518,89,203,413,389,405],"product_tag":[],"class_list":{"0":"post-1640","1":"product","2":"type-product","3":"status-publish","4":"has-post-thumbnail","6":"product_cat-accessoires-pour-bebes","7":"product_cat-meilleures-ventes","8":"product_cat-vetements-de-detente","9":"product_cat-coton","10":"product_cat-coton-bio","11":"product_cat-bio-naturel","12":"product_cat-elasthanne","13":"product_cat-jersey-fr","14":"wcpa_has_options","16":"first","17":"instock","18":"taxable","19":"shipping-taxable","20":"purchasable","21":"product-type-variable"},"acf":[],"yoast_head":"<!-- This site is optimized with the Yoast SEO plugin v24.8.1 - https:\/\/yoast.com\/wordpress\/plugins\/seo\/ -->\n<title>Jugonline Bio jersey - Printcubator<\/title>\n<meta name=\"description\" content=\"Jugonline Bio est un jersey l\u00e9ger en coton biologique et \u00e9lasthanne, qui offre un confort exceptionnel pour le jour et la nuit. Elastique mais stable, il convient parfaitement aux v\u00eatements pour b\u00e9b\u00e9s et offre une tenue confortable pour les t-shirts.\" \/>\n<meta name=\"robots\" content=\"index, follow, max-snippet:-1, max-image-preview:large, max-video-preview:-1\" \/>\n<link rel=\"canonical\" href=\"https:\/\/printcubator.net\/fr\/produit\/jugonline-bio\/\" \/>\n<meta property=\"og:locale\" content=\"fr_FR\" \/>\n<meta property=\"og:type\" content=\"article\" \/>\n<meta property=\"og:title\" content=\"Jugonline Bio jersey - Printcubator\" \/>\n<meta property=\"og:description\" content=\"Jugonline Bio est un jersey l\u00e9ger en coton biologique et \u00e9lasthanne, qui offre un confort exceptionnel pour le jour et la nuit. Elastique mais stable, il convient parfaitement aux v\u00eatements pour b\u00e9b\u00e9s et offre une tenue confortable pour les t-shirts.\" \/>\n<meta property=\"og:url\" content=\"https:\/\/printcubator.net\/fr\/produit\/jugonline-bio\/\" \/>\n<meta property=\"og:site_name\" content=\"Printcubator\" \/>\n<meta property=\"article:modified_time\" content=\"2026-02-09T11:01:20+00:00\" \/>\n<meta property=\"og:image\" content=\"https:\/\/printcubator.net\/wp-content\/uploads\/2024\/08\/Jugoline-1.png\" \/>\n\t<meta property=\"og:image:width\" content=\"1294\" \/>\n\t<meta property=\"og:image:height\" content=\"1294\" \/>\n\t<meta property=\"og:image:type\" content=\"image\/png\" \/>\n<meta name=\"twitter:card\" content=\"summary_large_image\" \/>\n<meta name=\"twitter:label1\" content=\"Dur\u00e9e de lecture estim\u00e9e\" \/>\n\t<meta name=\"twitter:data1\" content=\"1 minute\" \/>\n<script type=\"application\/ld+json\" class=\"yoast-schema-graph\">{\"@context\":\"https:\/\/schema.org\",\"@graph\":[{\"@type\":\"WebPage\",\"@id\":\"https:\/\/printcubator.net\/fr\/produit\/jugonline-bio\/\",\"url\":\"https:\/\/printcubator.net\/fr\/produit\/jugonline-bio\/\",\"name\":\"Jugonline Bio jersey - Printcubator\",\"isPartOf\":{\"@id\":\"https:\/\/printcubator.net\/fr\/#website\"},\"primaryImageOfPage\":{\"@id\":\"https:\/\/printcubator.net\/fr\/produit\/jugonline-bio\/#primaryimage\"},\"image\":{\"@id\":\"https:\/\/printcubator.net\/fr\/produit\/jugonline-bio\/#primaryimage\"},\"thumbnailUrl\":\"https:\/\/printcubator.net\/wp-content\/uploads\/2024\/08\/Jugoline-1.png\",\"datePublished\":\"2024-08-23T09:40:44+00:00\",\"dateModified\":\"2026-02-09T11:01:20+00:00\",\"description\":\"Jugonline Bio est un jersey l\u00e9ger en coton biologique et \u00e9lasthanne, qui offre un confort exceptionnel pour le jour et la nuit. Elastique mais stable, il convient parfaitement aux v\u00eatements pour b\u00e9b\u00e9s et offre une tenue confortable pour les t-shirts.\",\"breadcrumb\":{\"@id\":\"https:\/\/printcubator.net\/fr\/produit\/jugonline-bio\/#breadcrumb\"},\"inLanguage\":\"fr-FR\",\"potentialAction\":[{\"@type\":\"ReadAction\",\"target\":[\"https:\/\/printcubator.net\/fr\/produit\/jugonline-bio\/\"]}]},{\"@type\":\"ImageObject\",\"inLanguage\":\"fr-FR\",\"@id\":\"https:\/\/printcubator.net\/fr\/produit\/jugonline-bio\/#primaryimage\",\"url\":\"https:\/\/printcubator.net\/wp-content\/uploads\/2024\/08\/Jugoline-1.png\",\"contentUrl\":\"https:\/\/printcubator.net\/wp-content\/uploads\/2024\/08\/Jugoline-1.png\",\"width\":1294,\"height\":1294},{\"@type\":\"BreadcrumbList\",\"@id\":\"https:\/\/printcubator.net\/fr\/produit\/jugonline-bio\/#breadcrumb\",\"itemListElement\":[{\"@type\":\"ListItem\",\"position\":1,\"name\":\"Home\",\"item\":\"https:\/\/printcubator.net\/fr\/\"},{\"@type\":\"ListItem\",\"position\":2,\"name\":\"Shop\",\"item\":\"https:\/\/printcubator.net\/fr\/boutique\/\"},{\"@type\":\"ListItem\",\"position\":3,\"name\":\"Jugonline Bio jersey\"}]},{\"@type\":\"WebSite\",\"@id\":\"https:\/\/printcubator.net\/fr\/#website\",\"url\":\"https:\/\/printcubator.net\/fr\/\",\"name\":\"Printcubator\",\"description\":\"\",\"publisher\":{\"@id\":\"https:\/\/printcubator.net\/fr\/#organization\"},\"potentialAction\":[{\"@type\":\"SearchAction\",\"target\":{\"@type\":\"EntryPoint\",\"urlTemplate\":\"https:\/\/printcubator.net\/fr\/?s={search_term_string}\"},\"query-input\":{\"@type\":\"PropertyValueSpecification\",\"valueRequired\":true,\"valueName\":\"search_term_string\"}}],\"inLanguage\":\"fr-FR\"},{\"@type\":\"Organization\",\"@id\":\"https:\/\/printcubator.net\/fr\/#organization\",\"name\":\"Printcubator\",\"url\":\"https:\/\/printcubator.net\/fr\/\",\"logo\":{\"@type\":\"ImageObject\",\"inLanguage\":\"fr-FR\",\"@id\":\"https:\/\/printcubator.net\/fr\/#\/schema\/logo\/image\/\",\"url\":\"https:\/\/printcubator.net\/wp-content\/uploads\/2024\/07\/logo.png\",\"contentUrl\":\"https:\/\/printcubator.net\/wp-content\/uploads\/2024\/07\/logo.png\",\"width\":345,\"height\":304,\"caption\":\"Printcubator\"},\"image\":{\"@id\":\"https:\/\/printcubator.net\/fr\/#\/schema\/logo\/image\/\"}}]}<\/script>\n<!-- \/ Yoast SEO plugin. -->","yoast_head_json":{"title":"Jugonline Bio jersey - Printcubator","description":"Jugonline Bio est un jersey l\u00e9ger en coton biologique et \u00e9lasthanne, qui offre un confort exceptionnel pour le jour et la nuit. Elastique mais stable, il convient parfaitement aux v\u00eatements pour b\u00e9b\u00e9s et offre une tenue confortable pour les t-shirts.","robots":{"index":"index","follow":"follow","max-snippet":"max-snippet:-1","max-image-preview":"max-image-preview:large","max-video-preview":"max-video-preview:-1"},"canonical":"https:\/\/printcubator.net\/fr\/produit\/jugonline-bio\/","og_locale":"fr_FR","og_type":"article","og_title":"Jugonline Bio jersey - Printcubator","og_description":"Jugonline Bio est un jersey l\u00e9ger en coton biologique et \u00e9lasthanne, qui offre un confort exceptionnel pour le jour et la nuit. Elastique mais stable, il convient parfaitement aux v\u00eatements pour b\u00e9b\u00e9s et offre une tenue confortable pour les t-shirts.","og_url":"https:\/\/printcubator.net\/fr\/produit\/jugonline-bio\/","og_site_name":"Printcubator","article_modified_time":"2026-02-09T11:01:20+00:00","og_image":[{"width":1294,"height":1294,"url":"https:\/\/printcubator.net\/wp-content\/uploads\/2024\/08\/Jugoline-1.png","type":"image\/png"}],"twitter_card":"summary_large_image","twitter_misc":{"Dur\u00e9e de lecture estim\u00e9e":"1 minute"},"schema":{"@context":"https:\/\/schema.org","@graph":[{"@type":"WebPage","@id":"https:\/\/printcubator.net\/fr\/produit\/jugonline-bio\/","url":"https:\/\/printcubator.net\/fr\/produit\/jugonline-bio\/","name":"Jugonline Bio jersey - Printcubator","isPartOf":{"@id":"https:\/\/printcubator.net\/fr\/#website"},"primaryImageOfPage":{"@id":"https:\/\/printcubator.net\/fr\/produit\/jugonline-bio\/#primaryimage"},"image":{"@id":"https:\/\/printcubator.net\/fr\/produit\/jugonline-bio\/#primaryimage"},"thumbnailUrl":"https:\/\/printcubator.net\/wp-content\/uploads\/2024\/08\/Jugoline-1.png","datePublished":"2024-08-23T09:40:44+00:00","dateModified":"2026-02-09T11:01:20+00:00","description":"Jugonline Bio est un jersey l\u00e9ger en coton biologique et \u00e9lasthanne, qui offre un confort exceptionnel pour le jour et la nuit. Elastique mais stable, il convient parfaitement aux v\u00eatements pour b\u00e9b\u00e9s et offre une tenue confortable pour les t-shirts.","breadcrumb":{"@id":"https:\/\/printcubator.net\/fr\/produit\/jugonline-bio\/#breadcrumb"},"inLanguage":"fr-FR","potentialAction":[{"@type":"ReadAction","target":["https:\/\/printcubator.net\/fr\/produit\/jugonline-bio\/"]}]},{"@type":"ImageObject","inLanguage":"fr-FR","@id":"https:\/\/printcubator.net\/fr\/produit\/jugonline-bio\/#primaryimage","url":"https:\/\/printcubator.net\/wp-content\/uploads\/2024\/08\/Jugoline-1.png","contentUrl":"https:\/\/printcubator.net\/wp-content\/uploads\/2024\/08\/Jugoline-1.png","width":1294,"height":1294},{"@type":"BreadcrumbList","@id":"https:\/\/printcubator.net\/fr\/produit\/jugonline-bio\/#breadcrumb","itemListElement":[{"@type":"ListItem","position":1,"name":"Home","item":"https:\/\/printcubator.net\/fr\/"},{"@type":"ListItem","position":2,"name":"Shop","item":"https:\/\/printcubator.net\/fr\/boutique\/"},{"@type":"ListItem","position":3,"name":"Jugonline Bio jersey"}]},{"@type":"WebSite","@id":"https:\/\/printcubator.net\/fr\/#website","url":"https:\/\/printcubator.net\/fr\/","name":"Printcubator","description":"","publisher":{"@id":"https:\/\/printcubator.net\/fr\/#organization"},"potentialAction":[{"@type":"SearchAction","target":{"@type":"EntryPoint","urlTemplate":"https:\/\/printcubator.net\/fr\/?s={search_term_string}"},"query-input":{"@type":"PropertyValueSpecification","valueRequired":true,"valueName":"search_term_string"}}],"inLanguage":"fr-FR"},{"@type":"Organization","@id":"https:\/\/printcubator.net\/fr\/#organization","name":"Printcubator","url":"https:\/\/printcubator.net\/fr\/","logo":{"@type":"ImageObject","inLanguage":"fr-FR","@id":"https:\/\/printcubator.net\/fr\/#\/schema\/logo\/image\/","url":"https:\/\/printcubator.net\/wp-content\/uploads\/2024\/07\/logo.png","contentUrl":"https:\/\/printcubator.net\/wp-content\/uploads\/2024\/07\/logo.png","width":345,"height":304,"caption":"Printcubator"},"image":{"@id":"https:\/\/printcubator.net\/fr\/#\/schema\/logo\/image\/"}}]}},"wcpa_form_fields":{"wcpaData":{"product":{"product_price":10.95,"price_html":"<span class=\"price\"><strong>\u00c0 partir de<\/strong> <span class=\"woocommerce-Price-amount amount\"><bdi>10,95&nbsp;<span class=\"woocommerce-Price-currencySymbol\">&euro;<\/span><\/bdi><\/span><\/span>","original_product_price":10.95,"price_including_tax":21.9,"price_excluding_tax":18.25,"product_id":{"parent":1640,"variation":false},"is_variable":true,"stock_status":"instock","stock_quantity":984,"parent_sku":"","product_attributes":{"type-of-order":{"is_variation":true,"values":[]}},"custom_fields":[],"is_taxable":true,"product_name":"Jugonline Bio jersey","hasImage":false},"fields":{"sec_766c5d6570291e":{"extra":{"key":"sec_766c5d6570291e","section_id":"sec_766c5d6570291e","name":"Default","status":1,"toggle":true,"enableCl":false,"relations":[{"operator":false,"rules":[{"operator":"AND","rules":{"cl_field":"","cl_relation":"","cl_val":""}}]}],"form_id":12519,"form_rules":{"exclude_from_discount":false,"fee_label":"Fee","disp_hide_options_price":false,"disp_show_section_price":false,"disp_show_field_price":true,"layout_option":"standard","pric_use_as_fee":false,"process_fee_as":"woo_fee"},"layout_option":"standard"},"fields":[[{"active":true,"col":6,"relations":false,"cl_rule":"show","enableCl":false,"price":"","enablePrice":false,"className":"","label_position":"default","desc_position":"default","type":"content","required":false,"elementId":"content_6453089476","label":"PR\u00c9-REQUIS POUR LE T\u00c9L\u00c9CHARGEMENT DE VOS FICHIERS","name":"content_6453089476","contentType":"plain","value":"\u2726 R\u00e9solution : minimum 300 DPI\n\u2726 Taille du fichier : maximum 150 Mo\n\u2726 Profil colorim\u00e9trique : sRGB (IEC61966-2.1)\n\u2726 D\u00e9nomination du fichier : VotreNom-Quantit\u00e9-NomDuTissu (remplacez les champs)\n\u2726 Format du fichier : TIFF","error":false,"gt_translate_keys":["label","value"],"price_dependency":false,"cl_dependency":false}],[{"label":"Fichier","active":true,"required":true,"elementId":"file-5644350149","upload_type":"droppable","file_types":["design"],"description":"Format TIFF","name":"file-5644350149","label_position":"default","desc_position":"default","enablePrice":false,"className":"","enableCl":false,"relations":false,"uploadSize":"500","exts_supported":[".tiff"],"price":"","cl_rule":"show","col":6,"type":"file","error":false,"enable_quantity":false,"quantity_decimal":false,"quantity_step":"1","quantity_label":"Quantity","repeater":false,"repeater_field_label":"Fichier","repeater_bind":"","repeater_bind_field":"file-5644350149","repeater_max":"7","repeater_add_label":"Ajouter fichier","repeater_remove_label":"Retirer fichier","min_quantity":"1","minUploadSize":"12","max_quantity":"48","hideFieldIn_cart":false,"multiple_upload":false,"allowedFileTypes":".tiff,image\/*,.psd,.pdf,.eps,.ai,.indd,.raw","gt_translate_keys":["label","description","repeater_field_label","repeater_add_label","repeater_remove_label","quantity_label"],"price_dependency":false,"cl_dependency":false,"value":""}]]}},"config":{"price_override":"","enable_recaptcha":false,"bind_quantity":false,"quantity_bind_formula":false,"disp_summ_show_option_price":true,"disp_summ_show_product_price":true,"disp_summ_show_total_price":true,"disp_summ_show_fee":false,"disp_summ_show_discount":false,"summary_title":"","options_total_label":"Options Price","total_label":"Total","options_product_label":"Product Price","fee_label":"Fee","discount_label":"Discount","has_price":true,"has_quantity_formula":false},"mc_unit":1,"tax_rate":1,"tax_rate_real":0.2,"discount":{"percentage":0,"fixed":0},"design":{"conf":{"LabelPosition":"above","DescPosition":"above","UploadField":"custom_1","QuantityFieldStyle":"default"},"css":{"LeftLabelWidth":"120px"}},"formulas":[],"clones":false,"cartKey":false}},"_links":{"self":[{"href":"https:\/\/printcubator.net\/fr\/wp-json\/wp\/v2\/product\/1640","targetHints":{"allow":["GET"]}}],"collection":[{"href":"https:\/\/printcubator.net\/fr\/wp-json\/wp\/v2\/product"}],"about":[{"href":"https:\/\/printcubator.net\/fr\/wp-json\/wp\/v2\/types\/product"}],"replies":[{"embeddable":true,"href":"https:\/\/printcubator.net\/fr\/wp-json\/wp\/v2\/comments?post=1640"}],"wp:featuredmedia":[{"embeddable":true,"href":"https:\/\/printcubator.net\/fr\/wp-json\/wp\/v2\/media\/12944"}],"wp:attachment":[{"href":"https:\/\/printcubator.net\/fr\/wp-json\/wp\/v2\/media?parent=1640"}],"wp:term":[{"taxonomy":"product_brand","embeddable":true,"href":"https:\/\/printcubator.net\/fr\/wp-json\/wp\/v2\/product_brand?post=1640"},{"taxonomy":"product_cat","embeddable":true,"href":"https:\/\/printcubator.net\/fr\/wp-json\/wp\/v2\/product_cat?post=1640"},{"taxonomy":"product_tag","embeddable":true,"href":"https:\/\/printcubator.net\/fr\/wp-json\/wp\/v2\/product_tag?post=1640"}],"curies":[{"name":"wp","href":"https:\/\/api.w.org\/{rel}","templated":true}]}}