{"id":3373,"date":"2025-01-22T13:03:52","date_gmt":"2025-01-22T13:03:52","guid":{"rendered":"https:\/\/printcubator.net\/?post_type=product&#038;p=3373"},"modified":"2025-04-07T07:27:14","modified_gmt":"2025-04-07T07:27:14","slug":"heidelberg-half-panama","status":"publish","type":"product","link":"https:\/\/printcubator.net\/fr\/produit\/heidelberg-half-panama\/","title":{"rendered":"Heidelberg demi-panama"},"content":{"rendered":"<p>Heidelberg est un tissu polyester durable de type demi Panama, id\u00e9al pour les projets de d\u00e9coration int\u00e9rieure et les accessoires. Son tissage textur\u00e9 rehausse l&#8217;\u00e9clat des couleurs et permet d&#8217;obtenir des r\u00e9sultats saisissants et accrocheurs. L&#8217;armure demi Panama, une variante de l&#8217;armure toile, pr\u00e9sente une texture plus ouverte et structur\u00e9e, ajoutant de la profondeur et du caract\u00e8re \u00e0 vos cr\u00e9ations.  <\/p>\n<ul>\n<li>Tissu : 100 % polyester<\/li>\n<li>Poids : 360 gr\/m2 +\/- 5.0%<\/li>\n<li>Largeur : 155 cm +\/- 2.0 %<\/li>\n<li>M\u00e9thode d\u2019impression : l\u2019impression par sublimation est une technique qui utilise la chaleur et la pression pour transf\u00e9rer un colorant sur divers mat\u00e9riaux, le plus souvent du polyester. Ce proc\u00e9d\u00e9 unique permet au colorant de passer directement de l\u2019\u00e9tat solide \u00e0 l\u2019\u00e9tat gazeux, sans phase liquide, avant de se fixer durablement aux fibres du tissu. Le r\u00e9sultat offre des impressions \u00e0 la fois \u00e9clatantes et r\u00e9sistantes dans le temps. <\/li>\n<\/ul>\n<p>Exp\u00e9dition :<\/p>\n<ul>\n<li>Commande inf\u00e9rieure \u00e0 50m =&gt; 1 \u00e0 2 semaines<\/li>\n<li>Commande sup\u00e9rieure \u00e0 50m =&gt; D\u00e9lai \u00e0 convenir lors de la commande<\/li>\n<\/ul>\n<p>Profitez de notre programme de r\u00e9duction :<\/p>\n<ul>\n<li>-20 % pour des commandes de 10 \u00e0 49 m\u00e8tres<\/li>\n<li>-40 % pour des commandes de 50 \u00e0 199 m\u00e8tres<\/li>\n<\/ul>\n<p>&nbsp;<\/p>\n<p>Notre quantit\u00e9 minimale de commande est de 5 m\u00e8tres.<\/p>\n<p>Si vous souhaitez visualiser votre motif avant de passer commande, vous avez la possibilit\u00e9 de demander un test d&#8217;impression de 50 cm sur toute la largeur de la laize. Cela vous permettra de voir comment votre motif se pr\u00e9sente sur le tissu. <\/p>\n<p>=&gt; Contactez-nous si vous souhaitez acheter plus de 200 m\u00e8tres.<\/p>\n","protected":false},"excerpt":{"rendered":"<p>Heidelberg est un tissu polyester durable de type demi Panama, id\u00e9al pour les projets de d\u00e9coration int\u00e9rieure et les accessoires. Son tissage textur\u00e9 rehausse l&#8217;\u00e9clat des couleurs et permet d&#8217;obtenir des r\u00e9sultats saisissants et accrocheurs. L&#8217;armure demi Panama, une variante de l&#8217;armure toile, pr\u00e9sente une texture plus ouverte et structur\u00e9e, ajoutant de la profondeur et du caract\u00e8re \u00e0 vos cr\u00e9ations.  <\/p>\n<p>Notre quantit\u00e9 minimale de commande est de 5 m\u00e8tres.<\/p>\n<p>Si vous souhaitez visualiser votre motif avant de passer commande, vous avez la possibilit\u00e9 de demander un test d&#8217;impression de 50 cm sur toute la largeur de la laize. Cela vous permettra de voir comment votre motif se pr\u00e9sente sur le tissu. <\/p>\n","protected":false},"featured_media":13072,"comment_status":"open","ping_status":"closed","template":"","meta":{"_acf_changed":false,"_monsterinsights_skip_tracking":false,"_monsterinsights_sitenote_active":false,"_monsterinsights_sitenote_note":"","_monsterinsights_sitenote_category":0},"product_brand":[],"product_cat":[531,530,525,138,427,401],"product_tag":[],"class_list":{"0":"post-3373","1":"product","2":"type-product","3":"status-publish","4":"has-post-thumbnail","6":"product_cat-accessoires-fr","7":"product_cat-tous-les-types-de-tissus","8":"product_cat-decoration-fr","9":"product_cat-polyester-fr","10":"product_cat-synthetique","11":"product_cat-halfpanama-fr","12":"wcpa_has_options","14":"first","15":"instock","16":"taxable","17":"shipping-taxable","18":"purchasable","19":"product-type-variable"},"acf":[],"yoast_head":"<!-- This site is optimized with the Yoast SEO plugin v24.8.1 - https:\/\/yoast.com\/wordpress\/plugins\/seo\/ -->\n<title>Heidelberg demi-panama - Printcubator<\/title>\n<meta name=\"description\" content=\"Heidelberg est un tissu polyester durable de type demi Panama, id\u00e9al pour les projets de d\u00e9coration int\u00e9rieure et les accessoires. Son tissage textur\u00e9 rehausse l&#039;\u00e9clat des couleurs et permet d&#039;obtenir des r\u00e9sultats saisissants et accrocheurs. L&#039;armure demi Panama, une variante de l&#039;armure toile, pr\u00e9sente une texture plus ouverte et structur\u00e9e, ajoutant de la profondeur et du caract\u00e8re \u00e0 vos cr\u00e9ations.\" \/>\n<meta name=\"robots\" content=\"index, follow, max-snippet:-1, max-image-preview:large, max-video-preview:-1\" \/>\n<link rel=\"canonical\" href=\"https:\/\/printcubator.net\/fr\/produit\/heidelberg-half-panama\/\" \/>\n<meta property=\"og:locale\" content=\"fr_FR\" \/>\n<meta property=\"og:type\" content=\"article\" \/>\n<meta property=\"og:title\" content=\"Heidelberg demi-panama - Printcubator\" \/>\n<meta property=\"og:description\" content=\"Heidelberg est un tissu polyester durable de type demi Panama, id\u00e9al pour les projets de d\u00e9coration int\u00e9rieure et les accessoires. Son tissage textur\u00e9 rehausse l&#039;\u00e9clat des couleurs et permet d&#039;obtenir des r\u00e9sultats saisissants et accrocheurs. L&#039;armure demi Panama, une variante de l&#039;armure toile, pr\u00e9sente une texture plus ouverte et structur\u00e9e, ajoutant de la profondeur et du caract\u00e8re \u00e0 vos cr\u00e9ations.\" \/>\n<meta property=\"og:url\" content=\"https:\/\/printcubator.net\/fr\/produit\/heidelberg-half-panama\/\" \/>\n<meta property=\"og:site_name\" content=\"Printcubator\" \/>\n<meta property=\"article:modified_time\" content=\"2025-04-07T07:27:14+00:00\" \/>\n<meta property=\"og:image\" content=\"https:\/\/printcubator.net\/wp-content\/uploads\/2025\/01\/heidelberg-1-1024x1024.png\" \/>\n\t<meta property=\"og:image:width\" content=\"1024\" \/>\n\t<meta property=\"og:image:height\" content=\"1024\" \/>\n\t<meta property=\"og:image:type\" content=\"image\/png\" \/>\n<meta name=\"twitter:card\" content=\"summary_large_image\" \/>\n<meta name=\"twitter:label1\" content=\"Dur\u00e9e de lecture estim\u00e9e\" \/>\n\t<meta name=\"twitter:data1\" content=\"1 minute\" \/>\n<script type=\"application\/ld+json\" class=\"yoast-schema-graph\">{\"@context\":\"https:\/\/schema.org\",\"@graph\":[{\"@type\":\"WebPage\",\"@id\":\"https:\/\/printcubator.net\/fr\/produit\/heidelberg-half-panama\/\",\"url\":\"https:\/\/printcubator.net\/fr\/produit\/heidelberg-half-panama\/\",\"name\":\"Heidelberg demi-panama - Printcubator\",\"isPartOf\":{\"@id\":\"https:\/\/printcubator.net\/fr\/#website\"},\"primaryImageOfPage\":{\"@id\":\"https:\/\/printcubator.net\/fr\/produit\/heidelberg-half-panama\/#primaryimage\"},\"image\":{\"@id\":\"https:\/\/printcubator.net\/fr\/produit\/heidelberg-half-panama\/#primaryimage\"},\"thumbnailUrl\":\"https:\/\/printcubator.net\/wp-content\/uploads\/2025\/01\/heidelbergfinal.png\",\"datePublished\":\"2025-01-22T13:03:52+00:00\",\"dateModified\":\"2025-04-07T07:27:14+00:00\",\"description\":\"Heidelberg est un tissu polyester durable de type demi Panama, id\u00e9al pour les projets de d\u00e9coration int\u00e9rieure et les accessoires. Son tissage textur\u00e9 rehausse l'\u00e9clat des couleurs et permet d'obtenir des r\u00e9sultats saisissants et accrocheurs. L'armure demi Panama, une variante de l'armure toile, pr\u00e9sente une texture plus ouverte et structur\u00e9e, ajoutant de la profondeur et du caract\u00e8re \u00e0 vos cr\u00e9ations.\",\"breadcrumb\":{\"@id\":\"https:\/\/printcubator.net\/fr\/produit\/heidelberg-half-panama\/#breadcrumb\"},\"inLanguage\":\"fr-FR\",\"potentialAction\":[{\"@type\":\"ReadAction\",\"target\":[\"https:\/\/printcubator.net\/fr\/produit\/heidelberg-half-panama\/\"]}]},{\"@type\":\"ImageObject\",\"inLanguage\":\"fr-FR\",\"@id\":\"https:\/\/printcubator.net\/fr\/produit\/heidelberg-half-panama\/#primaryimage\",\"url\":\"https:\/\/printcubator.net\/wp-content\/uploads\/2025\/01\/heidelbergfinal.png\",\"contentUrl\":\"https:\/\/printcubator.net\/wp-content\/uploads\/2025\/01\/heidelbergfinal.png\",\"width\":1164,\"height\":1164},{\"@type\":\"BreadcrumbList\",\"@id\":\"https:\/\/printcubator.net\/fr\/produit\/heidelberg-half-panama\/#breadcrumb\",\"itemListElement\":[{\"@type\":\"ListItem\",\"position\":1,\"name\":\"Home\",\"item\":\"https:\/\/printcubator.net\/fr\/\"},{\"@type\":\"ListItem\",\"position\":2,\"name\":\"Shop\",\"item\":\"https:\/\/printcubator.net\/fr\/boutique\/\"},{\"@type\":\"ListItem\",\"position\":3,\"name\":\"Heidelberg demi-panama\"}]},{\"@type\":\"WebSite\",\"@id\":\"https:\/\/printcubator.net\/fr\/#website\",\"url\":\"https:\/\/printcubator.net\/fr\/\",\"name\":\"Printcubator\",\"description\":\"\",\"publisher\":{\"@id\":\"https:\/\/printcubator.net\/fr\/#organization\"},\"potentialAction\":[{\"@type\":\"SearchAction\",\"target\":{\"@type\":\"EntryPoint\",\"urlTemplate\":\"https:\/\/printcubator.net\/fr\/?s={search_term_string}\"},\"query-input\":{\"@type\":\"PropertyValueSpecification\",\"valueRequired\":true,\"valueName\":\"search_term_string\"}}],\"inLanguage\":\"fr-FR\"},{\"@type\":\"Organization\",\"@id\":\"https:\/\/printcubator.net\/fr\/#organization\",\"name\":\"Printcubator\",\"url\":\"https:\/\/printcubator.net\/fr\/\",\"logo\":{\"@type\":\"ImageObject\",\"inLanguage\":\"fr-FR\",\"@id\":\"https:\/\/printcubator.net\/fr\/#\/schema\/logo\/image\/\",\"url\":\"https:\/\/printcubator.net\/wp-content\/uploads\/2024\/07\/logo.png\",\"contentUrl\":\"https:\/\/printcubator.net\/wp-content\/uploads\/2024\/07\/logo.png\",\"width\":345,\"height\":304,\"caption\":\"Printcubator\"},\"image\":{\"@id\":\"https:\/\/printcubator.net\/fr\/#\/schema\/logo\/image\/\"}}]}<\/script>\n<!-- \/ Yoast SEO plugin. -->","yoast_head_json":{"title":"Heidelberg demi-panama - Printcubator","description":"Heidelberg est un tissu polyester durable de type demi Panama, id\u00e9al pour les projets de d\u00e9coration int\u00e9rieure et les accessoires. Son tissage textur\u00e9 rehausse l'\u00e9clat des couleurs et permet d'obtenir des r\u00e9sultats saisissants et accrocheurs. L'armure demi Panama, une variante de l'armure toile, pr\u00e9sente une texture plus ouverte et structur\u00e9e, ajoutant de la profondeur et du caract\u00e8re \u00e0 vos cr\u00e9ations.","robots":{"index":"index","follow":"follow","max-snippet":"max-snippet:-1","max-image-preview":"max-image-preview:large","max-video-preview":"max-video-preview:-1"},"canonical":"https:\/\/printcubator.net\/fr\/produit\/heidelberg-half-panama\/","og_locale":"fr_FR","og_type":"article","og_title":"Heidelberg demi-panama - Printcubator","og_description":"Heidelberg est un tissu polyester durable de type demi Panama, id\u00e9al pour les projets de d\u00e9coration int\u00e9rieure et les accessoires. Son tissage textur\u00e9 rehausse l'\u00e9clat des couleurs et permet d'obtenir des r\u00e9sultats saisissants et accrocheurs. L'armure demi Panama, une variante de l'armure toile, pr\u00e9sente une texture plus ouverte et structur\u00e9e, ajoutant de la profondeur et du caract\u00e8re \u00e0 vos cr\u00e9ations.","og_url":"https:\/\/printcubator.net\/fr\/produit\/heidelberg-half-panama\/","og_site_name":"Printcubator","article_modified_time":"2025-04-07T07:27:14+00:00","og_image":[{"width":1024,"height":1024,"url":"https:\/\/printcubator.net\/wp-content\/uploads\/2025\/01\/heidelberg-1-1024x1024.png","type":"image\/png"}],"twitter_card":"summary_large_image","twitter_misc":{"Dur\u00e9e de lecture estim\u00e9e":"1 minute"},"schema":{"@context":"https:\/\/schema.org","@graph":[{"@type":"WebPage","@id":"https:\/\/printcubator.net\/fr\/produit\/heidelberg-half-panama\/","url":"https:\/\/printcubator.net\/fr\/produit\/heidelberg-half-panama\/","name":"Heidelberg demi-panama - Printcubator","isPartOf":{"@id":"https:\/\/printcubator.net\/fr\/#website"},"primaryImageOfPage":{"@id":"https:\/\/printcubator.net\/fr\/produit\/heidelberg-half-panama\/#primaryimage"},"image":{"@id":"https:\/\/printcubator.net\/fr\/produit\/heidelberg-half-panama\/#primaryimage"},"thumbnailUrl":"https:\/\/printcubator.net\/wp-content\/uploads\/2025\/01\/heidelbergfinal.png","datePublished":"2025-01-22T13:03:52+00:00","dateModified":"2025-04-07T07:27:14+00:00","description":"Heidelberg est un tissu polyester durable de type demi Panama, id\u00e9al pour les projets de d\u00e9coration int\u00e9rieure et les accessoires. Son tissage textur\u00e9 rehausse l'\u00e9clat des couleurs et permet d'obtenir des r\u00e9sultats saisissants et accrocheurs. L'armure demi Panama, une variante de l'armure toile, pr\u00e9sente une texture plus ouverte et structur\u00e9e, ajoutant de la profondeur et du caract\u00e8re \u00e0 vos cr\u00e9ations.","breadcrumb":{"@id":"https:\/\/printcubator.net\/fr\/produit\/heidelberg-half-panama\/#breadcrumb"},"inLanguage":"fr-FR","potentialAction":[{"@type":"ReadAction","target":["https:\/\/printcubator.net\/fr\/produit\/heidelberg-half-panama\/"]}]},{"@type":"ImageObject","inLanguage":"fr-FR","@id":"https:\/\/printcubator.net\/fr\/produit\/heidelberg-half-panama\/#primaryimage","url":"https:\/\/printcubator.net\/wp-content\/uploads\/2025\/01\/heidelbergfinal.png","contentUrl":"https:\/\/printcubator.net\/wp-content\/uploads\/2025\/01\/heidelbergfinal.png","width":1164,"height":1164},{"@type":"BreadcrumbList","@id":"https:\/\/printcubator.net\/fr\/produit\/heidelberg-half-panama\/#breadcrumb","itemListElement":[{"@type":"ListItem","position":1,"name":"Home","item":"https:\/\/printcubator.net\/fr\/"},{"@type":"ListItem","position":2,"name":"Shop","item":"https:\/\/printcubator.net\/fr\/boutique\/"},{"@type":"ListItem","position":3,"name":"Heidelberg demi-panama"}]},{"@type":"WebSite","@id":"https:\/\/printcubator.net\/fr\/#website","url":"https:\/\/printcubator.net\/fr\/","name":"Printcubator","description":"","publisher":{"@id":"https:\/\/printcubator.net\/fr\/#organization"},"potentialAction":[{"@type":"SearchAction","target":{"@type":"EntryPoint","urlTemplate":"https:\/\/printcubator.net\/fr\/?s={search_term_string}"},"query-input":{"@type":"PropertyValueSpecification","valueRequired":true,"valueName":"search_term_string"}}],"inLanguage":"fr-FR"},{"@type":"Organization","@id":"https:\/\/printcubator.net\/fr\/#organization","name":"Printcubator","url":"https:\/\/printcubator.net\/fr\/","logo":{"@type":"ImageObject","inLanguage":"fr-FR","@id":"https:\/\/printcubator.net\/fr\/#\/schema\/logo\/image\/","url":"https:\/\/printcubator.net\/wp-content\/uploads\/2024\/07\/logo.png","contentUrl":"https:\/\/printcubator.net\/wp-content\/uploads\/2024\/07\/logo.png","width":345,"height":304,"caption":"Printcubator"},"image":{"@id":"https:\/\/printcubator.net\/fr\/#\/schema\/logo\/image\/"}}]}},"wcpa_form_fields":{"wcpaData":{"product":{"product_price":14.37,"price_html":"<span class=\"price\"><strong>\u00c0 partir de<\/strong> <span class=\"woocommerce-Price-amount amount\"><bdi>14,37&nbsp;<span class=\"woocommerce-Price-currencySymbol\">&euro;<\/span><\/bdi><\/span><\/span>","original_product_price":14.37,"price_including_tax":28.74,"price_excluding_tax":23.95,"product_id":{"parent":3373,"variation":false},"is_variable":true,"stock_status":"instock","stock_quantity":null,"parent_sku":"","product_attributes":{"type-of-order":{"is_variation":true,"values":[]}},"custom_fields":[],"is_taxable":true,"product_name":"Heidelberg demi-panama","hasImage":false},"fields":{"sec_766c5d6570291e":{"extra":{"key":"sec_766c5d6570291e","section_id":"sec_766c5d6570291e","name":"Default","status":1,"toggle":true,"enableCl":false,"relations":[{"operator":false,"rules":[{"operator":"AND","rules":{"cl_field":"","cl_relation":"","cl_val":""}}]}],"form_id":12519,"form_rules":{"exclude_from_discount":false,"fee_label":"Fee","disp_hide_options_price":false,"disp_show_section_price":false,"disp_show_field_price":true,"layout_option":"standard","pric_use_as_fee":false,"process_fee_as":"woo_fee"},"layout_option":"standard"},"fields":[[{"active":true,"col":6,"relations":false,"cl_rule":"show","enableCl":false,"price":"","enablePrice":false,"className":"","label_position":"default","desc_position":"default","type":"content","required":false,"elementId":"content_6453089476","label":"PR\u00c9-REQUIS POUR LE T\u00c9L\u00c9CHARGEMENT DE VOS FICHIERS","name":"content_6453089476","contentType":"plain","value":"\u2726 R\u00e9solution : minimum 300 DPI\n\u2726 Taille du fichier : maximum 150 Mo\n\u2726 Profil colorim\u00e9trique : sRGB (IEC61966-2.1)\n\u2726 D\u00e9nomination du fichier : VotreNom-Quantit\u00e9-NomDuTissu (remplacez les champs)\n\u2726 Format du fichier : TIFF","error":false,"gt_translate_keys":["label","value"],"price_dependency":false,"cl_dependency":false}],[{"label":"Fichier","active":true,"required":true,"elementId":"file-5644350149","upload_type":"droppable","file_types":["design"],"description":"Format TIFF","name":"file-5644350149","label_position":"default","desc_position":"default","enablePrice":false,"className":"","enableCl":false,"relations":false,"uploadSize":"500","exts_supported":[".tiff"],"price":"","cl_rule":"show","col":6,"type":"file","error":false,"enable_quantity":false,"quantity_decimal":false,"quantity_step":"1","quantity_label":"Quantity","repeater":false,"repeater_field_label":"Fichier","repeater_bind":"","repeater_bind_field":"file-5644350149","repeater_max":"7","repeater_add_label":"Ajouter fichier","repeater_remove_label":"Retirer fichier","min_quantity":"1","minUploadSize":"12","max_quantity":"48","hideFieldIn_cart":false,"multiple_upload":false,"allowedFileTypes":".tiff,image\/*,.psd,.pdf,.eps,.ai,.indd,.raw","gt_translate_keys":["label","description","repeater_field_label","repeater_add_label","repeater_remove_label","quantity_label"],"price_dependency":false,"cl_dependency":false,"value":""}]]}},"config":{"price_override":"","enable_recaptcha":false,"bind_quantity":false,"quantity_bind_formula":false,"disp_summ_show_option_price":true,"disp_summ_show_product_price":true,"disp_summ_show_total_price":true,"disp_summ_show_fee":false,"disp_summ_show_discount":false,"summary_title":"","options_total_label":"Options Price","total_label":"Total","options_product_label":"Product Price","fee_label":"Fee","discount_label":"Discount","has_price":true,"has_quantity_formula":false},"mc_unit":1,"tax_rate":1,"tax_rate_real":0.2,"discount":{"percentage":0,"fixed":0},"design":{"conf":{"LabelPosition":"above","DescPosition":"above","UploadField":"custom_1","QuantityFieldStyle":"default"},"css":{"LeftLabelWidth":"120px"}},"formulas":[],"clones":false,"cartKey":false}},"_links":{"self":[{"href":"https:\/\/printcubator.net\/fr\/wp-json\/wp\/v2\/product\/3373","targetHints":{"allow":["GET"]}}],"collection":[{"href":"https:\/\/printcubator.net\/fr\/wp-json\/wp\/v2\/product"}],"about":[{"href":"https:\/\/printcubator.net\/fr\/wp-json\/wp\/v2\/types\/product"}],"replies":[{"embeddable":true,"href":"https:\/\/printcubator.net\/fr\/wp-json\/wp\/v2\/comments?post=3373"}],"wp:featuredmedia":[{"embeddable":true,"href":"https:\/\/printcubator.net\/fr\/wp-json\/wp\/v2\/media\/13072"}],"wp:attachment":[{"href":"https:\/\/printcubator.net\/fr\/wp-json\/wp\/v2\/media?parent=3373"}],"wp:term":[{"taxonomy":"product_brand","embeddable":true,"href":"https:\/\/printcubator.net\/fr\/wp-json\/wp\/v2\/product_brand?post=3373"},{"taxonomy":"product_cat","embeddable":true,"href":"https:\/\/printcubator.net\/fr\/wp-json\/wp\/v2\/product_cat?post=3373"},{"taxonomy":"product_tag","embeddable":true,"href":"https:\/\/printcubator.net\/fr\/wp-json\/wp\/v2\/product_tag?post=3373"}],"curies":[{"name":"wp","href":"https:\/\/api.w.org\/{rel}","templated":true}]}}