{"id":3481,"date":"2025-04-16T09:26:14","date_gmt":"2025-04-16T09:26:14","guid":{"rendered":"https:\/\/printcubator.net\/?post_type=product&#038;p=3481"},"modified":"2025-05-16T08:56:56","modified_gmt":"2025-05-16T08:56:56","slug":"spica-chemin-de-table","status":"publish","type":"product","link":"https:\/\/printcubator.net\/fr\/produit\/spica-chemin-de-table\/","title":{"rendered":"Chemin de table Spica"},"content":{"rendered":"<p>Personnalisez votre table avec vos propres motifs pour une touche vraiment unique. Fabriqu\u00e9 \u00e0 partir de tissus haut de gamme, le chemin de table Spica allie harmonieusement praticit\u00e9 et \u00e9l\u00e9gance. <span class=\"Apple-converted-space\"> <\/span><\/p>\n<p>Nos imprim\u00e9s \u00e9clatants et durables sont fabriqu\u00e9s dans notre microfactory fran\u00e7aise gr\u00e2ce \u00e0 une technologie de pointe. Chaque chemin de table est ensuite confectionn\u00e9 \u00e0 la main par nos couturi\u00e8res qualifi\u00e9es, dans nos locaux, pour une qualit\u00e9 exceptionnelle. <\/p>\n<p>Tissus disponibles :<\/p>\n<ul>\n<li>Coburg 150 Bio<\/li>\n<li>Castell<\/li>\n<li>Husum Bio<\/li>\n<li>Dortmund<\/li>\n<li>Palazio<\/li>\n<\/ul>\n<p>&nbsp;<\/p>\n<p>Informations d&#8217;exp\u00e9dition : Veuillez noter que les commandes peuvent \u00eatre exp\u00e9di\u00e9es sous 7 \u00e0 10 jours.<\/p>\n<hr>\n\n","protected":false},"excerpt":{"rendered":"<p>Personnalisez votre table avec vos propres motifs pour une touche vraiment unique. Fabriqu\u00e9 \u00e0 partir de tissus haut de gamme, le chemin de table Spica allie harmonieusement praticit\u00e9 et \u00e9l\u00e9gance. <\/p>\n<p>Nos imprim\u00e9s \u00e9clatants et durables sont fabriqu\u00e9s dans notre microfactory fran\u00e7aise gr\u00e2ce \u00e0 une technologie de pointe. Chaque chemin de table est ensuite confectionn\u00e9 \u00e0 la main par nos couturi\u00e8res qualifi\u00e9es, dans nos locaux, pour une qualit\u00e9 exceptionnelle. <\/p>\n<p>La quantit\u00e9 minimum de commande est de 10 articles.<\/p>\n<p><strong>Si vous \u00eates int\u00e9ress\u00e9 par nos services de confection, veuillez fournir toutes les informations n\u00e9cessaires dans le formulaire de demande de prix ci-dessous.<\/strong><\/p>\n<p><em>Des questions ? Utilisez la chatbox ou envoyez-nous un e-mail \u00e0 l&#8217;adresse  <\/em><a href=\"mailto:printcubator@mitwill.com\"><span class=\"elementor-icon-list-text\">printcubator@mitwill.com<\/span><\/a> <em>\u2014 nous serons heureux de vous aider !<\/em><\/p>\n","protected":false},"featured_media":9740,"comment_status":"open","ping_status":"closed","template":"","meta":{"_acf_changed":false,"_monsterinsights_skip_tracking":false,"_monsterinsights_sitenote_active":false,"_monsterinsights_sitenote_note":"","_monsterinsights_sitenote_category":0},"product_brand":[],"product_cat":[559,496],"product_tag":[],"class_list":{"0":"post-3481","1":"product","2":"type-product","3":"status-publish","4":"has-post-thumbnail","6":"product_cat-art-de-la-table-fr","7":"product_cat-produits","8":"wcpa_has_options","10":"first","11":"instock","12":"taxable","13":"shipping-taxable","14":"purchasable","15":"product-type-variable"},"acf":[],"yoast_head":"<!-- This site is optimized with the Yoast SEO plugin v24.8.1 - https:\/\/yoast.com\/wordpress\/plugins\/seo\/ -->\n<title>Chemin de table Spica - Printcubator<\/title>\n<meta name=\"robots\" content=\"index, follow, max-snippet:-1, max-image-preview:large, max-video-preview:-1\" \/>\n<link rel=\"canonical\" href=\"https:\/\/printcubator.net\/fr\/produit\/spica-chemin-de-table\/\" \/>\n<meta property=\"og:locale\" content=\"fr_FR\" \/>\n<meta property=\"og:type\" content=\"article\" \/>\n<meta property=\"og:title\" content=\"Chemin de table Spica - Printcubator\" \/>\n<meta property=\"og:description\" content=\"Personnalisez votre table avec vos propres motifs pour une touche vraiment unique. Fabriqu\u00e9 \u00e0 partir de tissus haut de gamme, le chemin de table Spica allie harmonieusement praticit\u00e9 et \u00e9l\u00e9gance.  Nos imprim\u00e9s \u00e9clatants et durables sont fabriqu\u00e9s dans notre microfactory fran\u00e7aise gr\u00e2ce \u00e0 une technologie de pointe. Chaque chemin de table est ensuite confectionn\u00e9 \u00e0 la main par nos couturi\u00e8res qualifi\u00e9es, dans nos locaux, pour une qualit\u00e9 exceptionnelle.  La quantit\u00e9 minimum de commande est de 10 articles. Si vous \u00eates int\u00e9ress\u00e9 par nos services de confection, veuillez fournir toutes les informations n\u00e9cessaires dans le formulaire de demande de prix ci-dessous. Des questions ? Utilisez la chatbox ou envoyez-nous un e-mail \u00e0 l&#039;adresse printcubator@mitwill.com \u2014 nous serons heureux de vous aider !\" \/>\n<meta property=\"og:url\" content=\"https:\/\/printcubator.net\/fr\/produit\/spica-chemin-de-table\/\" \/>\n<meta property=\"og:site_name\" content=\"Printcubator\" \/>\n<meta property=\"article:modified_time\" content=\"2025-05-16T08:56:56+00:00\" \/>\n<meta property=\"og:image\" content=\"https:\/\/printcubator.net\/wp-content\/uploads\/2025\/04\/Untitled-design-3.png\" \/>\n\t<meta property=\"og:image:width\" content=\"1134\" \/>\n\t<meta property=\"og:image:height\" content=\"1134\" \/>\n\t<meta property=\"og:image:type\" content=\"image\/png\" \/>\n<meta name=\"twitter:card\" content=\"summary_large_image\" \/>\n<script type=\"application\/ld+json\" class=\"yoast-schema-graph\">{\"@context\":\"https:\/\/schema.org\",\"@graph\":[{\"@type\":\"WebPage\",\"@id\":\"https:\/\/printcubator.net\/fr\/produit\/spica-chemin-de-table\/\",\"url\":\"https:\/\/printcubator.net\/fr\/produit\/spica-chemin-de-table\/\",\"name\":\"Chemin de table Spica - Printcubator\",\"isPartOf\":{\"@id\":\"https:\/\/printcubator.net\/fr\/#website\"},\"primaryImageOfPage\":{\"@id\":\"https:\/\/printcubator.net\/fr\/produit\/spica-chemin-de-table\/#primaryimage\"},\"image\":{\"@id\":\"https:\/\/printcubator.net\/fr\/produit\/spica-chemin-de-table\/#primaryimage\"},\"thumbnailUrl\":\"https:\/\/printcubator.net\/wp-content\/uploads\/2025\/04\/Untitled-design-3.png\",\"datePublished\":\"2025-04-16T09:26:14+00:00\",\"dateModified\":\"2025-05-16T08:56:56+00:00\",\"breadcrumb\":{\"@id\":\"https:\/\/printcubator.net\/fr\/produit\/spica-chemin-de-table\/#breadcrumb\"},\"inLanguage\":\"fr-FR\",\"potentialAction\":[{\"@type\":\"ReadAction\",\"target\":[\"https:\/\/printcubator.net\/fr\/produit\/spica-chemin-de-table\/\"]}]},{\"@type\":\"ImageObject\",\"inLanguage\":\"fr-FR\",\"@id\":\"https:\/\/printcubator.net\/fr\/produit\/spica-chemin-de-table\/#primaryimage\",\"url\":\"https:\/\/printcubator.net\/wp-content\/uploads\/2025\/04\/Untitled-design-3.png\",\"contentUrl\":\"https:\/\/printcubator.net\/wp-content\/uploads\/2025\/04\/Untitled-design-3.png\",\"width\":1134,\"height\":1134},{\"@type\":\"BreadcrumbList\",\"@id\":\"https:\/\/printcubator.net\/fr\/produit\/spica-chemin-de-table\/#breadcrumb\",\"itemListElement\":[{\"@type\":\"ListItem\",\"position\":1,\"name\":\"Home\",\"item\":\"https:\/\/printcubator.net\/fr\/\"},{\"@type\":\"ListItem\",\"position\":2,\"name\":\"Shop\",\"item\":\"https:\/\/printcubator.net\/fr\/boutique\/\"},{\"@type\":\"ListItem\",\"position\":3,\"name\":\"Chemin de table Spica\"}]},{\"@type\":\"WebSite\",\"@id\":\"https:\/\/printcubator.net\/fr\/#website\",\"url\":\"https:\/\/printcubator.net\/fr\/\",\"name\":\"Printcubator\",\"description\":\"\",\"publisher\":{\"@id\":\"https:\/\/printcubator.net\/fr\/#organization\"},\"potentialAction\":[{\"@type\":\"SearchAction\",\"target\":{\"@type\":\"EntryPoint\",\"urlTemplate\":\"https:\/\/printcubator.net\/fr\/?s={search_term_string}\"},\"query-input\":{\"@type\":\"PropertyValueSpecification\",\"valueRequired\":true,\"valueName\":\"search_term_string\"}}],\"inLanguage\":\"fr-FR\"},{\"@type\":\"Organization\",\"@id\":\"https:\/\/printcubator.net\/fr\/#organization\",\"name\":\"Printcubator\",\"url\":\"https:\/\/printcubator.net\/fr\/\",\"logo\":{\"@type\":\"ImageObject\",\"inLanguage\":\"fr-FR\",\"@id\":\"https:\/\/printcubator.net\/fr\/#\/schema\/logo\/image\/\",\"url\":\"https:\/\/printcubator.net\/wp-content\/uploads\/2024\/07\/logo.png\",\"contentUrl\":\"https:\/\/printcubator.net\/wp-content\/uploads\/2024\/07\/logo.png\",\"width\":345,\"height\":304,\"caption\":\"Printcubator\"},\"image\":{\"@id\":\"https:\/\/printcubator.net\/fr\/#\/schema\/logo\/image\/\"}}]}<\/script>\n<!-- \/ Yoast SEO plugin. -->","yoast_head_json":{"title":"Chemin de table Spica - Printcubator","robots":{"index":"index","follow":"follow","max-snippet":"max-snippet:-1","max-image-preview":"max-image-preview:large","max-video-preview":"max-video-preview:-1"},"canonical":"https:\/\/printcubator.net\/fr\/produit\/spica-chemin-de-table\/","og_locale":"fr_FR","og_type":"article","og_title":"Chemin de table Spica - Printcubator","og_description":"Personnalisez votre table avec vos propres motifs pour une touche vraiment unique. Fabriqu\u00e9 \u00e0 partir de tissus haut de gamme, le chemin de table Spica allie harmonieusement praticit\u00e9 et \u00e9l\u00e9gance.  Nos imprim\u00e9s \u00e9clatants et durables sont fabriqu\u00e9s dans notre microfactory fran\u00e7aise gr\u00e2ce \u00e0 une technologie de pointe. Chaque chemin de table est ensuite confectionn\u00e9 \u00e0 la main par nos couturi\u00e8res qualifi\u00e9es, dans nos locaux, pour une qualit\u00e9 exceptionnelle.  La quantit\u00e9 minimum de commande est de 10 articles. Si vous \u00eates int\u00e9ress\u00e9 par nos services de confection, veuillez fournir toutes les informations n\u00e9cessaires dans le formulaire de demande de prix ci-dessous. Des questions ? Utilisez la chatbox ou envoyez-nous un e-mail \u00e0 l'adresse printcubator@mitwill.com \u2014 nous serons heureux de vous aider !","og_url":"https:\/\/printcubator.net\/fr\/produit\/spica-chemin-de-table\/","og_site_name":"Printcubator","article_modified_time":"2025-05-16T08:56:56+00:00","og_image":[{"width":1134,"height":1134,"url":"https:\/\/printcubator.net\/wp-content\/uploads\/2025\/04\/Untitled-design-3.png","type":"image\/png"}],"twitter_card":"summary_large_image","schema":{"@context":"https:\/\/schema.org","@graph":[{"@type":"WebPage","@id":"https:\/\/printcubator.net\/fr\/produit\/spica-chemin-de-table\/","url":"https:\/\/printcubator.net\/fr\/produit\/spica-chemin-de-table\/","name":"Chemin de table Spica - Printcubator","isPartOf":{"@id":"https:\/\/printcubator.net\/fr\/#website"},"primaryImageOfPage":{"@id":"https:\/\/printcubator.net\/fr\/produit\/spica-chemin-de-table\/#primaryimage"},"image":{"@id":"https:\/\/printcubator.net\/fr\/produit\/spica-chemin-de-table\/#primaryimage"},"thumbnailUrl":"https:\/\/printcubator.net\/wp-content\/uploads\/2025\/04\/Untitled-design-3.png","datePublished":"2025-04-16T09:26:14+00:00","dateModified":"2025-05-16T08:56:56+00:00","breadcrumb":{"@id":"https:\/\/printcubator.net\/fr\/produit\/spica-chemin-de-table\/#breadcrumb"},"inLanguage":"fr-FR","potentialAction":[{"@type":"ReadAction","target":["https:\/\/printcubator.net\/fr\/produit\/spica-chemin-de-table\/"]}]},{"@type":"ImageObject","inLanguage":"fr-FR","@id":"https:\/\/printcubator.net\/fr\/produit\/spica-chemin-de-table\/#primaryimage","url":"https:\/\/printcubator.net\/wp-content\/uploads\/2025\/04\/Untitled-design-3.png","contentUrl":"https:\/\/printcubator.net\/wp-content\/uploads\/2025\/04\/Untitled-design-3.png","width":1134,"height":1134},{"@type":"BreadcrumbList","@id":"https:\/\/printcubator.net\/fr\/produit\/spica-chemin-de-table\/#breadcrumb","itemListElement":[{"@type":"ListItem","position":1,"name":"Home","item":"https:\/\/printcubator.net\/fr\/"},{"@type":"ListItem","position":2,"name":"Shop","item":"https:\/\/printcubator.net\/fr\/boutique\/"},{"@type":"ListItem","position":3,"name":"Chemin de table Spica"}]},{"@type":"WebSite","@id":"https:\/\/printcubator.net\/fr\/#website","url":"https:\/\/printcubator.net\/fr\/","name":"Printcubator","description":"","publisher":{"@id":"https:\/\/printcubator.net\/fr\/#organization"},"potentialAction":[{"@type":"SearchAction","target":{"@type":"EntryPoint","urlTemplate":"https:\/\/printcubator.net\/fr\/?s={search_term_string}"},"query-input":{"@type":"PropertyValueSpecification","valueRequired":true,"valueName":"search_term_string"}}],"inLanguage":"fr-FR"},{"@type":"Organization","@id":"https:\/\/printcubator.net\/fr\/#organization","name":"Printcubator","url":"https:\/\/printcubator.net\/fr\/","logo":{"@type":"ImageObject","inLanguage":"fr-FR","@id":"https:\/\/printcubator.net\/fr\/#\/schema\/logo\/image\/","url":"https:\/\/printcubator.net\/wp-content\/uploads\/2024\/07\/logo.png","contentUrl":"https:\/\/printcubator.net\/wp-content\/uploads\/2024\/07\/logo.png","width":345,"height":304,"caption":"Printcubator"},"image":{"@id":"https:\/\/printcubator.net\/fr\/#\/schema\/logo\/image\/"}}]}},"wcpa_form_fields":{"wcpaData":{"product":{"product_price":11.32,"price_html":"<span class=\"woocommerce-Price-amount amount\" aria-hidden=\"true\"><bdi>11,32&nbsp;<span class=\"woocommerce-Price-currencySymbol\">&euro;<\/span><\/bdi><\/span> <span aria-hidden=\"true\">\u00a0\u2013\u00a0<\/span> <span class=\"woocommerce-Price-amount amount\" aria-hidden=\"true\"><bdi>30,20&nbsp;<span class=\"woocommerce-Price-currencySymbol\">&euro;<\/span><\/bdi><\/span><span class=\"screen-reader-text\">Plage de prix\u00a0: 11,32&nbsp;&euro; \u00e0 30,20&nbsp;&euro;<\/span>","original_product_price":11.32,"price_including_tax":13.58,"price_excluding_tax":11.32,"product_id":{"parent":3481,"variation":false},"is_variable":true,"stock_status":"instock","stock_quantity":25,"parent_sku":"","product_attributes":{"size":{"is_variation":true,"values":[]},"fabric-quality":{"is_variation":true,"values":[]}},"custom_fields":[],"is_taxable":true,"product_name":"Chemin de table Spica","hasImage":false},"fields":{"sec_766c5d6570291e":{"extra":{"key":"sec_766c5d6570291e","section_id":"sec_766c5d6570291e","name":"Default","status":1,"toggle":true,"enableCl":false,"relations":[{"operator":false,"rules":[{"operator":"AND","rules":{"cl_field":"","cl_relation":"","cl_val":""}}]}],"form_id":12519,"form_rules":{"exclude_from_discount":false,"fee_label":"Fee","disp_hide_options_price":false,"disp_show_section_price":false,"disp_show_field_price":true,"layout_option":"standard","pric_use_as_fee":false,"process_fee_as":"woo_fee"},"layout_option":"standard"},"fields":[[{"active":true,"col":6,"relations":false,"cl_rule":"show","enableCl":false,"price":"","enablePrice":false,"className":"","label_position":"default","desc_position":"default","type":"content","required":false,"elementId":"content_6453089476","label":"PR\u00c9-REQUIS POUR LE T\u00c9L\u00c9CHARGEMENT DE VOS FICHIERS","name":"content_6453089476","contentType":"plain","value":"\u2726 R\u00e9solution : minimum 300 DPI\n\u2726 Taille du fichier : maximum 150 Mo\n\u2726 Profil colorim\u00e9trique : sRGB (IEC61966-2.1)\n\u2726 D\u00e9nomination du fichier : VotreNom-Quantit\u00e9-NomDuTissu (remplacez les champs)\n\u2726 Format du fichier : TIFF","error":false,"gt_translate_keys":["label","value"],"price_dependency":false,"cl_dependency":false}],[{"label":"Fichier","active":true,"required":true,"elementId":"file-5644350149","upload_type":"droppable","file_types":["design"],"description":"Format TIFF","name":"file-5644350149","label_position":"default","desc_position":"default","enablePrice":false,"className":"","enableCl":false,"relations":false,"uploadSize":"500","exts_supported":[".tiff"],"price":"","cl_rule":"show","col":6,"type":"file","error":false,"enable_quantity":false,"quantity_decimal":false,"quantity_step":"1","quantity_label":"Quantity","repeater":false,"repeater_field_label":"Fichier","repeater_bind":"","repeater_bind_field":"file-5644350149","repeater_max":"7","repeater_add_label":"Ajouter fichier","repeater_remove_label":"Retirer fichier","min_quantity":"1","minUploadSize":"12","max_quantity":"48","hideFieldIn_cart":false,"multiple_upload":false,"allowedFileTypes":".tiff,image\/*,.psd,.pdf,.eps,.ai,.indd,.raw","gt_translate_keys":["label","description","repeater_field_label","repeater_add_label","repeater_remove_label","quantity_label"],"price_dependency":false,"cl_dependency":false,"value":""}]]}},"config":{"price_override":"","enable_recaptcha":false,"bind_quantity":false,"quantity_bind_formula":false,"disp_summ_show_option_price":true,"disp_summ_show_product_price":true,"disp_summ_show_total_price":true,"disp_summ_show_fee":false,"disp_summ_show_discount":false,"summary_title":"","options_total_label":"Options Price","total_label":"Total","options_product_label":"Product Price","fee_label":"Fee","discount_label":"Discount","has_price":true,"has_quantity_formula":false},"mc_unit":1,"tax_rate":1,"tax_rate_real":0.2,"discount":{"percentage":0,"fixed":0},"design":{"conf":{"LabelPosition":"above","DescPosition":"above","UploadField":"custom_1","QuantityFieldStyle":"default"},"css":{"LeftLabelWidth":"120px"}},"formulas":[],"clones":false,"cartKey":false}},"_links":{"self":[{"href":"https:\/\/printcubator.net\/fr\/wp-json\/wp\/v2\/product\/3481","targetHints":{"allow":["GET"]}}],"collection":[{"href":"https:\/\/printcubator.net\/fr\/wp-json\/wp\/v2\/product"}],"about":[{"href":"https:\/\/printcubator.net\/fr\/wp-json\/wp\/v2\/types\/product"}],"replies":[{"embeddable":true,"href":"https:\/\/printcubator.net\/fr\/wp-json\/wp\/v2\/comments?post=3481"}],"wp:featuredmedia":[{"embeddable":true,"href":"https:\/\/printcubator.net\/fr\/wp-json\/wp\/v2\/media\/9740"}],"wp:attachment":[{"href":"https:\/\/printcubator.net\/fr\/wp-json\/wp\/v2\/media?parent=3481"}],"wp:term":[{"taxonomy":"product_brand","embeddable":true,"href":"https:\/\/printcubator.net\/fr\/wp-json\/wp\/v2\/product_brand?post=3481"},{"taxonomy":"product_cat","embeddable":true,"href":"https:\/\/printcubator.net\/fr\/wp-json\/wp\/v2\/product_cat?post=3481"},{"taxonomy":"product_tag","embeddable":true,"href":"https:\/\/printcubator.net\/fr\/wp-json\/wp\/v2\/product_tag?post=3481"}],"curies":[{"name":"wp","href":"https:\/\/api.w.org\/{rel}","templated":true}]}}