{"id":3509,"date":"2025-04-17T08:23:02","date_gmt":"2025-04-17T08:23:02","guid":{"rendered":"https:\/\/printcubator.net\/?post_type=product&#038;p=3509"},"modified":"2025-07-07T12:21:05","modified_gmt":"2025-07-07T12:21:05","slug":"naos-torchon-de-cuisine","status":"publish","type":"product","link":"https:\/\/printcubator.net\/fr\/produit\/naos-torchon-de-cuisine\/","title":{"rendered":"Torchon de cuisine Naos"},"content":{"rendered":"<p>Nos imprim\u00e9s \u00e9clatants et durables sont r\u00e9alis\u00e9s dans notre microfactory fran\u00e7aise gr\u00e2ce \u00e0 une technologie de pointe. Chaque torchon est confectionn\u00e9 par notre couturi\u00e8re chevronn\u00e9e, directement dans nos locaux. <\/p>\n<p>Tissus disponibles :<\/p>\n<ul>\n<li><a href=\"https:\/\/printcubator.net\/fr\/produit\/cobourg\/\"><strong>Coburg 150 Bio<\/strong><\/a>: Une cretonne de coton biologique qui met en valeur les imprim\u00e9s, id\u00e9ale pour le linge de lit et la d\u00e9coration d&#8217;int\u00e9rieur.<\/li>\n<li><a href=\"https:\/\/printcubator.net\/fr\/produit\/castell\/\"><strong>Castell<\/strong><\/a>: Une cretonne \u00e0 armure toile mi-lourde.<\/li>\n<li><a href=\"https:\/\/printcubator.net\/fr\/produit\/husum-bio\/\"><strong>Husum Bio<\/strong><\/a>: Un coton bio mi-Panama id\u00e9al pour les projets de d\u00e9coration int\u00e9rieure. La cha\u00eene de valeur est 100% fran\u00e7aise, le tissage, la pr\u00e9paration et l&#8217;impression \u00e9tant r\u00e9alis\u00e9s dans un rayon de 100 km. <\/li>\n<li><a href=\"https:\/\/printcubator.net\/fr\/produit\/dortmund\/\"><strong>Dortmund<\/strong><\/a>: Un tissu de drill en coton, parfait pour les projets de d\u00e9coration int\u00e9rieure. La cha\u00eene de valeur est 100 % fran\u00e7aise, le tissage, la pr\u00e9paration et l&#8217;impression \u00e9tant r\u00e9alis\u00e9s dans un rayon de 100 km. <\/li>\n<\/ul>\n<p>&nbsp;<\/p>\n<p>Position de la boucle de suspension :<\/p>\n<ul>\n<li>Dans le coin<\/li>\n<li>Au milieu<\/li>\n<\/ul>\n<p>&nbsp;<\/p>\n<p><strong>Si vous \u00eates int\u00e9ress\u00e9 par nos services de confection, veuillez fournir toutes les informations n\u00e9cessaires dans le formulaire de demande de prix ci-dessous.<\/strong><\/p>\n<p>Veuillez noter que les commandes sont exp\u00e9di\u00e9es dans un d\u00e9lai de 7 \u00e0 10 jours.<\/p>\n<hr>\n\n","protected":false},"excerpt":{"rendered":"<p>Personnalisez votre torchon de cuisine avec vos propres motifs pour un rendu vraiment unique. Confectionn\u00e9 en coton premium, le torchon de cuisine Naos allie \u00e0 la perfection praticit\u00e9 et cr\u00e9ativit\u00e9. <\/p>\n<p>La quantit\u00e9 minimum de commande est de 10 articles.<\/p>\n<p><em>Des questions ? Utilisez la chatbox ou envoyez-nous un e-mail \u00e0 l&#8217;adresse  <\/em><a href=\"mailto:printcubator@mitwill.com\"><span class=\"elementor-icon-list-text\">printcubator@mitwill.com<\/span><\/a> <em>\u2014 nous serons heureux de vous aider !<\/em><\/p>\n","protected":false},"featured_media":12044,"comment_status":"open","ping_status":"closed","template":"","meta":{"_acf_changed":false,"_monsterinsights_skip_tracking":false,"_monsterinsights_sitenote_active":false,"_monsterinsights_sitenote_note":"","_monsterinsights_sitenote_category":0},"product_brand":[],"product_cat":[559,496],"product_tag":[],"class_list":{"0":"post-3509","1":"product","2":"type-product","3":"status-publish","4":"has-post-thumbnail","6":"product_cat-art-de-la-table-fr","7":"product_cat-produits","8":"wcpa_has_options","10":"first","11":"instock","12":"taxable","13":"shipping-taxable","14":"purchasable","15":"product-type-variable"},"acf":[],"yoast_head":"<!-- This site is optimized with the Yoast SEO plugin v27.4 - https:\/\/yoast.com\/product\/yoast-seo-wordpress\/ -->\n<title>Torchon de cuisine Naos - Printcubator<\/title>\n<meta name=\"robots\" content=\"index, follow, max-snippet:-1, max-image-preview:large, max-video-preview:-1\" \/>\n<link rel=\"canonical\" href=\"https:\/\/printcubator.net\/fr\/produit\/naos-torchon-de-cuisine\/\" \/>\n<meta property=\"og:locale\" content=\"fr_FR\" \/>\n<meta property=\"og:type\" content=\"article\" \/>\n<meta property=\"og:title\" content=\"Torchon de cuisine Naos - Printcubator\" \/>\n<meta property=\"og:description\" content=\"Personnalisez votre torchon de cuisine avec vos propres motifs pour un rendu vraiment unique. Confectionn\u00e9 en coton premium, le torchon de cuisine Naos allie \u00e0 la perfection praticit\u00e9 et cr\u00e9ativit\u00e9.  La quantit\u00e9 minimum de commande est de 10 articles. Des questions ? Utilisez la chatbox ou envoyez-nous un e-mail \u00e0 l&#039;adresse printcubator@mitwill.com \u2014 nous serons heureux de vous aider !\" \/>\n<meta property=\"og:url\" content=\"https:\/\/printcubator.net\/fr\/produit\/naos-torchon-de-cuisine\/\" \/>\n<meta property=\"og:site_name\" content=\"Printcubator\" \/>\n<meta property=\"article:modified_time\" content=\"2025-07-07T12:21:05+00:00\" \/>\n<meta property=\"og:image\" content=\"https:\/\/printcubator.net\/wp-content\/uploads\/2025\/04\/one-grey-plaid-napkin-isolated-white-scaled.jpg\" \/>\n\t<meta property=\"og:image:width\" content=\"2560\" \/>\n\t<meta property=\"og:image:height\" content=\"2257\" \/>\n\t<meta property=\"og:image:type\" content=\"image\/jpeg\" \/>\n<meta name=\"twitter:card\" content=\"summary_large_image\" \/>\n<meta name=\"twitter:label1\" content=\"Dur\u00e9e de lecture estim\u00e9e\" \/>\n\t<meta name=\"twitter:data1\" content=\"1 minute\" \/>\n<script type=\"application\/ld+json\" class=\"yoast-schema-graph\">{\"@context\":\"https:\\\/\\\/schema.org\",\"@graph\":[{\"@type\":\"WebPage\",\"@id\":\"https:\\\/\\\/printcubator.net\\\/fr\\\/produit\\\/naos-torchon-de-cuisine\\\/\",\"url\":\"https:\\\/\\\/printcubator.net\\\/fr\\\/produit\\\/naos-torchon-de-cuisine\\\/\",\"name\":\"Torchon de cuisine Naos - Printcubator\",\"isPartOf\":{\"@id\":\"https:\\\/\\\/printcubator.net\\\/fr\\\/#website\"},\"primaryImageOfPage\":{\"@id\":\"https:\\\/\\\/printcubator.net\\\/fr\\\/produit\\\/naos-torchon-de-cuisine\\\/#primaryimage\"},\"image\":{\"@id\":\"https:\\\/\\\/printcubator.net\\\/fr\\\/produit\\\/naos-torchon-de-cuisine\\\/#primaryimage\"},\"thumbnailUrl\":\"https:\\\/\\\/printcubator.net\\\/wp-content\\\/uploads\\\/2025\\\/04\\\/one-grey-plaid-napkin-isolated-white-scaled.jpg\",\"datePublished\":\"2025-04-17T08:23:02+00:00\",\"dateModified\":\"2025-07-07T12:21:05+00:00\",\"breadcrumb\":{\"@id\":\"https:\\\/\\\/printcubator.net\\\/fr\\\/produit\\\/naos-torchon-de-cuisine\\\/#breadcrumb\"},\"inLanguage\":\"fr-FR\",\"potentialAction\":[{\"@type\":\"ReadAction\",\"target\":[\"https:\\\/\\\/printcubator.net\\\/fr\\\/produit\\\/naos-torchon-de-cuisine\\\/\"]}]},{\"@type\":\"ImageObject\",\"inLanguage\":\"fr-FR\",\"@id\":\"https:\\\/\\\/printcubator.net\\\/fr\\\/produit\\\/naos-torchon-de-cuisine\\\/#primaryimage\",\"url\":\"https:\\\/\\\/printcubator.net\\\/wp-content\\\/uploads\\\/2025\\\/04\\\/one-grey-plaid-napkin-isolated-white-scaled.jpg\",\"contentUrl\":\"https:\\\/\\\/printcubator.net\\\/wp-content\\\/uploads\\\/2025\\\/04\\\/one-grey-plaid-napkin-isolated-white-scaled.jpg\",\"width\":2560,\"height\":2257,\"caption\":\"Une serviette \u00e0 carreaux grise isol\u00e9e sur blanc\"},{\"@type\":\"BreadcrumbList\",\"@id\":\"https:\\\/\\\/printcubator.net\\\/fr\\\/produit\\\/naos-torchon-de-cuisine\\\/#breadcrumb\",\"itemListElement\":[{\"@type\":\"ListItem\",\"position\":1,\"name\":\"Home\",\"item\":\"https:\\\/\\\/printcubator.net\\\/fr\\\/\"},{\"@type\":\"ListItem\",\"position\":2,\"name\":\"Shop\",\"item\":\"https:\\\/\\\/printcubator.net\\\/fr\\\/boutique\\\/\"},{\"@type\":\"ListItem\",\"position\":3,\"name\":\"Torchon de cuisine Naos\"}]},{\"@type\":\"WebSite\",\"@id\":\"https:\\\/\\\/printcubator.net\\\/fr\\\/#website\",\"url\":\"https:\\\/\\\/printcubator.net\\\/fr\\\/\",\"name\":\"Printcubator\",\"description\":\"\",\"publisher\":{\"@id\":\"https:\\\/\\\/printcubator.net\\\/fr\\\/#organization\"},\"potentialAction\":[{\"@type\":\"SearchAction\",\"target\":{\"@type\":\"EntryPoint\",\"urlTemplate\":\"https:\\\/\\\/printcubator.net\\\/fr\\\/?s={search_term_string}\"},\"query-input\":{\"@type\":\"PropertyValueSpecification\",\"valueRequired\":true,\"valueName\":\"search_term_string\"}}],\"inLanguage\":\"fr-FR\"},{\"@type\":\"Organization\",\"@id\":\"https:\\\/\\\/printcubator.net\\\/fr\\\/#organization\",\"name\":\"Printcubator\",\"url\":\"https:\\\/\\\/printcubator.net\\\/fr\\\/\",\"logo\":{\"@type\":\"ImageObject\",\"inLanguage\":\"fr-FR\",\"@id\":\"https:\\\/\\\/printcubator.net\\\/fr\\\/#\\\/schema\\\/logo\\\/image\\\/\",\"url\":\"https:\\\/\\\/printcubator.net\\\/wp-content\\\/uploads\\\/2024\\\/07\\\/logo.png\",\"contentUrl\":\"https:\\\/\\\/printcubator.net\\\/wp-content\\\/uploads\\\/2024\\\/07\\\/logo.png\",\"width\":345,\"height\":304,\"caption\":\"Printcubator\"},\"image\":{\"@id\":\"https:\\\/\\\/printcubator.net\\\/fr\\\/#\\\/schema\\\/logo\\\/image\\\/\"}}]}<\/script>\n<!-- \/ Yoast SEO plugin. -->","yoast_head_json":{"title":"Torchon de cuisine Naos - Printcubator","robots":{"index":"index","follow":"follow","max-snippet":"max-snippet:-1","max-image-preview":"max-image-preview:large","max-video-preview":"max-video-preview:-1"},"canonical":"https:\/\/printcubator.net\/fr\/produit\/naos-torchon-de-cuisine\/","og_locale":"fr_FR","og_type":"article","og_title":"Torchon de cuisine Naos - Printcubator","og_description":"Personnalisez votre torchon de cuisine avec vos propres motifs pour un rendu vraiment unique. Confectionn\u00e9 en coton premium, le torchon de cuisine Naos allie \u00e0 la perfection praticit\u00e9 et cr\u00e9ativit\u00e9.  La quantit\u00e9 minimum de commande est de 10 articles. Des questions ? Utilisez la chatbox ou envoyez-nous un e-mail \u00e0 l'adresse printcubator@mitwill.com \u2014 nous serons heureux de vous aider !","og_url":"https:\/\/printcubator.net\/fr\/produit\/naos-torchon-de-cuisine\/","og_site_name":"Printcubator","article_modified_time":"2025-07-07T12:21:05+00:00","og_image":[{"width":2560,"height":2257,"url":"https:\/\/printcubator.net\/wp-content\/uploads\/2025\/04\/one-grey-plaid-napkin-isolated-white-scaled.jpg","type":"image\/jpeg"}],"twitter_card":"summary_large_image","twitter_misc":{"Dur\u00e9e de lecture estim\u00e9e":"1 minute"},"schema":{"@context":"https:\/\/schema.org","@graph":[{"@type":"WebPage","@id":"https:\/\/printcubator.net\/fr\/produit\/naos-torchon-de-cuisine\/","url":"https:\/\/printcubator.net\/fr\/produit\/naos-torchon-de-cuisine\/","name":"Torchon de cuisine Naos - Printcubator","isPartOf":{"@id":"https:\/\/printcubator.net\/fr\/#website"},"primaryImageOfPage":{"@id":"https:\/\/printcubator.net\/fr\/produit\/naos-torchon-de-cuisine\/#primaryimage"},"image":{"@id":"https:\/\/printcubator.net\/fr\/produit\/naos-torchon-de-cuisine\/#primaryimage"},"thumbnailUrl":"https:\/\/printcubator.net\/wp-content\/uploads\/2025\/04\/one-grey-plaid-napkin-isolated-white-scaled.jpg","datePublished":"2025-04-17T08:23:02+00:00","dateModified":"2025-07-07T12:21:05+00:00","breadcrumb":{"@id":"https:\/\/printcubator.net\/fr\/produit\/naos-torchon-de-cuisine\/#breadcrumb"},"inLanguage":"fr-FR","potentialAction":[{"@type":"ReadAction","target":["https:\/\/printcubator.net\/fr\/produit\/naos-torchon-de-cuisine\/"]}]},{"@type":"ImageObject","inLanguage":"fr-FR","@id":"https:\/\/printcubator.net\/fr\/produit\/naos-torchon-de-cuisine\/#primaryimage","url":"https:\/\/printcubator.net\/wp-content\/uploads\/2025\/04\/one-grey-plaid-napkin-isolated-white-scaled.jpg","contentUrl":"https:\/\/printcubator.net\/wp-content\/uploads\/2025\/04\/one-grey-plaid-napkin-isolated-white-scaled.jpg","width":2560,"height":2257,"caption":"Une serviette \u00e0 carreaux grise isol\u00e9e sur blanc"},{"@type":"BreadcrumbList","@id":"https:\/\/printcubator.net\/fr\/produit\/naos-torchon-de-cuisine\/#breadcrumb","itemListElement":[{"@type":"ListItem","position":1,"name":"Home","item":"https:\/\/printcubator.net\/fr\/"},{"@type":"ListItem","position":2,"name":"Shop","item":"https:\/\/printcubator.net\/fr\/boutique\/"},{"@type":"ListItem","position":3,"name":"Torchon de cuisine Naos"}]},{"@type":"WebSite","@id":"https:\/\/printcubator.net\/fr\/#website","url":"https:\/\/printcubator.net\/fr\/","name":"Printcubator","description":"","publisher":{"@id":"https:\/\/printcubator.net\/fr\/#organization"},"potentialAction":[{"@type":"SearchAction","target":{"@type":"EntryPoint","urlTemplate":"https:\/\/printcubator.net\/fr\/?s={search_term_string}"},"query-input":{"@type":"PropertyValueSpecification","valueRequired":true,"valueName":"search_term_string"}}],"inLanguage":"fr-FR"},{"@type":"Organization","@id":"https:\/\/printcubator.net\/fr\/#organization","name":"Printcubator","url":"https:\/\/printcubator.net\/fr\/","logo":{"@type":"ImageObject","inLanguage":"fr-FR","@id":"https:\/\/printcubator.net\/fr\/#\/schema\/logo\/image\/","url":"https:\/\/printcubator.net\/wp-content\/uploads\/2024\/07\/logo.png","contentUrl":"https:\/\/printcubator.net\/wp-content\/uploads\/2024\/07\/logo.png","width":345,"height":304,"caption":"Printcubator"},"image":{"@id":"https:\/\/printcubator.net\/fr\/#\/schema\/logo\/image\/"}}]}},"wcpa_form_fields":{"wcpaData":{"product":{"product_price":9.27,"price_html":"<span class=\"price\"><strong>\u00c0 partir de<\/strong> <span class=\"woocommerce-Price-amount amount\"><bdi>9,27&nbsp;<span class=\"woocommerce-Price-currencySymbol\">&euro;<\/span><\/bdi><\/span><\/span>","original_product_price":9.27,"price_including_tax":12.97,"price_excluding_tax":10.81,"product_id":{"parent":3509,"variation":false},"is_variable":true,"stock_status":"instock","stock_quantity":6,"parent_sku":"","product_attributes":{"size":{"is_variation":true,"values":[]},"fabric-quality":{"is_variation":true,"values":[]},"hanging-loop-position":{"is_variation":true,"values":[]}},"custom_fields":[],"is_taxable":true,"product_name":"Torchon de cuisine Naos","hasImage":false},"fields":{"sec_766c5d6570291e":{"extra":{"key":"sec_766c5d6570291e","section_id":"sec_766c5d6570291e","name":"Default","status":1,"toggle":true,"enableCl":false,"relations":[{"operator":false,"rules":[{"operator":"AND","rules":{"cl_field":"","cl_relation":"","cl_val":""}}]}],"form_id":12519,"form_rules":{"exclude_from_discount":false,"fee_label":"Fee","disp_hide_options_price":false,"disp_show_section_price":false,"disp_show_field_price":true,"layout_option":"standard","pric_use_as_fee":false,"process_fee_as":"woo_fee"},"layout_option":"standard"},"fields":[[{"active":true,"col":6,"relations":false,"cl_rule":"show","enableCl":false,"price":"","enablePrice":false,"className":"","label_position":"default","desc_position":"default","type":"content","required":false,"elementId":"content_6453089476","label":"PR\u00c9-REQUIS POUR LE T\u00c9L\u00c9CHARGEMENT DE VOS FICHIERS","name":"content_6453089476","contentType":"plain","value":"\u2726 R\u00e9solution : minimum 300 DPI\n\u2726 Taille du fichier : maximum 1512 Mo\n\u2726 Profil colorim\u00e9trique : sRGB (IEC61966-2.1)\n\u2726 D\u00e9nomination du fichier : VotreNom-Quantit\u00e9-NomDuTissu (remplacez les champs)\n\u2726 Format du fichier : TIFF","error":false,"gt_translate_keys":["label","value"],"price_dependency":false,"cl_dependency":false}],[{"label":"Fichier","active":true,"required":true,"elementId":"file-5644350149","upload_type":"droppable","file_types":["design"],"description":"Format TIFF","name":"file-5644350149","label_position":"default","desc_position":"default","enablePrice":false,"className":"","enableCl":false,"relations":false,"uploadSize":"1512","exts_supported":[".tiff"],"price":"","cl_rule":"show","col":6,"type":"file","error":false,"enable_quantity":false,"quantity_decimal":false,"quantity_step":"1","quantity_label":"Quantity","repeater":false,"repeater_field_label":"Fichier","repeater_bind":"","repeater_bind_field":"file-5644350149","repeater_max":"7","repeater_add_label":"Ajouter fichier","repeater_remove_label":"Retirer fichier","min_quantity":"1","minUploadSize":"0","max_quantity":"48","hideFieldIn_cart":false,"multiple_upload":false,"allowedFileTypes":".tiff,image\/*,.psd,.pdf,.eps,.ai,.indd,.raw","gt_translate_keys":["label","description","repeater_field_label","repeater_add_label","repeater_remove_label","quantity_label"],"price_dependency":false,"cl_dependency":false,"value":""}]]}},"config":{"price_override":"","enable_recaptcha":false,"bind_quantity":false,"quantity_bind_formula":false,"disp_summ_show_option_price":true,"disp_summ_show_product_price":true,"disp_summ_show_total_price":true,"disp_summ_show_fee":false,"disp_summ_show_discount":false,"summary_title":"","options_total_label":"Options Price","total_label":"Total","options_product_label":"Product Price","fee_label":"Fee","discount_label":"Discount","has_price":true,"has_quantity_formula":false},"mc_unit":1,"tax_rate":1,"tax_rate_real":0.2,"discount":{"percentage":0,"fixed":0},"design":{"conf":{"LabelPosition":"above","DescPosition":"above","UploadField":"custom_1","QuantityFieldStyle":"default"},"css":{"LeftLabelWidth":"120px"}},"formulas":[],"clones":false,"cartKey":false}},"_links":{"self":[{"href":"https:\/\/printcubator.net\/fr\/wp-json\/wp\/v2\/product\/3509","targetHints":{"allow":["GET"]}}],"collection":[{"href":"https:\/\/printcubator.net\/fr\/wp-json\/wp\/v2\/product"}],"about":[{"href":"https:\/\/printcubator.net\/fr\/wp-json\/wp\/v2\/types\/product"}],"replies":[{"embeddable":true,"href":"https:\/\/printcubator.net\/fr\/wp-json\/wp\/v2\/comments?post=3509"}],"wp:featuredmedia":[{"embeddable":true,"href":"https:\/\/printcubator.net\/fr\/wp-json\/wp\/v2\/media\/12044"}],"wp:attachment":[{"href":"https:\/\/printcubator.net\/fr\/wp-json\/wp\/v2\/media?parent=3509"}],"wp:term":[{"taxonomy":"product_brand","embeddable":true,"href":"https:\/\/printcubator.net\/fr\/wp-json\/wp\/v2\/product_brand?post=3509"},{"taxonomy":"product_cat","embeddable":true,"href":"https:\/\/printcubator.net\/fr\/wp-json\/wp\/v2\/product_cat?post=3509"},{"taxonomy":"product_tag","embeddable":true,"href":"https:\/\/printcubator.net\/fr\/wp-json\/wp\/v2\/product_tag?post=3509"}],"curies":[{"name":"wp","href":"https:\/\/api.w.org\/{rel}","templated":true}]}}