{"id":4295,"date":"2025-03-05T10:47:55","date_gmt":"2025-03-05T10:47:55","guid":{"rendered":"https:\/\/printcubator.net\/?post_type=product&#038;p=4295"},"modified":"2025-11-03T13:15:15","modified_gmt":"2025-11-03T13:15:15","slug":"torsac-serge-de-soie","status":"publish","type":"product","link":"https:\/\/printcubator.net\/fr\/produit\/torsac-serge-de-soie\/","title":{"rendered":"Twill Torsac"},"content":{"rendered":"<div class=\"flex max-w-full flex-col flex-grow\">\n<div class=\"min-h-8 text-message relative flex w-full flex-col items-end gap-2 whitespace-normal break-words text-start [.text-message+&amp;]:mt-5\" dir=\"auto\" data-message-author-role=\"assistant\" data-message-id=\"9e88646d-8851-45a0-b97c-01c96c575cce\" data-message-model-slug=\"gpt-4o\">\n<div class=\"flex w-full flex-col gap-1 empty:hidden first:pt-[3px]\">\n<div class=\"markdown prose w-full break-words dark:prose-invert dark\">\n<p>Torsac est un somptueux twill de soie qui sublime chaque imprim\u00e9 avec \u00e9clat. Alliant brillance et douceur, ce tissu d\u2019exception est parfait pour concevoir des v\u00eatements \u00e9l\u00e9gants et fluides, comme des robes et des chemisiers, ainsi que des \u00e9charpes et accessoires raffin\u00e9s. <\/p>\n<\/div>\n<\/div>\n<\/div>\n<\/div>\n<ul>\n<li>Type de tissage : twill<\/li>\n<li>Composition : 100 % soie<\/li>\n<li>Poids : 68,40 gr\/m2 +\/- 5.0 %<\/li>\n<li>Laize : 92,00 cm +\/- 2.0 %<\/li>\n<li>M\u00e9thode d&#8217;impression : encres r\u00e9actives<\/li>\n<\/ul>\n<p>&nbsp;<\/p>\n<p>Exp\u00e9dition :<\/p>\n<ul>\n<li>Commandes inf\u00e9rieures \u00e0 50 m : livraison dans un d\u00e9lai de 1 \u00e0 2 semaines.<\/li>\n<li>Commandes sup\u00e9rieures \u00e0 50 m : d\u00e9lai de livraison \u00e0 convenir au moment de la commande.<\/li>\n<\/ul>\n<p>&nbsp;<\/p>\n<p>Notre quantit\u00e9 minimale de commande est de 5 m\u00e8tres.<\/p>\n<p>Si vous souhaitez visualiser votre motif avant de passer commande, vous avez la possibilit\u00e9 de demander un test d&#8217;impression de 50 cm sur toute la largeur de la laize. Cela vous permettra de voir comment votre motif se pr\u00e9sente sur le tissu. <\/p>\n<p>=&gt; Contactez-nous si vous souhaitez acheter plus de 200 m\u00e8tres.<\/p>\n","protected":false},"excerpt":{"rendered":"<p>Torsac est un somptueux twill de soie qui sublime chaque imprim\u00e9 avec \u00e9clat. Alliant brillance et douceur, ce tissu d\u2019exception est parfait pour concevoir des v\u00eatements \u00e9l\u00e9gants et fluides, comme des robes et des chemisiers, ainsi que des \u00e9charpes et accessoires raffin\u00e9s. <\/p>\n<p>Notre quantit\u00e9 minimale de commande est de 5 m\u00e8tres.<\/p>\n<p>Si vous souhaitez visualiser votre motif avant de passer commande, vous avez la possibilit\u00e9 de demander un test d&#8217;impression de 50 cm sur toute la largeur de la laize. Cela vous permettra de voir comment votre motif se pr\u00e9sente sur le tissu. <\/p>\n","protected":false},"featured_media":4231,"comment_status":"open","ping_status":"closed","template":"","meta":{"_acf_changed":false,"_monsterinsights_skip_tracking":false,"_monsterinsights_sitenote_active":false,"_monsterinsights_sitenote_note":"","_monsterinsights_sitenote_category":0},"product_brand":[],"product_cat":[609,530,577,540,574,126,413,410,429,91],"product_tag":[],"class_list":{"0":"post-4295","1":"product","2":"type-product","3":"status-publish","4":"has-post-thumbnail","6":"product_cat-chemisiers","7":"product_cat-tous-les-types-de-tissus","8":"product_cat-foulards","9":"product_cat-furoshiki-fr","10":"product_cat-robes","11":"product_cat-soie","12":"product_cat-bio-naturel","13":"product_cat-naturel","14":"product_cat-twill-fr","15":"product_cat-nouveautes","16":"wcpa_has_options","18":"first","19":"instock","20":"taxable","21":"shipping-taxable","22":"purchasable","23":"product-type-variable"},"acf":[],"yoast_head":"<!-- This site is optimized with the Yoast SEO plugin v24.8.1 - https:\/\/yoast.com\/wordpress\/plugins\/seo\/ -->\n<title>Twill Torsac - Printcubator<\/title>\n<meta name=\"description\" content=\"Torsac est un somptueux twill de soie qui sublime chaque imprim\u00e9 avec \u00e9clat. Alliant brillance et douceur, ce tissu d\u2019exception est parfait pour concevoir des v\u00eatements \u00e9l\u00e9gants et fluides, comme des robes et des chemisiers, ainsi que des \u00e9charpes et accessoires raffin\u00e9s.\" \/>\n<meta name=\"robots\" content=\"index, follow, max-snippet:-1, max-image-preview:large, max-video-preview:-1\" \/>\n<link rel=\"canonical\" href=\"https:\/\/printcubator.net\/fr\/produit\/torsac-serge-de-soie\/\" \/>\n<meta property=\"og:locale\" content=\"fr_FR\" \/>\n<meta property=\"og:type\" content=\"article\" \/>\n<meta property=\"og:title\" content=\"Twill Torsac - Printcubator\" \/>\n<meta property=\"og:description\" content=\"Torsac est un somptueux twill de soie qui sublime chaque imprim\u00e9 avec \u00e9clat. Alliant brillance et douceur, ce tissu d\u2019exception est parfait pour concevoir des v\u00eatements \u00e9l\u00e9gants et fluides, comme des robes et des chemisiers, ainsi que des \u00e9charpes et accessoires raffin\u00e9s.\" \/>\n<meta property=\"og:url\" content=\"https:\/\/printcubator.net\/fr\/produit\/torsac-serge-de-soie\/\" \/>\n<meta property=\"og:site_name\" content=\"Printcubator\" \/>\n<meta property=\"article:modified_time\" content=\"2025-11-03T13:15:15+00:00\" \/>\n<meta property=\"og:image\" content=\"https:\/\/printcubator.net\/wp-content\/uploads\/2025\/02\/torsac_0002.jpg\" \/>\n\t<meta property=\"og:image:width\" content=\"1134\" \/>\n\t<meta property=\"og:image:height\" content=\"1134\" \/>\n\t<meta property=\"og:image:type\" content=\"image\/jpeg\" \/>\n<meta name=\"twitter:card\" content=\"summary_large_image\" \/>\n<meta name=\"twitter:label1\" content=\"Dur\u00e9e de lecture estim\u00e9e\" \/>\n\t<meta name=\"twitter:data1\" content=\"1 minute\" \/>\n<script type=\"application\/ld+json\" class=\"yoast-schema-graph\">{\"@context\":\"https:\/\/schema.org\",\"@graph\":[{\"@type\":\"WebPage\",\"@id\":\"https:\/\/printcubator.net\/fr\/produit\/torsac-serge-de-soie\/\",\"url\":\"https:\/\/printcubator.net\/fr\/produit\/torsac-serge-de-soie\/\",\"name\":\"Twill Torsac - Printcubator\",\"isPartOf\":{\"@id\":\"https:\/\/printcubator.net\/fr\/#website\"},\"primaryImageOfPage\":{\"@id\":\"https:\/\/printcubator.net\/fr\/produit\/torsac-serge-de-soie\/#primaryimage\"},\"image\":{\"@id\":\"https:\/\/printcubator.net\/fr\/produit\/torsac-serge-de-soie\/#primaryimage\"},\"thumbnailUrl\":\"https:\/\/printcubator.net\/wp-content\/uploads\/2025\/02\/torsac_0002.jpg\",\"datePublished\":\"2025-03-05T10:47:55+00:00\",\"dateModified\":\"2025-11-03T13:15:15+00:00\",\"description\":\"Torsac est un somptueux twill de soie qui sublime chaque imprim\u00e9 avec \u00e9clat. Alliant brillance et douceur, ce tissu d\u2019exception est parfait pour concevoir des v\u00eatements \u00e9l\u00e9gants et fluides, comme des robes et des chemisiers, ainsi que des \u00e9charpes et accessoires raffin\u00e9s.\",\"breadcrumb\":{\"@id\":\"https:\/\/printcubator.net\/fr\/produit\/torsac-serge-de-soie\/#breadcrumb\"},\"inLanguage\":\"fr-FR\",\"potentialAction\":[{\"@type\":\"ReadAction\",\"target\":[\"https:\/\/printcubator.net\/fr\/produit\/torsac-serge-de-soie\/\"]}]},{\"@type\":\"ImageObject\",\"inLanguage\":\"fr-FR\",\"@id\":\"https:\/\/printcubator.net\/fr\/produit\/torsac-serge-de-soie\/#primaryimage\",\"url\":\"https:\/\/printcubator.net\/wp-content\/uploads\/2025\/02\/torsac_0002.jpg\",\"contentUrl\":\"https:\/\/printcubator.net\/wp-content\/uploads\/2025\/02\/torsac_0002.jpg\",\"width\":1134,\"height\":1134},{\"@type\":\"BreadcrumbList\",\"@id\":\"https:\/\/printcubator.net\/fr\/produit\/torsac-serge-de-soie\/#breadcrumb\",\"itemListElement\":[{\"@type\":\"ListItem\",\"position\":1,\"name\":\"Home\",\"item\":\"https:\/\/printcubator.net\/fr\/\"},{\"@type\":\"ListItem\",\"position\":2,\"name\":\"Shop\",\"item\":\"https:\/\/printcubator.net\/fr\/boutique\/\"},{\"@type\":\"ListItem\",\"position\":3,\"name\":\"Twill Torsac\"}]},{\"@type\":\"WebSite\",\"@id\":\"https:\/\/printcubator.net\/fr\/#website\",\"url\":\"https:\/\/printcubator.net\/fr\/\",\"name\":\"Printcubator\",\"description\":\"\",\"publisher\":{\"@id\":\"https:\/\/printcubator.net\/fr\/#organization\"},\"potentialAction\":[{\"@type\":\"SearchAction\",\"target\":{\"@type\":\"EntryPoint\",\"urlTemplate\":\"https:\/\/printcubator.net\/fr\/?s={search_term_string}\"},\"query-input\":{\"@type\":\"PropertyValueSpecification\",\"valueRequired\":true,\"valueName\":\"search_term_string\"}}],\"inLanguage\":\"fr-FR\"},{\"@type\":\"Organization\",\"@id\":\"https:\/\/printcubator.net\/fr\/#organization\",\"name\":\"Printcubator\",\"url\":\"https:\/\/printcubator.net\/fr\/\",\"logo\":{\"@type\":\"ImageObject\",\"inLanguage\":\"fr-FR\",\"@id\":\"https:\/\/printcubator.net\/fr\/#\/schema\/logo\/image\/\",\"url\":\"https:\/\/printcubator.net\/wp-content\/uploads\/2024\/07\/logo.png\",\"contentUrl\":\"https:\/\/printcubator.net\/wp-content\/uploads\/2024\/07\/logo.png\",\"width\":345,\"height\":304,\"caption\":\"Printcubator\"},\"image\":{\"@id\":\"https:\/\/printcubator.net\/fr\/#\/schema\/logo\/image\/\"}}]}<\/script>\n<!-- \/ Yoast SEO plugin. -->","yoast_head_json":{"title":"Twill Torsac - Printcubator","description":"Torsac est un somptueux twill de soie qui sublime chaque imprim\u00e9 avec \u00e9clat. Alliant brillance et douceur, ce tissu d\u2019exception est parfait pour concevoir des v\u00eatements \u00e9l\u00e9gants et fluides, comme des robes et des chemisiers, ainsi que des \u00e9charpes et accessoires raffin\u00e9s.","robots":{"index":"index","follow":"follow","max-snippet":"max-snippet:-1","max-image-preview":"max-image-preview:large","max-video-preview":"max-video-preview:-1"},"canonical":"https:\/\/printcubator.net\/fr\/produit\/torsac-serge-de-soie\/","og_locale":"fr_FR","og_type":"article","og_title":"Twill Torsac - Printcubator","og_description":"Torsac est un somptueux twill de soie qui sublime chaque imprim\u00e9 avec \u00e9clat. Alliant brillance et douceur, ce tissu d\u2019exception est parfait pour concevoir des v\u00eatements \u00e9l\u00e9gants et fluides, comme des robes et des chemisiers, ainsi que des \u00e9charpes et accessoires raffin\u00e9s.","og_url":"https:\/\/printcubator.net\/fr\/produit\/torsac-serge-de-soie\/","og_site_name":"Printcubator","article_modified_time":"2025-11-03T13:15:15+00:00","og_image":[{"width":1134,"height":1134,"url":"https:\/\/printcubator.net\/wp-content\/uploads\/2025\/02\/torsac_0002.jpg","type":"image\/jpeg"}],"twitter_card":"summary_large_image","twitter_misc":{"Dur\u00e9e de lecture estim\u00e9e":"1 minute"},"schema":{"@context":"https:\/\/schema.org","@graph":[{"@type":"WebPage","@id":"https:\/\/printcubator.net\/fr\/produit\/torsac-serge-de-soie\/","url":"https:\/\/printcubator.net\/fr\/produit\/torsac-serge-de-soie\/","name":"Twill Torsac - Printcubator","isPartOf":{"@id":"https:\/\/printcubator.net\/fr\/#website"},"primaryImageOfPage":{"@id":"https:\/\/printcubator.net\/fr\/produit\/torsac-serge-de-soie\/#primaryimage"},"image":{"@id":"https:\/\/printcubator.net\/fr\/produit\/torsac-serge-de-soie\/#primaryimage"},"thumbnailUrl":"https:\/\/printcubator.net\/wp-content\/uploads\/2025\/02\/torsac_0002.jpg","datePublished":"2025-03-05T10:47:55+00:00","dateModified":"2025-11-03T13:15:15+00:00","description":"Torsac est un somptueux twill de soie qui sublime chaque imprim\u00e9 avec \u00e9clat. Alliant brillance et douceur, ce tissu d\u2019exception est parfait pour concevoir des v\u00eatements \u00e9l\u00e9gants et fluides, comme des robes et des chemisiers, ainsi que des \u00e9charpes et accessoires raffin\u00e9s.","breadcrumb":{"@id":"https:\/\/printcubator.net\/fr\/produit\/torsac-serge-de-soie\/#breadcrumb"},"inLanguage":"fr-FR","potentialAction":[{"@type":"ReadAction","target":["https:\/\/printcubator.net\/fr\/produit\/torsac-serge-de-soie\/"]}]},{"@type":"ImageObject","inLanguage":"fr-FR","@id":"https:\/\/printcubator.net\/fr\/produit\/torsac-serge-de-soie\/#primaryimage","url":"https:\/\/printcubator.net\/wp-content\/uploads\/2025\/02\/torsac_0002.jpg","contentUrl":"https:\/\/printcubator.net\/wp-content\/uploads\/2025\/02\/torsac_0002.jpg","width":1134,"height":1134},{"@type":"BreadcrumbList","@id":"https:\/\/printcubator.net\/fr\/produit\/torsac-serge-de-soie\/#breadcrumb","itemListElement":[{"@type":"ListItem","position":1,"name":"Home","item":"https:\/\/printcubator.net\/fr\/"},{"@type":"ListItem","position":2,"name":"Shop","item":"https:\/\/printcubator.net\/fr\/boutique\/"},{"@type":"ListItem","position":3,"name":"Twill Torsac"}]},{"@type":"WebSite","@id":"https:\/\/printcubator.net\/fr\/#website","url":"https:\/\/printcubator.net\/fr\/","name":"Printcubator","description":"","publisher":{"@id":"https:\/\/printcubator.net\/fr\/#organization"},"potentialAction":[{"@type":"SearchAction","target":{"@type":"EntryPoint","urlTemplate":"https:\/\/printcubator.net\/fr\/?s={search_term_string}"},"query-input":{"@type":"PropertyValueSpecification","valueRequired":true,"valueName":"search_term_string"}}],"inLanguage":"fr-FR"},{"@type":"Organization","@id":"https:\/\/printcubator.net\/fr\/#organization","name":"Printcubator","url":"https:\/\/printcubator.net\/fr\/","logo":{"@type":"ImageObject","inLanguage":"fr-FR","@id":"https:\/\/printcubator.net\/fr\/#\/schema\/logo\/image\/","url":"https:\/\/printcubator.net\/wp-content\/uploads\/2024\/07\/logo.png","contentUrl":"https:\/\/printcubator.net\/wp-content\/uploads\/2024\/07\/logo.png","width":345,"height":304,"caption":"Printcubator"},"image":{"@id":"https:\/\/printcubator.net\/fr\/#\/schema\/logo\/image\/"}}]}},"wcpa_form_fields":{"wcpaData":{"product":{"product_price":35.97,"price_html":"<span class=\"price\"><strong>\u00c0 partir de<\/strong> <span class=\"woocommerce-Price-amount amount\"><bdi>35,97&nbsp;<span class=\"woocommerce-Price-currencySymbol\">&euro;<\/span><\/bdi><\/span><\/span>","original_product_price":35.97,"price_including_tax":71.94,"price_excluding_tax":59.95,"product_id":{"parent":4295,"variation":false},"is_variable":true,"stock_status":"instock","stock_quantity":null,"parent_sku":"","product_attributes":{"type-of-order":{"is_variation":true,"values":[]}},"custom_fields":[],"is_taxable":true,"product_name":"Twill Torsac","hasImage":false},"fields":{"sec_766c5d6570291e":{"extra":{"key":"sec_766c5d6570291e","section_id":"sec_766c5d6570291e","name":"Default","status":1,"toggle":true,"enableCl":false,"relations":[{"operator":false,"rules":[{"operator":"AND","rules":{"cl_field":"","cl_relation":"","cl_val":""}}]}],"form_id":12519,"form_rules":{"exclude_from_discount":false,"fee_label":"Fee","disp_hide_options_price":false,"disp_show_section_price":false,"disp_show_field_price":true,"layout_option":"standard","pric_use_as_fee":false,"process_fee_as":"woo_fee"},"layout_option":"standard"},"fields":[[{"active":true,"col":6,"relations":false,"cl_rule":"show","enableCl":false,"price":"","enablePrice":false,"className":"","label_position":"default","desc_position":"default","type":"content","required":false,"elementId":"content_6453089476","label":"PR\u00c9-REQUIS POUR LE T\u00c9L\u00c9CHARGEMENT DE VOS FICHIERS","name":"content_6453089476","contentType":"plain","value":"\u2726 R\u00e9solution : minimum 300 DPI\n\u2726 Taille du fichier : maximum 150 Mo\n\u2726 Profil colorim\u00e9trique : sRGB (IEC61966-2.1)\n\u2726 D\u00e9nomination du fichier : VotreNom-Quantit\u00e9-NomDuTissu (remplacez les champs)\n\u2726 Format du fichier : TIFF","error":false,"gt_translate_keys":["label","value"],"price_dependency":false,"cl_dependency":false}],[{"label":"Fichier","active":true,"required":true,"elementId":"file-5644350149","upload_type":"droppable","file_types":["design"],"description":"Format TIFF","name":"file-5644350149","label_position":"default","desc_position":"default","enablePrice":false,"className":"","enableCl":false,"relations":false,"uploadSize":"500","exts_supported":[".tiff"],"price":"","cl_rule":"show","col":6,"type":"file","error":false,"enable_quantity":false,"quantity_decimal":false,"quantity_step":"1","quantity_label":"Quantity","repeater":false,"repeater_field_label":"Fichier","repeater_bind":"","repeater_bind_field":"file-5644350149","repeater_max":"7","repeater_add_label":"Ajouter fichier","repeater_remove_label":"Retirer fichier","min_quantity":"1","minUploadSize":"12","max_quantity":"48","hideFieldIn_cart":false,"multiple_upload":false,"allowedFileTypes":".tiff,image\/*,.psd,.pdf,.eps,.ai,.indd,.raw","gt_translate_keys":["label","description","repeater_field_label","repeater_add_label","repeater_remove_label","quantity_label"],"price_dependency":false,"cl_dependency":false,"value":""}]]}},"config":{"price_override":"","enable_recaptcha":false,"bind_quantity":false,"quantity_bind_formula":false,"disp_summ_show_option_price":true,"disp_summ_show_product_price":true,"disp_summ_show_total_price":true,"disp_summ_show_fee":false,"disp_summ_show_discount":false,"summary_title":"","options_total_label":"Options Price","total_label":"Total","options_product_label":"Product Price","fee_label":"Fee","discount_label":"Discount","has_price":true,"has_quantity_formula":false},"mc_unit":1,"tax_rate":1,"tax_rate_real":0.2,"discount":{"percentage":0,"fixed":0},"design":{"conf":{"LabelPosition":"above","DescPosition":"above","UploadField":"custom_1","QuantityFieldStyle":"default"},"css":{"LeftLabelWidth":"120px"}},"formulas":[],"clones":false,"cartKey":false}},"_links":{"self":[{"href":"https:\/\/printcubator.net\/fr\/wp-json\/wp\/v2\/product\/4295","targetHints":{"allow":["GET"]}}],"collection":[{"href":"https:\/\/printcubator.net\/fr\/wp-json\/wp\/v2\/product"}],"about":[{"href":"https:\/\/printcubator.net\/fr\/wp-json\/wp\/v2\/types\/product"}],"replies":[{"embeddable":true,"href":"https:\/\/printcubator.net\/fr\/wp-json\/wp\/v2\/comments?post=4295"}],"wp:featuredmedia":[{"embeddable":true,"href":"https:\/\/printcubator.net\/fr\/wp-json\/wp\/v2\/media\/4231"}],"wp:attachment":[{"href":"https:\/\/printcubator.net\/fr\/wp-json\/wp\/v2\/media?parent=4295"}],"wp:term":[{"taxonomy":"product_brand","embeddable":true,"href":"https:\/\/printcubator.net\/fr\/wp-json\/wp\/v2\/product_brand?post=4295"},{"taxonomy":"product_cat","embeddable":true,"href":"https:\/\/printcubator.net\/fr\/wp-json\/wp\/v2\/product_cat?post=4295"},{"taxonomy":"product_tag","embeddable":true,"href":"https:\/\/printcubator.net\/fr\/wp-json\/wp\/v2\/product_tag?post=4295"}],"curies":[{"name":"wp","href":"https:\/\/api.w.org\/{rel}","templated":true}]}}