{"id":6838,"date":"2025-04-07T13:32:58","date_gmt":"2025-04-07T13:32:58","guid":{"rendered":"https:\/\/printcubator.net\/product\/tejat-t-shirt-unisexe\/"},"modified":"2025-04-08T11:21:25","modified_gmt":"2025-04-08T11:21:25","slug":"tejat-t-shirt-unisexe","status":"publish","type":"product","link":"https:\/\/printcubator.net\/fr\/produit\/tejat-t-shirt-unisexe\/","title":{"rendered":"T-shirt unisexe Tejat"},"content":{"rendered":"<p>Personnalisez vos essentiels du quotidien avec vos propres designs pour une touche vraiment unique.<\/p>\n<p>Confectionn\u00e9 en jersey de coton biologique de qualit\u00e9 sup\u00e9rieure, le <b>t-shirt Tejat<\/b> pr\u00e9sente une coupe unisexe et oversize pour un confort optimal. Personnalisez-le avec un motif que vous pouvez placer et dimensionner \u00e0 votre guise. <\/p>\n<p>Nos imprim\u00e9s vibrants et durables sont fabriqu\u00e9s dans notre micro-usine en France, gr\u00e2ce \u00e0 une technologie de pointe. Le tissu utilis\u00e9 pour ce t-shirt, <b>Jermas Bio<\/b>, est un jersey simple de haute qualit\u00e9 fabriqu\u00e9 \u00e0 partir de fil de coton biologique NE30. <\/p>\n<p>Informations sur la livraison : Veuillez noter que les commandes peuvent \u00eatre exp\u00e9di\u00e9es sous 2 \u00e0 5 jours.<\/p>\n","protected":false},"excerpt":{"rendered":"<p>Personnalisez vos essentiels du quotidien avec vos propres designs pour une touche vraiment unique.<\/p>\n<p>Confectionn\u00e9 en jersey de coton biologique de qualit\u00e9 sup\u00e9rieure, le <b>t-shirt Tejat<\/b> pr\u00e9sente une coupe unisexe et oversize pour un confort optimal. Personnalisez-le avec un motif que vous pouvez placer et dimensionner \u00e0 votre guise. <\/p>\n<p>&nbsp;<\/p>\n<p><strong>Comment \u00e7a marche ?<\/strong><\/p>\n<p>\u2726 Tout d\u2019abord, choisissez votre couleur et votre taille pr\u00e9f\u00e9r\u00e9es : vous pouvez vous r\u00e9f\u00e9rer \u00e0 notre tableau des tailles pour vous guider.<\/p>\n<p>\u2726 Cliquez ensuite sur le bouton \u00ab <strong>Customize <\/strong>\u00bb pour acc\u00e9der \u00e0 notre configurateur. Vous pourrez ensuite t\u00e9l\u00e9charger votre fichier, le placer dans la zone d&#8217;impression et ajuster sa taille \u00e0 votre convenance.  Veuillez noter que les couleurs de votre fichier peuvent l\u00e9g\u00e8rement diff\u00e9rer une fois imprim\u00e9es.<\/p>\n<p>\u2726 Une fois soumis, votre dossier sera examin\u00e9 par un membre de notre \u00e9quipe pour s&#8217;assurer que tout est parfait.<\/p>\n<p>Des questions ? Utilisez le chat ou envoyez-nous un e-mail : nous serons ravis de vous aider ! <\/p>\n<p>&nbsp;<\/p>\n","protected":false},"featured_media":3778,"comment_status":"open","ping_status":"closed","template":"","meta":{"_acf_changed":false,"_monsterinsights_skip_tracking":false,"_monsterinsights_sitenote_active":false,"_monsterinsights_sitenote_note":"","_monsterinsights_sitenote_category":0},"product_brand":[],"product_cat":[522],"product_tag":[],"class_list":{"0":"post-6838","1":"product","2":"type-product","3":"status-publish","4":"has-post-thumbnail","6":"product_cat-all-fabric-types","8":"first","9":"instock","10":"taxable","11":"shipping-taxable","12":"purchasable","13":"product-type-variable","14":"has-default-attributes"},"acf":[],"yoast_head":"<!-- This site is optimized with the Yoast SEO plugin v27.4 - https:\/\/yoast.com\/product\/yoast-seo-wordpress\/ -->\n<title>T-shirt unisexe Tejat - Printcubator<\/title>\n<meta name=\"robots\" content=\"index, follow, max-snippet:-1, max-image-preview:large, max-video-preview:-1\" \/>\n<link rel=\"canonical\" href=\"https:\/\/printcubator.net\/fr\/produit\/tejat-t-shirt-unisexe\/\" \/>\n<meta property=\"og:locale\" content=\"fr_FR\" \/>\n<meta property=\"og:type\" content=\"article\" \/>\n<meta property=\"og:title\" content=\"T-shirt unisexe Tejat - Printcubator\" \/>\n<meta property=\"og:description\" content=\"Personnalisez vos essentiels du quotidien avec vos propres designs pour une touche vraiment unique. Confectionn\u00e9 en jersey de coton biologique de qualit\u00e9 sup\u00e9rieure, le t-shirt Tejat pr\u00e9sente une coupe unisexe et oversize pour un confort optimal. Personnalisez-le avec un motif que vous pouvez placer et dimensionner \u00e0 votre guise.  &nbsp; Comment \u00e7a marche ? \u2726 Tout d\u2019abord, choisissez votre couleur et votre taille pr\u00e9f\u00e9r\u00e9es : vous pouvez vous r\u00e9f\u00e9rer \u00e0 notre tableau des tailles pour vous guider. \u2726 Cliquez ensuite sur le bouton \u00ab Customize \u00bb pour acc\u00e9der \u00e0 notre configurateur. Vous pourrez ensuite t\u00e9l\u00e9charger votre fichier, le placer dans la zone d&#039;impression et ajuster sa taille \u00e0 votre convenance. Veuillez noter que les couleurs de votre fichier peuvent l\u00e9g\u00e8rement diff\u00e9rer une fois imprim\u00e9es. \u2726 Une fois soumis, votre dossier sera examin\u00e9 par un membre de notre \u00e9quipe pour s&#039;assurer que tout est parfait. Des questions ? Utilisez le chat ou envoyez-nous un e-mail : nous serons ravis de vous aider !  &nbsp;\" \/>\n<meta property=\"og:url\" content=\"https:\/\/printcubator.net\/fr\/produit\/tejat-t-shirt-unisexe\/\" \/>\n<meta property=\"og:site_name\" content=\"Printcubator\" \/>\n<meta property=\"article:modified_time\" content=\"2025-04-08T11:21:25+00:00\" \/>\n<meta property=\"og:image\" content=\"https:\/\/printcubator.net\/wp-content\/uploads\/2025\/02\/Mother-of-Pearl-1-724x1024.png\" \/>\n\t<meta property=\"og:image:width\" content=\"724\" \/>\n\t<meta property=\"og:image:height\" content=\"1024\" \/>\n\t<meta property=\"og:image:type\" content=\"image\/png\" \/>\n<meta name=\"twitter:card\" content=\"summary_large_image\" \/>\n<meta name=\"twitter:label1\" content=\"Dur\u00e9e de lecture estim\u00e9e\" \/>\n\t<meta name=\"twitter:data1\" content=\"1 minute\" \/>\n<script type=\"application\/ld+json\" class=\"yoast-schema-graph\">{\"@context\":\"https:\\\/\\\/schema.org\",\"@graph\":[{\"@type\":\"WebPage\",\"@id\":\"https:\\\/\\\/printcubator.net\\\/fr\\\/produit\\\/tejat-t-shirt-unisexe\\\/\",\"url\":\"https:\\\/\\\/printcubator.net\\\/fr\\\/produit\\\/tejat-t-shirt-unisexe\\\/\",\"name\":\"T-shirt unisexe Tejat - Printcubator\",\"isPartOf\":{\"@id\":\"https:\\\/\\\/printcubator.net\\\/fr\\\/#website\"},\"primaryImageOfPage\":{\"@id\":\"https:\\\/\\\/printcubator.net\\\/fr\\\/produit\\\/tejat-t-shirt-unisexe\\\/#primaryimage\"},\"image\":{\"@id\":\"https:\\\/\\\/printcubator.net\\\/fr\\\/produit\\\/tejat-t-shirt-unisexe\\\/#primaryimage\"},\"thumbnailUrl\":\"https:\\\/\\\/printcubator.net\\\/wp-content\\\/uploads\\\/2025\\\/02\\\/Mother-of-Pearl-1.png\",\"datePublished\":\"2025-04-07T13:32:58+00:00\",\"dateModified\":\"2025-04-08T11:21:25+00:00\",\"breadcrumb\":{\"@id\":\"https:\\\/\\\/printcubator.net\\\/fr\\\/produit\\\/tejat-t-shirt-unisexe\\\/#breadcrumb\"},\"inLanguage\":\"fr-FR\",\"potentialAction\":[{\"@type\":\"ReadAction\",\"target\":[\"https:\\\/\\\/printcubator.net\\\/fr\\\/produit\\\/tejat-t-shirt-unisexe\\\/\"]}]},{\"@type\":\"ImageObject\",\"inLanguage\":\"fr-FR\",\"@id\":\"https:\\\/\\\/printcubator.net\\\/fr\\\/produit\\\/tejat-t-shirt-unisexe\\\/#primaryimage\",\"url\":\"https:\\\/\\\/printcubator.net\\\/wp-content\\\/uploads\\\/2025\\\/02\\\/Mother-of-Pearl-1.png\",\"contentUrl\":\"https:\\\/\\\/printcubator.net\\\/wp-content\\\/uploads\\\/2025\\\/02\\\/Mother-of-Pearl-1.png\",\"width\":2480,\"height\":3508},{\"@type\":\"BreadcrumbList\",\"@id\":\"https:\\\/\\\/printcubator.net\\\/fr\\\/produit\\\/tejat-t-shirt-unisexe\\\/#breadcrumb\",\"itemListElement\":[{\"@type\":\"ListItem\",\"position\":1,\"name\":\"Home\",\"item\":\"https:\\\/\\\/printcubator.net\\\/fr\\\/\"},{\"@type\":\"ListItem\",\"position\":2,\"name\":\"Shop\",\"item\":\"https:\\\/\\\/printcubator.net\\\/fr\\\/boutique\\\/\"},{\"@type\":\"ListItem\",\"position\":3,\"name\":\"T-shirt unisexe Tejat\"}]},{\"@type\":\"WebSite\",\"@id\":\"https:\\\/\\\/printcubator.net\\\/fr\\\/#website\",\"url\":\"https:\\\/\\\/printcubator.net\\\/fr\\\/\",\"name\":\"Printcubator\",\"description\":\"\",\"publisher\":{\"@id\":\"https:\\\/\\\/printcubator.net\\\/fr\\\/#organization\"},\"potentialAction\":[{\"@type\":\"SearchAction\",\"target\":{\"@type\":\"EntryPoint\",\"urlTemplate\":\"https:\\\/\\\/printcubator.net\\\/fr\\\/?s={search_term_string}\"},\"query-input\":{\"@type\":\"PropertyValueSpecification\",\"valueRequired\":true,\"valueName\":\"search_term_string\"}}],\"inLanguage\":\"fr-FR\"},{\"@type\":\"Organization\",\"@id\":\"https:\\\/\\\/printcubator.net\\\/fr\\\/#organization\",\"name\":\"Printcubator\",\"url\":\"https:\\\/\\\/printcubator.net\\\/fr\\\/\",\"logo\":{\"@type\":\"ImageObject\",\"inLanguage\":\"fr-FR\",\"@id\":\"https:\\\/\\\/printcubator.net\\\/fr\\\/#\\\/schema\\\/logo\\\/image\\\/\",\"url\":\"https:\\\/\\\/printcubator.net\\\/wp-content\\\/uploads\\\/2024\\\/07\\\/logo.png\",\"contentUrl\":\"https:\\\/\\\/printcubator.net\\\/wp-content\\\/uploads\\\/2024\\\/07\\\/logo.png\",\"width\":345,\"height\":304,\"caption\":\"Printcubator\"},\"image\":{\"@id\":\"https:\\\/\\\/printcubator.net\\\/fr\\\/#\\\/schema\\\/logo\\\/image\\\/\"}}]}<\/script>\n<!-- \/ Yoast SEO plugin. -->","yoast_head_json":{"title":"T-shirt unisexe Tejat - Printcubator","robots":{"index":"index","follow":"follow","max-snippet":"max-snippet:-1","max-image-preview":"max-image-preview:large","max-video-preview":"max-video-preview:-1"},"canonical":"https:\/\/printcubator.net\/fr\/produit\/tejat-t-shirt-unisexe\/","og_locale":"fr_FR","og_type":"article","og_title":"T-shirt unisexe Tejat - Printcubator","og_description":"Personnalisez vos essentiels du quotidien avec vos propres designs pour une touche vraiment unique. Confectionn\u00e9 en jersey de coton biologique de qualit\u00e9 sup\u00e9rieure, le t-shirt Tejat pr\u00e9sente une coupe unisexe et oversize pour un confort optimal. Personnalisez-le avec un motif que vous pouvez placer et dimensionner \u00e0 votre guise.  &nbsp; Comment \u00e7a marche ? \u2726 Tout d\u2019abord, choisissez votre couleur et votre taille pr\u00e9f\u00e9r\u00e9es : vous pouvez vous r\u00e9f\u00e9rer \u00e0 notre tableau des tailles pour vous guider. \u2726 Cliquez ensuite sur le bouton \u00ab Customize \u00bb pour acc\u00e9der \u00e0 notre configurateur. Vous pourrez ensuite t\u00e9l\u00e9charger votre fichier, le placer dans la zone d'impression et ajuster sa taille \u00e0 votre convenance. Veuillez noter que les couleurs de votre fichier peuvent l\u00e9g\u00e8rement diff\u00e9rer une fois imprim\u00e9es. \u2726 Une fois soumis, votre dossier sera examin\u00e9 par un membre de notre \u00e9quipe pour s'assurer que tout est parfait. Des questions ? Utilisez le chat ou envoyez-nous un e-mail : nous serons ravis de vous aider !  &nbsp;","og_url":"https:\/\/printcubator.net\/fr\/produit\/tejat-t-shirt-unisexe\/","og_site_name":"Printcubator","article_modified_time":"2025-04-08T11:21:25+00:00","og_image":[{"width":724,"height":1024,"url":"https:\/\/printcubator.net\/wp-content\/uploads\/2025\/02\/Mother-of-Pearl-1-724x1024.png","type":"image\/png"}],"twitter_card":"summary_large_image","twitter_misc":{"Dur\u00e9e de lecture estim\u00e9e":"1 minute"},"schema":{"@context":"https:\/\/schema.org","@graph":[{"@type":"WebPage","@id":"https:\/\/printcubator.net\/fr\/produit\/tejat-t-shirt-unisexe\/","url":"https:\/\/printcubator.net\/fr\/produit\/tejat-t-shirt-unisexe\/","name":"T-shirt unisexe Tejat - Printcubator","isPartOf":{"@id":"https:\/\/printcubator.net\/fr\/#website"},"primaryImageOfPage":{"@id":"https:\/\/printcubator.net\/fr\/produit\/tejat-t-shirt-unisexe\/#primaryimage"},"image":{"@id":"https:\/\/printcubator.net\/fr\/produit\/tejat-t-shirt-unisexe\/#primaryimage"},"thumbnailUrl":"https:\/\/printcubator.net\/wp-content\/uploads\/2025\/02\/Mother-of-Pearl-1.png","datePublished":"2025-04-07T13:32:58+00:00","dateModified":"2025-04-08T11:21:25+00:00","breadcrumb":{"@id":"https:\/\/printcubator.net\/fr\/produit\/tejat-t-shirt-unisexe\/#breadcrumb"},"inLanguage":"fr-FR","potentialAction":[{"@type":"ReadAction","target":["https:\/\/printcubator.net\/fr\/produit\/tejat-t-shirt-unisexe\/"]}]},{"@type":"ImageObject","inLanguage":"fr-FR","@id":"https:\/\/printcubator.net\/fr\/produit\/tejat-t-shirt-unisexe\/#primaryimage","url":"https:\/\/printcubator.net\/wp-content\/uploads\/2025\/02\/Mother-of-Pearl-1.png","contentUrl":"https:\/\/printcubator.net\/wp-content\/uploads\/2025\/02\/Mother-of-Pearl-1.png","width":2480,"height":3508},{"@type":"BreadcrumbList","@id":"https:\/\/printcubator.net\/fr\/produit\/tejat-t-shirt-unisexe\/#breadcrumb","itemListElement":[{"@type":"ListItem","position":1,"name":"Home","item":"https:\/\/printcubator.net\/fr\/"},{"@type":"ListItem","position":2,"name":"Shop","item":"https:\/\/printcubator.net\/fr\/boutique\/"},{"@type":"ListItem","position":3,"name":"T-shirt unisexe Tejat"}]},{"@type":"WebSite","@id":"https:\/\/printcubator.net\/fr\/#website","url":"https:\/\/printcubator.net\/fr\/","name":"Printcubator","description":"","publisher":{"@id":"https:\/\/printcubator.net\/fr\/#organization"},"potentialAction":[{"@type":"SearchAction","target":{"@type":"EntryPoint","urlTemplate":"https:\/\/printcubator.net\/fr\/?s={search_term_string}"},"query-input":{"@type":"PropertyValueSpecification","valueRequired":true,"valueName":"search_term_string"}}],"inLanguage":"fr-FR"},{"@type":"Organization","@id":"https:\/\/printcubator.net\/fr\/#organization","name":"Printcubator","url":"https:\/\/printcubator.net\/fr\/","logo":{"@type":"ImageObject","inLanguage":"fr-FR","@id":"https:\/\/printcubator.net\/fr\/#\/schema\/logo\/image\/","url":"https:\/\/printcubator.net\/wp-content\/uploads\/2024\/07\/logo.png","contentUrl":"https:\/\/printcubator.net\/wp-content\/uploads\/2024\/07\/logo.png","width":345,"height":304,"caption":"Printcubator"},"image":{"@id":"https:\/\/printcubator.net\/fr\/#\/schema\/logo\/image\/"}}]}},"wcpa_form_fields":null,"_links":{"self":[{"href":"https:\/\/printcubator.net\/fr\/wp-json\/wp\/v2\/product\/6838","targetHints":{"allow":["GET"]}}],"collection":[{"href":"https:\/\/printcubator.net\/fr\/wp-json\/wp\/v2\/product"}],"about":[{"href":"https:\/\/printcubator.net\/fr\/wp-json\/wp\/v2\/types\/product"}],"replies":[{"embeddable":true,"href":"https:\/\/printcubator.net\/fr\/wp-json\/wp\/v2\/comments?post=6838"}],"wp:featuredmedia":[{"embeddable":true,"href":"https:\/\/printcubator.net\/fr\/wp-json\/wp\/v2\/media\/3778"}],"wp:attachment":[{"href":"https:\/\/printcubator.net\/fr\/wp-json\/wp\/v2\/media?parent=6838"}],"wp:term":[{"taxonomy":"product_brand","embeddable":true,"href":"https:\/\/printcubator.net\/fr\/wp-json\/wp\/v2\/product_brand?post=6838"},{"taxonomy":"product_cat","embeddable":true,"href":"https:\/\/printcubator.net\/fr\/wp-json\/wp\/v2\/product_cat?post=6838"},{"taxonomy":"product_tag","embeddable":true,"href":"https:\/\/printcubator.net\/fr\/wp-json\/wp\/v2\/product_tag?post=6838"}],"curies":[{"name":"wp","href":"https:\/\/api.w.org\/{rel}","templated":true}]}}