{"id":9863,"date":"2025-04-16T06:49:07","date_gmt":"2025-04-16T06:49:07","guid":{"rendered":"https:\/\/printcubator.net\/product\/orion-housse-de-coussin\/"},"modified":"2025-05-16T08:58:48","modified_gmt":"2025-05-16T08:58:48","slug":"orion-housse-de-coussin","status":"publish","type":"product","link":"https:\/\/printcubator.net\/fr\/produit\/orion-housse-de-coussin\/","title":{"rendered":"Housse de coussin Orion"},"content":{"rendered":"<p>Ajoutez une touche personnelle \u00e0 votre d\u00e9coration int\u00e9rieure avec la housse de coussin Orion, con\u00e7ue pour pr\u00e9senter vos propres imprim\u00e9s pour un style vraiment unique.<\/p>\n<p>Nos imprim\u00e9s \u00e9clatants et durables sont fabriqu\u00e9s dans notre microfactory fran\u00e7aise gr\u00e2ce \u00e0 une technologie de pointe. Chaque housse de coussin est ensuite confectionn\u00e9e \u00e0 la main par nos couturi\u00e8res qualifi\u00e9es, dans nos locaux, pour une qualit\u00e9 exceptionnelle. <\/p>\n<p>Tissus disponibles :<\/p>\n<ul>\n<li>Coburg 150 Bio : Cette cretonne de coton met magnifiquement en valeur les imprim\u00e9s, ce qui la rend parfaite pour le linge de lit et la d\u00e9coration int\u00e9rieure.<\/li>\n<li>Castell : Cette cretonne de coton pr\u00e9sente un tissage uni moyennement lourd, ce qui en fait un excellent choix pour les nappes, les coussins, les rideaux et une vari\u00e9t\u00e9 de projets de d\u00e9coration int\u00e9rieure.<\/li>\n<li>Pantano : Une mousseline de coton double, parfaite pour les projets pour b\u00e9b\u00e9s et enfants tels que les plaids de couchage, les jet\u00e9s, les coussins et les couches.<\/li>\n<li>Bamberg : Un satin de coton biologique avec une brillance \u00e9l\u00e9gante, le rendant parfait pour la lingerie, les coussins et les projets de d\u00e9coration int\u00e9rieure.<\/li>\n<li>Palazio : Un velours polyester luxueux au toucher exceptionnellement doux, ce qui en fait un choix id\u00e9al pour les projets de d\u00e9coration int\u00e9rieure et les accessoires.<\/li>\n<li>White Veloso : un tissu polyvalent, id\u00e9al pour les v\u00eatements, les costumes et la d\u00e9coration. Ce velours polyester allie douceur et brillance, tandis que sa texture unique sublime les couleurs. <\/li>\n<li>Mauritius : Une polaire moelleuse \u00e0 haute viscose, id\u00e9ale pour cr\u00e9er des sweats \u00e0 capuche confortables et des projets de d\u00e9coration int\u00e9rieure \u00e9l\u00e9gants, tels que des plaids, des coussins et des animaux en peluche.<\/li>\n<\/ul>\n<p>&nbsp;<\/p>\n<p>Veuillez noter que les commandes peuvent \u00eatre exp\u00e9di\u00e9es dans un d\u00e9lai de 7 \u00e0 10 jours.<\/p>\n<hr>\n\n","protected":false},"excerpt":{"rendered":"<p>Ajoutez une touche personnelle \u00e0 votre d\u00e9coration int\u00e9rieure avec la housse de coussin Orion, con\u00e7ue pour pr\u00e9senter vos propres imprim\u00e9s pour un style vraiment unique.<\/p>\n<p>Nos imprim\u00e9s \u00e9clatants et durables sont fabriqu\u00e9s dans notre microfactory fran\u00e7aise gr\u00e2ce \u00e0 une technologie de pointe. Chaque housse de coussin est ensuite confectionn\u00e9e \u00e0 la main par nos couturi\u00e8res qualifi\u00e9es, dans nos locaux, pour une qualit\u00e9 exceptionnelle. <\/p>\n<p>La quantit\u00e9 minimum de commande est de 10 articles.<\/p>\n<p><strong>Si vous \u00eates int\u00e9ress\u00e9 par nos services de confection, veuillez fournir toutes les informations n\u00e9cessaires dans le formulaire de demande de prix ci-dessous.<\/strong><\/p>\n<p><em>Des questions ? Utilisez la chatbox ou envoyez-nous un e-mail \u00e0 l&#8217;adresse  <\/em><a href=\"mailto:printcubator@mitwill.com\"><span class=\"elementor-icon-list-text\">printcubator@mitwill.com<\/span><\/a> <em>\u2014 nous serons heureux de vous aider !<\/em><\/p>\n","protected":false},"featured_media":10066,"comment_status":"open","ping_status":"closed","template":"","meta":{"_acf_changed":false,"_monsterinsights_skip_tracking":false,"_monsterinsights_sitenote_active":false,"_monsterinsights_sitenote_note":"","_monsterinsights_sitenote_category":0},"product_brand":[],"product_cat":[558,496],"product_tag":[],"class_list":{"0":"post-9863","1":"product","2":"type-product","3":"status-publish","4":"has-post-thumbnail","6":"product_cat-decoration-fr-2","7":"product_cat-produits","9":"first","10":"instock","11":"taxable","12":"shipping-taxable","13":"purchasable","14":"product-type-variable"},"acf":[],"yoast_head":"<!-- This site is optimized with the Yoast SEO plugin v24.8.1 - https:\/\/yoast.com\/wordpress\/plugins\/seo\/ -->\n<title>Housse de coussin Orion - Printcubator<\/title>\n<meta name=\"robots\" content=\"index, follow, max-snippet:-1, max-image-preview:large, max-video-preview:-1\" \/>\n<link rel=\"canonical\" href=\"https:\/\/printcubator.net\/fr\/produit\/orion-housse-de-coussin\/\" \/>\n<meta property=\"og:locale\" content=\"fr_FR\" \/>\n<meta property=\"og:type\" content=\"article\" \/>\n<meta property=\"og:title\" content=\"Housse de coussin Orion - Printcubator\" \/>\n<meta property=\"og:description\" content=\"Ajoutez une touche personnelle \u00e0 votre d\u00e9coration int\u00e9rieure avec la housse de coussin Orion, con\u00e7ue pour pr\u00e9senter vos propres imprim\u00e9s pour un style vraiment unique. Nos imprim\u00e9s \u00e9clatants et durables sont fabriqu\u00e9s dans notre microfactory fran\u00e7aise gr\u00e2ce \u00e0 une technologie de pointe. Chaque housse de coussin est ensuite confectionn\u00e9e \u00e0 la main par nos couturi\u00e8res qualifi\u00e9es, dans nos locaux, pour une qualit\u00e9 exceptionnelle.  La quantit\u00e9 minimum de commande est de 10 articles. Si vous \u00eates int\u00e9ress\u00e9 par nos services de confection, veuillez fournir toutes les informations n\u00e9cessaires dans le formulaire de demande de prix ci-dessous. Des questions ? Utilisez la chatbox ou envoyez-nous un e-mail \u00e0 l&#039;adresse printcubator@mitwill.com \u2014 nous serons heureux de vous aider !\" \/>\n<meta property=\"og:url\" content=\"https:\/\/printcubator.net\/fr\/produit\/orion-housse-de-coussin\/\" \/>\n<meta property=\"og:site_name\" content=\"Printcubator\" \/>\n<meta property=\"article:modified_time\" content=\"2025-05-16T08:58:48+00:00\" \/>\n<meta property=\"og:image\" content=\"https:\/\/printcubator.net\/wp-content\/uploads\/2025\/04\/coussin.png\" \/>\n\t<meta property=\"og:image:width\" content=\"1134\" \/>\n\t<meta property=\"og:image:height\" content=\"1134\" \/>\n\t<meta property=\"og:image:type\" content=\"image\/png\" \/>\n<meta name=\"twitter:card\" content=\"summary_large_image\" \/>\n<meta name=\"twitter:label1\" content=\"Dur\u00e9e de lecture estim\u00e9e\" \/>\n\t<meta name=\"twitter:data1\" content=\"2 minutes\" \/>\n<script type=\"application\/ld+json\" class=\"yoast-schema-graph\">{\"@context\":\"https:\/\/schema.org\",\"@graph\":[{\"@type\":\"WebPage\",\"@id\":\"https:\/\/printcubator.net\/fr\/produit\/orion-housse-de-coussin\/\",\"url\":\"https:\/\/printcubator.net\/fr\/produit\/orion-housse-de-coussin\/\",\"name\":\"Housse de coussin Orion - Printcubator\",\"isPartOf\":{\"@id\":\"https:\/\/printcubator.net\/fr\/#website\"},\"primaryImageOfPage\":{\"@id\":\"https:\/\/printcubator.net\/fr\/produit\/orion-housse-de-coussin\/#primaryimage\"},\"image\":{\"@id\":\"https:\/\/printcubator.net\/fr\/produit\/orion-housse-de-coussin\/#primaryimage\"},\"thumbnailUrl\":\"https:\/\/printcubator.net\/wp-content\/uploads\/2025\/04\/coussin.png\",\"datePublished\":\"2025-04-16T06:49:07+00:00\",\"dateModified\":\"2025-05-16T08:58:48+00:00\",\"breadcrumb\":{\"@id\":\"https:\/\/printcubator.net\/fr\/produit\/orion-housse-de-coussin\/#breadcrumb\"},\"inLanguage\":\"fr-FR\",\"potentialAction\":[{\"@type\":\"ReadAction\",\"target\":[\"https:\/\/printcubator.net\/fr\/produit\/orion-housse-de-coussin\/\"]}]},{\"@type\":\"ImageObject\",\"inLanguage\":\"fr-FR\",\"@id\":\"https:\/\/printcubator.net\/fr\/produit\/orion-housse-de-coussin\/#primaryimage\",\"url\":\"https:\/\/printcubator.net\/wp-content\/uploads\/2025\/04\/coussin.png\",\"contentUrl\":\"https:\/\/printcubator.net\/wp-content\/uploads\/2025\/04\/coussin.png\",\"width\":1134,\"height\":1134},{\"@type\":\"BreadcrumbList\",\"@id\":\"https:\/\/printcubator.net\/fr\/produit\/orion-housse-de-coussin\/#breadcrumb\",\"itemListElement\":[{\"@type\":\"ListItem\",\"position\":1,\"name\":\"Home\",\"item\":\"https:\/\/printcubator.net\/fr\/\"},{\"@type\":\"ListItem\",\"position\":2,\"name\":\"Shop\",\"item\":\"https:\/\/printcubator.net\/fr\/boutique\/\"},{\"@type\":\"ListItem\",\"position\":3,\"name\":\"Housse de coussin Orion\"}]},{\"@type\":\"WebSite\",\"@id\":\"https:\/\/printcubator.net\/fr\/#website\",\"url\":\"https:\/\/printcubator.net\/fr\/\",\"name\":\"Printcubator\",\"description\":\"\",\"publisher\":{\"@id\":\"https:\/\/printcubator.net\/fr\/#organization\"},\"potentialAction\":[{\"@type\":\"SearchAction\",\"target\":{\"@type\":\"EntryPoint\",\"urlTemplate\":\"https:\/\/printcubator.net\/fr\/?s={search_term_string}\"},\"query-input\":{\"@type\":\"PropertyValueSpecification\",\"valueRequired\":true,\"valueName\":\"search_term_string\"}}],\"inLanguage\":\"fr-FR\"},{\"@type\":\"Organization\",\"@id\":\"https:\/\/printcubator.net\/fr\/#organization\",\"name\":\"Printcubator\",\"url\":\"https:\/\/printcubator.net\/fr\/\",\"logo\":{\"@type\":\"ImageObject\",\"inLanguage\":\"fr-FR\",\"@id\":\"https:\/\/printcubator.net\/fr\/#\/schema\/logo\/image\/\",\"url\":\"https:\/\/printcubator.net\/wp-content\/uploads\/2024\/07\/logo.png\",\"contentUrl\":\"https:\/\/printcubator.net\/wp-content\/uploads\/2024\/07\/logo.png\",\"width\":345,\"height\":304,\"caption\":\"Printcubator\"},\"image\":{\"@id\":\"https:\/\/printcubator.net\/fr\/#\/schema\/logo\/image\/\"}}]}<\/script>\n<!-- \/ Yoast SEO plugin. -->","yoast_head_json":{"title":"Housse de coussin Orion - Printcubator","robots":{"index":"index","follow":"follow","max-snippet":"max-snippet:-1","max-image-preview":"max-image-preview:large","max-video-preview":"max-video-preview:-1"},"canonical":"https:\/\/printcubator.net\/fr\/produit\/orion-housse-de-coussin\/","og_locale":"fr_FR","og_type":"article","og_title":"Housse de coussin Orion - Printcubator","og_description":"Ajoutez une touche personnelle \u00e0 votre d\u00e9coration int\u00e9rieure avec la housse de coussin Orion, con\u00e7ue pour pr\u00e9senter vos propres imprim\u00e9s pour un style vraiment unique. Nos imprim\u00e9s \u00e9clatants et durables sont fabriqu\u00e9s dans notre microfactory fran\u00e7aise gr\u00e2ce \u00e0 une technologie de pointe. Chaque housse de coussin est ensuite confectionn\u00e9e \u00e0 la main par nos couturi\u00e8res qualifi\u00e9es, dans nos locaux, pour une qualit\u00e9 exceptionnelle.  La quantit\u00e9 minimum de commande est de 10 articles. Si vous \u00eates int\u00e9ress\u00e9 par nos services de confection, veuillez fournir toutes les informations n\u00e9cessaires dans le formulaire de demande de prix ci-dessous. Des questions ? Utilisez la chatbox ou envoyez-nous un e-mail \u00e0 l'adresse printcubator@mitwill.com \u2014 nous serons heureux de vous aider !","og_url":"https:\/\/printcubator.net\/fr\/produit\/orion-housse-de-coussin\/","og_site_name":"Printcubator","article_modified_time":"2025-05-16T08:58:48+00:00","og_image":[{"width":1134,"height":1134,"url":"https:\/\/printcubator.net\/wp-content\/uploads\/2025\/04\/coussin.png","type":"image\/png"}],"twitter_card":"summary_large_image","twitter_misc":{"Dur\u00e9e de lecture estim\u00e9e":"2 minutes"},"schema":{"@context":"https:\/\/schema.org","@graph":[{"@type":"WebPage","@id":"https:\/\/printcubator.net\/fr\/produit\/orion-housse-de-coussin\/","url":"https:\/\/printcubator.net\/fr\/produit\/orion-housse-de-coussin\/","name":"Housse de coussin Orion - Printcubator","isPartOf":{"@id":"https:\/\/printcubator.net\/fr\/#website"},"primaryImageOfPage":{"@id":"https:\/\/printcubator.net\/fr\/produit\/orion-housse-de-coussin\/#primaryimage"},"image":{"@id":"https:\/\/printcubator.net\/fr\/produit\/orion-housse-de-coussin\/#primaryimage"},"thumbnailUrl":"https:\/\/printcubator.net\/wp-content\/uploads\/2025\/04\/coussin.png","datePublished":"2025-04-16T06:49:07+00:00","dateModified":"2025-05-16T08:58:48+00:00","breadcrumb":{"@id":"https:\/\/printcubator.net\/fr\/produit\/orion-housse-de-coussin\/#breadcrumb"},"inLanguage":"fr-FR","potentialAction":[{"@type":"ReadAction","target":["https:\/\/printcubator.net\/fr\/produit\/orion-housse-de-coussin\/"]}]},{"@type":"ImageObject","inLanguage":"fr-FR","@id":"https:\/\/printcubator.net\/fr\/produit\/orion-housse-de-coussin\/#primaryimage","url":"https:\/\/printcubator.net\/wp-content\/uploads\/2025\/04\/coussin.png","contentUrl":"https:\/\/printcubator.net\/wp-content\/uploads\/2025\/04\/coussin.png","width":1134,"height":1134},{"@type":"BreadcrumbList","@id":"https:\/\/printcubator.net\/fr\/produit\/orion-housse-de-coussin\/#breadcrumb","itemListElement":[{"@type":"ListItem","position":1,"name":"Home","item":"https:\/\/printcubator.net\/fr\/"},{"@type":"ListItem","position":2,"name":"Shop","item":"https:\/\/printcubator.net\/fr\/boutique\/"},{"@type":"ListItem","position":3,"name":"Housse de coussin Orion"}]},{"@type":"WebSite","@id":"https:\/\/printcubator.net\/fr\/#website","url":"https:\/\/printcubator.net\/fr\/","name":"Printcubator","description":"","publisher":{"@id":"https:\/\/printcubator.net\/fr\/#organization"},"potentialAction":[{"@type":"SearchAction","target":{"@type":"EntryPoint","urlTemplate":"https:\/\/printcubator.net\/fr\/?s={search_term_string}"},"query-input":{"@type":"PropertyValueSpecification","valueRequired":true,"valueName":"search_term_string"}}],"inLanguage":"fr-FR"},{"@type":"Organization","@id":"https:\/\/printcubator.net\/fr\/#organization","name":"Printcubator","url":"https:\/\/printcubator.net\/fr\/","logo":{"@type":"ImageObject","inLanguage":"fr-FR","@id":"https:\/\/printcubator.net\/fr\/#\/schema\/logo\/image\/","url":"https:\/\/printcubator.net\/wp-content\/uploads\/2024\/07\/logo.png","contentUrl":"https:\/\/printcubator.net\/wp-content\/uploads\/2024\/07\/logo.png","width":345,"height":304,"caption":"Printcubator"},"image":{"@id":"https:\/\/printcubator.net\/fr\/#\/schema\/logo\/image\/"}}]}},"wcpa_form_fields":null,"_links":{"self":[{"href":"https:\/\/printcubator.net\/fr\/wp-json\/wp\/v2\/product\/9863","targetHints":{"allow":["GET"]}}],"collection":[{"href":"https:\/\/printcubator.net\/fr\/wp-json\/wp\/v2\/product"}],"about":[{"href":"https:\/\/printcubator.net\/fr\/wp-json\/wp\/v2\/types\/product"}],"replies":[{"embeddable":true,"href":"https:\/\/printcubator.net\/fr\/wp-json\/wp\/v2\/comments?post=9863"}],"wp:featuredmedia":[{"embeddable":true,"href":"https:\/\/printcubator.net\/fr\/wp-json\/wp\/v2\/media\/10066"}],"wp:attachment":[{"href":"https:\/\/printcubator.net\/fr\/wp-json\/wp\/v2\/media?parent=9863"}],"wp:term":[{"taxonomy":"product_brand","embeddable":true,"href":"https:\/\/printcubator.net\/fr\/wp-json\/wp\/v2\/product_brand?post=9863"},{"taxonomy":"product_cat","embeddable":true,"href":"https:\/\/printcubator.net\/fr\/wp-json\/wp\/v2\/product_cat?post=9863"},{"taxonomy":"product_tag","embeddable":true,"href":"https:\/\/printcubator.net\/fr\/wp-json\/wp\/v2\/product_tag?post=9863"}],"curies":[{"name":"wp","href":"https:\/\/api.w.org\/{rel}","templated":true}]}}